{"id":13086,"date":"2024-10-28T08:51:51","date_gmt":"2024-10-28T08:51:51","guid":{"rendered":"https:\/\/www.tpa-group.ro\/?page_id=13086"},"modified":"2024-10-28T09:03:45","modified_gmt":"2024-10-28T09:03:45","slug":"newsletter-allgemeine-geschaftsbedingungen","status":"publish","type":"page","link":"https:\/\/www.tpa-group.ro\/de\/newsletter-allgemeine-geschaftsbedingungen\/","title":{"rendered":"Newsletter \u2013 Allgemeine Gesch\u00e4ftsbedingungen"},"content":{"rendered":"\t\t<div data-elementor-type=\"wp-page\" data-elementor-id=\"13086\" class=\"elementor elementor-13086 elementor-13075\" data-elementor-post-type=\"page\">\n\t\t\t\t\t\t<section class=\"elementor-section elementor-top-section elementor-element elementor-element-455ba140 hero-banner elementor-section-boxed elementor-section-height-default elementor-section-height-default\" data-id=\"455ba140\" data-element_type=\"section\">\n\t\t\t\t\t\t<div class=\"elementor-container elementor-column-gap-default\">\n\t\t\t\t\t<div class=\"elementor-column elementor-col-50 elementor-top-column elementor-element elementor-element-710ea691\" data-id=\"710ea691\" data-element_type=\"column\" data-settings=\"{&quot;background_background&quot;:&quot;gradient&quot;}\">\n\t\t\t<div class=\"elementor-widget-wrap elementor-element-populated\">\n\t\t\t\t\t\t<section class=\"elementor-section elementor-inner-section elementor-element elementor-element-68895614 hero-banner-breadcrumbs-container elementor-section-boxed elementor-section-height-default elementor-section-height-default\" data-id=\"68895614\" data-element_type=\"section\">\n\t\t\t\t\t\t<div class=\"elementor-container elementor-column-gap-default\">\n\t\t\t\t\t<div class=\"elementor-column elementor-col-100 elementor-inner-column elementor-element elementor-element-1e2a586e\" data-id=\"1e2a586e\" data-element_type=\"column\">\n\t\t\t<div class=\"elementor-widget-wrap elementor-element-populated\">\n\t\t\t\t\t\t<div class=\"elementor-element elementor-element-90231e7 elementor-widget elementor-widget-heading\" data-id=\"90231e7\" data-element_type=\"widget\" data-widget_type=\"heading.default\">\n\t\t\t\t<div class=\"elementor-widget-container\">\n\t\t\t\t\t<p class=\"elementor-heading-title elementor-size-default\"><a href=\"\/\">Home |&nbsp;<\/a><\/p>\t\t\t\t<\/div>\n\t\t\t\t<\/div>\n\t\t\t\t<div class=\"elementor-element elementor-element-68671e6 elementor-widget elementor-widget-heading\" data-id=\"68671e6\" data-element_type=\"widget\" data-widget_type=\"heading.default\">\n\t\t\t\t<div class=\"elementor-widget-container\">\n\t\t\t\t\t<p class=\"elementor-heading-title elementor-size-default\">Newsletter \u2013 Allgemeine Gesch\u00e4ftsbedingungen<\/p>\t\t\t\t<\/div>\n\t\t\t\t<\/div>\n\t\t\t\t\t<\/div>\n\t\t<\/div>\n\t\t\t\t\t<\/div>\n\t\t<\/section>\n\t\t\t\t<div class=\"elementor-element elementor-element-1e0703f0 elementor-widget elementor-widget-heading\" data-id=\"1e0703f0\" data-element_type=\"widget\" data-widget_type=\"heading.default\">\n\t\t\t\t<div class=\"elementor-widget-container\">\n\t\t\t\t\t<h1 class=\"elementor-heading-title elementor-size-default\">Newsletter \u2013 Allgemeine Gesch\u00e4ftsbedingungen<\/h1>\t\t\t\t<\/div>\n\t\t\t\t<\/div>\n\t\t\t\t\t<\/div>\n\t\t<\/div>\n\t\t\t\t<div class=\"elementor-column elementor-col-50 elementor-top-column elementor-element elementor-element-1c2e1126\" data-id=\"1c2e1126\" data-element_type=\"column\">\n\t\t\t<div class=\"elementor-widget-wrap\">\n\t\t\t\t\t\t\t<\/div>\n\t\t<\/div>\n\t\t\t\t\t<\/div>\n\t\t<\/section>\n\t\t<div class=\"elementor-element elementor-element-bdd3abd page-content-container e-flex e-con-boxed e-con e-parent\" data-id=\"bdd3abd\" data-element_type=\"container\" data-settings=\"{&quot;background_background&quot;:&quot;classic&quot;}\">\n\t\t\t\t\t<div class=\"e-con-inner\">\n\t\t\t\t<div class=\"elementor-element elementor-element-fe3195c elementor-widget elementor-widget-text-editor\" data-id=\"fe3195c\" data-element_type=\"widget\" data-widget_type=\"text-editor.default\">\n\t\t\t\t<div class=\"elementor-widget-container\">\n\t\t\t\t\t\t\t\t\t<p>Der Nutzer erkl\u00e4rt sich damit einverstanden, dass die vom Nutzer bereitgestellten Informationen zu Forschungs- und Marketingzwecken im Inlandsmarkt genutzt, verarbeitet und gespeichert werden d\u00fcrfen. Diese Informationen werden von TPA zur Einhaltung gesetzlicher Vorschriften und zu Werbezwecken verwendet. Der Nutzer erkl\u00e4rt sich au\u00dferdem damit einverstanden, Werbematerialien von TPA zu erhalten. Diese Autorisierung kann jederzeit per E-Mail an <span style=\"text-decoration: underline;\"><strong><a href=\"mailto:service@tpa-group.ro\">service@tpa-group.ro<\/a><\/strong><\/span> widerrufen werden.<\/p><p>Der Informationsgegenstand best\u00e4tigt hiermit die Anerkennung der Bestimmungen des Gesetzes Nr. 677\/2001 \u00fcber den Schutz nat\u00fcrlicher Personen bei der Verarbeitung personenbezogener Daten und den freien Datenverkehr, in dem Wissen, dass die betroffene Person in Bezug auf ihre von TPA verarbeiteten personenbezogenen Daten \u00fcber die gesetzlich vorgesehenen Rechte verf\u00fcgt. TPA ist der alleinige Eigent\u00fcmer der auf dieser Website identifizierten und gesammelten Informationen. TPA wird diese Informationen nicht weitergeben, verkaufen oder vermieten, es sei denn, dies ist in dieser Richtlinie ausdr\u00fccklich vorgesehen oder wird von einem Gericht angeordnet.<\/p><p>Durch die Verwendung von Cookies werden beim Zugriff auf unsere Website keinerlei personenbezogene Daten erhoben. Sitzungscookies enden, wenn ein Benutzer seinen Browser schlie\u00dft. Wenn ein Benutzer das Cookie ablehnt, kann er unsere Website weiterhin nutzen; Allerdings kann der Zugriff des Benutzers auf bestimmte Bereiche unserer Website eingeschr\u00e4nkt sein. Cookies helfen uns, die Bed\u00fcrfnisse und Interessen unserer Besucher zu verstehen und diese Informationen zu nutzen, um unsere Website und die auf einzelnen Seiten angebotenen Dienste zu verbessern.<\/p>\t\t\t\t\t\t\t\t<\/div>\n\t\t\t\t<\/div>\n\t\t\t\t\t<\/div>\n\t\t\t\t<\/div>\n\t\t\t\t<\/div>\n\t\t","protected":false},"excerpt":{"rendered":"<p>Home |&nbsp; Newsletter \u2013 Allgemeine Gesch\u00e4ftsbedingungen Newsletter \u2013 Allgemeine Gesch\u00e4ftsbedingungen Der Nutzer erkl\u00e4rt sich damit einverstanden, dass die vom Nutzer bereitgestellten Informationen zu Forschungs- und Marketingzwecken im Inlandsmarkt genutzt, verarbeitet und gespeichert werden d\u00fcrfen. Diese Informationen werden von TPA zur Einhaltung gesetzlicher Vorschriften und zu Werbezwecken verwendet. Der Nutzer erkl\u00e4rt sich au\u00dferdem damit einverstanden, Werbematerialien [&hellip;]<\/p>\n","protected":false},"author":44,"featured_media":0,"parent":0,"menu_order":0,"comment_status":"closed","ping_status":"closed","template":"","meta":{"_acf_changed":false,"footnotes":""},"class_list":["post-13086","page","type-page","status-publish","hentry"],"acf":[],"yoast_head":"<!-- This site is optimized with the Yoast SEO plugin v26.0 - https:\/\/yoast.com\/wordpress\/plugins\/seo\/ -->\n<title>Newsletter \u2013 Allgemeine Gesch\u00e4ftsbedingungen | www.tpa-group.ro<\/title>\n<meta name=\"robots\" content=\"index, follow, max-snippet:-1, max-image-preview:large, max-video-preview:-1\" \/>\n<link rel=\"canonical\" href=\"https:\/\/www.tpa-group.ro\/de\/newsletter-allgemeine-geschaftsbedingungen\/\" \/>\n<meta property=\"og:locale\" content=\"de_DE\" \/>\n<meta property=\"og:type\" content=\"article\" \/>\n<meta property=\"og:title\" content=\"Newsletter \u2013 Allgemeine Gesch\u00e4ftsbedingungen | www.tpa-group.ro\" \/>\n<meta property=\"og:description\" content=\"Home |&nbsp; Newsletter \u2013 Allgemeine Gesch\u00e4ftsbedingungen Newsletter \u2013 Allgemeine Gesch\u00e4ftsbedingungen Der Nutzer erkl\u00e4rt sich damit einverstanden, dass die vom Nutzer bereitgestellten Informationen zu Forschungs- und Marketingzwecken im Inlandsmarkt genutzt, verarbeitet und gespeichert werden d\u00fcrfen. Diese Informationen werden von TPA zur Einhaltung gesetzlicher Vorschriften und zu Werbezwecken verwendet. Der Nutzer erkl\u00e4rt sich au\u00dferdem damit einverstanden, Werbematerialien [&hellip;]\" \/>\n<meta property=\"og:url\" content=\"https:\/\/www.tpa-group.ro\/de\/newsletter-allgemeine-geschaftsbedingungen\/\" \/>\n<meta property=\"og:site_name\" content=\"www.tpa-group.ro\" \/>\n<meta property=\"article:modified_time\" content=\"2024-10-28T09:03:45+00:00\" \/>\n<meta property=\"og:image\" content=\"https:\/\/www.tpa-group.ro\/app\/uploads\/sites\/9\/2024\/10\/TPA-Logo.jpg\" \/>\n\t<meta property=\"og:image:width\" content=\"256\" \/>\n\t<meta property=\"og:image:height\" content=\"172\" \/>\n\t<meta property=\"og:image:type\" content=\"image\/jpeg\" \/>\n<meta name=\"twitter:card\" content=\"summary_large_image\" \/>\n<meta name=\"twitter:label1\" content=\"Est. reading time\" \/>\n\t<meta name=\"twitter:data1\" content=\"2 Minuten\" \/>\n<script type=\"application\/ld+json\" class=\"yoast-schema-graph\">{\"@context\":\"https:\/\/schema.org\",\"@graph\":[{\"@type\":\"WebPage\",\"@id\":\"https:\/\/www.tpa-group.ro\/de\/newsletter-allgemeine-geschaftsbedingungen\/\",\"url\":\"https:\/\/www.tpa-group.ro\/de\/newsletter-allgemeine-geschaftsbedingungen\/\",\"name\":\"Newsletter \u2013 Allgemeine Gesch\u00e4ftsbedingungen | www.tpa-group.ro\",\"isPartOf\":{\"@id\":\"https:\/\/www.tpa-group.ro\/de\/#website\"},\"datePublished\":\"2024-10-28T08:51:51+00:00\",\"dateModified\":\"2024-10-28T09:03:45+00:00\",\"breadcrumb\":{\"@id\":\"https:\/\/www.tpa-group.ro\/de\/newsletter-allgemeine-geschaftsbedingungen\/#breadcrumb\"},\"inLanguage\":\"de-DE\",\"potentialAction\":[{\"@type\":\"ReadAction\",\"target\":[\"https:\/\/www.tpa-group.ro\/de\/newsletter-allgemeine-geschaftsbedingungen\/\"]}]},{\"@type\":\"BreadcrumbList\",\"@id\":\"https:\/\/www.tpa-group.ro\/de\/newsletter-allgemeine-geschaftsbedingungen\/#breadcrumb\",\"itemListElement\":[{\"@type\":\"ListItem\",\"position\":1,\"name\":\"Home\",\"item\":\"https:\/\/www.tpa-group.ro\/de\/\"},{\"@type\":\"ListItem\",\"position\":2,\"name\":\"Newsletter \u2013 Allgemeine Gesch\u00e4ftsbedingungen\"}]},{\"@type\":\"WebSite\",\"@id\":\"https:\/\/www.tpa-group.ro\/de\/#website\",\"url\":\"https:\/\/www.tpa-group.ro\/de\/\",\"name\":\"TPA Romania\",\"description\":\"\",\"publisher\":{\"@id\":\"https:\/\/www.tpa-group.ro\/de\/#organization\"},\"potentialAction\":[{\"@type\":\"SearchAction\",\"target\":{\"@type\":\"EntryPoint\",\"urlTemplate\":\"https:\/\/www.tpa-group.ro\/de\/?s={search_term_string}\"},\"query-input\":{\"@type\":\"PropertyValueSpecification\",\"valueRequired\":true,\"valueName\":\"search_term_string\"}}],\"inLanguage\":\"de-DE\"},{\"@type\":\"Organization\",\"@id\":\"https:\/\/www.tpa-group.ro\/de\/#organization\",\"name\":\"TPA Romania\",\"url\":\"https:\/\/www.tpa-group.ro\/de\/\",\"logo\":{\"@type\":\"ImageObject\",\"inLanguage\":\"de-DE\",\"@id\":\"https:\/\/www.tpa-group.ro\/de\/#\/schema\/logo\/image\/\",\"url\":\"https:\/\/www.tpa-group.ro\/app\/uploads\/sites\/9\/2024\/10\/TPA-Logo.jpg\",\"contentUrl\":\"https:\/\/www.tpa-group.ro\/app\/uploads\/sites\/9\/2024\/10\/TPA-Logo.jpg\",\"width\":256,\"height\":172,\"caption\":\"TPA Romania\"},\"image\":{\"@id\":\"https:\/\/www.tpa-group.ro\/de\/#\/schema\/logo\/image\/\"}}]}<\/script>\n<!-- \/ Yoast SEO plugin. -->","yoast_head_json":{"title":"Newsletter \u2013 Allgemeine Gesch\u00e4ftsbedingungen | www.tpa-group.ro","robots":{"index":"index","follow":"follow","max-snippet":"max-snippet:-1","max-image-preview":"max-image-preview:large","max-video-preview":"max-video-preview:-1"},"canonical":"https:\/\/www.tpa-group.ro\/de\/newsletter-allgemeine-geschaftsbedingungen\/","og_locale":"de_DE","og_type":"article","og_title":"Newsletter \u2013 Allgemeine Gesch\u00e4ftsbedingungen | www.tpa-group.ro","og_description":"Home |&nbsp; Newsletter \u2013 Allgemeine Gesch\u00e4ftsbedingungen Newsletter \u2013 Allgemeine Gesch\u00e4ftsbedingungen Der Nutzer erkl\u00e4rt sich damit einverstanden, dass die vom Nutzer bereitgestellten Informationen zu Forschungs- und Marketingzwecken im Inlandsmarkt genutzt, verarbeitet und gespeichert werden d\u00fcrfen. Diese Informationen werden von TPA zur Einhaltung gesetzlicher Vorschriften und zu Werbezwecken verwendet. Der Nutzer erkl\u00e4rt sich au\u00dferdem damit einverstanden, Werbematerialien [&hellip;]","og_url":"https:\/\/www.tpa-group.ro\/de\/newsletter-allgemeine-geschaftsbedingungen\/","og_site_name":"www.tpa-group.ro","article_modified_time":"2024-10-28T09:03:45+00:00","og_image":[{"width":256,"height":172,"url":"https:\/\/www.tpa-group.ro\/app\/uploads\/sites\/9\/2024\/10\/TPA-Logo.jpg","type":"image\/jpeg"}],"twitter_card":"summary_large_image","twitter_misc":{"Est. reading time":"2 Minuten"},"schema":{"@context":"https:\/\/schema.org","@graph":[{"@type":"WebPage","@id":"https:\/\/www.tpa-group.ro\/de\/newsletter-allgemeine-geschaftsbedingungen\/","url":"https:\/\/www.tpa-group.ro\/de\/newsletter-allgemeine-geschaftsbedingungen\/","name":"Newsletter \u2013 Allgemeine Gesch\u00e4ftsbedingungen | www.tpa-group.ro","isPartOf":{"@id":"https:\/\/www.tpa-group.ro\/de\/#website"},"datePublished":"2024-10-28T08:51:51+00:00","dateModified":"2024-10-28T09:03:45+00:00","breadcrumb":{"@id":"https:\/\/www.tpa-group.ro\/de\/newsletter-allgemeine-geschaftsbedingungen\/#breadcrumb"},"inLanguage":"de-DE","potentialAction":[{"@type":"ReadAction","target":["https:\/\/www.tpa-group.ro\/de\/newsletter-allgemeine-geschaftsbedingungen\/"]}]},{"@type":"BreadcrumbList","@id":"https:\/\/www.tpa-group.ro\/de\/newsletter-allgemeine-geschaftsbedingungen\/#breadcrumb","itemListElement":[{"@type":"ListItem","position":1,"name":"Home","item":"https:\/\/www.tpa-group.ro\/de\/"},{"@type":"ListItem","position":2,"name":"Newsletter \u2013 Allgemeine Gesch\u00e4ftsbedingungen"}]},{"@type":"WebSite","@id":"https:\/\/www.tpa-group.ro\/de\/#website","url":"https:\/\/www.tpa-group.ro\/de\/","name":"TPA Romania","description":"","publisher":{"@id":"https:\/\/www.tpa-group.ro\/de\/#organization"},"potentialAction":[{"@type":"SearchAction","target":{"@type":"EntryPoint","urlTemplate":"https:\/\/www.tpa-group.ro\/de\/?s={search_term_string}"},"query-input":{"@type":"PropertyValueSpecification","valueRequired":true,"valueName":"search_term_string"}}],"inLanguage":"de-DE"},{"@type":"Organization","@id":"https:\/\/www.tpa-group.ro\/de\/#organization","name":"TPA Romania","url":"https:\/\/www.tpa-group.ro\/de\/","logo":{"@type":"ImageObject","inLanguage":"de-DE","@id":"https:\/\/www.tpa-group.ro\/de\/#\/schema\/logo\/image\/","url":"https:\/\/www.tpa-group.ro\/app\/uploads\/sites\/9\/2024\/10\/TPA-Logo.jpg","contentUrl":"https:\/\/www.tpa-group.ro\/app\/uploads\/sites\/9\/2024\/10\/TPA-Logo.jpg","width":256,"height":172,"caption":"TPA Romania"},"image":{"@id":"https:\/\/www.tpa-group.ro\/de\/#\/schema\/logo\/image\/"}}]}},"_links":{"self":[{"href":"https:\/\/www.tpa-group.ro\/de\/wp-json\/wp\/v2\/pages\/13086","targetHints":{"allow":["GET"]}}],"collection":[{"href":"https:\/\/www.tpa-group.ro\/de\/wp-json\/wp\/v2\/pages"}],"about":[{"href":"https:\/\/www.tpa-group.ro\/de\/wp-json\/wp\/v2\/types\/page"}],"author":[{"embeddable":true,"href":"https:\/\/www.tpa-group.ro\/de\/wp-json\/wp\/v2\/users\/44"}],"replies":[{"embeddable":true,"href":"https:\/\/www.tpa-group.ro\/de\/wp-json\/wp\/v2\/comments?post=13086"}],"version-history":[{"count":7,"href":"https:\/\/www.tpa-group.ro\/de\/wp-json\/wp\/v2\/pages\/13086\/revisions"}],"predecessor-version":[{"id":13101,"href":"https:\/\/www.tpa-group.ro\/de\/wp-json\/wp\/v2\/pages\/13086\/revisions\/13101"}],"wp:attachment":[{"href":"https:\/\/www.tpa-group.ro\/de\/wp-json\/wp\/v2\/media?parent=13086"}],"curies":[{"name":"wp","href":"https:\/\/api.w.org\/{rel}","templated":true}]}}