{"id":2661,"date":"2024-07-25T09:52:55","date_gmt":"2024-07-25T09:52:55","guid":{"rendered":"https:\/\/www.tpa-group.ro\/?page_id=2661"},"modified":"2024-10-25T08:22:12","modified_gmt":"2024-10-25T08:22:12","slug":"german-english-desk","status":"publish","type":"page","link":"https:\/\/www.tpa-group.ro\/de\/german-english-desk\/","title":{"rendered":"German &amp; English Desk"},"content":{"rendered":"\t\t<div data-elementor-type=\"wp-page\" data-elementor-id=\"2661\" class=\"elementor elementor-2661 elementor-2660\" data-elementor-post-type=\"page\">\n\t\t\t\t\t\t<section class=\"elementor-section elementor-top-section elementor-element elementor-element-455ba140 hero-banner elementor-section-boxed elementor-section-height-default elementor-section-height-default\" data-id=\"455ba140\" data-element_type=\"section\">\n\t\t\t\t\t\t<div class=\"elementor-container elementor-column-gap-default\">\n\t\t\t\t\t<div class=\"elementor-column elementor-col-50 elementor-top-column elementor-element elementor-element-710ea691\" data-id=\"710ea691\" data-element_type=\"column\">\n\t\t\t<div class=\"elementor-widget-wrap elementor-element-populated\">\n\t\t\t\t\t\t<section class=\"elementor-section elementor-inner-section elementor-element elementor-element-68895614 hero-banner-breadcrumbs-container elementor-section-boxed elementor-section-height-default elementor-section-height-default\" data-id=\"68895614\" data-element_type=\"section\">\n\t\t\t\t\t\t<div class=\"elementor-container elementor-column-gap-default\">\n\t\t\t\t\t<div class=\"elementor-column elementor-col-100 elementor-inner-column elementor-element elementor-element-1e2a586e\" data-id=\"1e2a586e\" data-element_type=\"column\">\n\t\t\t<div class=\"elementor-widget-wrap elementor-element-populated\">\n\t\t\t\t\t\t<div class=\"elementor-element elementor-element-90231e7 elementor-widget elementor-widget-heading\" data-id=\"90231e7\" data-element_type=\"widget\" data-widget_type=\"heading.default\">\n\t\t\t\t<div class=\"elementor-widget-container\">\n\t\t\t\t\t<p class=\"elementor-heading-title elementor-size-default\"><a href=\"https:\/\/www.tpa-group.ro\/de\/\">Home |&nbsp;<\/a><\/p>\t\t\t\t<\/div>\n\t\t\t\t<\/div>\n\t\t\t\t<div class=\"elementor-element elementor-element-68671e6 elementor-widget elementor-widget-heading\" data-id=\"68671e6\" data-element_type=\"widget\" data-widget_type=\"heading.default\">\n\t\t\t\t<div class=\"elementor-widget-container\">\n\t\t\t\t\t<p class=\"elementor-heading-title elementor-size-default\">German &amp; English Desk<\/p>\t\t\t\t<\/div>\n\t\t\t\t<\/div>\n\t\t\t\t\t<\/div>\n\t\t<\/div>\n\t\t\t\t\t<\/div>\n\t\t<\/section>\n\t\t\t\t<div class=\"elementor-element elementor-element-1e0703f0 elementor-widget elementor-widget-heading\" data-id=\"1e0703f0\" data-element_type=\"widget\" data-widget_type=\"heading.default\">\n\t\t\t\t<div class=\"elementor-widget-container\">\n\t\t\t\t\t<h1 class=\"elementor-heading-title elementor-size-default\">German &amp; English Desk<\/h1>\t\t\t\t<\/div>\n\t\t\t\t<\/div>\n\t\t\t\t<div class=\"elementor-element elementor-element-6c37d347 elementor-widget elementor-widget-text-editor\" data-id=\"6c37d347\" data-element_type=\"widget\" data-widget_type=\"text-editor.default\">\n\t\t\t\t<div class=\"elementor-widget-container\">\n\t\t\t\t\t\t\t\t\tErfolgreiche Steuerberatung, ergebnisorientierte Wirtschaftspr\u00fcfung und Unternehmensberatung verstehen wir als klassisches Face to Face Business. Unserer Meinung nach ist die pers\u00f6nliche Kommunikation zwischen Ihnen und Ihrem jeweiligen Berater von immenser Bedeutung f\u00fcr den Erfolg Ihrer Beratung.\t\t\t\t\t\t\t\t<\/div>\n\t\t\t\t<\/div>\n\t\t\t\t\t<\/div>\n\t\t<\/div>\n\t\t\t\t<div class=\"elementor-column elementor-col-50 elementor-top-column elementor-element elementor-element-1c2e1126\" data-id=\"1c2e1126\" data-element_type=\"column\">\n\t\t\t<div class=\"elementor-widget-wrap\">\n\t\t\t\t\t\t\t<\/div>\n\t\t<\/div>\n\t\t\t\t\t<\/div>\n\t\t<\/section>\n\t\t<div class=\"elementor-element elementor-element-8cfab15  page-content-container e-flex e-con-boxed e-con e-parent\" data-id=\"8cfab15\" data-element_type=\"container\">\n\t\t\t\t\t<div class=\"e-con-inner\">\n\t\t\t\t<div class=\"elementor-element elementor-element-90ddfc6 elementor-widget elementor-widget-heading\" data-id=\"90ddfc6\" data-element_type=\"widget\" data-widget_type=\"heading.default\">\n\t\t\t\t<div class=\"elementor-widget-container\">\n\t\t\t\t\t<h2 class=\"elementor-heading-title elementor-size-default\">Wir beraten Sie in Ihrer Sprache \u2013 die \u201eGerman &amp; English Desks\u201c<\/h2>\t\t\t\t<\/div>\n\t\t\t\t<\/div>\n\t\t\t\t<div class=\"elementor-element elementor-element-fc8cefb elementor-widget elementor-widget-image\" data-id=\"fc8cefb\" data-element_type=\"widget\" data-widget_type=\"image.default\">\n\t\t\t\t<div class=\"elementor-widget-container\">\n\t\t\t\t\t\t\t\t\t\t\t\t\t\t\t<img fetchpriority=\"high\" decoding=\"async\" width=\"500\" height=\"355\" src=\"https:\/\/www.tpa-group.ro\/app\/uploads\/sites\/9\/2024\/07\/TPA-German-English-Desk-CEE-Beratung-auf-deutsch-Kreis_2.webp\" class=\"attachment-full size-full wp-image-2685\" alt=\"\" srcset=\"https:\/\/www.tpa-group.ro\/app\/uploads\/sites\/9\/2024\/07\/TPA-German-English-Desk-CEE-Beratung-auf-deutsch-Kreis_2.webp 500w, https:\/\/www.tpa-group.ro\/app\/uploads\/sites\/9\/2024\/07\/TPA-German-English-Desk-CEE-Beratung-auf-deutsch-Kreis_2-300x213.webp 300w\" sizes=\"(max-width: 500px) 100vw, 500px\" \/>\t\t\t\t\t\t\t\t\t\t\t\t\t\t\t<\/div>\n\t\t\t\t<\/div>\n\t\t\t\t<div class=\"elementor-element elementor-element-e9cec8f elementor-widget elementor-widget-spacer\" data-id=\"e9cec8f\" data-element_type=\"widget\" data-widget_type=\"spacer.default\">\n\t\t\t\t<div class=\"elementor-widget-container\">\n\t\t\t\t\t\t\t<div class=\"elementor-spacer\">\n\t\t\t<div class=\"elementor-spacer-inner\"><\/div>\n\t\t<\/div>\n\t\t\t\t\t\t<\/div>\n\t\t\t\t<\/div>\n\t\t\t\t<div class=\"elementor-element elementor-element-bcccff0 elementor-widget elementor-widget-text-editor\" data-id=\"bcccff0\" data-element_type=\"widget\" data-widget_type=\"text-editor.default\">\n\t\t\t\t<div class=\"elementor-widget-container\">\n\t\t\t\t\t\t\t\t\t<p>Erfolgreiche Steuerberatung, ergebnisorientierte Wirtschaftspr\u00fcfung und Unternehmensberatung sehen wir als klassisches <strong>Face to Face Business<\/strong>. Die pers\u00f6nliche Kommunikation zwischen Ihnen und dem jeweiligen Berater ist aus unserer Sicht au\u00dferordentlich wichtig f\u00fcr den Beratungserfolg.<\/p>\t\t\t\t\t\t\t\t<\/div>\n\t\t\t\t<\/div>\n\t\t\t\t<div class=\"elementor-element elementor-element-861cf03 elementor-widget elementor-widget-text-editor\" data-id=\"861cf03\" data-element_type=\"widget\" data-widget_type=\"text-editor.default\">\n\t\t\t\t<div class=\"elementor-widget-container\">\n\t\t\t\t\t\t\t\t\t<p>Wir bieten Ihnen an allen <strong>TPA Standorten einen \u201eGerman &amp; English Desk\u201c<\/strong>.<\/p>\t\t\t\t\t\t\t\t<\/div>\n\t\t\t\t<\/div>\n\t\t\t\t<div class=\"elementor-element elementor-element-63c5700 elementor-widget elementor-widget-text-editor\" data-id=\"63c5700\" data-element_type=\"widget\" data-widget_type=\"text-editor.default\">\n\t\t\t\t<div class=\"elementor-widget-container\">\n\t\t\t\t\t\t\t\t\tDeshalb beraten Sie Partner und Mitarbeiter an jedem Standort in Mittel- und S\u00fcdosteuropa nicht nur in der jeweiligen Landessprache, sondern zus\u00e4tzlich auch in deutscher und\/oder englischer Sprache. So schalten wir von vornherein fachliche Missverst\u00e4ndnisse und Fehlerquellen aus.\t\t\t\t\t\t\t\t<\/div>\n\t\t\t\t<\/div>\n\t\t\t\t<div class=\"elementor-element elementor-element-b839480 elementor-widget elementor-widget-text-editor\" data-id=\"b839480\" data-element_type=\"widget\" data-widget_type=\"text-editor.default\">\n\t\t\t\t<div class=\"elementor-widget-container\">\n\t\t\t\t\t\t\t\t\t<p><strong>Wir sprechen Ihre Sprache<\/strong>, das vermindert das Risiko von Missverst\u00e4ndnissen und st\u00e4rkt das Vertrauen beider Gespr\u00e4chspartner.<\/p>\t\t\t\t\t\t\t\t<\/div>\n\t\t\t\t<\/div>\n\t\t\t\t<div class=\"elementor-element elementor-element-733ce32 elementor-widget elementor-widget-text-editor\" data-id=\"733ce32\" data-element_type=\"widget\" data-widget_type=\"text-editor.default\">\n\t\t\t\t<div class=\"elementor-widget-container\">\n\t\t\t\t\t\t\t\t\t<ul><li><strong>TPA Standorte in Mittel- und S\u00fcdosteuropa<\/strong><\/li><\/ul>\t\t\t\t\t\t\t\t<\/div>\n\t\t\t\t<\/div>\n\t\t\t\t<div class=\"elementor-element elementor-element-6f5b932 elementor-widget elementor-widget-text-editor\" data-id=\"6f5b932\" data-element_type=\"widget\" data-widget_type=\"text-editor.default\">\n\t\t\t\t<div class=\"elementor-widget-container\">\n\t\t\t\t\t\t\t\t\t<p><strong>Ihre Ansprechpartner: Die Partnerinnen und Partner der TPA Gruppe<\/strong><\/p>\t\t\t\t\t\t\t\t<\/div>\n\t\t\t\t<\/div>\n\t\t\t\t\t<\/div>\n\t\t\t\t<\/div>\n\t\t\t\t<\/div>\n\t\t","protected":false},"excerpt":{"rendered":"<p>Home |&nbsp; German &#038; English Desk German &#038; English Desk Erfolgreiche Steuerberatung, ergebnisorientierte Wirtschaftspr\u00fcfung und Unternehmensberatung verstehen wir als klassisches Face to Face Business. Unserer Meinung nach ist die pers\u00f6nliche Kommunikation zwischen Ihnen und Ihrem jeweiligen Berater von immenser Bedeutung f\u00fcr den Erfolg Ihrer Beratung. Wir beraten Sie in Ihrer Sprache \u2013 die \u201eGerman &#038; [&hellip;]<\/p>\n","protected":false},"author":44,"featured_media":0,"parent":0,"menu_order":0,"comment_status":"closed","ping_status":"closed","template":"","meta":{"_acf_changed":false,"footnotes":""},"class_list":["post-2661","page","type-page","status-publish","hentry"],"acf":[],"yoast_head":"<!-- This site is optimized with the Yoast SEO plugin v26.0 - https:\/\/yoast.com\/wordpress\/plugins\/seo\/ -->\n<title>German &amp; English Desk | www.tpa-group.ro<\/title>\n<meta name=\"robots\" content=\"index, follow, max-snippet:-1, max-image-preview:large, max-video-preview:-1\" \/>\n<link rel=\"canonical\" href=\"https:\/\/www.tpa-group.ro\/de\/german-english-desk\/\" \/>\n<meta property=\"og:locale\" content=\"de_DE\" \/>\n<meta property=\"og:type\" content=\"article\" \/>\n<meta property=\"og:title\" content=\"German &amp; English Desk | www.tpa-group.ro\" \/>\n<meta property=\"og:description\" content=\"Home |&nbsp; German &#038; English Desk German &#038; English Desk Erfolgreiche Steuerberatung, ergebnisorientierte Wirtschaftspr\u00fcfung und Unternehmensberatung verstehen wir als klassisches Face to Face Business. Unserer Meinung nach ist die pers\u00f6nliche Kommunikation zwischen Ihnen und Ihrem jeweiligen Berater von immenser Bedeutung f\u00fcr den Erfolg Ihrer Beratung. Wir beraten Sie in Ihrer Sprache \u2013 die \u201eGerman &#038; [&hellip;]\" \/>\n<meta property=\"og:url\" content=\"https:\/\/www.tpa-group.ro\/de\/german-english-desk\/\" \/>\n<meta property=\"og:site_name\" content=\"www.tpa-group.ro\" \/>\n<meta property=\"article:modified_time\" content=\"2024-10-25T08:22:12+00:00\" \/>\n<meta property=\"og:image\" content=\"https:\/\/www.tpa-group.ro\/app\/uploads\/sites\/9\/2024\/07\/TPA-German-English-Desk-CEE-Beratung-auf-deutsch-Kreis_2.webp\" \/>\n<meta name=\"twitter:card\" content=\"summary_large_image\" \/>\n<script type=\"application\/ld+json\" class=\"yoast-schema-graph\">{\"@context\":\"https:\/\/schema.org\",\"@graph\":[{\"@type\":\"WebPage\",\"@id\":\"https:\/\/www.tpa-group.ro\/de\/german-english-desk\/\",\"url\":\"https:\/\/www.tpa-group.ro\/de\/german-english-desk\/\",\"name\":\"German &amp; English Desk | www.tpa-group.ro\",\"isPartOf\":{\"@id\":\"https:\/\/www.tpa-group.ro\/de\/#website\"},\"primaryImageOfPage\":{\"@id\":\"https:\/\/www.tpa-group.ro\/de\/german-english-desk\/#primaryimage\"},\"image\":{\"@id\":\"https:\/\/www.tpa-group.ro\/de\/german-english-desk\/#primaryimage\"},\"thumbnailUrl\":\"https:\/\/www.tpa-group.ro\/app\/uploads\/sites\/9\/2024\/07\/TPA-German-English-Desk-CEE-Beratung-auf-deutsch-Kreis_2.webp\",\"datePublished\":\"2024-07-25T09:52:55+00:00\",\"dateModified\":\"2024-10-25T08:22:12+00:00\",\"breadcrumb\":{\"@id\":\"https:\/\/www.tpa-group.ro\/de\/german-english-desk\/#breadcrumb\"},\"inLanguage\":\"de-DE\",\"potentialAction\":[{\"@type\":\"ReadAction\",\"target\":[\"https:\/\/www.tpa-group.ro\/de\/german-english-desk\/\"]}]},{\"@type\":\"ImageObject\",\"inLanguage\":\"de-DE\",\"@id\":\"https:\/\/www.tpa-group.ro\/de\/german-english-desk\/#primaryimage\",\"url\":\"https:\/\/www.tpa-group.ro\/app\/uploads\/sites\/9\/2024\/07\/TPA-German-English-Desk-CEE-Beratung-auf-deutsch-Kreis_2.webp\",\"contentUrl\":\"https:\/\/www.tpa-group.ro\/app\/uploads\/sites\/9\/2024\/07\/TPA-German-English-Desk-CEE-Beratung-auf-deutsch-Kreis_2.webp\"},{\"@type\":\"BreadcrumbList\",\"@id\":\"https:\/\/www.tpa-group.ro\/de\/german-english-desk\/#breadcrumb\",\"itemListElement\":[{\"@type\":\"ListItem\",\"position\":1,\"name\":\"Home\",\"item\":\"https:\/\/www.tpa-group.ro\/de\/\"},{\"@type\":\"ListItem\",\"position\":2,\"name\":\"German &amp; English Desk\"}]},{\"@type\":\"WebSite\",\"@id\":\"https:\/\/www.tpa-group.ro\/de\/#website\",\"url\":\"https:\/\/www.tpa-group.ro\/de\/\",\"name\":\"TPA Romania\",\"description\":\"\",\"publisher\":{\"@id\":\"https:\/\/www.tpa-group.ro\/de\/#organization\"},\"potentialAction\":[{\"@type\":\"SearchAction\",\"target\":{\"@type\":\"EntryPoint\",\"urlTemplate\":\"https:\/\/www.tpa-group.ro\/de\/?s={search_term_string}\"},\"query-input\":{\"@type\":\"PropertyValueSpecification\",\"valueRequired\":true,\"valueName\":\"search_term_string\"}}],\"inLanguage\":\"de-DE\"},{\"@type\":\"Organization\",\"@id\":\"https:\/\/www.tpa-group.ro\/de\/#organization\",\"name\":\"TPA Romania\",\"url\":\"https:\/\/www.tpa-group.ro\/de\/\",\"logo\":{\"@type\":\"ImageObject\",\"inLanguage\":\"de-DE\",\"@id\":\"https:\/\/www.tpa-group.ro\/de\/#\/schema\/logo\/image\/\",\"url\":\"https:\/\/www.tpa-group.ro\/app\/uploads\/sites\/9\/2024\/10\/TPA-Logo.jpg\",\"contentUrl\":\"https:\/\/www.tpa-group.ro\/app\/uploads\/sites\/9\/2024\/10\/TPA-Logo.jpg\",\"width\":256,\"height\":172,\"caption\":\"TPA Romania\"},\"image\":{\"@id\":\"https:\/\/www.tpa-group.ro\/de\/#\/schema\/logo\/image\/\"}}]}<\/script>\n<!-- \/ Yoast SEO plugin. -->","yoast_head_json":{"title":"German &amp; English Desk | www.tpa-group.ro","robots":{"index":"index","follow":"follow","max-snippet":"max-snippet:-1","max-image-preview":"max-image-preview:large","max-video-preview":"max-video-preview:-1"},"canonical":"https:\/\/www.tpa-group.ro\/de\/german-english-desk\/","og_locale":"de_DE","og_type":"article","og_title":"German &amp; English Desk | www.tpa-group.ro","og_description":"Home |&nbsp; German &#038; English Desk German &#038; English Desk Erfolgreiche Steuerberatung, ergebnisorientierte Wirtschaftspr\u00fcfung und Unternehmensberatung verstehen wir als klassisches Face to Face Business. Unserer Meinung nach ist die pers\u00f6nliche Kommunikation zwischen Ihnen und Ihrem jeweiligen Berater von immenser Bedeutung f\u00fcr den Erfolg Ihrer Beratung. Wir beraten Sie in Ihrer Sprache \u2013 die \u201eGerman &#038; [&hellip;]","og_url":"https:\/\/www.tpa-group.ro\/de\/german-english-desk\/","og_site_name":"www.tpa-group.ro","article_modified_time":"2024-10-25T08:22:12+00:00","og_image":[{"url":"https:\/\/www.tpa-group.ro\/app\/uploads\/sites\/9\/2024\/07\/TPA-German-English-Desk-CEE-Beratung-auf-deutsch-Kreis_2.webp","type":"","width":"","height":""}],"twitter_card":"summary_large_image","schema":{"@context":"https:\/\/schema.org","@graph":[{"@type":"WebPage","@id":"https:\/\/www.tpa-group.ro\/de\/german-english-desk\/","url":"https:\/\/www.tpa-group.ro\/de\/german-english-desk\/","name":"German &amp; English Desk | www.tpa-group.ro","isPartOf":{"@id":"https:\/\/www.tpa-group.ro\/de\/#website"},"primaryImageOfPage":{"@id":"https:\/\/www.tpa-group.ro\/de\/german-english-desk\/#primaryimage"},"image":{"@id":"https:\/\/www.tpa-group.ro\/de\/german-english-desk\/#primaryimage"},"thumbnailUrl":"https:\/\/www.tpa-group.ro\/app\/uploads\/sites\/9\/2024\/07\/TPA-German-English-Desk-CEE-Beratung-auf-deutsch-Kreis_2.webp","datePublished":"2024-07-25T09:52:55+00:00","dateModified":"2024-10-25T08:22:12+00:00","breadcrumb":{"@id":"https:\/\/www.tpa-group.ro\/de\/german-english-desk\/#breadcrumb"},"inLanguage":"de-DE","potentialAction":[{"@type":"ReadAction","target":["https:\/\/www.tpa-group.ro\/de\/german-english-desk\/"]}]},{"@type":"ImageObject","inLanguage":"de-DE","@id":"https:\/\/www.tpa-group.ro\/de\/german-english-desk\/#primaryimage","url":"https:\/\/www.tpa-group.ro\/app\/uploads\/sites\/9\/2024\/07\/TPA-German-English-Desk-CEE-Beratung-auf-deutsch-Kreis_2.webp","contentUrl":"https:\/\/www.tpa-group.ro\/app\/uploads\/sites\/9\/2024\/07\/TPA-German-English-Desk-CEE-Beratung-auf-deutsch-Kreis_2.webp"},{"@type":"BreadcrumbList","@id":"https:\/\/www.tpa-group.ro\/de\/german-english-desk\/#breadcrumb","itemListElement":[{"@type":"ListItem","position":1,"name":"Home","item":"https:\/\/www.tpa-group.ro\/de\/"},{"@type":"ListItem","position":2,"name":"German &amp; English Desk"}]},{"@type":"WebSite","@id":"https:\/\/www.tpa-group.ro\/de\/#website","url":"https:\/\/www.tpa-group.ro\/de\/","name":"TPA Romania","description":"","publisher":{"@id":"https:\/\/www.tpa-group.ro\/de\/#organization"},"potentialAction":[{"@type":"SearchAction","target":{"@type":"EntryPoint","urlTemplate":"https:\/\/www.tpa-group.ro\/de\/?s={search_term_string}"},"query-input":{"@type":"PropertyValueSpecification","valueRequired":true,"valueName":"search_term_string"}}],"inLanguage":"de-DE"},{"@type":"Organization","@id":"https:\/\/www.tpa-group.ro\/de\/#organization","name":"TPA Romania","url":"https:\/\/www.tpa-group.ro\/de\/","logo":{"@type":"ImageObject","inLanguage":"de-DE","@id":"https:\/\/www.tpa-group.ro\/de\/#\/schema\/logo\/image\/","url":"https:\/\/www.tpa-group.ro\/app\/uploads\/sites\/9\/2024\/10\/TPA-Logo.jpg","contentUrl":"https:\/\/www.tpa-group.ro\/app\/uploads\/sites\/9\/2024\/10\/TPA-Logo.jpg","width":256,"height":172,"caption":"TPA Romania"},"image":{"@id":"https:\/\/www.tpa-group.ro\/de\/#\/schema\/logo\/image\/"}}]}},"_links":{"self":[{"href":"https:\/\/www.tpa-group.ro\/de\/wp-json\/wp\/v2\/pages\/2661","targetHints":{"allow":["GET"]}}],"collection":[{"href":"https:\/\/www.tpa-group.ro\/de\/wp-json\/wp\/v2\/pages"}],"about":[{"href":"https:\/\/www.tpa-group.ro\/de\/wp-json\/wp\/v2\/types\/page"}],"author":[{"embeddable":true,"href":"https:\/\/www.tpa-group.ro\/de\/wp-json\/wp\/v2\/users\/44"}],"replies":[{"embeddable":true,"href":"https:\/\/www.tpa-group.ro\/de\/wp-json\/wp\/v2\/comments?post=2661"}],"version-history":[{"count":11,"href":"https:\/\/www.tpa-group.ro\/de\/wp-json\/wp\/v2\/pages\/2661\/revisions"}],"predecessor-version":[{"id":12794,"href":"https:\/\/www.tpa-group.ro\/de\/wp-json\/wp\/v2\/pages\/2661\/revisions\/12794"}],"wp:attachment":[{"href":"https:\/\/www.tpa-group.ro\/de\/wp-json\/wp\/v2\/media?parent=2661"}],"curies":[{"name":"wp","href":"https:\/\/api.w.org\/{rel}","templated":true}]}}