{"id":2718,"date":"2024-07-25T10:09:07","date_gmt":"2024-07-25T10:09:07","guid":{"rendered":"https:\/\/www.tpa-group.ro\/?page_id=2718"},"modified":"2024-10-31T14:36:36","modified_gmt":"2024-10-31T14:36:36","slug":"partner-und-mitgliedschaften","status":"publish","type":"page","link":"https:\/\/www.tpa-group.ro\/de\/partner-und-mitgliedschaften\/","title":{"rendered":"Partner- und Mitgliedschaften"},"content":{"rendered":"\t\t<div data-elementor-type=\"wp-page\" data-elementor-id=\"2718\" class=\"elementor elementor-2718 elementor-2717\" data-elementor-post-type=\"page\">\n\t\t\t\t\t\t<section class=\"elementor-section elementor-top-section elementor-element elementor-element-455ba140 hero-banner elementor-section-boxed elementor-section-height-default elementor-section-height-default\" data-id=\"455ba140\" data-element_type=\"section\">\n\t\t\t\t\t\t<div class=\"elementor-container elementor-column-gap-default\">\n\t\t\t\t\t<div class=\"elementor-column elementor-col-50 elementor-top-column elementor-element elementor-element-710ea691\" data-id=\"710ea691\" data-element_type=\"column\">\n\t\t\t<div class=\"elementor-widget-wrap elementor-element-populated\">\n\t\t\t\t\t\t<section class=\"elementor-section elementor-inner-section elementor-element elementor-element-68895614 hero-banner-breadcrumbs-container elementor-section-boxed elementor-section-height-default elementor-section-height-default\" data-id=\"68895614\" data-element_type=\"section\">\n\t\t\t\t\t\t<div class=\"elementor-container elementor-column-gap-default\">\n\t\t\t\t\t<div class=\"elementor-column elementor-col-100 elementor-inner-column elementor-element elementor-element-1e2a586e\" data-id=\"1e2a586e\" data-element_type=\"column\">\n\t\t\t<div class=\"elementor-widget-wrap elementor-element-populated\">\n\t\t\t\t\t\t<div class=\"elementor-element elementor-element-90231e7 elementor-widget elementor-widget-heading\" data-id=\"90231e7\" data-element_type=\"widget\" data-widget_type=\"heading.default\">\n\t\t\t\t<div class=\"elementor-widget-container\">\n\t\t\t\t\t<p class=\"elementor-heading-title elementor-size-default\"><a href=\"https:\/\/www.tpa-group.ro\/de\/\">Home |&nbsp;<\/a><\/p>\t\t\t\t<\/div>\n\t\t\t\t<\/div>\n\t\t\t\t<div class=\"elementor-element elementor-element-68671e6 elementor-widget elementor-widget-heading\" data-id=\"68671e6\" data-element_type=\"widget\" data-widget_type=\"heading.default\">\n\t\t\t\t<div class=\"elementor-widget-container\">\n\t\t\t\t\t<p class=\"elementor-heading-title elementor-size-default\">Partner- und Mitgliedschaften<\/p>\t\t\t\t<\/div>\n\t\t\t\t<\/div>\n\t\t\t\t\t<\/div>\n\t\t<\/div>\n\t\t\t\t\t<\/div>\n\t\t<\/section>\n\t\t\t\t<div class=\"elementor-element elementor-element-1e0703f0 elementor-widget elementor-widget-heading\" data-id=\"1e0703f0\" data-element_type=\"widget\" data-widget_type=\"heading.default\">\n\t\t\t\t<div class=\"elementor-widget-container\">\n\t\t\t\t\t<h1 class=\"elementor-heading-title elementor-size-default\">Partner- und Mitgliedschaften<\/h1>\t\t\t\t<\/div>\n\t\t\t\t<\/div>\n\t\t\t\t\t<\/div>\n\t\t<\/div>\n\t\t\t\t<div class=\"elementor-column elementor-col-50 elementor-top-column elementor-element elementor-element-1c2e1126\" data-id=\"1c2e1126\" data-element_type=\"column\">\n\t\t\t<div class=\"elementor-widget-wrap\">\n\t\t\t\t\t\t\t<\/div>\n\t\t<\/div>\n\t\t\t\t\t<\/div>\n\t\t<\/section>\n\t\t<div class=\"elementor-element elementor-element-7c9d427 page-content-container e-flex e-con-boxed e-con e-parent\" data-id=\"7c9d427\" data-element_type=\"container\" data-settings=\"{&quot;background_background&quot;:&quot;classic&quot;}\">\n\t\t\t\t\t<div class=\"e-con-inner\">\n\t\t<div class=\"elementor-element elementor-element-b4a5f6e e-flex e-con-boxed e-con e-child\" data-id=\"b4a5f6e\" data-element_type=\"container\" data-settings=\"{&quot;background_background&quot;:&quot;classic&quot;}\">\n\t\t\t\t\t<div class=\"e-con-inner\">\n\t\t<div class=\"elementor-element elementor-element-cab0589 e-con-full e-flex e-con e-child\" data-id=\"cab0589\" data-element_type=\"container\">\n\t\t\t\t<div class=\"elementor-element elementor-element-97655dd elementor-widget elementor-widget-image\" data-id=\"97655dd\" data-element_type=\"widget\" data-widget_type=\"image.default\">\n\t\t\t\t<div class=\"elementor-widget-container\">\n\t\t\t\t\t\t\t\t\t\t\t\t<figure class=\"wp-caption\">\n\t\t\t\t\t\t\t\t\t\t\t<a href=\"https:\/\/www.amcham.ro\/\" target=\"_blank\">\n\t\t\t\t\t\t\t<img decoding=\"async\" src=\"https:\/\/www.tpa-group.ro\/app\/uploads\/sites\/9\/elementor\/thumbs\/new_amcham_logo_-_copy_2_0-1-qrv3qsp9pdq47w7yvrsn1tg5faca3l2pphsfsdtm9i.jpg\" title=\"new_amcham_logo_-_copy_2_0.jpg\" alt=\"new_amcham_logo_-_copy_2_0.jpg\" loading=\"lazy\" \/>\t\t\t\t\t\t\t\t<\/a>\n\t\t\t\t\t\t\t\t\t\t\t<figcaption class=\"widget-image-caption wp-caption-text\">Amerikanische Handelskammer in Rum\u00e4nien<\/figcaption>\n\t\t\t\t\t\t\t\t\t\t<\/figure>\n\t\t\t\t\t\t\t\t\t<\/div>\n\t\t\t\t<\/div>\n\t\t\t\t<\/div>\n\t\t<div class=\"elementor-element elementor-element-f894294 e-con-full e-flex e-con e-child\" data-id=\"f894294\" data-element_type=\"container\">\n\t\t\t\t<div class=\"elementor-element elementor-element-a7385f9 elementor-widget elementor-widget-image\" data-id=\"a7385f9\" data-element_type=\"widget\" data-widget_type=\"image.default\">\n\t\t\t\t<div class=\"elementor-widget-container\">\n\t\t\t\t\t\t\t\t\t\t\t\t<figure class=\"wp-caption\">\n\t\t\t\t\t\t\t\t\t\t<img decoding=\"async\" src=\"https:\/\/www.tpa-group.ro\/app\/uploads\/sites\/9\/2024\/07\/AHK-Ro_NEU-1.svg\" title=\"AHK-Ro_NEU.svg\" alt=\"AHK-Ro_NEU.svg\" loading=\"lazy\" \/>\t\t\t\t\t\t\t\t\t\t\t<figcaption class=\"widget-image-caption wp-caption-text\">Deutsch-Rum\u00e4nische Industrie- und Handelskammer<\/figcaption>\n\t\t\t\t\t\t\t\t\t\t<\/figure>\n\t\t\t\t\t\t\t\t\t<\/div>\n\t\t\t\t<\/div>\n\t\t\t\t<\/div>\n\t\t<div class=\"elementor-element elementor-element-e33593e e-con-full e-flex e-con e-child\" data-id=\"e33593e\" data-element_type=\"container\">\n\t\t\t\t<div class=\"elementor-element elementor-element-e393f8a elementor-widget elementor-widget-image\" data-id=\"e393f8a\" data-element_type=\"widget\" data-widget_type=\"image.default\">\n\t\t\t\t<div class=\"elementor-widget-container\">\n\t\t\t\t\t\t\t\t\t\t\t\t<figure class=\"wp-caption\">\n\t\t\t\t\t\t\t\t\t\t\t<a href=\"https:\/\/www.nrcc.ro\/\" target=\"_blank\">\n\t\t\t\t\t\t\t<img decoding=\"async\" src=\"https:\/\/www.tpa-group.ro\/app\/uploads\/sites\/9\/elementor\/thumbs\/nrcc_logo_1-1-qrv3qukxv5m4z8neq5ft3dqo12pka4f9ckbnntboi4.png\" title=\"nrcc_logo_1.png\" alt=\"nrcc_logo_1.png\" loading=\"lazy\" \/>\t\t\t\t\t\t\t\t<\/a>\n\t\t\t\t\t\t\t\t\t\t\t<figcaption class=\"widget-image-caption wp-caption-text\">Die niederl\u00e4ndische Industrie-und Handelskammer, Industrie und Landwirtschaft in Rum\u00e4nien<\/figcaption>\n\t\t\t\t\t\t\t\t\t\t<\/figure>\n\t\t\t\t\t\t\t\t\t<\/div>\n\t\t\t\t<\/div>\n\t\t\t\t<\/div>\n\t\t<div class=\"elementor-element elementor-element-0890d61 e-con-full e-flex e-con e-child\" data-id=\"0890d61\" data-element_type=\"container\">\n\t\t\t\t<div class=\"elementor-element elementor-element-5bac416 elementor-widget elementor-widget-image\" data-id=\"5bac416\" data-element_type=\"widget\" data-widget_type=\"image.default\">\n\t\t\t\t<div class=\"elementor-widget-container\">\n\t\t\t\t\t\t\t\t\t\t\t\t<figure class=\"wp-caption\">\n\t\t\t\t\t\t\t\t\t\t\t<a href=\"https:\/\/berocc.com\/\" target=\"_blank\">\n\t\t\t\t\t\t\t<img decoding=\"async\" src=\"https:\/\/www.tpa-group.ro\/app\/uploads\/sites\/9\/elementor\/thumbs\/beroba_1-1-qrv3qukycp4q169dz8k4icsm1vyp655dcr2hd18vao.png\" title=\"beroba_1.png\" alt=\"beroba_1.png\" loading=\"lazy\" \/>\t\t\t\t\t\t\t\t<\/a>\n\t\t\t\t\t\t\t\t\t\t\t<figcaption class=\"widget-image-caption wp-caption-text\">Belgisch-rum\u00e4nischer Wirtschaftsverband<\/figcaption>\n\t\t\t\t\t\t\t\t\t\t<\/figure>\n\t\t\t\t\t\t\t\t\t<\/div>\n\t\t\t\t<\/div>\n\t\t\t\t<\/div>\n\t\t<div class=\"elementor-element elementor-element-bcd42fd e-con-full e-flex e-con e-child\" data-id=\"bcd42fd\" data-element_type=\"container\">\n\t\t\t\t<div class=\"elementor-element elementor-element-8385d8c elementor-widget elementor-widget-image\" data-id=\"8385d8c\" data-element_type=\"widget\" data-widget_type=\"image.default\">\n\t\t\t\t<div class=\"elementor-widget-container\">\n\t\t\t\t\t\t\t\t\t\t\t\t<figure class=\"wp-caption\">\n\t\t\t\t\t\t\t\t\t\t\t<a href=\"https:\/\/www.ccifer.ro\/ro.html\" target=\"_blank\">\n\t\t\t\t\t\t\t<img decoding=\"async\" src=\"https:\/\/www.tpa-group.ro\/app\/uploads\/sites\/9\/elementor\/thumbs\/CCIFER-ROUMANIE_12-1-qrv3qvitc1d30byynn52xanwb4mq8zbr4x0ugyfnd8.webp\" title=\"CCIFER-ROUMANIE_12.webp\" alt=\"CCIFER-ROUMANIE_12.webp\" loading=\"lazy\" \/>\t\t\t\t\t\t\t\t<\/a>\n\t\t\t\t\t\t\t\t\t\t\t<figcaption class=\"widget-image-caption wp-caption-text\">Chambre Fran\u00e7aise de Commerce, d\u2019Industrie et d\u2019Agriculture en Roumanie<\/figcaption>\n\t\t\t\t\t\t\t\t\t\t<\/figure>\n\t\t\t\t\t\t\t\t\t<\/div>\n\t\t\t\t<\/div>\n\t\t\t\t<\/div>\n\t\t<div class=\"elementor-element elementor-element-5a2f20c e-con-full e-flex e-con e-child\" data-id=\"5a2f20c\" data-element_type=\"container\">\n\t\t\t\t<div class=\"elementor-element elementor-element-75d64d5 elementor-widget elementor-widget-image\" data-id=\"75d64d5\" data-element_type=\"widget\" data-widget_type=\"image.default\">\n\t\t\t\t<div class=\"elementor-widget-container\">\n\t\t\t\t\t\t\t\t\t\t\t\t<figure class=\"wp-caption\">\n\t\t\t\t\t\t\t\t\t\t\t<a href=\"http:\/\/www.austrianbusinessclub.com\/\" target=\"_blank\">\n\t\t\t\t\t\t\t<img decoding=\"async\" src=\"https:\/\/www.tpa-group.ro\/app\/uploads\/sites\/9\/elementor\/thumbs\/abc_logo.jpg-1-qrv3qvir862zok9odg2bcel8y6dxyyj0fyr4kpocxo.png\" title=\"abc_logo.jpg.png\" alt=\"abc_logo.jpg.png\" loading=\"lazy\" \/>\t\t\t\t\t\t\t\t<\/a>\n\t\t\t\t\t\t\t\t\t\t\t<figcaption class=\"widget-image-caption wp-caption-text\">\u00d6sterreichische Business Club in Bukarest<\/figcaption>\n\t\t\t\t\t\t\t\t\t\t<\/figure>\n\t\t\t\t\t\t\t\t\t<\/div>\n\t\t\t\t<\/div>\n\t\t\t\t<\/div>\n\t\t<div class=\"elementor-element elementor-element-74d938a e-con-full e-flex e-con e-child\" data-id=\"74d938a\" data-element_type=\"container\">\n\t\t\t\t<div class=\"elementor-element elementor-element-3926f06 elementor-widget elementor-widget-image\" data-id=\"3926f06\" data-element_type=\"widget\" data-widget_type=\"image.default\">\n\t\t\t\t<div class=\"elementor-widget-container\">\n\t\t\t\t\t\t\t\t\t\t\t\t<figure class=\"wp-caption\">\n\t\t\t\t\t\t\t\t\t\t\t<a href=\"http:\/\/ceccar.ro\/ro\/\" target=\"_blank\">\n\t\t\t\t\t\t\t<img decoding=\"async\" src=\"https:\/\/www.tpa-group.ro\/app\/uploads\/sites\/9\/elementor\/thumbs\/ceccar-logo-e3a5bf37c1-seeklogo.com_1-1-qrv3qwgmb0n7569s44jspvxmbig71706ye35i009u8.png\" title=\"ceccar-logo-e3a5bf37c1-seeklogo.com_1.png\" alt=\"ceccar-logo-e3a5bf37c1-seeklogo.com_1.png\" loading=\"lazy\" \/>\t\t\t\t\t\t\t\t<\/a>\n\t\t\t\t\t\t\t\t\t\t\t<figcaption class=\"widget-image-caption wp-caption-text\">Mitglied der rum\u00e4nischen Vereinigung der Wirtschaftstreuh\u00e4nder (CECCAR)<\/figcaption>\n\t\t\t\t\t\t\t\t\t\t<\/figure>\n\t\t\t\t\t\t\t\t\t<\/div>\n\t\t\t\t<\/div>\n\t\t\t\t<\/div>\n\t\t<div class=\"elementor-element elementor-element-5da5e42 e-con-full e-flex e-con e-child\" data-id=\"5da5e42\" data-element_type=\"container\">\n\t\t\t\t<div class=\"elementor-element elementor-element-9f97cbf elementor-widget elementor-widget-image\" data-id=\"9f97cbf\" data-element_type=\"widget\" data-widget_type=\"image.default\">\n\t\t\t\t<div class=\"elementor-widget-container\">\n\t\t\t\t\t\t\t\t\t\t\t\t<figure class=\"wp-caption\">\n\t\t\t\t\t\t\t\t\t\t\t<a href=\"http:\/\/www.ccfiscali.ro\/\" target=\"_blank\">\n\t\t\t\t\t\t\t<img decoding=\"async\" src=\"https:\/\/www.tpa-group.ro\/app\/uploads\/sites\/9\/elementor\/thumbs\/logo_0-1-qrv3qxeg54tuft0h49h5ysknk9p8rptig5ambzhc6k.png\" title=\"logo_0.png\" alt=\"logo_0.png\" loading=\"lazy\" \/>\t\t\t\t\t\t\t\t<\/a>\n\t\t\t\t\t\t\t\t\t\t\t<figcaption class=\"widget-image-caption wp-caption-text\">Mitglied der Kammer der Steuerberater in Rum\u00e4nien<\/figcaption>\n\t\t\t\t\t\t\t\t\t\t<\/figure>\n\t\t\t\t\t\t\t\t\t<\/div>\n\t\t\t\t<\/div>\n\t\t\t\t<\/div>\n\t\t<div class=\"elementor-element elementor-element-fe21aa7 e-con-full e-flex e-con e-child\" data-id=\"fe21aa7\" data-element_type=\"container\">\n\t\t\t\t<div class=\"elementor-element elementor-element-9fed77f elementor-widget elementor-widget-image\" data-id=\"9fed77f\" data-element_type=\"widget\" data-widget_type=\"image.default\">\n\t\t\t\t<div class=\"elementor-widget-container\">\n\t\t\t\t\t\t\t\t\t\t\t\t<figure class=\"wp-caption\">\n\t\t\t\t\t\t\t\t\t\t\t<a href=\"https:\/\/www.cafr.ro\/\" target=\"_blank\">\n\t\t\t\t\t\t\t<img decoding=\"async\" src=\"https:\/\/www.tpa-group.ro\/app\/uploads\/sites\/9\/elementor\/thumbs\/logo_cafr_0-1-1-qrv3qxehywz1oi156n55dsgo4yyz0c3kng5we1jzo2.png\" title=\"logo_cafr_0-1.png\" alt=\"logo_cafr_0-1.png\" loading=\"lazy\" \/>\t\t\t\t\t\t\t\t<\/a>\n\t\t\t\t\t\t\t\t\t\t\t<figcaption class=\"widget-image-caption wp-caption-text\">Mitglied der rum\u00e4nischen Kammer der Rechnungspr\u00fcfer (CAFR) <\/figcaption>\n\t\t\t\t\t\t\t\t\t\t<\/figure>\n\t\t\t\t\t\t\t\t\t<\/div>\n\t\t\t\t<\/div>\n\t\t\t\t<\/div>\n\t\t\t\t\t<\/div>\n\t\t\t\t<\/div>\n\t\t\t\t\t<\/div>\n\t\t\t\t<\/div>\n\t\t\t\t<\/div>\n\t\t","protected":false},"excerpt":{"rendered":"<p>Home |&nbsp; Partner- und Mitgliedschaften Partner- und Mitgliedschaften Amerikanische Handelskammer in Rum\u00e4nien Deutsch-Rum\u00e4nische Industrie- und Handelskammer Die niederl\u00e4ndische Industrie-und Handelskammer, Industrie und Landwirtschaft in Rum\u00e4nien Belgisch-rum\u00e4nischer Wirtschaftsverband Chambre Fran\u00e7aise de Commerce, d\u2019Industrie et d\u2019Agriculture en Roumanie \u00d6sterreichische Business Club in Bukarest Mitglied der rum\u00e4nischen Vereinigung der Wirtschaftstreuh\u00e4nder (CECCAR) Mitglied der Kammer der Steuerberater in Rum\u00e4nien [&hellip;]<\/p>\n","protected":false},"author":44,"featured_media":0,"parent":0,"menu_order":0,"comment_status":"closed","ping_status":"closed","template":"elementor_header_footer","meta":{"_acf_changed":false,"footnotes":""},"class_list":["post-2718","page","type-page","status-publish","hentry"],"acf":[],"yoast_head":"<!-- This site is optimized with the Yoast SEO plugin v26.0 - https:\/\/yoast.com\/wordpress\/plugins\/seo\/ -->\n<title>Partner- und Mitgliedschaften | www.tpa-group.ro<\/title>\n<meta name=\"robots\" content=\"index, follow, max-snippet:-1, max-image-preview:large, max-video-preview:-1\" \/>\n<link rel=\"canonical\" href=\"https:\/\/www.tpa-group.ro\/de\/partner-und-mitgliedschaften\/\" \/>\n<meta property=\"og:locale\" content=\"de_DE\" \/>\n<meta property=\"og:type\" content=\"article\" \/>\n<meta property=\"og:title\" content=\"Partner- und Mitgliedschaften | www.tpa-group.ro\" \/>\n<meta property=\"og:description\" content=\"Home |&nbsp; Partner- und Mitgliedschaften Partner- und Mitgliedschaften Amerikanische Handelskammer in Rum\u00e4nien Deutsch-Rum\u00e4nische Industrie- und Handelskammer Die niederl\u00e4ndische Industrie-und Handelskammer, Industrie und Landwirtschaft in Rum\u00e4nien Belgisch-rum\u00e4nischer Wirtschaftsverband Chambre Fran\u00e7aise de Commerce, d\u2019Industrie et d\u2019Agriculture en Roumanie \u00d6sterreichische Business Club in Bukarest Mitglied der rum\u00e4nischen Vereinigung der Wirtschaftstreuh\u00e4nder (CECCAR) Mitglied der Kammer der Steuerberater in Rum\u00e4nien [&hellip;]\" \/>\n<meta property=\"og:url\" content=\"https:\/\/www.tpa-group.ro\/de\/partner-und-mitgliedschaften\/\" \/>\n<meta property=\"og:site_name\" content=\"www.tpa-group.ro\" \/>\n<meta property=\"article:modified_time\" content=\"2024-10-31T14:36:36+00:00\" \/>\n<meta property=\"og:image\" content=\"https:\/\/www.tpa-group.ro\/app\/uploads\/sites\/9\/elementor\/thumbs\/new_amcham_logo_-_copy_2_0-1-qrv3qsp9pdq47w7yvrsn1tg5faca3l2pphsfsdtm9i.jpg\" \/>\n<meta name=\"twitter:card\" content=\"summary_large_image\" \/>\n<meta name=\"twitter:label1\" content=\"Est. reading time\" \/>\n\t<meta name=\"twitter:data1\" content=\"3 Minuten\" \/>\n<script type=\"application\/ld+json\" class=\"yoast-schema-graph\">{\"@context\":\"https:\/\/schema.org\",\"@graph\":[{\"@type\":\"WebPage\",\"@id\":\"https:\/\/www.tpa-group.ro\/de\/partner-und-mitgliedschaften\/\",\"url\":\"https:\/\/www.tpa-group.ro\/de\/partner-und-mitgliedschaften\/\",\"name\":\"Partner- und Mitgliedschaften | www.tpa-group.ro\",\"isPartOf\":{\"@id\":\"https:\/\/www.tpa-group.ro\/de\/#website\"},\"primaryImageOfPage\":{\"@id\":\"https:\/\/www.tpa-group.ro\/de\/partner-und-mitgliedschaften\/#primaryimage\"},\"image\":{\"@id\":\"https:\/\/www.tpa-group.ro\/de\/partner-und-mitgliedschaften\/#primaryimage\"},\"thumbnailUrl\":\"https:\/\/www.tpa-group.ro\/app\/uploads\/sites\/9\/elementor\/thumbs\/new_amcham_logo_-_copy_2_0-1-qrv3qsp9pdq47w7yvrsn1tg5faca3l2pphsfsdtm9i.jpg\",\"datePublished\":\"2024-07-25T10:09:07+00:00\",\"dateModified\":\"2024-10-31T14:36:36+00:00\",\"breadcrumb\":{\"@id\":\"https:\/\/www.tpa-group.ro\/de\/partner-und-mitgliedschaften\/#breadcrumb\"},\"inLanguage\":\"de-DE\",\"potentialAction\":[{\"@type\":\"ReadAction\",\"target\":[\"https:\/\/www.tpa-group.ro\/de\/partner-und-mitgliedschaften\/\"]}]},{\"@type\":\"ImageObject\",\"inLanguage\":\"de-DE\",\"@id\":\"https:\/\/www.tpa-group.ro\/de\/partner-und-mitgliedschaften\/#primaryimage\",\"url\":\"https:\/\/www.tpa-group.ro\/app\/uploads\/sites\/9\/elementor\/thumbs\/new_amcham_logo_-_copy_2_0-1-qrv3qsp9pdq47w7yvrsn1tg5faca3l2pphsfsdtm9i.jpg\",\"contentUrl\":\"https:\/\/www.tpa-group.ro\/app\/uploads\/sites\/9\/elementor\/thumbs\/new_amcham_logo_-_copy_2_0-1-qrv3qsp9pdq47w7yvrsn1tg5faca3l2pphsfsdtm9i.jpg\"},{\"@type\":\"BreadcrumbList\",\"@id\":\"https:\/\/www.tpa-group.ro\/de\/partner-und-mitgliedschaften\/#breadcrumb\",\"itemListElement\":[{\"@type\":\"ListItem\",\"position\":1,\"name\":\"Home\",\"item\":\"https:\/\/www.tpa-group.ro\/de\/\"},{\"@type\":\"ListItem\",\"position\":2,\"name\":\"Partner- und Mitgliedschaften\"}]},{\"@type\":\"WebSite\",\"@id\":\"https:\/\/www.tpa-group.ro\/de\/#website\",\"url\":\"https:\/\/www.tpa-group.ro\/de\/\",\"name\":\"TPA Romania\",\"description\":\"\",\"publisher\":{\"@id\":\"https:\/\/www.tpa-group.ro\/de\/#organization\"},\"potentialAction\":[{\"@type\":\"SearchAction\",\"target\":{\"@type\":\"EntryPoint\",\"urlTemplate\":\"https:\/\/www.tpa-group.ro\/de\/?s={search_term_string}\"},\"query-input\":{\"@type\":\"PropertyValueSpecification\",\"valueRequired\":true,\"valueName\":\"search_term_string\"}}],\"inLanguage\":\"de-DE\"},{\"@type\":\"Organization\",\"@id\":\"https:\/\/www.tpa-group.ro\/de\/#organization\",\"name\":\"TPA Romania\",\"url\":\"https:\/\/www.tpa-group.ro\/de\/\",\"logo\":{\"@type\":\"ImageObject\",\"inLanguage\":\"de-DE\",\"@id\":\"https:\/\/www.tpa-group.ro\/de\/#\/schema\/logo\/image\/\",\"url\":\"https:\/\/www.tpa-group.ro\/app\/uploads\/sites\/9\/2024\/10\/TPA-Logo.jpg\",\"contentUrl\":\"https:\/\/www.tpa-group.ro\/app\/uploads\/sites\/9\/2024\/10\/TPA-Logo.jpg\",\"width\":256,\"height\":172,\"caption\":\"TPA Romania\"},\"image\":{\"@id\":\"https:\/\/www.tpa-group.ro\/de\/#\/schema\/logo\/image\/\"}}]}<\/script>\n<!-- \/ Yoast SEO plugin. -->","yoast_head_json":{"title":"Partner- und Mitgliedschaften | www.tpa-group.ro","robots":{"index":"index","follow":"follow","max-snippet":"max-snippet:-1","max-image-preview":"max-image-preview:large","max-video-preview":"max-video-preview:-1"},"canonical":"https:\/\/www.tpa-group.ro\/de\/partner-und-mitgliedschaften\/","og_locale":"de_DE","og_type":"article","og_title":"Partner- und Mitgliedschaften | www.tpa-group.ro","og_description":"Home |&nbsp; Partner- und Mitgliedschaften Partner- und Mitgliedschaften Amerikanische Handelskammer in Rum\u00e4nien Deutsch-Rum\u00e4nische Industrie- und Handelskammer Die niederl\u00e4ndische Industrie-und Handelskammer, Industrie und Landwirtschaft in Rum\u00e4nien Belgisch-rum\u00e4nischer Wirtschaftsverband Chambre Fran\u00e7aise de Commerce, d\u2019Industrie et d\u2019Agriculture en Roumanie \u00d6sterreichische Business Club in Bukarest Mitglied der rum\u00e4nischen Vereinigung der Wirtschaftstreuh\u00e4nder (CECCAR) Mitglied der Kammer der Steuerberater in Rum\u00e4nien [&hellip;]","og_url":"https:\/\/www.tpa-group.ro\/de\/partner-und-mitgliedschaften\/","og_site_name":"www.tpa-group.ro","article_modified_time":"2024-10-31T14:36:36+00:00","og_image":[{"url":"https:\/\/www.tpa-group.ro\/app\/uploads\/sites\/9\/elementor\/thumbs\/new_amcham_logo_-_copy_2_0-1-qrv3qsp9pdq47w7yvrsn1tg5faca3l2pphsfsdtm9i.jpg","type":"","width":"","height":""}],"twitter_card":"summary_large_image","twitter_misc":{"Est. reading time":"3 Minuten"},"schema":{"@context":"https:\/\/schema.org","@graph":[{"@type":"WebPage","@id":"https:\/\/www.tpa-group.ro\/de\/partner-und-mitgliedschaften\/","url":"https:\/\/www.tpa-group.ro\/de\/partner-und-mitgliedschaften\/","name":"Partner- und Mitgliedschaften | www.tpa-group.ro","isPartOf":{"@id":"https:\/\/www.tpa-group.ro\/de\/#website"},"primaryImageOfPage":{"@id":"https:\/\/www.tpa-group.ro\/de\/partner-und-mitgliedschaften\/#primaryimage"},"image":{"@id":"https:\/\/www.tpa-group.ro\/de\/partner-und-mitgliedschaften\/#primaryimage"},"thumbnailUrl":"https:\/\/www.tpa-group.ro\/app\/uploads\/sites\/9\/elementor\/thumbs\/new_amcham_logo_-_copy_2_0-1-qrv3qsp9pdq47w7yvrsn1tg5faca3l2pphsfsdtm9i.jpg","datePublished":"2024-07-25T10:09:07+00:00","dateModified":"2024-10-31T14:36:36+00:00","breadcrumb":{"@id":"https:\/\/www.tpa-group.ro\/de\/partner-und-mitgliedschaften\/#breadcrumb"},"inLanguage":"de-DE","potentialAction":[{"@type":"ReadAction","target":["https:\/\/www.tpa-group.ro\/de\/partner-und-mitgliedschaften\/"]}]},{"@type":"ImageObject","inLanguage":"de-DE","@id":"https:\/\/www.tpa-group.ro\/de\/partner-und-mitgliedschaften\/#primaryimage","url":"https:\/\/www.tpa-group.ro\/app\/uploads\/sites\/9\/elementor\/thumbs\/new_amcham_logo_-_copy_2_0-1-qrv3qsp9pdq47w7yvrsn1tg5faca3l2pphsfsdtm9i.jpg","contentUrl":"https:\/\/www.tpa-group.ro\/app\/uploads\/sites\/9\/elementor\/thumbs\/new_amcham_logo_-_copy_2_0-1-qrv3qsp9pdq47w7yvrsn1tg5faca3l2pphsfsdtm9i.jpg"},{"@type":"BreadcrumbList","@id":"https:\/\/www.tpa-group.ro\/de\/partner-und-mitgliedschaften\/#breadcrumb","itemListElement":[{"@type":"ListItem","position":1,"name":"Home","item":"https:\/\/www.tpa-group.ro\/de\/"},{"@type":"ListItem","position":2,"name":"Partner- und Mitgliedschaften"}]},{"@type":"WebSite","@id":"https:\/\/www.tpa-group.ro\/de\/#website","url":"https:\/\/www.tpa-group.ro\/de\/","name":"TPA Romania","description":"","publisher":{"@id":"https:\/\/www.tpa-group.ro\/de\/#organization"},"potentialAction":[{"@type":"SearchAction","target":{"@type":"EntryPoint","urlTemplate":"https:\/\/www.tpa-group.ro\/de\/?s={search_term_string}"},"query-input":{"@type":"PropertyValueSpecification","valueRequired":true,"valueName":"search_term_string"}}],"inLanguage":"de-DE"},{"@type":"Organization","@id":"https:\/\/www.tpa-group.ro\/de\/#organization","name":"TPA Romania","url":"https:\/\/www.tpa-group.ro\/de\/","logo":{"@type":"ImageObject","inLanguage":"de-DE","@id":"https:\/\/www.tpa-group.ro\/de\/#\/schema\/logo\/image\/","url":"https:\/\/www.tpa-group.ro\/app\/uploads\/sites\/9\/2024\/10\/TPA-Logo.jpg","contentUrl":"https:\/\/www.tpa-group.ro\/app\/uploads\/sites\/9\/2024\/10\/TPA-Logo.jpg","width":256,"height":172,"caption":"TPA Romania"},"image":{"@id":"https:\/\/www.tpa-group.ro\/de\/#\/schema\/logo\/image\/"}}]}},"_links":{"self":[{"href":"https:\/\/www.tpa-group.ro\/de\/wp-json\/wp\/v2\/pages\/2718","targetHints":{"allow":["GET"]}}],"collection":[{"href":"https:\/\/www.tpa-group.ro\/de\/wp-json\/wp\/v2\/pages"}],"about":[{"href":"https:\/\/www.tpa-group.ro\/de\/wp-json\/wp\/v2\/types\/page"}],"author":[{"embeddable":true,"href":"https:\/\/www.tpa-group.ro\/de\/wp-json\/wp\/v2\/users\/44"}],"replies":[{"embeddable":true,"href":"https:\/\/www.tpa-group.ro\/de\/wp-json\/wp\/v2\/comments?post=2718"}],"version-history":[{"count":32,"href":"https:\/\/www.tpa-group.ro\/de\/wp-json\/wp\/v2\/pages\/2718\/revisions"}],"predecessor-version":[{"id":14168,"href":"https:\/\/www.tpa-group.ro\/de\/wp-json\/wp\/v2\/pages\/2718\/revisions\/14168"}],"wp:attachment":[{"href":"https:\/\/www.tpa-group.ro\/de\/wp-json\/wp\/v2\/media?parent=2718"}],"curies":[{"name":"wp","href":"https:\/\/api.w.org\/{rel}","templated":true}]}}