{"id":4024,"date":"2024-05-16T08:12:49","date_gmt":"2024-05-16T08:12:49","guid":{"rendered":"https:\/\/www.tpa-group.ro\/karriere\/"},"modified":"2024-10-25T08:14:24","modified_gmt":"2024-10-25T08:14:24","slug":"rkarriere","status":"publish","type":"page","link":"https:\/\/www.tpa-group.ro\/de\/rkarriere\/","title":{"rendered":"Karriere"},"content":{"rendered":"\t\t<div data-elementor-type=\"wp-page\" data-elementor-id=\"4024\" class=\"elementor elementor-4024 elementor-1399\" data-elementor-post-type=\"page\">\n\t\t\t\t\t\t<section class=\"elementor-section elementor-top-section elementor-element elementor-element-17edecb9 hero-banner elementor-section-boxed elementor-section-height-default elementor-section-height-default\" data-id=\"17edecb9\" data-element_type=\"section\" data-settings=\"{&quot;background_background&quot;:&quot;classic&quot;}\">\n\t\t\t\t\t\t\t<div class=\"elementor-background-overlay\"><\/div>\n\t\t\t\t\t\t\t<div class=\"elementor-container elementor-column-gap-default\">\n\t\t\t\t\t<div class=\"elementor-column elementor-col-50 elementor-top-column elementor-element elementor-element-3315820c\" data-id=\"3315820c\" data-element_type=\"column\">\n\t\t\t<div class=\"elementor-widget-wrap elementor-element-populated\">\n\t\t\t\t\t\t<section class=\"elementor-section elementor-inner-section elementor-element elementor-element-69e94adf hero-banner-breadcrumbs-container elementor-section-boxed elementor-section-height-default elementor-section-height-default\" data-id=\"69e94adf\" data-element_type=\"section\">\n\t\t\t\t\t\t<div class=\"elementor-container elementor-column-gap-default\">\n\t\t\t\t\t<div class=\"elementor-column elementor-col-100 elementor-inner-column elementor-element elementor-element-8b811b3\" data-id=\"8b811b3\" data-element_type=\"column\">\n\t\t\t<div class=\"elementor-widget-wrap elementor-element-populated\">\n\t\t\t\t\t\t<div class=\"elementor-element elementor-element-1ffa4cdc elementor-widget elementor-widget-heading\" data-id=\"1ffa4cdc\" data-element_type=\"widget\" data-widget_type=\"heading.default\">\n\t\t\t\t<div class=\"elementor-widget-container\">\n\t\t\t\t\t<p class=\"elementor-heading-title elementor-size-default\"><a href=\"https:\/\/www.tpa-group.ro\/de\/\">Home |&nbsp;<\/a><\/p>\t\t\t\t<\/div>\n\t\t\t\t<\/div>\n\t\t\t\t<div class=\"elementor-element elementor-element-4143b579 elementor-widget elementor-widget-heading\" data-id=\"4143b579\" data-element_type=\"widget\" data-widget_type=\"heading.default\">\n\t\t\t\t<div class=\"elementor-widget-container\">\n\t\t\t\t\t<p class=\"elementor-heading-title elementor-size-default\">Karriere<\/p>\t\t\t\t<\/div>\n\t\t\t\t<\/div>\n\t\t\t\t\t<\/div>\n\t\t<\/div>\n\t\t\t\t\t<\/div>\n\t\t<\/section>\n\t\t\t\t<div class=\"elementor-element elementor-element-77d98372 elementor-widget elementor-widget-heading\" data-id=\"77d98372\" data-element_type=\"widget\" data-widget_type=\"heading.default\">\n\t\t\t\t<div class=\"elementor-widget-container\">\n\t\t\t\t\t<h1 class=\"elementor-heading-title elementor-size-default\">\u00dcberschreiten Sie Grenzen. Mit TPA an Ihrer Seite <\/h1>\t\t\t\t<\/div>\n\t\t\t\t<\/div>\n\t\t\t\t\t<\/div>\n\t\t<\/div>\n\t\t\t\t<div class=\"elementor-column elementor-col-50 elementor-top-column elementor-element elementor-element-18cad364\" data-id=\"18cad364\" data-element_type=\"column\">\n\t\t\t<div class=\"elementor-widget-wrap\">\n\t\t\t\t\t\t\t<\/div>\n\t\t<\/div>\n\t\t\t\t\t<\/div>\n\t\t<\/section>\n\t\t<div class=\"elementor-element elementor-element-99c532f page-content-container e-flex e-con-boxed e-con e-parent\" data-id=\"99c532f\" data-element_type=\"container\">\n\t\t\t\t\t<div class=\"e-con-inner\">\n\t\t\t\t<div class=\"elementor-element elementor-element-45aeba5 elementor-widget elementor-widget-heading\" data-id=\"45aeba5\" data-element_type=\"widget\" data-widget_type=\"heading.default\">\n\t\t\t\t<div class=\"elementor-widget-container\">\n\t\t\t\t\t<h2 class=\"elementor-heading-title elementor-size-default\">TPA \u2013 ein toller Arbeitsplatz<\/h2>\t\t\t\t<\/div>\n\t\t\t\t<\/div>\n\t\t\t\t<div class=\"elementor-element elementor-element-c79ff2c elementor-widget elementor-widget-text-editor\" data-id=\"c79ff2c\" data-element_type=\"widget\" data-widget_type=\"text-editor.default\">\n\t\t\t\t<div class=\"elementor-widget-container\">\n\t\t\t\t\t\t\t\t\tLaufende berufliche Weiterbildung ist bei uns nicht blo\u00df ein Schlagwort; wir sind stets bestrebt, uns selbst zum Nutzen unserer Kunden weiterzuentwickeln. Wir beweisen unser Engagement jeden Tag: Unsere Kunden zu verstehen und ihren Bed\u00fcrfnisse gerecht zu werden, das sind unsere h\u00f6chsten Priorit\u00e4ten.\t\t\t\t\t\t\t\t<\/div>\n\t\t\t\t<\/div>\n\t\t\t\t<div class=\"elementor-element elementor-element-f07d881 elementor-widget elementor-widget-text-editor\" data-id=\"f07d881\" data-element_type=\"widget\" data-widget_type=\"text-editor.default\">\n\t\t\t\t<div class=\"elementor-widget-container\">\n\t\t\t\t\t\t\t\t\tWir wissen, dass unsere hochqualifizierten und motivierten Mitarbeiter die Grundlage unseres Erfolgs sind. Wir arbeiten als Team zusammen und unterst\u00fctzen einander dabei, Verantwortung zu \u00fcbernehmen und Dienstleistungen auf Weltklasseniveau zu erbringen.\t\t\t\t\t\t\t\t<\/div>\n\t\t\t\t<\/div>\n\t\t\t\t<div class=\"elementor-element elementor-element-89b961b elementor-widget elementor-widget-image\" data-id=\"89b961b\" data-element_type=\"widget\" data-widget_type=\"image.default\">\n\t\t\t\t<div class=\"elementor-widget-container\">\n\t\t\t\t\t\t\t\t\t\t\t\t\t\t\t<img fetchpriority=\"high\" decoding=\"async\" width=\"1024\" height=\"362\" src=\"https:\/\/www.tpa-group.ro\/app\/uploads\/sites\/9\/2024\/07\/TPA21_Acrdn_set6-01r03_HI-RES-1-1024x362-1.webp\" class=\"attachment-full size-full wp-image-3059\" alt=\"\" srcset=\"https:\/\/www.tpa-group.ro\/app\/uploads\/sites\/9\/2024\/07\/TPA21_Acrdn_set6-01r03_HI-RES-1-1024x362-1.webp 1024w, https:\/\/www.tpa-group.ro\/app\/uploads\/sites\/9\/2024\/07\/TPA21_Acrdn_set6-01r03_HI-RES-1-1024x362-1-300x106.webp 300w, https:\/\/www.tpa-group.ro\/app\/uploads\/sites\/9\/2024\/07\/TPA21_Acrdn_set6-01r03_HI-RES-1-1024x362-1-768x272.webp 768w\" sizes=\"(max-width: 1024px) 100vw, 1024px\" \/>\t\t\t\t\t\t\t\t\t\t\t\t\t\t\t<\/div>\n\t\t\t\t<\/div>\n\t\t\t\t<div class=\"elementor-element elementor-element-3e5e767 elementor-widget elementor-widget-spacer\" data-id=\"3e5e767\" data-element_type=\"widget\" data-widget_type=\"spacer.default\">\n\t\t\t\t<div class=\"elementor-widget-container\">\n\t\t\t\t\t\t\t<div class=\"elementor-spacer\">\n\t\t\t<div class=\"elementor-spacer-inner\"><\/div>\n\t\t<\/div>\n\t\t\t\t\t\t<\/div>\n\t\t\t\t<\/div>\n\t\t\t\t<div class=\"elementor-element elementor-element-538c1aa elementor-widget elementor-widget-text-editor\" data-id=\"538c1aa\" data-element_type=\"widget\" data-widget_type=\"text-editor.default\">\n\t\t\t\t<div class=\"elementor-widget-container\">\n\t\t\t\t\t\t\t\t\t<ul><li><span style=\"text-decoration: underline;\"><strong><a href=\"https:\/\/www.tpa-group.ro\/de\/chancen-fuer-studenten\">Chancen f\u00fcr Studenten<\/a><\/strong><\/span><\/li><li><span style=\"text-decoration: underline;\"><strong><a href=\"https:\/\/www.tpa-group.ro\/de\/karriere-fuer-berufserfahrene\">Karriereprofis<\/a><\/strong><\/span><\/li><li><span style=\"text-decoration: underline;\"><strong><a href=\"https:\/\/www.tpa-group.ro\/de\/was-sie-wissen-sollten\">Was Sie wissen sollten<\/a><\/strong><\/span><\/li><li><span style=\"text-decoration: underline;\"><strong><a href=\"https:\/\/www.tpa-group.ro\/de\/bleiben-wir-in-kontakt\">Bleiben wir in Kontakt<\/a><\/strong><\/span><\/li><\/ul>\t\t\t\t\t\t\t\t<\/div>\n\t\t\t\t<\/div>\n\t\t\t\t<div class=\"elementor-element elementor-element-afdea46 elementor-widget elementor-widget-spacer\" data-id=\"afdea46\" data-element_type=\"widget\" data-widget_type=\"spacer.default\">\n\t\t\t\t<div class=\"elementor-widget-container\">\n\t\t\t\t\t\t\t<div class=\"elementor-spacer\">\n\t\t\t<div class=\"elementor-spacer-inner\"><\/div>\n\t\t<\/div>\n\t\t\t\t\t\t<\/div>\n\t\t\t\t<\/div>\n\t\t\t\t<div class=\"elementor-element elementor-element-a170234 elementor-widget elementor-widget-heading\" data-id=\"a170234\" data-element_type=\"widget\" data-widget_type=\"heading.default\">\n\t\t\t\t<div class=\"elementor-widget-container\">\n\t\t\t\t\t<h2 class=\"elementor-heading-title elementor-size-default\">Kontaktieren Sie<\/h2>\t\t\t\t<\/div>\n\t\t\t\t<\/div>\n\t\t\t\t<div class=\"elementor-element elementor-element-36548fd elementor-widget elementor-widget-text-editor\" data-id=\"36548fd\" data-element_type=\"widget\" data-widget_type=\"text-editor.default\">\n\t\t\t\t<div class=\"elementor-widget-container\">\n\t\t\t\t\t\t\t\t\t<p><strong>HR Department<\/strong><\/p><p>Bucharest, Romania<\/p><div><div><span style=\"text-decoration: underline;\"><strong><a href=\"mailto:hr@tpa-group.ro\">hr@tpa-group.ro<\/a><\/strong><\/span><\/div><div><span style=\"text-decoration: underline;\"><strong><a href=\"tel:+40 21 3100669\">+40 21 3100669<\/a><\/strong><\/span><\/div><\/div>\t\t\t\t\t\t\t\t<\/div>\n\t\t\t\t<\/div>\n\t\t\t\t\t<\/div>\n\t\t\t\t<\/div>\n\t\t\t\t<\/div>\n\t\t","protected":false},"excerpt":{"rendered":"<p>Home |&nbsp; Karriere \u00dcberschreiten Sie Grenzen. Mit TPA an Ihrer Seite TPA \u2013 ein toller Arbeitsplatz Laufende berufliche Weiterbildung ist bei uns nicht blo\u00df ein Schlagwort; wir sind stets bestrebt, uns selbst zum Nutzen unserer Kunden weiterzuentwickeln. Wir beweisen unser Engagement jeden Tag: Unsere Kunden zu verstehen und ihren Bed\u00fcrfnisse gerecht zu werden, das sind [&hellip;]<\/p>\n","protected":false},"author":1,"featured_media":0,"parent":0,"menu_order":0,"comment_status":"closed","ping_status":"closed","template":"","meta":{"_acf_changed":false,"footnotes":""},"class_list":["post-4024","page","type-page","status-publish","hentry"],"acf":[],"yoast_head":"<!-- This site is optimized with the Yoast SEO plugin v26.0 - https:\/\/yoast.com\/wordpress\/plugins\/seo\/ -->\n<title>Karriere | www.tpa-group.ro<\/title>\n<meta name=\"description\" content=\"kOur success and continuous growth combined with the focus we place on the welfare of our firm all combine to create the perfect basis for optimal professional development.We take continuous professional development seriously and always seek to advance ourselves for the benefit of our clients. We demonstrate our commitment every day: understanding our clients and satisfying their needs are our highest priorities.We know that the foundation of our success lies in our highly qualified and motivated staff. We work as a team, helping each other to take responsibility and deliver a world class service.\" \/>\n<meta name=\"robots\" content=\"index, follow, max-snippet:-1, max-image-preview:large, max-video-preview:-1\" \/>\n<link rel=\"canonical\" href=\"https:\/\/www.tpa-group.ro\/de\/rkarriere\/\" \/>\n<meta property=\"og:locale\" content=\"de_DE\" \/>\n<meta property=\"og:type\" content=\"article\" \/>\n<meta property=\"og:title\" content=\"Karriere | www.tpa-group.ro\" \/>\n<meta property=\"og:description\" content=\"kOur success and continuous growth combined with the focus we place on the welfare of our firm all combine to create the perfect basis for optimal professional development.We take continuous professional development seriously and always seek to advance ourselves for the benefit of our clients. We demonstrate our commitment every day: understanding our clients and satisfying their needs are our highest priorities.We know that the foundation of our success lies in our highly qualified and motivated staff. We work as a team, helping each other to take responsibility and deliver a world class service.\" \/>\n<meta property=\"og:url\" content=\"https:\/\/www.tpa-group.ro\/de\/rkarriere\/\" \/>\n<meta property=\"og:site_name\" content=\"www.tpa-group.ro\" \/>\n<meta property=\"article:modified_time\" content=\"2024-10-25T08:14:24+00:00\" \/>\n<meta property=\"og:image\" content=\"https:\/\/www.tpa-group.ro\/app\/uploads\/sites\/9\/2024\/07\/TPA21_Acrdn_set6-01r03_HI-RES-1-1024x362-1.webp\" \/>\n<meta name=\"twitter:card\" content=\"summary_large_image\" \/>\n<meta name=\"twitter:label1\" content=\"Est. reading time\" \/>\n\t<meta name=\"twitter:data1\" content=\"1 Minute\" \/>\n<script type=\"application\/ld+json\" class=\"yoast-schema-graph\">{\"@context\":\"https:\/\/schema.org\",\"@graph\":[{\"@type\":\"WebPage\",\"@id\":\"https:\/\/www.tpa-group.ro\/de\/rkarriere\/\",\"url\":\"https:\/\/www.tpa-group.ro\/de\/rkarriere\/\",\"name\":\"Karriere | www.tpa-group.ro\",\"isPartOf\":{\"@id\":\"https:\/\/www.tpa-group.ro\/de\/#website\"},\"primaryImageOfPage\":{\"@id\":\"https:\/\/www.tpa-group.ro\/de\/rkarriere\/#primaryimage\"},\"image\":{\"@id\":\"https:\/\/www.tpa-group.ro\/de\/rkarriere\/#primaryimage\"},\"thumbnailUrl\":\"https:\/\/www.tpa-group.ro\/app\/uploads\/sites\/9\/2024\/07\/TPA21_Acrdn_set6-01r03_HI-RES-1-1024x362-1.webp\",\"datePublished\":\"2024-05-16T08:12:49+00:00\",\"dateModified\":\"2024-10-25T08:14:24+00:00\",\"description\":\"kOur success and continuous growth combined with the focus we place on the welfare of our firm all combine to create the perfect basis for optimal professional development.We take continuous professional development seriously and always seek to advance ourselves for the benefit of our clients. We demonstrate our commitment every day: understanding our clients and satisfying their needs are our highest priorities.We know that the foundation of our success lies in our highly qualified and motivated staff. We work as a team, helping each other to take responsibility and deliver a world class service.\",\"breadcrumb\":{\"@id\":\"https:\/\/www.tpa-group.ro\/de\/rkarriere\/#breadcrumb\"},\"inLanguage\":\"de-DE\",\"potentialAction\":[{\"@type\":\"ReadAction\",\"target\":[\"https:\/\/www.tpa-group.ro\/de\/rkarriere\/\"]}]},{\"@type\":\"ImageObject\",\"inLanguage\":\"de-DE\",\"@id\":\"https:\/\/www.tpa-group.ro\/de\/rkarriere\/#primaryimage\",\"url\":\"https:\/\/www.tpa-group.ro\/app\/uploads\/sites\/9\/2024\/07\/TPA21_Acrdn_set6-01r03_HI-RES-1-1024x362-1.webp\",\"contentUrl\":\"https:\/\/www.tpa-group.ro\/app\/uploads\/sites\/9\/2024\/07\/TPA21_Acrdn_set6-01r03_HI-RES-1-1024x362-1.webp\"},{\"@type\":\"BreadcrumbList\",\"@id\":\"https:\/\/www.tpa-group.ro\/de\/rkarriere\/#breadcrumb\",\"itemListElement\":[{\"@type\":\"ListItem\",\"position\":1,\"name\":\"Home\",\"item\":\"https:\/\/www.tpa-group.ro\/de\/\"},{\"@type\":\"ListItem\",\"position\":2,\"name\":\"Karriere\"}]},{\"@type\":\"WebSite\",\"@id\":\"https:\/\/www.tpa-group.ro\/de\/#website\",\"url\":\"https:\/\/www.tpa-group.ro\/de\/\",\"name\":\"TPA Romania\",\"description\":\"\",\"publisher\":{\"@id\":\"https:\/\/www.tpa-group.ro\/de\/#organization\"},\"potentialAction\":[{\"@type\":\"SearchAction\",\"target\":{\"@type\":\"EntryPoint\",\"urlTemplate\":\"https:\/\/www.tpa-group.ro\/de\/?s={search_term_string}\"},\"query-input\":{\"@type\":\"PropertyValueSpecification\",\"valueRequired\":true,\"valueName\":\"search_term_string\"}}],\"inLanguage\":\"de-DE\"},{\"@type\":\"Organization\",\"@id\":\"https:\/\/www.tpa-group.ro\/de\/#organization\",\"name\":\"TPA Romania\",\"url\":\"https:\/\/www.tpa-group.ro\/de\/\",\"logo\":{\"@type\":\"ImageObject\",\"inLanguage\":\"de-DE\",\"@id\":\"https:\/\/www.tpa-group.ro\/de\/#\/schema\/logo\/image\/\",\"url\":\"https:\/\/www.tpa-group.ro\/app\/uploads\/sites\/9\/2024\/10\/TPA-Logo.jpg\",\"contentUrl\":\"https:\/\/www.tpa-group.ro\/app\/uploads\/sites\/9\/2024\/10\/TPA-Logo.jpg\",\"width\":256,\"height\":172,\"caption\":\"TPA Romania\"},\"image\":{\"@id\":\"https:\/\/www.tpa-group.ro\/de\/#\/schema\/logo\/image\/\"}}]}<\/script>\n<!-- \/ Yoast SEO plugin. -->","yoast_head_json":{"title":"Karriere | www.tpa-group.ro","description":"kOur success and continuous growth combined with the focus we place on the welfare of our firm all combine to create the perfect basis for optimal professional development.We take continuous professional development seriously and always seek to advance ourselves for the benefit of our clients. We demonstrate our commitment every day: understanding our clients and satisfying their needs are our highest priorities.We know that the foundation of our success lies in our highly qualified and motivated staff. We work as a team, helping each other to take responsibility and deliver a world class service.","robots":{"index":"index","follow":"follow","max-snippet":"max-snippet:-1","max-image-preview":"max-image-preview:large","max-video-preview":"max-video-preview:-1"},"canonical":"https:\/\/www.tpa-group.ro\/de\/rkarriere\/","og_locale":"de_DE","og_type":"article","og_title":"Karriere | www.tpa-group.ro","og_description":"kOur success and continuous growth combined with the focus we place on the welfare of our firm all combine to create the perfect basis for optimal professional development.We take continuous professional development seriously and always seek to advance ourselves for the benefit of our clients. We demonstrate our commitment every day: understanding our clients and satisfying their needs are our highest priorities.We know that the foundation of our success lies in our highly qualified and motivated staff. We work as a team, helping each other to take responsibility and deliver a world class service.","og_url":"https:\/\/www.tpa-group.ro\/de\/rkarriere\/","og_site_name":"www.tpa-group.ro","article_modified_time":"2024-10-25T08:14:24+00:00","og_image":[{"url":"https:\/\/www.tpa-group.ro\/app\/uploads\/sites\/9\/2024\/07\/TPA21_Acrdn_set6-01r03_HI-RES-1-1024x362-1.webp","type":"","width":"","height":""}],"twitter_card":"summary_large_image","twitter_misc":{"Est. reading time":"1 Minute"},"schema":{"@context":"https:\/\/schema.org","@graph":[{"@type":"WebPage","@id":"https:\/\/www.tpa-group.ro\/de\/rkarriere\/","url":"https:\/\/www.tpa-group.ro\/de\/rkarriere\/","name":"Karriere | www.tpa-group.ro","isPartOf":{"@id":"https:\/\/www.tpa-group.ro\/de\/#website"},"primaryImageOfPage":{"@id":"https:\/\/www.tpa-group.ro\/de\/rkarriere\/#primaryimage"},"image":{"@id":"https:\/\/www.tpa-group.ro\/de\/rkarriere\/#primaryimage"},"thumbnailUrl":"https:\/\/www.tpa-group.ro\/app\/uploads\/sites\/9\/2024\/07\/TPA21_Acrdn_set6-01r03_HI-RES-1-1024x362-1.webp","datePublished":"2024-05-16T08:12:49+00:00","dateModified":"2024-10-25T08:14:24+00:00","description":"kOur success and continuous growth combined with the focus we place on the welfare of our firm all combine to create the perfect basis for optimal professional development.We take continuous professional development seriously and always seek to advance ourselves for the benefit of our clients. We demonstrate our commitment every day: understanding our clients and satisfying their needs are our highest priorities.We know that the foundation of our success lies in our highly qualified and motivated staff. We work as a team, helping each other to take responsibility and deliver a world class service.","breadcrumb":{"@id":"https:\/\/www.tpa-group.ro\/de\/rkarriere\/#breadcrumb"},"inLanguage":"de-DE","potentialAction":[{"@type":"ReadAction","target":["https:\/\/www.tpa-group.ro\/de\/rkarriere\/"]}]},{"@type":"ImageObject","inLanguage":"de-DE","@id":"https:\/\/www.tpa-group.ro\/de\/rkarriere\/#primaryimage","url":"https:\/\/www.tpa-group.ro\/app\/uploads\/sites\/9\/2024\/07\/TPA21_Acrdn_set6-01r03_HI-RES-1-1024x362-1.webp","contentUrl":"https:\/\/www.tpa-group.ro\/app\/uploads\/sites\/9\/2024\/07\/TPA21_Acrdn_set6-01r03_HI-RES-1-1024x362-1.webp"},{"@type":"BreadcrumbList","@id":"https:\/\/www.tpa-group.ro\/de\/rkarriere\/#breadcrumb","itemListElement":[{"@type":"ListItem","position":1,"name":"Home","item":"https:\/\/www.tpa-group.ro\/de\/"},{"@type":"ListItem","position":2,"name":"Karriere"}]},{"@type":"WebSite","@id":"https:\/\/www.tpa-group.ro\/de\/#website","url":"https:\/\/www.tpa-group.ro\/de\/","name":"TPA Romania","description":"","publisher":{"@id":"https:\/\/www.tpa-group.ro\/de\/#organization"},"potentialAction":[{"@type":"SearchAction","target":{"@type":"EntryPoint","urlTemplate":"https:\/\/www.tpa-group.ro\/de\/?s={search_term_string}"},"query-input":{"@type":"PropertyValueSpecification","valueRequired":true,"valueName":"search_term_string"}}],"inLanguage":"de-DE"},{"@type":"Organization","@id":"https:\/\/www.tpa-group.ro\/de\/#organization","name":"TPA Romania","url":"https:\/\/www.tpa-group.ro\/de\/","logo":{"@type":"ImageObject","inLanguage":"de-DE","@id":"https:\/\/www.tpa-group.ro\/de\/#\/schema\/logo\/image\/","url":"https:\/\/www.tpa-group.ro\/app\/uploads\/sites\/9\/2024\/10\/TPA-Logo.jpg","contentUrl":"https:\/\/www.tpa-group.ro\/app\/uploads\/sites\/9\/2024\/10\/TPA-Logo.jpg","width":256,"height":172,"caption":"TPA Romania"},"image":{"@id":"https:\/\/www.tpa-group.ro\/de\/#\/schema\/logo\/image\/"}}]}},"_links":{"self":[{"href":"https:\/\/www.tpa-group.ro\/de\/wp-json\/wp\/v2\/pages\/4024","targetHints":{"allow":["GET"]}}],"collection":[{"href":"https:\/\/www.tpa-group.ro\/de\/wp-json\/wp\/v2\/pages"}],"about":[{"href":"https:\/\/www.tpa-group.ro\/de\/wp-json\/wp\/v2\/types\/page"}],"author":[{"embeddable":true,"href":"https:\/\/www.tpa-group.ro\/de\/wp-json\/wp\/v2\/users\/1"}],"replies":[{"embeddable":true,"href":"https:\/\/www.tpa-group.ro\/de\/wp-json\/wp\/v2\/comments?post=4024"}],"version-history":[{"count":35,"href":"https:\/\/www.tpa-group.ro\/de\/wp-json\/wp\/v2\/pages\/4024\/revisions"}],"predecessor-version":[{"id":12767,"href":"https:\/\/www.tpa-group.ro\/de\/wp-json\/wp\/v2\/pages\/4024\/revisions\/12767"}],"wp:attachment":[{"href":"https:\/\/www.tpa-group.ro\/de\/wp-json\/wp\/v2\/media?parent=4024"}],"curies":[{"name":"wp","href":"https:\/\/api.w.org\/{rel}","templated":true}]}}