{"id":4033,"date":"2024-07-25T14:08:51","date_gmt":"2024-07-25T14:08:51","guid":{"rendered":"https:\/\/www.tpa-group.ro\/chancen-fuer-studenten\/"},"modified":"2024-10-25T08:19:27","modified_gmt":"2024-10-25T08:19:27","slug":"chancen-fuer-studenten","status":"publish","type":"page","link":"https:\/\/www.tpa-group.ro\/de\/chancen-fuer-studenten\/","title":{"rendered":"Chancen f\u00fcr Studenten"},"content":{"rendered":"\t\t<div data-elementor-type=\"wp-page\" data-elementor-id=\"4033\" class=\"elementor elementor-4033 elementor-3082\" data-elementor-post-type=\"page\">\n\t\t\t\t\t\t<section class=\"elementor-section elementor-top-section elementor-element elementor-element-17edecb9 hero-banner elementor-section-boxed elementor-section-height-default elementor-section-height-default\" data-id=\"17edecb9\" data-element_type=\"section\" data-settings=\"{&quot;background_background&quot;:&quot;classic&quot;}\">\n\t\t\t\t\t\t\t<div class=\"elementor-background-overlay\"><\/div>\n\t\t\t\t\t\t\t<div class=\"elementor-container elementor-column-gap-default\">\n\t\t\t\t\t<div class=\"elementor-column elementor-col-50 elementor-top-column elementor-element elementor-element-3315820c\" data-id=\"3315820c\" data-element_type=\"column\">\n\t\t\t<div class=\"elementor-widget-wrap elementor-element-populated\">\n\t\t\t\t\t\t<section class=\"elementor-section elementor-inner-section elementor-element elementor-element-69e94adf hero-banner-breadcrumbs-container elementor-section-boxed elementor-section-height-default elementor-section-height-default\" data-id=\"69e94adf\" data-element_type=\"section\">\n\t\t\t\t\t\t<div class=\"elementor-container elementor-column-gap-default\">\n\t\t\t\t\t<div class=\"elementor-column elementor-col-100 elementor-inner-column elementor-element elementor-element-8b811b3\" data-id=\"8b811b3\" data-element_type=\"column\">\n\t\t\t<div class=\"elementor-widget-wrap elementor-element-populated\">\n\t\t\t\t\t\t<div class=\"elementor-element elementor-element-1ffa4cdc elementor-widget elementor-widget-heading\" data-id=\"1ffa4cdc\" data-element_type=\"widget\" data-widget_type=\"heading.default\">\n\t\t\t\t<div class=\"elementor-widget-container\">\n\t\t\t\t\t<p class=\"elementor-heading-title elementor-size-default\"><a href=\"https:\/\/www.tpa-group.ro\/de\/\">Home |&nbsp;<\/a><\/p>\t\t\t\t<\/div>\n\t\t\t\t<\/div>\n\t\t\t\t<div class=\"elementor-element elementor-element-4143b579 elementor-widget elementor-widget-heading\" data-id=\"4143b579\" data-element_type=\"widget\" data-widget_type=\"heading.default\">\n\t\t\t\t<div class=\"elementor-widget-container\">\n\t\t\t\t\t<p class=\"elementor-heading-title elementor-size-default\">Karriere<\/p>\t\t\t\t<\/div>\n\t\t\t\t<\/div>\n\t\t\t\t\t<\/div>\n\t\t<\/div>\n\t\t\t\t\t<\/div>\n\t\t<\/section>\n\t\t\t\t<div class=\"elementor-element elementor-element-77d98372 elementor-widget elementor-widget-heading\" data-id=\"77d98372\" data-element_type=\"widget\" data-widget_type=\"heading.default\">\n\t\t\t\t<div class=\"elementor-widget-container\">\n\t\t\t\t\t<h1 class=\"elementor-heading-title elementor-size-default\">Chancen f\u00fcr Studenten<\/h1>\t\t\t\t<\/div>\n\t\t\t\t<\/div>\n\t\t\t\t\t<\/div>\n\t\t<\/div>\n\t\t\t\t<div class=\"elementor-column elementor-col-50 elementor-top-column elementor-element elementor-element-18cad364\" data-id=\"18cad364\" data-element_type=\"column\">\n\t\t\t<div class=\"elementor-widget-wrap\">\n\t\t\t\t\t\t\t<\/div>\n\t\t<\/div>\n\t\t\t\t\t<\/div>\n\t\t<\/section>\n\t\t<div class=\"elementor-element elementor-element-4a72323 page-content-container e-flex e-con-boxed e-con e-parent\" data-id=\"4a72323\" data-element_type=\"container\">\n\t\t\t\t\t<div class=\"e-con-inner\">\n\t\t\t\t<div class=\"elementor-element elementor-element-077ec6c elementor-widget elementor-widget-heading\" data-id=\"077ec6c\" data-element_type=\"widget\" data-widget_type=\"heading.default\">\n\t\t\t\t<div class=\"elementor-widget-container\">\n\t\t\t\t\t<h2 class=\"elementor-heading-title elementor-size-default\">Learning at TPA<\/h2>\t\t\t\t<\/div>\n\t\t\t\t<\/div>\n\t\t\t\t<div class=\"elementor-element elementor-element-c79ff2c elementor-widget elementor-widget-text-editor\" data-id=\"c79ff2c\" data-element_type=\"widget\" data-widget_type=\"text-editor.default\">\n\t\t\t\t<div class=\"elementor-widget-container\">\n\t\t\t\t\t\t\t\t\tEs freut uns, dass wir begeisterten, strebsamen Studenten die M\u00f6glichkeit bieten k\u00f6nnen, an unseren Praktikumsprogrammen teilzunehmen.\t\t\t\t\t\t\t\t<\/div>\n\t\t\t\t<\/div>\n\t\t\t\t<div class=\"elementor-element elementor-element-f07d881 elementor-widget elementor-widget-text-editor\" data-id=\"f07d881\" data-element_type=\"widget\" data-widget_type=\"text-editor.default\">\n\t\t\t\t<div class=\"elementor-widget-container\">\n\t\t\t\t\t\t\t\t\tTPA bietet ein Lernumfeld, in dem Studenten die praktischen Kenntnisse erwerben k\u00f6nnen, die sie ben\u00f6tigen, um ihre Studien abzuschlie\u00dfen. Die Studenten arbeiten mit hochtalentierten und engagierten Kollegen zusammen, die ihnen helfen wollen, die praktische Seite von Dienstleistungen im Rechnungslegungs-, Pr\u00fcfungs-, Steuer- und Rechtsbereich kennenzulernen.\t\t\t\t\t\t\t\t<\/div>\n\t\t\t\t<\/div>\n\t\t\t\t<div class=\"elementor-element elementor-element-89b961b elementor-widget elementor-widget-image\" data-id=\"89b961b\" data-element_type=\"widget\" data-widget_type=\"image.default\">\n\t\t\t\t<div class=\"elementor-widget-container\">\n\t\t\t\t\t\t\t\t\t\t\t\t\t\t\t<img fetchpriority=\"high\" decoding=\"async\" width=\"2500\" height=\"1667\" src=\"https:\/\/www.tpa-group.ro\/app\/uploads\/sites\/9\/2024\/07\/TPA17_HRBrochure_COVERS-PHOTO-FULL.jpg\" class=\"attachment-full size-full wp-image-3127\" alt=\"\" srcset=\"https:\/\/www.tpa-group.ro\/app\/uploads\/sites\/9\/2024\/07\/TPA17_HRBrochure_COVERS-PHOTO-FULL.jpg 2500w, https:\/\/www.tpa-group.ro\/app\/uploads\/sites\/9\/2024\/07\/TPA17_HRBrochure_COVERS-PHOTO-FULL-300x200.jpg 300w, https:\/\/www.tpa-group.ro\/app\/uploads\/sites\/9\/2024\/07\/TPA17_HRBrochure_COVERS-PHOTO-FULL-1024x683.jpg 1024w, https:\/\/www.tpa-group.ro\/app\/uploads\/sites\/9\/2024\/07\/TPA17_HRBrochure_COVERS-PHOTO-FULL-768x512.jpg 768w, https:\/\/www.tpa-group.ro\/app\/uploads\/sites\/9\/2024\/07\/TPA17_HRBrochure_COVERS-PHOTO-FULL-1536x1024.jpg 1536w, https:\/\/www.tpa-group.ro\/app\/uploads\/sites\/9\/2024\/07\/TPA17_HRBrochure_COVERS-PHOTO-FULL-2048x1366.jpg 2048w\" sizes=\"(max-width: 2500px) 100vw, 2500px\" \/>\t\t\t\t\t\t\t\t\t\t\t\t\t\t\t<\/div>\n\t\t\t\t<\/div>\n\t\t\t\t<div class=\"elementor-element elementor-element-7d95ee3 elementor-widget elementor-widget-spacer\" data-id=\"7d95ee3\" data-element_type=\"widget\" data-widget_type=\"spacer.default\">\n\t\t\t\t<div class=\"elementor-widget-container\">\n\t\t\t\t\t\t\t<div class=\"elementor-spacer\">\n\t\t\t<div class=\"elementor-spacer-inner\"><\/div>\n\t\t<\/div>\n\t\t\t\t\t\t<\/div>\n\t\t\t\t<\/div>\n\t\t\t\t<div class=\"elementor-element elementor-element-277ec20 elementor-widget elementor-widget-text-editor\" data-id=\"277ec20\" data-element_type=\"widget\" data-widget_type=\"text-editor.default\">\n\t\t\t\t<div class=\"elementor-widget-container\">\n\t\t\t\t\t\t\t\t\tUnsere Praktikumsprogramme beruhen auf \u00dcbungen, im Rahmen derer die Studenten mitten im Geschehen stehen, wobei sie ihr Verantwortungsgef\u00fchl entwickeln, ihre Konzentrationsf\u00e4higkeit verbessern, ermutigt werden, ihren eigenen Einsch\u00e4tzungen zu vertrauen, und lernen, in einem Team zu arbeiten.\t\t\t\t\t\t\t\t<\/div>\n\t\t\t\t<\/div>\n\t\t\t\t<div class=\"elementor-element elementor-element-138432f elementor-widget elementor-widget-text-editor\" data-id=\"138432f\" data-element_type=\"widget\" data-widget_type=\"text-editor.default\">\n\t\t\t\t<div class=\"elementor-widget-container\">\n\t\t\t\t\t\t\t\t\t<p>Wenn Sie an einem unserer Praktikumsprogramme interessiert sind, senden Sie uns eine E-Mail mit entsprechendem Betreff (z.B. \u201ePraktikum \/ Wirtschaftspr\u00fcfung\u201c) an <span style=\"text-decoration: underline;\"><a href=\"mailto:hr@tpa-group.ro\"><strong>hr@tpa-group.ro<\/strong><\/a><\/span><\/p>\t\t\t\t\t\t\t\t<\/div>\n\t\t\t\t<\/div>\n\t\t\t\t\t<\/div>\n\t\t\t\t<\/div>\n\t\t\t\t<\/div>\n\t\t","protected":false},"excerpt":{"rendered":"<p>Home |&nbsp; Karriere Chancen f\u00fcr Studenten Learning at TPA Es freut uns, dass wir begeisterten, strebsamen Studenten die M\u00f6glichkeit bieten k\u00f6nnen, an unseren Praktikumsprogrammen teilzunehmen.TPA bietet ein Lernumfeld, in dem Studenten die praktischen Kenntnisse erwerben k\u00f6nnen, die sie ben\u00f6tigen, um ihre Studien abzuschlie\u00dfen. Die Studenten arbeiten mit hochtalentierten und engagierten Kollegen zusammen, die ihnen helfen [&hellip;]<\/p>\n","protected":false},"author":44,"featured_media":0,"parent":0,"menu_order":0,"comment_status":"closed","ping_status":"closed","template":"","meta":{"_acf_changed":false,"footnotes":""},"class_list":["post-4033","page","type-page","status-publish","hentry"],"acf":[],"yoast_head":"<!-- This site is optimized with the Yoast SEO plugin v26.0 - https:\/\/yoast.com\/wordpress\/plugins\/seo\/ -->\n<title>Chancen f\u00fcr Studenten | www.tpa-group.ro<\/title>\n<meta name=\"robots\" content=\"index, follow, max-snippet:-1, max-image-preview:large, max-video-preview:-1\" \/>\n<link rel=\"canonical\" href=\"https:\/\/www.tpa-group.ro\/de\/chancen-fuer-studenten\/\" \/>\n<meta property=\"og:locale\" content=\"de_DE\" \/>\n<meta property=\"og:type\" content=\"article\" \/>\n<meta property=\"og:title\" content=\"Chancen f\u00fcr Studenten | www.tpa-group.ro\" \/>\n<meta property=\"og:description\" content=\"Home |&nbsp; Karriere Chancen f\u00fcr Studenten Learning at TPA Es freut uns, dass wir begeisterten, strebsamen Studenten die M\u00f6glichkeit bieten k\u00f6nnen, an unseren Praktikumsprogrammen teilzunehmen.TPA bietet ein Lernumfeld, in dem Studenten die praktischen Kenntnisse erwerben k\u00f6nnen, die sie ben\u00f6tigen, um ihre Studien abzuschlie\u00dfen. Die Studenten arbeiten mit hochtalentierten und engagierten Kollegen zusammen, die ihnen helfen [&hellip;]\" \/>\n<meta property=\"og:url\" content=\"https:\/\/www.tpa-group.ro\/de\/chancen-fuer-studenten\/\" \/>\n<meta property=\"og:site_name\" content=\"www.tpa-group.ro\" \/>\n<meta property=\"article:modified_time\" content=\"2024-10-25T08:19:27+00:00\" \/>\n<meta property=\"og:image\" content=\"https:\/\/www.tpa-group.ro\/app\/uploads\/sites\/9\/2024\/07\/TPA17_HRBrochure_COVERS-PHOTO-FULL.jpg\" \/>\n<meta name=\"twitter:card\" content=\"summary_large_image\" \/>\n<meta name=\"twitter:label1\" content=\"Est. reading time\" \/>\n\t<meta name=\"twitter:data1\" content=\"1 Minute\" \/>\n<script type=\"application\/ld+json\" class=\"yoast-schema-graph\">{\"@context\":\"https:\/\/schema.org\",\"@graph\":[{\"@type\":\"WebPage\",\"@id\":\"https:\/\/www.tpa-group.ro\/de\/chancen-fuer-studenten\/\",\"url\":\"https:\/\/www.tpa-group.ro\/de\/chancen-fuer-studenten\/\",\"name\":\"Chancen f\u00fcr Studenten | www.tpa-group.ro\",\"isPartOf\":{\"@id\":\"https:\/\/www.tpa-group.ro\/de\/#website\"},\"primaryImageOfPage\":{\"@id\":\"https:\/\/www.tpa-group.ro\/de\/chancen-fuer-studenten\/#primaryimage\"},\"image\":{\"@id\":\"https:\/\/www.tpa-group.ro\/de\/chancen-fuer-studenten\/#primaryimage\"},\"thumbnailUrl\":\"https:\/\/www.tpa-group.ro\/app\/uploads\/sites\/9\/2024\/07\/TPA17_HRBrochure_COVERS-PHOTO-FULL.jpg\",\"datePublished\":\"2024-07-25T14:08:51+00:00\",\"dateModified\":\"2024-10-25T08:19:27+00:00\",\"breadcrumb\":{\"@id\":\"https:\/\/www.tpa-group.ro\/de\/chancen-fuer-studenten\/#breadcrumb\"},\"inLanguage\":\"de-DE\",\"potentialAction\":[{\"@type\":\"ReadAction\",\"target\":[\"https:\/\/www.tpa-group.ro\/de\/chancen-fuer-studenten\/\"]}]},{\"@type\":\"ImageObject\",\"inLanguage\":\"de-DE\",\"@id\":\"https:\/\/www.tpa-group.ro\/de\/chancen-fuer-studenten\/#primaryimage\",\"url\":\"https:\/\/www.tpa-group.ro\/app\/uploads\/sites\/9\/2024\/07\/TPA17_HRBrochure_COVERS-PHOTO-FULL.jpg\",\"contentUrl\":\"https:\/\/www.tpa-group.ro\/app\/uploads\/sites\/9\/2024\/07\/TPA17_HRBrochure_COVERS-PHOTO-FULL.jpg\"},{\"@type\":\"BreadcrumbList\",\"@id\":\"https:\/\/www.tpa-group.ro\/de\/chancen-fuer-studenten\/#breadcrumb\",\"itemListElement\":[{\"@type\":\"ListItem\",\"position\":1,\"name\":\"Home\",\"item\":\"https:\/\/www.tpa-group.ro\/de\/\"},{\"@type\":\"ListItem\",\"position\":2,\"name\":\"Chancen f\u00fcr Studenten\"}]},{\"@type\":\"WebSite\",\"@id\":\"https:\/\/www.tpa-group.ro\/de\/#website\",\"url\":\"https:\/\/www.tpa-group.ro\/de\/\",\"name\":\"TPA Romania\",\"description\":\"\",\"publisher\":{\"@id\":\"https:\/\/www.tpa-group.ro\/de\/#organization\"},\"potentialAction\":[{\"@type\":\"SearchAction\",\"target\":{\"@type\":\"EntryPoint\",\"urlTemplate\":\"https:\/\/www.tpa-group.ro\/de\/?s={search_term_string}\"},\"query-input\":{\"@type\":\"PropertyValueSpecification\",\"valueRequired\":true,\"valueName\":\"search_term_string\"}}],\"inLanguage\":\"de-DE\"},{\"@type\":\"Organization\",\"@id\":\"https:\/\/www.tpa-group.ro\/de\/#organization\",\"name\":\"TPA Romania\",\"url\":\"https:\/\/www.tpa-group.ro\/de\/\",\"logo\":{\"@type\":\"ImageObject\",\"inLanguage\":\"de-DE\",\"@id\":\"https:\/\/www.tpa-group.ro\/de\/#\/schema\/logo\/image\/\",\"url\":\"https:\/\/www.tpa-group.ro\/app\/uploads\/sites\/9\/2024\/10\/TPA-Logo.jpg\",\"contentUrl\":\"https:\/\/www.tpa-group.ro\/app\/uploads\/sites\/9\/2024\/10\/TPA-Logo.jpg\",\"width\":256,\"height\":172,\"caption\":\"TPA Romania\"},\"image\":{\"@id\":\"https:\/\/www.tpa-group.ro\/de\/#\/schema\/logo\/image\/\"}}]}<\/script>\n<!-- \/ Yoast SEO plugin. -->","yoast_head_json":{"title":"Chancen f\u00fcr Studenten | www.tpa-group.ro","robots":{"index":"index","follow":"follow","max-snippet":"max-snippet:-1","max-image-preview":"max-image-preview:large","max-video-preview":"max-video-preview:-1"},"canonical":"https:\/\/www.tpa-group.ro\/de\/chancen-fuer-studenten\/","og_locale":"de_DE","og_type":"article","og_title":"Chancen f\u00fcr Studenten | www.tpa-group.ro","og_description":"Home |&nbsp; Karriere Chancen f\u00fcr Studenten Learning at TPA Es freut uns, dass wir begeisterten, strebsamen Studenten die M\u00f6glichkeit bieten k\u00f6nnen, an unseren Praktikumsprogrammen teilzunehmen.TPA bietet ein Lernumfeld, in dem Studenten die praktischen Kenntnisse erwerben k\u00f6nnen, die sie ben\u00f6tigen, um ihre Studien abzuschlie\u00dfen. Die Studenten arbeiten mit hochtalentierten und engagierten Kollegen zusammen, die ihnen helfen [&hellip;]","og_url":"https:\/\/www.tpa-group.ro\/de\/chancen-fuer-studenten\/","og_site_name":"www.tpa-group.ro","article_modified_time":"2024-10-25T08:19:27+00:00","og_image":[{"url":"https:\/\/www.tpa-group.ro\/app\/uploads\/sites\/9\/2024\/07\/TPA17_HRBrochure_COVERS-PHOTO-FULL.jpg","type":"","width":"","height":""}],"twitter_card":"summary_large_image","twitter_misc":{"Est. reading time":"1 Minute"},"schema":{"@context":"https:\/\/schema.org","@graph":[{"@type":"WebPage","@id":"https:\/\/www.tpa-group.ro\/de\/chancen-fuer-studenten\/","url":"https:\/\/www.tpa-group.ro\/de\/chancen-fuer-studenten\/","name":"Chancen f\u00fcr Studenten | www.tpa-group.ro","isPartOf":{"@id":"https:\/\/www.tpa-group.ro\/de\/#website"},"primaryImageOfPage":{"@id":"https:\/\/www.tpa-group.ro\/de\/chancen-fuer-studenten\/#primaryimage"},"image":{"@id":"https:\/\/www.tpa-group.ro\/de\/chancen-fuer-studenten\/#primaryimage"},"thumbnailUrl":"https:\/\/www.tpa-group.ro\/app\/uploads\/sites\/9\/2024\/07\/TPA17_HRBrochure_COVERS-PHOTO-FULL.jpg","datePublished":"2024-07-25T14:08:51+00:00","dateModified":"2024-10-25T08:19:27+00:00","breadcrumb":{"@id":"https:\/\/www.tpa-group.ro\/de\/chancen-fuer-studenten\/#breadcrumb"},"inLanguage":"de-DE","potentialAction":[{"@type":"ReadAction","target":["https:\/\/www.tpa-group.ro\/de\/chancen-fuer-studenten\/"]}]},{"@type":"ImageObject","inLanguage":"de-DE","@id":"https:\/\/www.tpa-group.ro\/de\/chancen-fuer-studenten\/#primaryimage","url":"https:\/\/www.tpa-group.ro\/app\/uploads\/sites\/9\/2024\/07\/TPA17_HRBrochure_COVERS-PHOTO-FULL.jpg","contentUrl":"https:\/\/www.tpa-group.ro\/app\/uploads\/sites\/9\/2024\/07\/TPA17_HRBrochure_COVERS-PHOTO-FULL.jpg"},{"@type":"BreadcrumbList","@id":"https:\/\/www.tpa-group.ro\/de\/chancen-fuer-studenten\/#breadcrumb","itemListElement":[{"@type":"ListItem","position":1,"name":"Home","item":"https:\/\/www.tpa-group.ro\/de\/"},{"@type":"ListItem","position":2,"name":"Chancen f\u00fcr Studenten"}]},{"@type":"WebSite","@id":"https:\/\/www.tpa-group.ro\/de\/#website","url":"https:\/\/www.tpa-group.ro\/de\/","name":"TPA Romania","description":"","publisher":{"@id":"https:\/\/www.tpa-group.ro\/de\/#organization"},"potentialAction":[{"@type":"SearchAction","target":{"@type":"EntryPoint","urlTemplate":"https:\/\/www.tpa-group.ro\/de\/?s={search_term_string}"},"query-input":{"@type":"PropertyValueSpecification","valueRequired":true,"valueName":"search_term_string"}}],"inLanguage":"de-DE"},{"@type":"Organization","@id":"https:\/\/www.tpa-group.ro\/de\/#organization","name":"TPA Romania","url":"https:\/\/www.tpa-group.ro\/de\/","logo":{"@type":"ImageObject","inLanguage":"de-DE","@id":"https:\/\/www.tpa-group.ro\/de\/#\/schema\/logo\/image\/","url":"https:\/\/www.tpa-group.ro\/app\/uploads\/sites\/9\/2024\/10\/TPA-Logo.jpg","contentUrl":"https:\/\/www.tpa-group.ro\/app\/uploads\/sites\/9\/2024\/10\/TPA-Logo.jpg","width":256,"height":172,"caption":"TPA Romania"},"image":{"@id":"https:\/\/www.tpa-group.ro\/de\/#\/schema\/logo\/image\/"}}]}},"_links":{"self":[{"href":"https:\/\/www.tpa-group.ro\/de\/wp-json\/wp\/v2\/pages\/4033","targetHints":{"allow":["GET"]}}],"collection":[{"href":"https:\/\/www.tpa-group.ro\/de\/wp-json\/wp\/v2\/pages"}],"about":[{"href":"https:\/\/www.tpa-group.ro\/de\/wp-json\/wp\/v2\/types\/page"}],"author":[{"embeddable":true,"href":"https:\/\/www.tpa-group.ro\/de\/wp-json\/wp\/v2\/users\/44"}],"replies":[{"embeddable":true,"href":"https:\/\/www.tpa-group.ro\/de\/wp-json\/wp\/v2\/comments?post=4033"}],"version-history":[{"count":15,"href":"https:\/\/www.tpa-group.ro\/de\/wp-json\/wp\/v2\/pages\/4033\/revisions"}],"predecessor-version":[{"id":12773,"href":"https:\/\/www.tpa-group.ro\/de\/wp-json\/wp\/v2\/pages\/4033\/revisions\/12773"}],"wp:attachment":[{"href":"https:\/\/www.tpa-group.ro\/de\/wp-json\/wp\/v2\/media?parent=4033"}],"curies":[{"name":"wp","href":"https:\/\/api.w.org\/{rel}","templated":true}]}}