{"id":6939,"date":"2024-09-05T13:45:40","date_gmt":"2024-09-05T13:45:40","guid":{"rendered":"https:\/\/www.tpa-group.ro\/?page_id=6939"},"modified":"2024-10-25T08:43:50","modified_gmt":"2024-10-25T08:43:50","slug":"rdisclaimer","status":"publish","type":"page","link":"https:\/\/www.tpa-group.ro\/de\/rdisclaimer\/","title":{"rendered":"Disclaimer"},"content":{"rendered":"\t\t<div data-elementor-type=\"wp-page\" data-elementor-id=\"6939\" class=\"elementor elementor-6939 elementor-6938\" data-elementor-post-type=\"page\">\n\t\t\t\t\t\t<section class=\"elementor-section elementor-top-section elementor-element elementor-element-455ba140 hero-banner elementor-section-boxed elementor-section-height-default elementor-section-height-default\" data-id=\"455ba140\" data-element_type=\"section\">\n\t\t\t\t\t\t<div class=\"elementor-container elementor-column-gap-default\">\n\t\t\t\t\t<div class=\"elementor-column elementor-col-50 elementor-top-column elementor-element elementor-element-710ea691\" data-id=\"710ea691\" data-element_type=\"column\" data-settings=\"{&quot;background_background&quot;:&quot;gradient&quot;}\">\n\t\t\t<div class=\"elementor-widget-wrap elementor-element-populated\">\n\t\t\t\t\t\t<section class=\"elementor-section elementor-inner-section elementor-element elementor-element-68895614 hero-banner-breadcrumbs-container elementor-section-boxed elementor-section-height-default elementor-section-height-default\" data-id=\"68895614\" data-element_type=\"section\">\n\t\t\t\t\t\t<div class=\"elementor-container elementor-column-gap-default\">\n\t\t\t\t\t<div class=\"elementor-column elementor-col-100 elementor-inner-column elementor-element elementor-element-1e2a586e\" data-id=\"1e2a586e\" data-element_type=\"column\">\n\t\t\t<div class=\"elementor-widget-wrap elementor-element-populated\">\n\t\t\t\t\t\t<div class=\"elementor-element elementor-element-90231e7 elementor-widget elementor-widget-heading\" data-id=\"90231e7\" data-element_type=\"widget\" data-widget_type=\"heading.default\">\n\t\t\t\t<div class=\"elementor-widget-container\">\n\t\t\t\t\t<p class=\"elementor-heading-title elementor-size-default\"><a href=\"https:\/\/www.tpa-group.ro\/de\/\">Home |&nbsp;<\/a><\/p>\t\t\t\t<\/div>\n\t\t\t\t<\/div>\n\t\t\t\t<div class=\"elementor-element elementor-element-68671e6 elementor-widget elementor-widget-heading\" data-id=\"68671e6\" data-element_type=\"widget\" data-widget_type=\"heading.default\">\n\t\t\t\t<div class=\"elementor-widget-container\">\n\t\t\t\t\t<p class=\"elementor-heading-title elementor-size-default\">Disclaimer<\/p>\t\t\t\t<\/div>\n\t\t\t\t<\/div>\n\t\t\t\t\t<\/div>\n\t\t<\/div>\n\t\t\t\t\t<\/div>\n\t\t<\/section>\n\t\t\t\t<div class=\"elementor-element elementor-element-1e0703f0 elementor-widget elementor-widget-heading\" data-id=\"1e0703f0\" data-element_type=\"widget\" data-widget_type=\"heading.default\">\n\t\t\t\t<div class=\"elementor-widget-container\">\n\t\t\t\t\t<h1 class=\"elementor-heading-title elementor-size-default\">Disclaimer<\/h1>\t\t\t\t<\/div>\n\t\t\t\t<\/div>\n\t\t\t\t\t<\/div>\n\t\t<\/div>\n\t\t\t\t<div class=\"elementor-column elementor-col-50 elementor-top-column elementor-element elementor-element-1c2e1126\" data-id=\"1c2e1126\" data-element_type=\"column\">\n\t\t\t<div class=\"elementor-widget-wrap\">\n\t\t\t\t\t\t\t<\/div>\n\t\t<\/div>\n\t\t\t\t\t<\/div>\n\t\t<\/section>\n\t\t<div class=\"elementor-element elementor-element-bdd3abd  page-content-container e-flex e-con-boxed e-con e-parent\" data-id=\"bdd3abd\" data-element_type=\"container\" data-settings=\"{&quot;background_background&quot;:&quot;classic&quot;}\">\n\t\t\t\t\t<div class=\"e-con-inner\">\n\t\t\t\t<div class=\"elementor-element elementor-element-fe3195c elementor-widget elementor-widget-text-editor\" data-id=\"fe3195c\" data-element_type=\"widget\" data-widget_type=\"text-editor.default\">\n\t\t\t\t<div class=\"elementor-widget-container\">\n\t\t\t\t\t\t\t\t\t<p>Die auf dieser Website dargebotenen Informationen, Meinungen und rechtlichen Auslegungen dienen lediglich zur allgemeinen Information. Die Anwendbarkeit und Wirkung von Gesetzen kann in Abh\u00e4ngigkeit von den jeweils konkreten Fakten stark variieren. In Anbetracht der sich st\u00e4ndig \u00e4ndernden Rechtssprechung, Bestimmungen und Vorschriften sowie der der elektronischen Kommunikation innewohnenden Risiken kann es zu Verz\u00f6gerungen, Auslassungen oder Ungenauigkeiten der auf dieser Website dargestellten Informationen kommen. Dementsprechend ist zu ber\u00fccksichtigen, dass die auf dieser Website bereitgestellten Informationen nicht als Ersatz f\u00fcr eine professionelle Steuer- und Rechtsberatung dienen k\u00f6nnen und sollen. Bevor Sie eine Entscheidung treffen, sollten Sie mit einem Experten von TPA R\u00fccksprache halten.<\/p><p>Obgleich alles unternommen wird, um sicherzustellen, dass die auf dieser Website enthaltenen Informationen aus zuverl\u00e4ssigen Quellen stammen, haften weder TPA noch die einzelnen Autoren f\u00fcr etwaige Fehler, Auslassungen oder f\u00fcr die durch Verwendung dieser Informationen erzielten Ergebnisse. Im Hinblick auf s\u00e4mtliche Informationen auf dieser Website wird weder eine Garantie f\u00fcr deren Vollst\u00e4ndigkeit, Genauigkeit oder Rechtzeitigkeit, noch eine Garantie f\u00fcr deren Eignung f\u00fcr einen bestimmten Zweck \u00fcbernommen.<\/p><p>Weder TPA noch die einzelnen Autoren \u00fcbernehmen irgendeine Haftung f\u00fcr im Vertrauen auf den Inhalt dieser Website getroffene Entscheidungen oder gesetzte Handlungen oder f\u00fcr infolge derartiger Handlungen oder Entscheidungen entstehenden Schaden. TPA hat keinen Einfluss auf die Inhalte oder die Gestaltung jeglicher verlinkter Internetangebote und \u00fcbernimmt keinerlei Haftung f\u00fcr derartige Inhalte. TPA \u00fcbernimmt keinerlei Haftung f\u00fcr die Richtigkeit, Vollst\u00e4ndigkeit und Aktualit\u00e4t verlinkter Internetangebote. Es gelten die allgemeinen Auftragsbedingungen f\u00fcr Wirtschaftstreuhandberufe (AAB), die nachfolgend zum Download zur Verf\u00fcgung stehen.<\/p><p>Die auf dieser Website enthaltenen Texte, Bilder, Grafiken, Videos und sonstigen Materialien unterliegen dem Urheberschutz sowie sonstigen gewerblichen Schutzrechten. Diese Materialien d\u00fcrfen auch in Teilen nicht ohne ausdr\u00fcckliche schriftliche Zustimmung von TPA an Dritte weitergegeben, vervielf\u00e4ltigt oder auf sonstige Weise verarbeitet werden.<\/p><p>S\u00e4mtliche im Zusammenhang mit der Nutzung dieser Website entstehenden Rechtsstreitigkeiten und Gerichtsverfahren unterliegen ausschlie\u00dflich \u00f6sterreichischem materiellem Recht. Als zust\u00e4ndiges Gericht f\u00fcr alle Rechtsstreitigkeiten und Gerichtsverfahren, die sich direkt oder indirekt aus der Nutzung dieser Website ergeben, wird das \u00f6rtlich f\u00fcr den ersten Wiener Bezirk zust\u00e4ndige \u00f6sterreichische Gericht vereinbart. F\u00fcr Konsumenten im Sinn des \u00f6sterreichischen Konsumentenschutzgesetzes (KSchG) gilt dies nur, sofern sie in \u00d6sterreich weder einen (ordentlichen) Wohnsitz haben noch in \u00d6sterreich besch\u00e4ftigt sind.<\/p><p>TPA haftet nicht f\u00fcr die st\u00f6rungsfreie oder planm\u00e4\u00dfige Funktion der angebotenen Dienste. TPA ist berechtigt, jederzeit und ohne Vorank\u00fcndigung sowohl einzelne Dienste als auch das gesamte Angebot, das \u00fcber diese Website zur Verf\u00fcgung gestellt wird, vor\u00fcbergehend oder dauerhaft einzustellen.<\/p>\t\t\t\t\t\t\t\t<\/div>\n\t\t\t\t<\/div>\n\t\t\t\t\t<\/div>\n\t\t\t\t<\/div>\n\t\t\t\t<\/div>\n\t\t","protected":false},"excerpt":{"rendered":"<p>Home |&nbsp; Disclaimer Disclaimer Die auf dieser Website dargebotenen Informationen, Meinungen und rechtlichen Auslegungen dienen lediglich zur allgemeinen Information. Die Anwendbarkeit und Wirkung von Gesetzen kann in Abh\u00e4ngigkeit von den jeweils konkreten Fakten stark variieren. In Anbetracht der sich st\u00e4ndig \u00e4ndernden Rechtssprechung, Bestimmungen und Vorschriften sowie der der elektronischen Kommunikation innewohnenden Risiken kann es zu [&hellip;]<\/p>\n","protected":false},"author":44,"featured_media":0,"parent":0,"menu_order":0,"comment_status":"closed","ping_status":"closed","template":"","meta":{"_acf_changed":false,"footnotes":""},"class_list":["post-6939","page","type-page","status-publish","hentry"],"acf":[],"yoast_head":"<!-- This site is optimized with the Yoast SEO plugin v26.0 - https:\/\/yoast.com\/wordpress\/plugins\/seo\/ -->\n<title>Disclaimer | www.tpa-group.ro<\/title>\n<meta name=\"robots\" content=\"index, follow, max-snippet:-1, max-image-preview:large, max-video-preview:-1\" \/>\n<link rel=\"canonical\" href=\"https:\/\/www.tpa-group.ro\/de\/rdisclaimer\/\" \/>\n<meta property=\"og:locale\" content=\"de_DE\" \/>\n<meta property=\"og:type\" content=\"article\" \/>\n<meta property=\"og:title\" content=\"Disclaimer | www.tpa-group.ro\" \/>\n<meta property=\"og:description\" content=\"Home |&nbsp; Disclaimer Disclaimer Die auf dieser Website dargebotenen Informationen, Meinungen und rechtlichen Auslegungen dienen lediglich zur allgemeinen Information. Die Anwendbarkeit und Wirkung von Gesetzen kann in Abh\u00e4ngigkeit von den jeweils konkreten Fakten stark variieren. In Anbetracht der sich st\u00e4ndig \u00e4ndernden Rechtssprechung, Bestimmungen und Vorschriften sowie der der elektronischen Kommunikation innewohnenden Risiken kann es zu [&hellip;]\" \/>\n<meta property=\"og:url\" content=\"https:\/\/www.tpa-group.ro\/de\/rdisclaimer\/\" \/>\n<meta property=\"og:site_name\" content=\"www.tpa-group.ro\" \/>\n<meta property=\"article:modified_time\" content=\"2024-10-25T08:43:50+00:00\" \/>\n<meta property=\"og:image\" content=\"https:\/\/www.tpa-group.ro\/app\/uploads\/sites\/9\/2024\/10\/TPA-Logo.jpg\" \/>\n\t<meta property=\"og:image:width\" content=\"256\" \/>\n\t<meta property=\"og:image:height\" content=\"172\" \/>\n\t<meta property=\"og:image:type\" content=\"image\/jpeg\" \/>\n<meta name=\"twitter:card\" content=\"summary_large_image\" \/>\n<meta name=\"twitter:label1\" content=\"Est. reading time\" \/>\n\t<meta name=\"twitter:data1\" content=\"3 Minuten\" \/>\n<script type=\"application\/ld+json\" class=\"yoast-schema-graph\">{\"@context\":\"https:\/\/schema.org\",\"@graph\":[{\"@type\":\"WebPage\",\"@id\":\"https:\/\/www.tpa-group.ro\/de\/rdisclaimer\/\",\"url\":\"https:\/\/www.tpa-group.ro\/de\/rdisclaimer\/\",\"name\":\"Disclaimer | www.tpa-group.ro\",\"isPartOf\":{\"@id\":\"https:\/\/www.tpa-group.ro\/de\/#website\"},\"datePublished\":\"2024-09-05T13:45:40+00:00\",\"dateModified\":\"2024-10-25T08:43:50+00:00\",\"breadcrumb\":{\"@id\":\"https:\/\/www.tpa-group.ro\/de\/rdisclaimer\/#breadcrumb\"},\"inLanguage\":\"de-DE\",\"potentialAction\":[{\"@type\":\"ReadAction\",\"target\":[\"https:\/\/www.tpa-group.ro\/de\/rdisclaimer\/\"]}]},{\"@type\":\"BreadcrumbList\",\"@id\":\"https:\/\/www.tpa-group.ro\/de\/rdisclaimer\/#breadcrumb\",\"itemListElement\":[{\"@type\":\"ListItem\",\"position\":1,\"name\":\"Home\",\"item\":\"https:\/\/www.tpa-group.ro\/de\/\"},{\"@type\":\"ListItem\",\"position\":2,\"name\":\"Disclaimer\"}]},{\"@type\":\"WebSite\",\"@id\":\"https:\/\/www.tpa-group.ro\/de\/#website\",\"url\":\"https:\/\/www.tpa-group.ro\/de\/\",\"name\":\"TPA Romania\",\"description\":\"\",\"publisher\":{\"@id\":\"https:\/\/www.tpa-group.ro\/de\/#organization\"},\"potentialAction\":[{\"@type\":\"SearchAction\",\"target\":{\"@type\":\"EntryPoint\",\"urlTemplate\":\"https:\/\/www.tpa-group.ro\/de\/?s={search_term_string}\"},\"query-input\":{\"@type\":\"PropertyValueSpecification\",\"valueRequired\":true,\"valueName\":\"search_term_string\"}}],\"inLanguage\":\"de-DE\"},{\"@type\":\"Organization\",\"@id\":\"https:\/\/www.tpa-group.ro\/de\/#organization\",\"name\":\"TPA Romania\",\"url\":\"https:\/\/www.tpa-group.ro\/de\/\",\"logo\":{\"@type\":\"ImageObject\",\"inLanguage\":\"de-DE\",\"@id\":\"https:\/\/www.tpa-group.ro\/de\/#\/schema\/logo\/image\/\",\"url\":\"https:\/\/www.tpa-group.ro\/app\/uploads\/sites\/9\/2024\/10\/TPA-Logo.jpg\",\"contentUrl\":\"https:\/\/www.tpa-group.ro\/app\/uploads\/sites\/9\/2024\/10\/TPA-Logo.jpg\",\"width\":256,\"height\":172,\"caption\":\"TPA Romania\"},\"image\":{\"@id\":\"https:\/\/www.tpa-group.ro\/de\/#\/schema\/logo\/image\/\"}}]}<\/script>\n<!-- \/ Yoast SEO plugin. -->","yoast_head_json":{"title":"Disclaimer | www.tpa-group.ro","robots":{"index":"index","follow":"follow","max-snippet":"max-snippet:-1","max-image-preview":"max-image-preview:large","max-video-preview":"max-video-preview:-1"},"canonical":"https:\/\/www.tpa-group.ro\/de\/rdisclaimer\/","og_locale":"de_DE","og_type":"article","og_title":"Disclaimer | www.tpa-group.ro","og_description":"Home |&nbsp; Disclaimer Disclaimer Die auf dieser Website dargebotenen Informationen, Meinungen und rechtlichen Auslegungen dienen lediglich zur allgemeinen Information. Die Anwendbarkeit und Wirkung von Gesetzen kann in Abh\u00e4ngigkeit von den jeweils konkreten Fakten stark variieren. In Anbetracht der sich st\u00e4ndig \u00e4ndernden Rechtssprechung, Bestimmungen und Vorschriften sowie der der elektronischen Kommunikation innewohnenden Risiken kann es zu [&hellip;]","og_url":"https:\/\/www.tpa-group.ro\/de\/rdisclaimer\/","og_site_name":"www.tpa-group.ro","article_modified_time":"2024-10-25T08:43:50+00:00","og_image":[{"width":256,"height":172,"url":"https:\/\/www.tpa-group.ro\/app\/uploads\/sites\/9\/2024\/10\/TPA-Logo.jpg","type":"image\/jpeg"}],"twitter_card":"summary_large_image","twitter_misc":{"Est. reading time":"3 Minuten"},"schema":{"@context":"https:\/\/schema.org","@graph":[{"@type":"WebPage","@id":"https:\/\/www.tpa-group.ro\/de\/rdisclaimer\/","url":"https:\/\/www.tpa-group.ro\/de\/rdisclaimer\/","name":"Disclaimer | www.tpa-group.ro","isPartOf":{"@id":"https:\/\/www.tpa-group.ro\/de\/#website"},"datePublished":"2024-09-05T13:45:40+00:00","dateModified":"2024-10-25T08:43:50+00:00","breadcrumb":{"@id":"https:\/\/www.tpa-group.ro\/de\/rdisclaimer\/#breadcrumb"},"inLanguage":"de-DE","potentialAction":[{"@type":"ReadAction","target":["https:\/\/www.tpa-group.ro\/de\/rdisclaimer\/"]}]},{"@type":"BreadcrumbList","@id":"https:\/\/www.tpa-group.ro\/de\/rdisclaimer\/#breadcrumb","itemListElement":[{"@type":"ListItem","position":1,"name":"Home","item":"https:\/\/www.tpa-group.ro\/de\/"},{"@type":"ListItem","position":2,"name":"Disclaimer"}]},{"@type":"WebSite","@id":"https:\/\/www.tpa-group.ro\/de\/#website","url":"https:\/\/www.tpa-group.ro\/de\/","name":"TPA Romania","description":"","publisher":{"@id":"https:\/\/www.tpa-group.ro\/de\/#organization"},"potentialAction":[{"@type":"SearchAction","target":{"@type":"EntryPoint","urlTemplate":"https:\/\/www.tpa-group.ro\/de\/?s={search_term_string}"},"query-input":{"@type":"PropertyValueSpecification","valueRequired":true,"valueName":"search_term_string"}}],"inLanguage":"de-DE"},{"@type":"Organization","@id":"https:\/\/www.tpa-group.ro\/de\/#organization","name":"TPA Romania","url":"https:\/\/www.tpa-group.ro\/de\/","logo":{"@type":"ImageObject","inLanguage":"de-DE","@id":"https:\/\/www.tpa-group.ro\/de\/#\/schema\/logo\/image\/","url":"https:\/\/www.tpa-group.ro\/app\/uploads\/sites\/9\/2024\/10\/TPA-Logo.jpg","contentUrl":"https:\/\/www.tpa-group.ro\/app\/uploads\/sites\/9\/2024\/10\/TPA-Logo.jpg","width":256,"height":172,"caption":"TPA Romania"},"image":{"@id":"https:\/\/www.tpa-group.ro\/de\/#\/schema\/logo\/image\/"}}]}},"_links":{"self":[{"href":"https:\/\/www.tpa-group.ro\/de\/wp-json\/wp\/v2\/pages\/6939","targetHints":{"allow":["GET"]}}],"collection":[{"href":"https:\/\/www.tpa-group.ro\/de\/wp-json\/wp\/v2\/pages"}],"about":[{"href":"https:\/\/www.tpa-group.ro\/de\/wp-json\/wp\/v2\/types\/page"}],"author":[{"embeddable":true,"href":"https:\/\/www.tpa-group.ro\/de\/wp-json\/wp\/v2\/users\/44"}],"replies":[{"embeddable":true,"href":"https:\/\/www.tpa-group.ro\/de\/wp-json\/wp\/v2\/comments?post=6939"}],"version-history":[{"count":11,"href":"https:\/\/www.tpa-group.ro\/de\/wp-json\/wp\/v2\/pages\/6939\/revisions"}],"predecessor-version":[{"id":12851,"href":"https:\/\/www.tpa-group.ro\/de\/wp-json\/wp\/v2\/pages\/6939\/revisions\/12851"}],"wp:attachment":[{"href":"https:\/\/www.tpa-group.ro\/de\/wp-json\/wp\/v2\/media?parent=6939"}],"curies":[{"name":"wp","href":"https:\/\/api.w.org\/{rel}","templated":true}]}}