{"id":6957,"date":"2024-09-05T13:54:29","date_gmt":"2024-09-05T13:54:29","guid":{"rendered":"https:\/\/www.tpa-group.ro\/?page_id=6957"},"modified":"2024-10-25T08:43:55","modified_gmt":"2024-10-25T08:43:55","slug":"rpublikationendatenschutzbestimmungen","status":"publish","type":"page","link":"https:\/\/www.tpa-group.ro\/de\/rpublikationendatenschutzbestimmungen\/","title":{"rendered":"Datenschutzbestimmungen"},"content":{"rendered":"\t\t<div data-elementor-type=\"wp-page\" data-elementor-id=\"6957\" class=\"elementor elementor-6957 elementor-6956\" data-elementor-post-type=\"page\">\n\t\t\t\t\t\t<section class=\"elementor-section elementor-top-section elementor-element elementor-element-455ba140 hero-banner elementor-section-boxed elementor-section-height-default elementor-section-height-default\" data-id=\"455ba140\" data-element_type=\"section\">\n\t\t\t\t\t\t<div class=\"elementor-container elementor-column-gap-default\">\n\t\t\t\t\t<div class=\"elementor-column elementor-col-50 elementor-top-column elementor-element elementor-element-710ea691\" data-id=\"710ea691\" data-element_type=\"column\" data-settings=\"{&quot;background_background&quot;:&quot;gradient&quot;}\">\n\t\t\t<div class=\"elementor-widget-wrap elementor-element-populated\">\n\t\t\t\t\t\t<section class=\"elementor-section elementor-inner-section elementor-element elementor-element-68895614 hero-banner-breadcrumbs-container elementor-section-boxed elementor-section-height-default elementor-section-height-default\" data-id=\"68895614\" data-element_type=\"section\">\n\t\t\t\t\t\t<div class=\"elementor-container elementor-column-gap-default\">\n\t\t\t\t\t<div class=\"elementor-column elementor-col-100 elementor-inner-column elementor-element elementor-element-1e2a586e\" data-id=\"1e2a586e\" data-element_type=\"column\">\n\t\t\t<div class=\"elementor-widget-wrap elementor-element-populated\">\n\t\t\t\t\t\t<div class=\"elementor-element elementor-element-90231e7 elementor-widget elementor-widget-heading\" data-id=\"90231e7\" data-element_type=\"widget\" data-widget_type=\"heading.default\">\n\t\t\t\t<div class=\"elementor-widget-container\">\n\t\t\t\t\t<p class=\"elementor-heading-title elementor-size-default\"><a href=\"https:\/\/www.tpa-group.ro\/de\/\">Home |&nbsp;<\/a><\/p>\t\t\t\t<\/div>\n\t\t\t\t<\/div>\n\t\t\t\t<div class=\"elementor-element elementor-element-68671e6 elementor-widget elementor-widget-heading\" data-id=\"68671e6\" data-element_type=\"widget\" data-widget_type=\"heading.default\">\n\t\t\t\t<div class=\"elementor-widget-container\">\n\t\t\t\t\t<p class=\"elementor-heading-title elementor-size-default\">Datenschutzbestimmungen<\/p>\t\t\t\t<\/div>\n\t\t\t\t<\/div>\n\t\t\t\t\t<\/div>\n\t\t<\/div>\n\t\t\t\t\t<\/div>\n\t\t<\/section>\n\t\t\t\t<div class=\"elementor-element elementor-element-1e0703f0 elementor-widget elementor-widget-heading\" data-id=\"1e0703f0\" data-element_type=\"widget\" data-widget_type=\"heading.default\">\n\t\t\t\t<div class=\"elementor-widget-container\">\n\t\t\t\t\t<h1 class=\"elementor-heading-title elementor-size-default\">Datenschutzbestimmungen<\/h1>\t\t\t\t<\/div>\n\t\t\t\t<\/div>\n\t\t\t\t<div class=\"elementor-element elementor-element-6c37d347 elementor-widget elementor-widget-text-editor\" data-id=\"6c37d347\" data-element_type=\"widget\" data-widget_type=\"text-editor.default\">\n\t\t\t\t<div class=\"elementor-widget-container\">\n\t\t\t\t\t\t\t\t\tInformationen gem. Art 13 und 14 DSGVO\t\t\t\t\t\t\t\t<\/div>\n\t\t\t\t<\/div>\n\t\t\t\t\t<\/div>\n\t\t<\/div>\n\t\t\t\t<div class=\"elementor-column elementor-col-50 elementor-top-column elementor-element elementor-element-1c2e1126\" data-id=\"1c2e1126\" data-element_type=\"column\">\n\t\t\t<div class=\"elementor-widget-wrap\">\n\t\t\t\t\t\t\t<\/div>\n\t\t<\/div>\n\t\t\t\t\t<\/div>\n\t\t<\/section>\n\t\t<div class=\"elementor-element elementor-element-bdd3abd  page-content-container e-flex e-con-boxed e-con e-parent\" data-id=\"bdd3abd\" data-element_type=\"container\" data-settings=\"{&quot;background_background&quot;:&quot;classic&quot;}\">\n\t\t\t\t\t<div class=\"e-con-inner\">\n\t\t\t\t<div class=\"elementor-element elementor-element-fe3195c elementor-widget elementor-widget-text-editor\" data-id=\"fe3195c\" data-element_type=\"widget\" data-widget_type=\"text-editor.default\">\n\t\t\t\t<div class=\"elementor-widget-container\">\n\t\t\t\t\t\t\t\t\t<p>Gem\u00e4\u00df dieser Vereinbarung k\u00f6nnen vom User zur Verf\u00fcgung gestellte Daten f\u00fcr Forschungs- und Marketingzwecke im Inland verwendet, verarbeitet und gespeichert werden. Diese Daten werden von TPA zur Einhaltung der geltenden gesetzlichen Bestimmungen sowie f\u00fcr Marketingzwecke verwendet. Der User erkl\u00e4rt hiermit auch sein Einverst\u00e4ndnis, Marketingunterlagen von TPA zu erhalten. Diese Zustimmung kann jederzeit mittels E-Mail an<strong><a href=\"mailto:service@tpa-group.ro\">\u00a0<span style=\"text-decoration: underline;\">service@tpa-group.ro<\/span><\/a>\u00a0<\/strong>widerrufen werden.<\/p><p>Die betroffene Person best\u00e4tigt hiermit, die Bestimmungen des Gesetzes Nr. 190\/2018 \u00fcber den Schutz von Personen bei der Verarbeitung personenbezogener Daten und den freien Datenverkehr zu kennen, und ist sich dar\u00fcber im Klaren, dass die betroffene Person in Bezug auf die Verarbeitung ihrer personenbezogenen Daten durch TPA \u00fcber gewisse vom Gesetz vorgesehene Rechte verf\u00fcgt. TPA ist der alleinige Eigent\u00fcmer der auf dieser Website erfassten und gesammelten Daten. TPA wird diese Daten nicht teilen, verkaufen oder vermieten, ausgenommen in F\u00e4llen, in denen dies ausdr\u00fccklich angegeben ist, oder im Fall eines diesbez\u00fcglichen gerichtlichen Urteils. Weitere Informationen zum Schutz personenbezogener\u00a0<strong><a href=\"https:\/\/www.tpa-group.ro\/de\/datenschutz-und-sicherheitsrichtlinie-fuer-die-verarbeitung-personenbezogener-daten\/\"><span style=\"text-decoration: underline;\">Daten<\/span>.<\/a><\/strong><\/p><p>Die Verwendung von Cookies ist in keiner Weise mit den personenbezogenen Daten verbunden, die w\u00e4hrend des Zugriffs auf unsere Website erfasst wurden. \u201eSession Cookies\u201c werden ung\u00fcltig, sobald der User den Browser schlie\u00dft. Wenn ein User die Verwendung von Cookies nicht zul\u00e4sst, kann er\/sie weiterhin auf unsere Website zugreifen; der Zugriff auf bestimmte Bereiche kann in der Folge allerdings eingeschr\u00e4nkt sein. Cookies helfen uns, die Bed\u00fcrfnisse und Interessen unserer Besucher zu verstehen und werden zur Verbesserung unserer Website eingesetzt.\u00a0<span style=\"text-decoration: underline;\"><strong><a href=\"https:\/\/www.tpa-group.ro\/de\/cookie-richtlinie\/\">Cookie-Richtlinie<\/a><\/strong><\/span>.<\/p>\t\t\t\t\t\t\t\t<\/div>\n\t\t\t\t<\/div>\n\t\t\t\t\t<\/div>\n\t\t\t\t<\/div>\n\t\t\t\t<\/div>\n\t\t","protected":false},"excerpt":{"rendered":"<p>Home |&nbsp; Datenschutzbestimmungen Datenschutzbestimmungen Informationen gem. Art 13 und 14 DSGVO Gem\u00e4\u00df dieser Vereinbarung k\u00f6nnen vom User zur Verf\u00fcgung gestellte Daten f\u00fcr Forschungs- und Marketingzwecke im Inland verwendet, verarbeitet und gespeichert werden. Diese Daten werden von TPA zur Einhaltung der geltenden gesetzlichen Bestimmungen sowie f\u00fcr Marketingzwecke verwendet. Der User erkl\u00e4rt hiermit auch sein Einverst\u00e4ndnis, Marketingunterlagen [&hellip;]<\/p>\n","protected":false},"author":44,"featured_media":0,"parent":0,"menu_order":0,"comment_status":"closed","ping_status":"closed","template":"","meta":{"_acf_changed":false,"footnotes":""},"class_list":["post-6957","page","type-page","status-publish","hentry"],"acf":[],"yoast_head":"<!-- This site is optimized with the Yoast SEO plugin v26.0 - https:\/\/yoast.com\/wordpress\/plugins\/seo\/ -->\n<title>Datenschutzbestimmungen | www.tpa-group.ro<\/title>\n<meta name=\"robots\" content=\"index, follow, max-snippet:-1, max-image-preview:large, max-video-preview:-1\" \/>\n<link rel=\"canonical\" href=\"https:\/\/www.tpa-group.ro\/de\/rpublikationendatenschutzbestimmungen\/\" \/>\n<meta property=\"og:locale\" content=\"de_DE\" \/>\n<meta property=\"og:type\" content=\"article\" \/>\n<meta property=\"og:title\" content=\"Datenschutzbestimmungen | www.tpa-group.ro\" \/>\n<meta property=\"og:description\" content=\"Home |&nbsp; Datenschutzbestimmungen Datenschutzbestimmungen Informationen gem. Art 13 und 14 DSGVO Gem\u00e4\u00df dieser Vereinbarung k\u00f6nnen vom User zur Verf\u00fcgung gestellte Daten f\u00fcr Forschungs- und Marketingzwecke im Inland verwendet, verarbeitet und gespeichert werden. Diese Daten werden von TPA zur Einhaltung der geltenden gesetzlichen Bestimmungen sowie f\u00fcr Marketingzwecke verwendet. Der User erkl\u00e4rt hiermit auch sein Einverst\u00e4ndnis, Marketingunterlagen [&hellip;]\" \/>\n<meta property=\"og:url\" content=\"https:\/\/www.tpa-group.ro\/de\/rpublikationendatenschutzbestimmungen\/\" \/>\n<meta property=\"og:site_name\" content=\"www.tpa-group.ro\" \/>\n<meta property=\"article:modified_time\" content=\"2024-10-25T08:43:55+00:00\" \/>\n<meta property=\"og:image\" content=\"https:\/\/www.tpa-group.ro\/app\/uploads\/sites\/9\/2024\/10\/TPA-Logo.jpg\" \/>\n\t<meta property=\"og:image:width\" content=\"256\" \/>\n\t<meta property=\"og:image:height\" content=\"172\" \/>\n\t<meta property=\"og:image:type\" content=\"image\/jpeg\" \/>\n<meta name=\"twitter:card\" content=\"summary_large_image\" \/>\n<script type=\"application\/ld+json\" class=\"yoast-schema-graph\">{\"@context\":\"https:\/\/schema.org\",\"@graph\":[{\"@type\":\"WebPage\",\"@id\":\"https:\/\/www.tpa-group.ro\/de\/rpublikationendatenschutzbestimmungen\/\",\"url\":\"https:\/\/www.tpa-group.ro\/de\/rpublikationendatenschutzbestimmungen\/\",\"name\":\"Datenschutzbestimmungen | www.tpa-group.ro\",\"isPartOf\":{\"@id\":\"https:\/\/www.tpa-group.ro\/de\/#website\"},\"datePublished\":\"2024-09-05T13:54:29+00:00\",\"dateModified\":\"2024-10-25T08:43:55+00:00\",\"breadcrumb\":{\"@id\":\"https:\/\/www.tpa-group.ro\/de\/rpublikationendatenschutzbestimmungen\/#breadcrumb\"},\"inLanguage\":\"de-DE\",\"potentialAction\":[{\"@type\":\"ReadAction\",\"target\":[\"https:\/\/www.tpa-group.ro\/de\/rpublikationendatenschutzbestimmungen\/\"]}]},{\"@type\":\"BreadcrumbList\",\"@id\":\"https:\/\/www.tpa-group.ro\/de\/rpublikationendatenschutzbestimmungen\/#breadcrumb\",\"itemListElement\":[{\"@type\":\"ListItem\",\"position\":1,\"name\":\"Home\",\"item\":\"https:\/\/www.tpa-group.ro\/de\/\"},{\"@type\":\"ListItem\",\"position\":2,\"name\":\"Datenschutzbestimmungen\"}]},{\"@type\":\"WebSite\",\"@id\":\"https:\/\/www.tpa-group.ro\/de\/#website\",\"url\":\"https:\/\/www.tpa-group.ro\/de\/\",\"name\":\"TPA Romania\",\"description\":\"\",\"publisher\":{\"@id\":\"https:\/\/www.tpa-group.ro\/de\/#organization\"},\"potentialAction\":[{\"@type\":\"SearchAction\",\"target\":{\"@type\":\"EntryPoint\",\"urlTemplate\":\"https:\/\/www.tpa-group.ro\/de\/?s={search_term_string}\"},\"query-input\":{\"@type\":\"PropertyValueSpecification\",\"valueRequired\":true,\"valueName\":\"search_term_string\"}}],\"inLanguage\":\"de-DE\"},{\"@type\":\"Organization\",\"@id\":\"https:\/\/www.tpa-group.ro\/de\/#organization\",\"name\":\"TPA Romania\",\"url\":\"https:\/\/www.tpa-group.ro\/de\/\",\"logo\":{\"@type\":\"ImageObject\",\"inLanguage\":\"de-DE\",\"@id\":\"https:\/\/www.tpa-group.ro\/de\/#\/schema\/logo\/image\/\",\"url\":\"https:\/\/www.tpa-group.ro\/app\/uploads\/sites\/9\/2024\/10\/TPA-Logo.jpg\",\"contentUrl\":\"https:\/\/www.tpa-group.ro\/app\/uploads\/sites\/9\/2024\/10\/TPA-Logo.jpg\",\"width\":256,\"height\":172,\"caption\":\"TPA Romania\"},\"image\":{\"@id\":\"https:\/\/www.tpa-group.ro\/de\/#\/schema\/logo\/image\/\"}}]}<\/script>\n<!-- \/ Yoast SEO plugin. -->","yoast_head_json":{"title":"Datenschutzbestimmungen | www.tpa-group.ro","robots":{"index":"index","follow":"follow","max-snippet":"max-snippet:-1","max-image-preview":"max-image-preview:large","max-video-preview":"max-video-preview:-1"},"canonical":"https:\/\/www.tpa-group.ro\/de\/rpublikationendatenschutzbestimmungen\/","og_locale":"de_DE","og_type":"article","og_title":"Datenschutzbestimmungen | www.tpa-group.ro","og_description":"Home |&nbsp; Datenschutzbestimmungen Datenschutzbestimmungen Informationen gem. Art 13 und 14 DSGVO Gem\u00e4\u00df dieser Vereinbarung k\u00f6nnen vom User zur Verf\u00fcgung gestellte Daten f\u00fcr Forschungs- und Marketingzwecke im Inland verwendet, verarbeitet und gespeichert werden. Diese Daten werden von TPA zur Einhaltung der geltenden gesetzlichen Bestimmungen sowie f\u00fcr Marketingzwecke verwendet. Der User erkl\u00e4rt hiermit auch sein Einverst\u00e4ndnis, Marketingunterlagen [&hellip;]","og_url":"https:\/\/www.tpa-group.ro\/de\/rpublikationendatenschutzbestimmungen\/","og_site_name":"www.tpa-group.ro","article_modified_time":"2024-10-25T08:43:55+00:00","og_image":[{"width":256,"height":172,"url":"https:\/\/www.tpa-group.ro\/app\/uploads\/sites\/9\/2024\/10\/TPA-Logo.jpg","type":"image\/jpeg"}],"twitter_card":"summary_large_image","schema":{"@context":"https:\/\/schema.org","@graph":[{"@type":"WebPage","@id":"https:\/\/www.tpa-group.ro\/de\/rpublikationendatenschutzbestimmungen\/","url":"https:\/\/www.tpa-group.ro\/de\/rpublikationendatenschutzbestimmungen\/","name":"Datenschutzbestimmungen | www.tpa-group.ro","isPartOf":{"@id":"https:\/\/www.tpa-group.ro\/de\/#website"},"datePublished":"2024-09-05T13:54:29+00:00","dateModified":"2024-10-25T08:43:55+00:00","breadcrumb":{"@id":"https:\/\/www.tpa-group.ro\/de\/rpublikationendatenschutzbestimmungen\/#breadcrumb"},"inLanguage":"de-DE","potentialAction":[{"@type":"ReadAction","target":["https:\/\/www.tpa-group.ro\/de\/rpublikationendatenschutzbestimmungen\/"]}]},{"@type":"BreadcrumbList","@id":"https:\/\/www.tpa-group.ro\/de\/rpublikationendatenschutzbestimmungen\/#breadcrumb","itemListElement":[{"@type":"ListItem","position":1,"name":"Home","item":"https:\/\/www.tpa-group.ro\/de\/"},{"@type":"ListItem","position":2,"name":"Datenschutzbestimmungen"}]},{"@type":"WebSite","@id":"https:\/\/www.tpa-group.ro\/de\/#website","url":"https:\/\/www.tpa-group.ro\/de\/","name":"TPA Romania","description":"","publisher":{"@id":"https:\/\/www.tpa-group.ro\/de\/#organization"},"potentialAction":[{"@type":"SearchAction","target":{"@type":"EntryPoint","urlTemplate":"https:\/\/www.tpa-group.ro\/de\/?s={search_term_string}"},"query-input":{"@type":"PropertyValueSpecification","valueRequired":true,"valueName":"search_term_string"}}],"inLanguage":"de-DE"},{"@type":"Organization","@id":"https:\/\/www.tpa-group.ro\/de\/#organization","name":"TPA Romania","url":"https:\/\/www.tpa-group.ro\/de\/","logo":{"@type":"ImageObject","inLanguage":"de-DE","@id":"https:\/\/www.tpa-group.ro\/de\/#\/schema\/logo\/image\/","url":"https:\/\/www.tpa-group.ro\/app\/uploads\/sites\/9\/2024\/10\/TPA-Logo.jpg","contentUrl":"https:\/\/www.tpa-group.ro\/app\/uploads\/sites\/9\/2024\/10\/TPA-Logo.jpg","width":256,"height":172,"caption":"TPA Romania"},"image":{"@id":"https:\/\/www.tpa-group.ro\/de\/#\/schema\/logo\/image\/"}}]}},"_links":{"self":[{"href":"https:\/\/www.tpa-group.ro\/de\/wp-json\/wp\/v2\/pages\/6957","targetHints":{"allow":["GET"]}}],"collection":[{"href":"https:\/\/www.tpa-group.ro\/de\/wp-json\/wp\/v2\/pages"}],"about":[{"href":"https:\/\/www.tpa-group.ro\/de\/wp-json\/wp\/v2\/types\/page"}],"author":[{"embeddable":true,"href":"https:\/\/www.tpa-group.ro\/de\/wp-json\/wp\/v2\/users\/44"}],"replies":[{"embeddable":true,"href":"https:\/\/www.tpa-group.ro\/de\/wp-json\/wp\/v2\/comments?post=6957"}],"version-history":[{"count":17,"href":"https:\/\/www.tpa-group.ro\/de\/wp-json\/wp\/v2\/pages\/6957\/revisions"}],"predecessor-version":[{"id":12854,"href":"https:\/\/www.tpa-group.ro\/de\/wp-json\/wp\/v2\/pages\/6957\/revisions\/12854"}],"wp:attachment":[{"href":"https:\/\/www.tpa-group.ro\/de\/wp-json\/wp\/v2\/media?parent=6957"}],"curies":[{"name":"wp","href":"https:\/\/api.w.org\/{rel}","templated":true}]}}