{"id":6978,"date":"2024-09-05T14:17:57","date_gmt":"2024-09-05T14:17:57","guid":{"rendered":"https:\/\/www.tpa-group.ro\/?page_id=6978"},"modified":"2024-10-25T08:43:59","modified_gmt":"2024-10-25T08:43:59","slug":"cookie-richtlinie","status":"publish","type":"page","link":"https:\/\/www.tpa-group.ro\/de\/cookie-richtlinie\/","title":{"rendered":"COOKIE-RICHTLINIE"},"content":{"rendered":"\t\t<div data-elementor-type=\"wp-page\" data-elementor-id=\"6978\" class=\"elementor elementor-6978 elementor-6977\" data-elementor-post-type=\"page\">\n\t\t\t\t\t\t<section class=\"elementor-section elementor-top-section elementor-element elementor-element-455ba140 hero-banner elementor-section-boxed elementor-section-height-default elementor-section-height-default\" data-id=\"455ba140\" data-element_type=\"section\">\n\t\t\t\t\t\t<div class=\"elementor-container elementor-column-gap-default\">\n\t\t\t\t\t<div class=\"elementor-column elementor-col-50 elementor-top-column elementor-element elementor-element-710ea691\" data-id=\"710ea691\" data-element_type=\"column\" data-settings=\"{&quot;background_background&quot;:&quot;gradient&quot;}\">\n\t\t\t<div class=\"elementor-widget-wrap elementor-element-populated\">\n\t\t\t\t\t\t<section class=\"elementor-section elementor-inner-section elementor-element elementor-element-68895614 hero-banner-breadcrumbs-container elementor-section-boxed elementor-section-height-default elementor-section-height-default\" data-id=\"68895614\" data-element_type=\"section\">\n\t\t\t\t\t\t<div class=\"elementor-container elementor-column-gap-default\">\n\t\t\t\t\t<div class=\"elementor-column elementor-col-100 elementor-inner-column elementor-element elementor-element-1e2a586e\" data-id=\"1e2a586e\" data-element_type=\"column\">\n\t\t\t<div class=\"elementor-widget-wrap elementor-element-populated\">\n\t\t\t\t\t\t<div class=\"elementor-element elementor-element-90231e7 elementor-widget elementor-widget-heading\" data-id=\"90231e7\" data-element_type=\"widget\" data-widget_type=\"heading.default\">\n\t\t\t\t<div class=\"elementor-widget-container\">\n\t\t\t\t\t<p class=\"elementor-heading-title elementor-size-default\"><a href=\"https:\/\/www.tpa-group.ro\/de\/\">Home |&nbsp;<\/a><\/p>\t\t\t\t<\/div>\n\t\t\t\t<\/div>\n\t\t\t\t<div class=\"elementor-element elementor-element-68671e6 elementor-widget elementor-widget-heading\" data-id=\"68671e6\" data-element_type=\"widget\" data-widget_type=\"heading.default\">\n\t\t\t\t<div class=\"elementor-widget-container\">\n\t\t\t\t\t<p class=\"elementor-heading-title elementor-size-default\">Cookie richtline<\/p>\t\t\t\t<\/div>\n\t\t\t\t<\/div>\n\t\t\t\t\t<\/div>\n\t\t<\/div>\n\t\t\t\t\t<\/div>\n\t\t<\/section>\n\t\t\t\t<div class=\"elementor-element elementor-element-1e0703f0 elementor-widget elementor-widget-heading\" data-id=\"1e0703f0\" data-element_type=\"widget\" data-widget_type=\"heading.default\">\n\t\t\t\t<div class=\"elementor-widget-container\">\n\t\t\t\t\t<h1 class=\"elementor-heading-title elementor-size-default\">Cookie richtline<\/h1>\t\t\t\t<\/div>\n\t\t\t\t<\/div>\n\t\t\t\t\t<\/div>\n\t\t<\/div>\n\t\t\t\t<div class=\"elementor-column elementor-col-50 elementor-top-column elementor-element elementor-element-1c2e1126\" data-id=\"1c2e1126\" data-element_type=\"column\">\n\t\t\t<div class=\"elementor-widget-wrap\">\n\t\t\t\t\t\t\t<\/div>\n\t\t<\/div>\n\t\t\t\t\t<\/div>\n\t\t<\/section>\n\t\t<div class=\"elementor-element elementor-element-bdd3abd  page-content-container e-flex e-con-boxed e-con e-parent\" data-id=\"bdd3abd\" data-element_type=\"container\" data-settings=\"{&quot;background_background&quot;:&quot;classic&quot;}\">\n\t\t\t\t\t<div class=\"e-con-inner\">\n\t\t\t\t<div class=\"elementor-element elementor-element-fe3195c elementor-widget elementor-widget-text-editor\" data-id=\"fe3195c\" data-element_type=\"widget\" data-widget_type=\"text-editor.default\">\n\t\t\t\t<div class=\"elementor-widget-container\">\n\t\t\t\t\t\t\t\t\t<ol><li><strong>Einleitung<\/strong><br \/>Diese Cookie-Richtlinie gilt f\u00fcr alle User dieser Website. Die folgenden Informationen sollen User dieser Website \u00fcber Platzierung, Einsatz und Handhabung von Cookies durch die Administratoren dieser Website im Zusammenhang mit dem Browsen auf dieser Website durch User informieren.<br \/><strong>2. Was sind Cookies?<\/strong><br \/>Der Begriff \u201eCookies\u201c bezieht sich auf Softwaremechanismen, durch die Informationen automatisch erfasst werden k\u00f6nnen. Ein \u201eInternet-Cookie\u201c (auch bekannt als \u201eBrowser-Cookie\u201c oder \u201eHTTP-Cookie\u201c oder einfach \u201eCookie\u201c) ist eine kleine Datei, die Buchstaben und Ziffern enth\u00e4lt und auf dem Computer des Users oder auf sonstigen Ger\u00e4ten gespeichert ist, \u00fcber die auf das Internet zugegriffen wird. Cookies werden mittels einer Web-Server-Anfrage an einen Browser (z.B. Microsoft Edge, Internet Explorer, Firefox, Chrome, Safari, Opera, etc.) installiert.<br \/>Sobald sie installiert sind, haben Cookies eine fixe Lebensdauer und bleiben dabei in dem Sinne \u201epassiv\u201c, dass sie keinerlei Software, Viren oder Spyware enthalten und nicht auf die auf der Festplatte des Users gespeicherten Daten zugreifen, auf dessen Endger\u00e4t sie installiert werden. Ein Cookie besteht aus zwei Teilen: dem Namen und dem Inhalt oder Wert. Aus technischer Sicht kann nur der Web Server, der das Cookie geschickt hat, wieder darauf zugreifen, sobald ein User zu der mit diesem Web Server zusammenh\u00e4ngenden Webseite zur\u00fcckkehrt.<br \/><strong>3. Warum werden Cookies verwendet?<\/strong><br \/>Cookies werden eingesetzt, um Usern dieser Website ein besseres Browsererlebnis sowie Services zu bieten, die auf die Bed\u00fcrfnisse und Interessen eines jeden einzelnen Users abgestimmt sind. Dies umfasst:<br \/>\u2022 die Verbesserung der Nutzung dieser Website, einschlie\u00dflich Erkennung allf\u00e4lliger Fehler, die auftreten, w\u00e4hrend sie von Usern besucht\/gen\u00fctzt wird<br \/>\u2022 Bereitstellung anonymer Statistiken \u00fcber die Nutzung dieser Website durch den Website-Administrator<br \/>\u2022 Antizipation m\u00f6glicher zuk\u00fcnftiger Features, die Usern \u00fcber diese Website zur Verf\u00fcgung gestellt werden, in Abh\u00e4ngigkeit vom Zugriff auf Services\/Produkte<br \/>Auf Basis der mittels Cookies erfassten Informationen \u00fcber die Nutzung dieser Website kann der Webmaster Ma\u00dfnahmen ergreifen, um die Website f\u00fcr User effizienter und zug\u00e4nglicher zu gestalten. Zu diesem Zweck erm\u00f6glicht die Verwendung von Cookies die Speicherung bestimmter von den Usern dieser Website get\u00e4tigter Einstellungen\/eingestellter Pr\u00e4ferenzen, wie in den folgenden nicht ausschlie\u00dflichen Beispielen:<br \/>\u2022 die Sprache, in der eine Webseite angezeigt wird<br \/>\u2022 die W\u00e4hrung, in der bestimmte Preise oder Tarife ausgedr\u00fcckt werden<br \/><strong>4. Die Lebensdauer eines Cookies<\/strong><br \/>Die Lebensdauer eines Cookies variiert erheblich in Abh\u00e4ngigkeit vom Zweck, zu dem es auf dem Endger\u00e4t des Users platziert wird. Es gibt unterschiedliche Kategorien von Cookies, wie folgt:<br \/>\u2022 der \u201eSession Cookie\u201c \u2013 wird automatisch gel\u00f6scht, sobald der User seinen\/ihren Browser beendet<br \/>\u2022 \u201ePermanenter Cookie\u201c oder \u201edauerhafter Cookie\u201c \u2013 ein Cookie, der auf dem Terminal des Users gespeichert bleibt, bis ein bestimmtes Ablaufdatum erreicht ist (dies kann nach ein paar Minuten oder Tagen oder auch nach mehreren Jahren der Fall sein) oder bis er zu beliebiger Zeit vom User \u00fcber die Browser-Einstellungen gel\u00f6scht wird.<br \/><strong>5. Von Dritten platzierte Cookies<\/strong><br \/>Ein bestimmter Content auf unserer Website kann unter Umst\u00e4nden von Dritten bereitgestellt werden, d.h. nicht vom Website-Administrator, und alle Cookies, die von Dritten auf dem Endger\u00e4t des Users platziert werden, bezeichnet man als \u201eDrittcookies\u201c. Drittcookies m\u00fcssen ebenfalls den f\u00fcr den Website-Eigent\u00fcmer geltenden Datenschutzregelungen entsprechen. Diese Arten von Cookie k\u00f6nnen von folgenden Dritten stammen: Google Analytics, Facebook, diverse Online-Stores und\/oder Online-Traffic-\u00dcberwachungsdienste.<br \/><strong>6. Arten von Cookies und die in ihnen gespeicherten Daten<\/strong><br \/>Indem Sie unsere Website n\u00fctzen\/besuchen, k\u00f6nnen die folgenden Cookies auf Ihrem Endger\u00e4t gespeichert werden:<br \/>(a) \u201eWebsite Performance oder Leistungs-Cookies\u201c: sie speichern die Pr\u00e4ferenzen des Users auf der Website, das hei\u00dft eine neuerliche Einstellung der Pr\u00e4ferenzen f\u00fcr sp\u00e4tere Besuche ist nicht mehr erforderlich<br \/>(b) \u201eAnalytische Cookies\u201c: sie speichern Informationen dar\u00fcber, ob ein User der Website diese Site bereits zuvor besucht\/gen\u00fctzt hat, von welcher Site der User kommt und auf welche Site der User weiternavigiert, sobald er die Site verl\u00e4sst (ausschlie\u00dflich f\u00fcr statistische Zwecke)<br \/>(c) \u201eGeotargeting-Cookies\u201c: sie werden eingesetzt, um das Ursprungsland des Website-Users automatisch zu bestimmen; ausgehend von seinem\/ihrem Standort werden dem Besucher unabh\u00e4ngig von der ausgew\u00e4hlten Sprache dieselben Anzeigen (f\u00fcr den bestimmten Standort) angezeigt<br \/>(d) \u201eErfassungs-Cookies\u201c: sobald ein User sich auf dieser Site anmeldet, werden Cookies generiert, die sich diese Anfrage merken, wobei die Server diese Cookies dann verwenden, um dem Webmaster den Account anzuzeigen, mit dem Sie eingeloggt sind, womit Sie die M\u00f6glichkeit haben, allf\u00e4llige auf der Website gepostete Kommentare mit dem User-Namen des benutzten Accounts in Verbindung zu bringen; wenn die Option \u201eangemeldet bleiben\u201c nicht ausgew\u00e4hlt ist, werden diese Cookies am Ende der Browser-Sitzung automatisch gel\u00f6scht<br \/>(e) \u201eWerbe-Cookies\u201c: sie erm\u00f6glichen es dem User, eine Online-Anzeige, deren Art sowie die Zeit anzuzeigen, die verstrichen ist, seit sie angezeigt wurde; diese Cookies werden f\u00fcr eine gezielte Online-Werbung eingesetzt und sind anonym, sie speichern lediglich Informationen \u00fcber den angezeigten Inhalt, nicht \u00fcber den User.<br \/><strong>7. Wie Cookies funktionieren<\/strong><br \/>Cookies speichern Daten in einer kleinen Textdatei, die die Erkennung des Browsers erm\u00f6glicht. Diese Website erkennt den Browser weiterhin, bis die Cookies auslaufen oder gel\u00f6scht werden.<br \/><strong>8. Individualisierung der Cookie-Einstellungen Ihres Browsers<\/strong><br \/>Wenn der Einsatz von Cookies Sie nicht st\u00f6rt, und der f\u00fcr das Surfen auf dieser Webseite eingesetzte Computer oder die sonstige daf\u00fcr verwendete technische Ausr\u00fcstung nur von Ihnen verwendet wird, k\u00f6nnen f\u00fcr die Speicherung der Navigationshistorie lange Ablaufdaten eingestellt werden.<br \/>Wenn der Computer oder die technische Ausr\u00fcstung, der\/die f\u00fcr das Surfen auf dieser Website eingesetzt wird, von mehreren Personen verwendet wird, werden Sie es vielleicht vorziehen, jene Einstellung zu aktivieren, die individuelle Browsing-Daten automatisch l\u00f6scht, sobald der Browser geschlossen wird.<br \/><strong>9. Deaktivieren von Cookies<\/strong><br \/>Das Deaktivieren und die Verweigerung der Annahme von Cookies k\u00f6nnen die Darstellung dieser Website erschweren und deren Verwendung einschr\u00e4nken. User k\u00f6nnen ihren Browser so einstellen, dass er Cookies von einer bestimmten Website entweder ablehnt oder akzeptiert. Alle modernen Browser bieten den Usern die M\u00f6glichkeit, die Cookie-Einstellungen zu ver\u00e4ndern. Zu diesen Einstellungen gelangt man normalerweise \u00fcber das \u201eOptionen\u201c-, \u201eEinstellungen\u201c- oder \u201ePr\u00e4ferenzen\u201c-Men\u00fc des Browsers. Bitte beachten Sie, dass das Ablehnen oder Deaktivieren von Cookies nicht bedeutet, dass Sie keine Online-Werbung angezeigt bekommen, sondern nur, dass diese nicht mehr auf Ihre Pr\u00e4ferenzen und Interessen abgestimmt sein wird, die anhand Ihres Browsing-Verhaltens erfasst wurden.<br \/><strong>10. Schlussbestimmungen<\/strong><br \/>Die Bedingungen und Bestimmungen dieser Richtlinie k\u00f6nnen periodisch aktualisiert\/ge\u00e4ndert werden. Wir werden allf\u00e4llige wesentliche \u00c4nderungen dieser Richtlinie \u00fcber geeignete Mitteilungen bekanntgeben, entweder auf dieser Website oder indem wir Sie \u00fcber andere Kommunikationskan\u00e4le kontaktieren. Im Falle weiterer Fragen dazu wie Cookies von dieser Website eingesetzt werden, kontaktieren Sie uns bitte unter Verwendung der auf der Kontaktseite dieser Website vorhandenen Kontaktdaten.<\/li><\/ol>\t\t\t\t\t\t\t\t<\/div>\n\t\t\t\t<\/div>\n\t\t\t\t\t<\/div>\n\t\t\t\t<\/div>\n\t\t\t\t<\/div>\n\t\t","protected":false},"excerpt":{"rendered":"<p>Home |&nbsp; Cookie richtline Cookie richtline EinleitungDiese Cookie-Richtlinie gilt f\u00fcr alle User dieser Website. Die folgenden Informationen sollen User dieser Website \u00fcber Platzierung, Einsatz und Handhabung von Cookies durch die Administratoren dieser Website im Zusammenhang mit dem Browsen auf dieser Website durch User informieren.2. Was sind Cookies?Der Begriff \u201eCookies\u201c bezieht sich auf Softwaremechanismen, durch die [&hellip;]<\/p>\n","protected":false},"author":44,"featured_media":0,"parent":0,"menu_order":0,"comment_status":"closed","ping_status":"closed","template":"","meta":{"_acf_changed":false,"footnotes":""},"class_list":["post-6978","page","type-page","status-publish","hentry"],"acf":[],"yoast_head":"<!-- This site is optimized with the Yoast SEO plugin v26.0 - https:\/\/yoast.com\/wordpress\/plugins\/seo\/ -->\n<title>COOKIE-RICHTLINIE | www.tpa-group.ro<\/title>\n<meta name=\"robots\" content=\"index, follow, max-snippet:-1, max-image-preview:large, max-video-preview:-1\" \/>\n<link rel=\"canonical\" href=\"https:\/\/www.tpa-group.ro\/de\/cookie-richtlinie\/\" \/>\n<meta property=\"og:locale\" content=\"de_DE\" \/>\n<meta property=\"og:type\" content=\"article\" \/>\n<meta property=\"og:title\" content=\"COOKIE-RICHTLINIE | www.tpa-group.ro\" \/>\n<meta property=\"og:description\" content=\"Home |&nbsp; Cookie richtline Cookie richtline EinleitungDiese Cookie-Richtlinie gilt f\u00fcr alle User dieser Website. Die folgenden Informationen sollen User dieser Website \u00fcber Platzierung, Einsatz und Handhabung von Cookies durch die Administratoren dieser Website im Zusammenhang mit dem Browsen auf dieser Website durch User informieren.2. Was sind Cookies?Der Begriff \u201eCookies\u201c bezieht sich auf Softwaremechanismen, durch die [&hellip;]\" \/>\n<meta property=\"og:url\" content=\"https:\/\/www.tpa-group.ro\/de\/cookie-richtlinie\/\" \/>\n<meta property=\"og:site_name\" content=\"www.tpa-group.ro\" \/>\n<meta property=\"article:modified_time\" content=\"2024-10-25T08:43:59+00:00\" \/>\n<meta property=\"og:image\" content=\"https:\/\/www.tpa-group.ro\/app\/uploads\/sites\/9\/2024\/10\/TPA-Logo.jpg\" \/>\n\t<meta property=\"og:image:width\" content=\"256\" \/>\n\t<meta property=\"og:image:height\" content=\"172\" \/>\n\t<meta property=\"og:image:type\" content=\"image\/jpeg\" \/>\n<meta name=\"twitter:card\" content=\"summary_large_image\" \/>\n<meta name=\"twitter:label1\" content=\"Est. reading time\" \/>\n\t<meta name=\"twitter:data1\" content=\"6 Minuten\" \/>\n<script type=\"application\/ld+json\" class=\"yoast-schema-graph\">{\"@context\":\"https:\/\/schema.org\",\"@graph\":[{\"@type\":\"WebPage\",\"@id\":\"https:\/\/www.tpa-group.ro\/de\/cookie-richtlinie\/\",\"url\":\"https:\/\/www.tpa-group.ro\/de\/cookie-richtlinie\/\",\"name\":\"COOKIE-RICHTLINIE | www.tpa-group.ro\",\"isPartOf\":{\"@id\":\"https:\/\/www.tpa-group.ro\/de\/#website\"},\"datePublished\":\"2024-09-05T14:17:57+00:00\",\"dateModified\":\"2024-10-25T08:43:59+00:00\",\"breadcrumb\":{\"@id\":\"https:\/\/www.tpa-group.ro\/de\/cookie-richtlinie\/#breadcrumb\"},\"inLanguage\":\"de-DE\",\"potentialAction\":[{\"@type\":\"ReadAction\",\"target\":[\"https:\/\/www.tpa-group.ro\/de\/cookie-richtlinie\/\"]}]},{\"@type\":\"BreadcrumbList\",\"@id\":\"https:\/\/www.tpa-group.ro\/de\/cookie-richtlinie\/#breadcrumb\",\"itemListElement\":[{\"@type\":\"ListItem\",\"position\":1,\"name\":\"Home\",\"item\":\"https:\/\/www.tpa-group.ro\/de\/\"},{\"@type\":\"ListItem\",\"position\":2,\"name\":\"COOKIE-RICHTLINIE\"}]},{\"@type\":\"WebSite\",\"@id\":\"https:\/\/www.tpa-group.ro\/de\/#website\",\"url\":\"https:\/\/www.tpa-group.ro\/de\/\",\"name\":\"TPA Romania\",\"description\":\"\",\"publisher\":{\"@id\":\"https:\/\/www.tpa-group.ro\/de\/#organization\"},\"potentialAction\":[{\"@type\":\"SearchAction\",\"target\":{\"@type\":\"EntryPoint\",\"urlTemplate\":\"https:\/\/www.tpa-group.ro\/de\/?s={search_term_string}\"},\"query-input\":{\"@type\":\"PropertyValueSpecification\",\"valueRequired\":true,\"valueName\":\"search_term_string\"}}],\"inLanguage\":\"de-DE\"},{\"@type\":\"Organization\",\"@id\":\"https:\/\/www.tpa-group.ro\/de\/#organization\",\"name\":\"TPA Romania\",\"url\":\"https:\/\/www.tpa-group.ro\/de\/\",\"logo\":{\"@type\":\"ImageObject\",\"inLanguage\":\"de-DE\",\"@id\":\"https:\/\/www.tpa-group.ro\/de\/#\/schema\/logo\/image\/\",\"url\":\"https:\/\/www.tpa-group.ro\/app\/uploads\/sites\/9\/2024\/10\/TPA-Logo.jpg\",\"contentUrl\":\"https:\/\/www.tpa-group.ro\/app\/uploads\/sites\/9\/2024\/10\/TPA-Logo.jpg\",\"width\":256,\"height\":172,\"caption\":\"TPA Romania\"},\"image\":{\"@id\":\"https:\/\/www.tpa-group.ro\/de\/#\/schema\/logo\/image\/\"}}]}<\/script>\n<!-- \/ Yoast SEO plugin. -->","yoast_head_json":{"title":"COOKIE-RICHTLINIE | www.tpa-group.ro","robots":{"index":"index","follow":"follow","max-snippet":"max-snippet:-1","max-image-preview":"max-image-preview:large","max-video-preview":"max-video-preview:-1"},"canonical":"https:\/\/www.tpa-group.ro\/de\/cookie-richtlinie\/","og_locale":"de_DE","og_type":"article","og_title":"COOKIE-RICHTLINIE | www.tpa-group.ro","og_description":"Home |&nbsp; Cookie richtline Cookie richtline EinleitungDiese Cookie-Richtlinie gilt f\u00fcr alle User dieser Website. Die folgenden Informationen sollen User dieser Website \u00fcber Platzierung, Einsatz und Handhabung von Cookies durch die Administratoren dieser Website im Zusammenhang mit dem Browsen auf dieser Website durch User informieren.2. Was sind Cookies?Der Begriff \u201eCookies\u201c bezieht sich auf Softwaremechanismen, durch die [&hellip;]","og_url":"https:\/\/www.tpa-group.ro\/de\/cookie-richtlinie\/","og_site_name":"www.tpa-group.ro","article_modified_time":"2024-10-25T08:43:59+00:00","og_image":[{"width":256,"height":172,"url":"https:\/\/www.tpa-group.ro\/app\/uploads\/sites\/9\/2024\/10\/TPA-Logo.jpg","type":"image\/jpeg"}],"twitter_card":"summary_large_image","twitter_misc":{"Est. reading time":"6 Minuten"},"schema":{"@context":"https:\/\/schema.org","@graph":[{"@type":"WebPage","@id":"https:\/\/www.tpa-group.ro\/de\/cookie-richtlinie\/","url":"https:\/\/www.tpa-group.ro\/de\/cookie-richtlinie\/","name":"COOKIE-RICHTLINIE | www.tpa-group.ro","isPartOf":{"@id":"https:\/\/www.tpa-group.ro\/de\/#website"},"datePublished":"2024-09-05T14:17:57+00:00","dateModified":"2024-10-25T08:43:59+00:00","breadcrumb":{"@id":"https:\/\/www.tpa-group.ro\/de\/cookie-richtlinie\/#breadcrumb"},"inLanguage":"de-DE","potentialAction":[{"@type":"ReadAction","target":["https:\/\/www.tpa-group.ro\/de\/cookie-richtlinie\/"]}]},{"@type":"BreadcrumbList","@id":"https:\/\/www.tpa-group.ro\/de\/cookie-richtlinie\/#breadcrumb","itemListElement":[{"@type":"ListItem","position":1,"name":"Home","item":"https:\/\/www.tpa-group.ro\/de\/"},{"@type":"ListItem","position":2,"name":"COOKIE-RICHTLINIE"}]},{"@type":"WebSite","@id":"https:\/\/www.tpa-group.ro\/de\/#website","url":"https:\/\/www.tpa-group.ro\/de\/","name":"TPA Romania","description":"","publisher":{"@id":"https:\/\/www.tpa-group.ro\/de\/#organization"},"potentialAction":[{"@type":"SearchAction","target":{"@type":"EntryPoint","urlTemplate":"https:\/\/www.tpa-group.ro\/de\/?s={search_term_string}"},"query-input":{"@type":"PropertyValueSpecification","valueRequired":true,"valueName":"search_term_string"}}],"inLanguage":"de-DE"},{"@type":"Organization","@id":"https:\/\/www.tpa-group.ro\/de\/#organization","name":"TPA Romania","url":"https:\/\/www.tpa-group.ro\/de\/","logo":{"@type":"ImageObject","inLanguage":"de-DE","@id":"https:\/\/www.tpa-group.ro\/de\/#\/schema\/logo\/image\/","url":"https:\/\/www.tpa-group.ro\/app\/uploads\/sites\/9\/2024\/10\/TPA-Logo.jpg","contentUrl":"https:\/\/www.tpa-group.ro\/app\/uploads\/sites\/9\/2024\/10\/TPA-Logo.jpg","width":256,"height":172,"caption":"TPA Romania"},"image":{"@id":"https:\/\/www.tpa-group.ro\/de\/#\/schema\/logo\/image\/"}}]}},"_links":{"self":[{"href":"https:\/\/www.tpa-group.ro\/de\/wp-json\/wp\/v2\/pages\/6978","targetHints":{"allow":["GET"]}}],"collection":[{"href":"https:\/\/www.tpa-group.ro\/de\/wp-json\/wp\/v2\/pages"}],"about":[{"href":"https:\/\/www.tpa-group.ro\/de\/wp-json\/wp\/v2\/types\/page"}],"author":[{"embeddable":true,"href":"https:\/\/www.tpa-group.ro\/de\/wp-json\/wp\/v2\/users\/44"}],"replies":[{"embeddable":true,"href":"https:\/\/www.tpa-group.ro\/de\/wp-json\/wp\/v2\/comments?post=6978"}],"version-history":[{"count":14,"href":"https:\/\/www.tpa-group.ro\/de\/wp-json\/wp\/v2\/pages\/6978\/revisions"}],"predecessor-version":[{"id":12857,"href":"https:\/\/www.tpa-group.ro\/de\/wp-json\/wp\/v2\/pages\/6978\/revisions\/12857"}],"wp:attachment":[{"href":"https:\/\/www.tpa-group.ro\/de\/wp-json\/wp\/v2\/media?parent=6978"}],"curies":[{"name":"wp","href":"https:\/\/api.w.org\/{rel}","templated":true}]}}