{"id":3503,"date":"2024-07-25T09:52:55","date_gmt":"2024-07-25T09:52:55","guid":{"rendered":"https:\/\/www.tpa-group.ro\/industries-ro\/"},"modified":"2024-10-25T08:10:45","modified_gmt":"2024-10-25T08:10:45","slug":"consultanta-in-limba-germana","status":"publish","type":"page","link":"https:\/\/www.tpa-group.ro\/ro\/consultanta-in-limba-germana\/","title":{"rendered":"Consultan\u0163\u0103 \u00een limba german\u0103"},"content":{"rendered":"\t\t<div data-elementor-type=\"wp-page\" data-elementor-id=\"3503\" class=\"elementor elementor-3503 elementor-2660\" data-elementor-post-type=\"page\">\n\t\t\t\t\t\t<section class=\"elementor-section elementor-top-section elementor-element elementor-element-455ba140 hero-banner elementor-section-boxed elementor-section-height-default elementor-section-height-default\" data-id=\"455ba140\" data-element_type=\"section\">\n\t\t\t\t\t\t<div class=\"elementor-container elementor-column-gap-default\">\n\t\t\t\t\t<div class=\"elementor-column elementor-col-50 elementor-top-column elementor-element elementor-element-710ea691\" data-id=\"710ea691\" data-element_type=\"column\">\n\t\t\t<div class=\"elementor-widget-wrap elementor-element-populated\">\n\t\t\t\t\t\t<section class=\"elementor-section elementor-inner-section elementor-element elementor-element-68895614 hero-banner-breadcrumbs-container elementor-section-boxed elementor-section-height-default elementor-section-height-default\" data-id=\"68895614\" data-element_type=\"section\">\n\t\t\t\t\t\t<div class=\"elementor-container elementor-column-gap-default\">\n\t\t\t\t\t<div class=\"elementor-column elementor-col-100 elementor-inner-column elementor-element elementor-element-1e2a586e\" data-id=\"1e2a586e\" data-element_type=\"column\">\n\t\t\t<div class=\"elementor-widget-wrap elementor-element-populated\">\n\t\t\t\t\t\t<div class=\"elementor-element elementor-element-90231e7 elementor-widget elementor-widget-heading\" data-id=\"90231e7\" data-element_type=\"widget\" data-widget_type=\"heading.default\">\n\t\t\t\t<div class=\"elementor-widget-container\">\n\t\t\t\t\t<p class=\"elementor-heading-title elementor-size-default\"><a href=\"https:\/\/www.tpa-group.ro\/ro\/\">Acas\u0103 |&nbsp;<\/a><\/p>\t\t\t\t<\/div>\n\t\t\t\t<\/div>\n\t\t\t\t<div class=\"elementor-element elementor-element-68671e6 elementor-widget elementor-widget-heading\" data-id=\"68671e6\" data-element_type=\"widget\" data-widget_type=\"heading.default\">\n\t\t\t\t<div class=\"elementor-widget-container\">\n\t\t\t\t\t<p class=\"elementor-heading-title elementor-size-default\">Consultan\u0163\u0103 \u00een limba german\u0103<\/p>\t\t\t\t<\/div>\n\t\t\t\t<\/div>\n\t\t\t\t\t<\/div>\n\t\t<\/div>\n\t\t\t\t\t<\/div>\n\t\t<\/section>\n\t\t\t\t<div class=\"elementor-element elementor-element-1e0703f0 elementor-widget elementor-widget-heading\" data-id=\"1e0703f0\" data-element_type=\"widget\" data-widget_type=\"heading.default\">\n\t\t\t\t<div class=\"elementor-widget-container\">\n\t\t\t\t\t<h1 class=\"elementor-heading-title elementor-size-default\">Consultan\u0163\u0103 \u00een limba german\u0103<\/h1>\t\t\t\t<\/div>\n\t\t\t\t<\/div>\n\t\t\t\t<div class=\"elementor-element elementor-element-6c37d347 elementor-widget elementor-widget-text-editor\" data-id=\"6c37d347\" data-element_type=\"widget\" data-widget_type=\"text-editor.default\">\n\t\t\t\t<div class=\"elementor-widget-container\">\n\t\t\t\t\t\t\t\t\t<p>Consider\u0103m consultan\u021ba fiscal\u0103 de succes, auditul orientat spre rezultate \u0219i consultan\u021ba de afaceri ca fiind clasice afaceri Face to Face. \u00cen opinia noastr\u0103, comunicarea personal\u0103 dintre dumneavoastr\u0103 \u0219i consultantul respectiv este de o importan\u021b\u0103 imens\u0103 pentru succesul consult\u0103rii dumneavoastr\u0103.<\/p>\t\t\t\t\t\t\t\t<\/div>\n\t\t\t\t<\/div>\n\t\t\t\t\t<\/div>\n\t\t<\/div>\n\t\t\t\t<div class=\"elementor-column elementor-col-50 elementor-top-column elementor-element elementor-element-1c2e1126\" data-id=\"1c2e1126\" data-element_type=\"column\">\n\t\t\t<div class=\"elementor-widget-wrap\">\n\t\t\t\t\t\t\t<\/div>\n\t\t<\/div>\n\t\t\t\t\t<\/div>\n\t\t<\/section>\n\t\t<div class=\"elementor-element elementor-element-a330965 page-content-container e-flex e-con-boxed e-con e-parent\" data-id=\"a330965\" data-element_type=\"container\">\n\t\t\t\t\t<div class=\"e-con-inner\">\n\t\t\t\t<div class=\"elementor-element elementor-element-ffe5b63 elementor-widget elementor-widget-heading\" data-id=\"ffe5b63\" data-element_type=\"widget\" data-widget_type=\"heading.default\">\n\t\t\t\t<div class=\"elementor-widget-container\">\n\t\t\t\t\t<h2 class=\"elementor-heading-title elementor-size-default\">V\u0103 oferim consultan\u021b\u0103 \u00een limba vorbit\u0103 de dumneavoastr\u0103 \u2013 \u201eBirourile de limb\u0103 german\u0103 \u0219i englez\u0103\u201d<\/h2>\t\t\t\t<\/div>\n\t\t\t\t<\/div>\n\t\t\t\t<div class=\"elementor-element elementor-element-b839480 elementor-widget elementor-widget-text-editor\" data-id=\"b839480\" data-element_type=\"widget\" data-widget_type=\"text-editor.default\">\n\t\t\t\t<div class=\"elementor-widget-container\">\n\t\t\t\t\t\t\t\t\t<p>Consider\u0103m c\u0103 succesul consultan\u021bei fiscale, orientarea c\u0103tre rezultate a auditurilor \u0219i consultan\u021ba \u00een afaceri se datoreaz\u0103 <strong>Face to Face Business<\/strong>. Dup\u0103 p\u0103rerea noastr\u0103, comunicarea personal\u0103 dintre dumneavoastr\u0103 \u0219i consultantul dumneavoastr\u0103 este extrem de important\u0103 pentru succesul discu\u021biei.<\/p>\t\t\t\t\t\t\t\t<\/div>\n\t\t\t\t<\/div>\n\t\t\t\t<div class=\"elementor-element elementor-element-7424ba7 elementor-widget elementor-widget-heading\" data-id=\"7424ba7\" data-element_type=\"widget\" data-widget_type=\"heading.default\">\n\t\t\t\t<div class=\"elementor-widget-container\">\n\t\t\t\t\t<h2 class=\"elementor-heading-title elementor-size-default\">\u201eBirou de limb\u0103 german\u0103 \u0219i englez\u0103\u201d \u00een fiecare centru din Europa Central\u0103 \u0219i de Sud-Est<\/h2>\t\t\t\t<\/div>\n\t\t\t\t<\/div>\n\t\t\t\t<div class=\"elementor-element elementor-element-38e636d elementor-widget elementor-widget-image\" data-id=\"38e636d\" data-element_type=\"widget\" data-widget_type=\"image.default\">\n\t\t\t\t<div class=\"elementor-widget-container\">\n\t\t\t\t\t\t\t\t\t\t\t\t\t\t\t<img fetchpriority=\"high\" decoding=\"async\" width=\"500\" height=\"355\" src=\"https:\/\/www.tpa-group.ro\/app\/uploads\/sites\/9\/2024\/07\/TPA-German-English-Desk-CEE-Beratung-auf-deutsch-Kreis_2.webp\" class=\"attachment-large size-large wp-image-2686\" alt=\"\" srcset=\"https:\/\/www.tpa-group.ro\/app\/uploads\/sites\/9\/2024\/07\/TPA-German-English-Desk-CEE-Beratung-auf-deutsch-Kreis_2.webp 500w, https:\/\/www.tpa-group.ro\/app\/uploads\/sites\/9\/2024\/07\/TPA-German-English-Desk-CEE-Beratung-auf-deutsch-Kreis_2-300x213.webp 300w\" sizes=\"(max-width: 500px) 100vw, 500px\" \/>\t\t\t\t\t\t\t\t\t\t\t\t\t\t\t<\/div>\n\t\t\t\t<\/div>\n\t\t\t\t<div class=\"elementor-element elementor-element-c935b66 elementor-widget elementor-widget-spacer\" data-id=\"c935b66\" data-element_type=\"widget\" data-widget_type=\"spacer.default\">\n\t\t\t\t<div class=\"elementor-widget-container\">\n\t\t\t\t\t\t\t<div class=\"elementor-spacer\">\n\t\t\t<div class=\"elementor-spacer-inner\"><\/div>\n\t\t<\/div>\n\t\t\t\t\t\t<\/div>\n\t\t\t\t<\/div>\n\t\t\t\t<div class=\"elementor-element elementor-element-3cd3e76 elementor-widget elementor-widget-text-editor\" data-id=\"3cd3e76\" data-element_type=\"widget\" data-widget_type=\"text-editor.default\">\n\t\t\t\t<div class=\"elementor-widget-container\">\n\t\t\t\t\t\t\t\t\t\u00cen consecin\u021b\u0103, partenerii \u0219i angaja\u021bii din fiecare centru din Europa Central\u0103 \u0219i de Est v\u0103 pot consilia nu numai \u00een limba na\u021bional\u0103 respectiv\u0103, ci, pe l\u00e2ng\u0103 aceasta, \u00een german\u0103 \u0219i\/sau englez\u0103. Astfel, putem exclude posibilitatea apari\u021biei dificult\u0103\u021bilor de \u00een\u021belegere \u0219i a surselor de eroare \u00een respectivul domeniu de expertiz\u0103.\t\t\t\t\t\t\t\t<\/div>\n\t\t\t\t<\/div>\n\t\t\t\t<div class=\"elementor-element elementor-element-a695ea9 elementor-widget elementor-widget-heading\" data-id=\"a695ea9\" data-element_type=\"widget\" data-widget_type=\"heading.default\">\n\t\t\t\t<div class=\"elementor-widget-container\">\n\t\t\t\t\t<h2 class=\"elementor-heading-title elementor-size-default\">Vorbim limba dumneavoastr\u0103<\/h2>\t\t\t\t<\/div>\n\t\t\t\t<\/div>\n\t\t\t\t<div class=\"elementor-element elementor-element-b7f1859 elementor-widget elementor-widget-text-editor\" data-id=\"b7f1859\" data-element_type=\"widget\" data-widget_type=\"text-editor.default\">\n\t\t\t\t<div class=\"elementor-widget-container\">\n\t\t\t\t\t\t\t\t\t<p><strong>Vorbim limba dumneavoastr\u0103<\/strong>, ceea ce reduce riscul unor ne\u00een\u021belegeri \u0219i cre\u0219te nivelul de \u00eencredere \u00eentre partenerii de afaceri implica\u021bi.<\/p>\t\t\t\t\t\t\t\t<\/div>\n\t\t\t\t<\/div>\n\t\t\t\t<div class=\"elementor-element elementor-element-448cff5 elementor-widget elementor-widget-text-editor\" data-id=\"448cff5\" data-element_type=\"widget\" data-widget_type=\"text-editor.default\">\n\t\t\t\t<div class=\"elementor-widget-container\">\n\t\t\t\t\t\t\t\t\t<ul><li><strong>Grupul TPA:\u00a0centrele noastre din Europa Central\u0103 \u0219i de Sud-Est<\/strong><\/li><li><strong>\u0218tirile Grupului TPA<\/strong>: nout\u0103\u021bi fiscale \u0219i financiare din regiunea ECE\/ESE.<\/li><li>Comanda\u021bi\u00a0<span style=\"text-decoration: underline;\"><a href=\"https:\/\/www.tpa-group.ro\/ro\/knowhow\/\"><strong>bro\u0219uri \u0219i studii<\/strong><\/a><\/span>\u00a0fiscale \u0219i financiare gratuit online<\/li><\/ul>\t\t\t\t\t\t\t\t<\/div>\n\t\t\t\t<\/div>\n\t\t\t\t\t<\/div>\n\t\t\t\t<\/div>\n\t\t\t\t<\/div>\n\t\t","protected":false},"excerpt":{"rendered":"<p>Acas\u0103 |&nbsp; Consultan\u0163\u0103 \u00een limba german\u0103 Consultan\u0163\u0103 \u00een limba german\u0103 Consider\u0103m consultan\u021ba fiscal\u0103 de succes, auditul orientat spre rezultate \u0219i consultan\u021ba de afaceri ca fiind clasice afaceri Face to Face. \u00cen opinia noastr\u0103, comunicarea personal\u0103 dintre dumneavoastr\u0103 \u0219i consultantul respectiv este de o importan\u021b\u0103 imens\u0103 pentru succesul consult\u0103rii dumneavoastr\u0103. V\u0103 oferim consultan\u021b\u0103 \u00een limba vorbit\u0103 [&hellip;]<\/p>\n","protected":false},"author":44,"featured_media":0,"parent":0,"menu_order":0,"comment_status":"closed","ping_status":"closed","template":"","meta":{"_acf_changed":false,"footnotes":""},"class_list":["post-3503","page","type-page","status-publish","hentry"],"acf":[],"yoast_head":"<!-- This site is optimized with the Yoast SEO plugin v26.0 - https:\/\/yoast.com\/wordpress\/plugins\/seo\/ -->\n<title>Consultan\u0163\u0103 \u00een limba german\u0103 | www.tpa-group.ro<\/title>\n<meta name=\"robots\" content=\"index, follow, max-snippet:-1, max-image-preview:large, max-video-preview:-1\" \/>\n<link rel=\"canonical\" href=\"https:\/\/www.tpa-group.ro\/ro\/consultanta-in-limba-germana\/\" \/>\n<meta property=\"og:locale\" content=\"ro_RO\" \/>\n<meta property=\"og:type\" content=\"article\" \/>\n<meta property=\"og:title\" content=\"Consultan\u0163\u0103 \u00een limba german\u0103 | www.tpa-group.ro\" \/>\n<meta property=\"og:description\" content=\"Acas\u0103 |&nbsp; Consultan\u0163\u0103 \u00een limba german\u0103 Consultan\u0163\u0103 \u00een limba german\u0103 Consider\u0103m consultan\u021ba fiscal\u0103 de succes, auditul orientat spre rezultate \u0219i consultan\u021ba de afaceri ca fiind clasice afaceri Face to Face. \u00cen opinia noastr\u0103, comunicarea personal\u0103 dintre dumneavoastr\u0103 \u0219i consultantul respectiv este de o importan\u021b\u0103 imens\u0103 pentru succesul consult\u0103rii dumneavoastr\u0103. V\u0103 oferim consultan\u021b\u0103 \u00een limba vorbit\u0103 [&hellip;]\" \/>\n<meta property=\"og:url\" content=\"https:\/\/www.tpa-group.ro\/ro\/consultanta-in-limba-germana\/\" \/>\n<meta property=\"og:site_name\" content=\"www.tpa-group.ro\" \/>\n<meta property=\"article:modified_time\" content=\"2024-10-25T08:10:45+00:00\" \/>\n<meta property=\"og:image\" content=\"https:\/\/www.tpa-group.ro\/app\/uploads\/sites\/9\/2024\/07\/TPA-German-English-Desk-CEE-Beratung-auf-deutsch-Kreis_2.webp\" \/>\n<meta name=\"twitter:card\" content=\"summary_large_image\" \/>\n<meta name=\"twitter:label1\" content=\"Est. reading time\" \/>\n\t<meta name=\"twitter:data1\" content=\"2 minute\" \/>\n<script type=\"application\/ld+json\" class=\"yoast-schema-graph\">{\"@context\":\"https:\/\/schema.org\",\"@graph\":[{\"@type\":\"WebPage\",\"@id\":\"https:\/\/www.tpa-group.ro\/ro\/consultanta-in-limba-germana\/\",\"url\":\"https:\/\/www.tpa-group.ro\/ro\/consultanta-in-limba-germana\/\",\"name\":\"Consultan\u0163\u0103 \u00een limba german\u0103 | www.tpa-group.ro\",\"isPartOf\":{\"@id\":\"https:\/\/www.tpa-group.ro\/ro\/#website\"},\"primaryImageOfPage\":{\"@id\":\"https:\/\/www.tpa-group.ro\/ro\/consultanta-in-limba-germana\/#primaryimage\"},\"image\":{\"@id\":\"https:\/\/www.tpa-group.ro\/ro\/consultanta-in-limba-germana\/#primaryimage\"},\"thumbnailUrl\":\"https:\/\/www.tpa-group.ro\/app\/uploads\/sites\/9\/2024\/07\/TPA-German-English-Desk-CEE-Beratung-auf-deutsch-Kreis_2.webp\",\"datePublished\":\"2024-07-25T09:52:55+00:00\",\"dateModified\":\"2024-10-25T08:10:45+00:00\",\"breadcrumb\":{\"@id\":\"https:\/\/www.tpa-group.ro\/ro\/consultanta-in-limba-germana\/#breadcrumb\"},\"inLanguage\":\"ro-RO\",\"potentialAction\":[{\"@type\":\"ReadAction\",\"target\":[\"https:\/\/www.tpa-group.ro\/ro\/consultanta-in-limba-germana\/\"]}]},{\"@type\":\"ImageObject\",\"inLanguage\":\"ro-RO\",\"@id\":\"https:\/\/www.tpa-group.ro\/ro\/consultanta-in-limba-germana\/#primaryimage\",\"url\":\"https:\/\/www.tpa-group.ro\/app\/uploads\/sites\/9\/2024\/07\/TPA-German-English-Desk-CEE-Beratung-auf-deutsch-Kreis_2.webp\",\"contentUrl\":\"https:\/\/www.tpa-group.ro\/app\/uploads\/sites\/9\/2024\/07\/TPA-German-English-Desk-CEE-Beratung-auf-deutsch-Kreis_2.webp\"},{\"@type\":\"BreadcrumbList\",\"@id\":\"https:\/\/www.tpa-group.ro\/ro\/consultanta-in-limba-germana\/#breadcrumb\",\"itemListElement\":[{\"@type\":\"ListItem\",\"position\":1,\"name\":\"Home\",\"item\":\"https:\/\/www.tpa-group.ro\/ro\/\"},{\"@type\":\"ListItem\",\"position\":2,\"name\":\"Consultan\u0163\u0103 \u00een limba german\u0103\"}]},{\"@type\":\"WebSite\",\"@id\":\"https:\/\/www.tpa-group.ro\/ro\/#website\",\"url\":\"https:\/\/www.tpa-group.ro\/ro\/\",\"name\":\"TPA Romania\",\"description\":\"\",\"publisher\":{\"@id\":\"https:\/\/www.tpa-group.ro\/ro\/#organization\"},\"potentialAction\":[{\"@type\":\"SearchAction\",\"target\":{\"@type\":\"EntryPoint\",\"urlTemplate\":\"https:\/\/www.tpa-group.ro\/ro\/?s={search_term_string}\"},\"query-input\":{\"@type\":\"PropertyValueSpecification\",\"valueRequired\":true,\"valueName\":\"search_term_string\"}}],\"inLanguage\":\"ro-RO\"},{\"@type\":\"Organization\",\"@id\":\"https:\/\/www.tpa-group.ro\/ro\/#organization\",\"name\":\"TPA Romania\",\"url\":\"https:\/\/www.tpa-group.ro\/ro\/\",\"logo\":{\"@type\":\"ImageObject\",\"inLanguage\":\"ro-RO\",\"@id\":\"https:\/\/www.tpa-group.ro\/ro\/#\/schema\/logo\/image\/\",\"url\":\"https:\/\/www.tpa-group.ro\/app\/uploads\/sites\/9\/2024\/10\/TPA-Logo.jpg\",\"contentUrl\":\"https:\/\/www.tpa-group.ro\/app\/uploads\/sites\/9\/2024\/10\/TPA-Logo.jpg\",\"width\":256,\"height\":172,\"caption\":\"TPA Romania\"},\"image\":{\"@id\":\"https:\/\/www.tpa-group.ro\/ro\/#\/schema\/logo\/image\/\"}}]}<\/script>\n<!-- \/ Yoast SEO plugin. -->","yoast_head_json":{"title":"Consultan\u0163\u0103 \u00een limba german\u0103 | www.tpa-group.ro","robots":{"index":"index","follow":"follow","max-snippet":"max-snippet:-1","max-image-preview":"max-image-preview:large","max-video-preview":"max-video-preview:-1"},"canonical":"https:\/\/www.tpa-group.ro\/ro\/consultanta-in-limba-germana\/","og_locale":"ro_RO","og_type":"article","og_title":"Consultan\u0163\u0103 \u00een limba german\u0103 | www.tpa-group.ro","og_description":"Acas\u0103 |&nbsp; Consultan\u0163\u0103 \u00een limba german\u0103 Consultan\u0163\u0103 \u00een limba german\u0103 Consider\u0103m consultan\u021ba fiscal\u0103 de succes, auditul orientat spre rezultate \u0219i consultan\u021ba de afaceri ca fiind clasice afaceri Face to Face. \u00cen opinia noastr\u0103, comunicarea personal\u0103 dintre dumneavoastr\u0103 \u0219i consultantul respectiv este de o importan\u021b\u0103 imens\u0103 pentru succesul consult\u0103rii dumneavoastr\u0103. V\u0103 oferim consultan\u021b\u0103 \u00een limba vorbit\u0103 [&hellip;]","og_url":"https:\/\/www.tpa-group.ro\/ro\/consultanta-in-limba-germana\/","og_site_name":"www.tpa-group.ro","article_modified_time":"2024-10-25T08:10:45+00:00","og_image":[{"url":"https:\/\/www.tpa-group.ro\/app\/uploads\/sites\/9\/2024\/07\/TPA-German-English-Desk-CEE-Beratung-auf-deutsch-Kreis_2.webp","type":"","width":"","height":""}],"twitter_card":"summary_large_image","twitter_misc":{"Est. reading time":"2 minute"},"schema":{"@context":"https:\/\/schema.org","@graph":[{"@type":"WebPage","@id":"https:\/\/www.tpa-group.ro\/ro\/consultanta-in-limba-germana\/","url":"https:\/\/www.tpa-group.ro\/ro\/consultanta-in-limba-germana\/","name":"Consultan\u0163\u0103 \u00een limba german\u0103 | www.tpa-group.ro","isPartOf":{"@id":"https:\/\/www.tpa-group.ro\/ro\/#website"},"primaryImageOfPage":{"@id":"https:\/\/www.tpa-group.ro\/ro\/consultanta-in-limba-germana\/#primaryimage"},"image":{"@id":"https:\/\/www.tpa-group.ro\/ro\/consultanta-in-limba-germana\/#primaryimage"},"thumbnailUrl":"https:\/\/www.tpa-group.ro\/app\/uploads\/sites\/9\/2024\/07\/TPA-German-English-Desk-CEE-Beratung-auf-deutsch-Kreis_2.webp","datePublished":"2024-07-25T09:52:55+00:00","dateModified":"2024-10-25T08:10:45+00:00","breadcrumb":{"@id":"https:\/\/www.tpa-group.ro\/ro\/consultanta-in-limba-germana\/#breadcrumb"},"inLanguage":"ro-RO","potentialAction":[{"@type":"ReadAction","target":["https:\/\/www.tpa-group.ro\/ro\/consultanta-in-limba-germana\/"]}]},{"@type":"ImageObject","inLanguage":"ro-RO","@id":"https:\/\/www.tpa-group.ro\/ro\/consultanta-in-limba-germana\/#primaryimage","url":"https:\/\/www.tpa-group.ro\/app\/uploads\/sites\/9\/2024\/07\/TPA-German-English-Desk-CEE-Beratung-auf-deutsch-Kreis_2.webp","contentUrl":"https:\/\/www.tpa-group.ro\/app\/uploads\/sites\/9\/2024\/07\/TPA-German-English-Desk-CEE-Beratung-auf-deutsch-Kreis_2.webp"},{"@type":"BreadcrumbList","@id":"https:\/\/www.tpa-group.ro\/ro\/consultanta-in-limba-germana\/#breadcrumb","itemListElement":[{"@type":"ListItem","position":1,"name":"Home","item":"https:\/\/www.tpa-group.ro\/ro\/"},{"@type":"ListItem","position":2,"name":"Consultan\u0163\u0103 \u00een limba german\u0103"}]},{"@type":"WebSite","@id":"https:\/\/www.tpa-group.ro\/ro\/#website","url":"https:\/\/www.tpa-group.ro\/ro\/","name":"TPA Romania","description":"","publisher":{"@id":"https:\/\/www.tpa-group.ro\/ro\/#organization"},"potentialAction":[{"@type":"SearchAction","target":{"@type":"EntryPoint","urlTemplate":"https:\/\/www.tpa-group.ro\/ro\/?s={search_term_string}"},"query-input":{"@type":"PropertyValueSpecification","valueRequired":true,"valueName":"search_term_string"}}],"inLanguage":"ro-RO"},{"@type":"Organization","@id":"https:\/\/www.tpa-group.ro\/ro\/#organization","name":"TPA Romania","url":"https:\/\/www.tpa-group.ro\/ro\/","logo":{"@type":"ImageObject","inLanguage":"ro-RO","@id":"https:\/\/www.tpa-group.ro\/ro\/#\/schema\/logo\/image\/","url":"https:\/\/www.tpa-group.ro\/app\/uploads\/sites\/9\/2024\/10\/TPA-Logo.jpg","contentUrl":"https:\/\/www.tpa-group.ro\/app\/uploads\/sites\/9\/2024\/10\/TPA-Logo.jpg","width":256,"height":172,"caption":"TPA Romania"},"image":{"@id":"https:\/\/www.tpa-group.ro\/ro\/#\/schema\/logo\/image\/"}}]}},"_links":{"self":[{"href":"https:\/\/www.tpa-group.ro\/ro\/wp-json\/wp\/v2\/pages\/3503","targetHints":{"allow":["GET"]}}],"collection":[{"href":"https:\/\/www.tpa-group.ro\/ro\/wp-json\/wp\/v2\/pages"}],"about":[{"href":"https:\/\/www.tpa-group.ro\/ro\/wp-json\/wp\/v2\/types\/page"}],"author":[{"embeddable":true,"href":"https:\/\/www.tpa-group.ro\/ro\/wp-json\/wp\/v2\/users\/44"}],"replies":[{"embeddable":true,"href":"https:\/\/www.tpa-group.ro\/ro\/wp-json\/wp\/v2\/comments?post=3503"}],"version-history":[{"count":14,"href":"https:\/\/www.tpa-group.ro\/ro\/wp-json\/wp\/v2\/pages\/3503\/revisions"}],"predecessor-version":[{"id":12755,"href":"https:\/\/www.tpa-group.ro\/ro\/wp-json\/wp\/v2\/pages\/3503\/revisions\/12755"}],"wp:attachment":[{"href":"https:\/\/www.tpa-group.ro\/ro\/wp-json\/wp\/v2\/media?parent=3503"}],"curies":[{"name":"wp","href":"https:\/\/api.w.org\/{rel}","templated":true}]}}