{"id":3533,"date":"2024-05-16T08:12:49","date_gmt":"2024-05-16T08:12:49","guid":{"rendered":"https:\/\/www.tpa-group.ro\/carrer\/"},"modified":"2024-10-25T08:03:47","modified_gmt":"2024-10-25T08:03:47","slug":"cariere","status":"publish","type":"page","link":"https:\/\/www.tpa-group.ro\/ro\/cariere\/","title":{"rendered":"Cariere"},"content":{"rendered":"\t\t<div data-elementor-type=\"wp-page\" data-elementor-id=\"3533\" class=\"elementor elementor-3533 elementor-1399\" data-elementor-post-type=\"page\">\n\t\t\t\t\t\t<section class=\"elementor-section elementor-top-section elementor-element elementor-element-17edecb9 hero-banner elementor-section-boxed elementor-section-height-default elementor-section-height-default\" data-id=\"17edecb9\" data-element_type=\"section\" data-settings=\"{&quot;background_background&quot;:&quot;classic&quot;}\">\n\t\t\t\t\t\t\t<div class=\"elementor-background-overlay\"><\/div>\n\t\t\t\t\t\t\t<div class=\"elementor-container elementor-column-gap-default\">\n\t\t\t\t\t<div class=\"elementor-column elementor-col-50 elementor-top-column elementor-element elementor-element-3315820c\" data-id=\"3315820c\" data-element_type=\"column\">\n\t\t\t<div class=\"elementor-widget-wrap elementor-element-populated\">\n\t\t\t\t\t\t<section class=\"elementor-section elementor-inner-section elementor-element elementor-element-69e94adf hero-banner-breadcrumbs-container elementor-section-boxed elementor-section-height-default elementor-section-height-default\" data-id=\"69e94adf\" data-element_type=\"section\">\n\t\t\t\t\t\t<div class=\"elementor-container elementor-column-gap-default\">\n\t\t\t\t\t<div class=\"elementor-column elementor-col-100 elementor-inner-column elementor-element elementor-element-8b811b3\" data-id=\"8b811b3\" data-element_type=\"column\">\n\t\t\t<div class=\"elementor-widget-wrap elementor-element-populated\">\n\t\t\t\t\t\t<div class=\"elementor-element elementor-element-1ffa4cdc elementor-widget elementor-widget-heading\" data-id=\"1ffa4cdc\" data-element_type=\"widget\" data-widget_type=\"heading.default\">\n\t\t\t\t<div class=\"elementor-widget-container\">\n\t\t\t\t\t<p class=\"elementor-heading-title elementor-size-default\"><a href=\"https:\/\/www.tpa-group.ro\/ro\/\">Acas\u0103 |&nbsp;<\/a><\/p>\t\t\t\t<\/div>\n\t\t\t\t<\/div>\n\t\t\t\t<div class=\"elementor-element elementor-element-4143b579 elementor-widget elementor-widget-heading\" data-id=\"4143b579\" data-element_type=\"widget\" data-widget_type=\"heading.default\">\n\t\t\t\t<div class=\"elementor-widget-container\">\n\t\t\t\t\t<p class=\"elementor-heading-title elementor-size-default\">Cariere<\/p>\t\t\t\t<\/div>\n\t\t\t\t<\/div>\n\t\t\t\t\t<\/div>\n\t\t<\/div>\n\t\t\t\t\t<\/div>\n\t\t<\/section>\n\t\t\t\t<div class=\"elementor-element elementor-element-16661a1 elementor-widget elementor-widget-heading\" data-id=\"16661a1\" data-element_type=\"widget\" data-widget_type=\"heading.default\">\n\t\t\t\t<div class=\"elementor-widget-container\">\n\t\t\t\t\t<h1 class=\"elementor-heading-title elementor-size-default\">De ce s\u0103 te al\u0103turi TPA Romania?<\/h1>\t\t\t\t<\/div>\n\t\t\t\t<\/div>\n\t\t\t\t\t<\/div>\n\t\t<\/div>\n\t\t\t\t<div class=\"elementor-column elementor-col-50 elementor-top-column elementor-element elementor-element-18cad364\" data-id=\"18cad364\" data-element_type=\"column\">\n\t\t\t<div class=\"elementor-widget-wrap\">\n\t\t\t\t\t\t\t<\/div>\n\t\t<\/div>\n\t\t\t\t\t<\/div>\n\t\t<\/section>\n\t\t<div class=\"elementor-element elementor-element-abf53a6 page-content-container e-flex e-con-boxed e-con e-parent\" data-id=\"abf53a6\" data-element_type=\"container\">\n\t\t\t\t\t<div class=\"e-con-inner\">\n\t\t\t\t<div class=\"elementor-element elementor-element-ff52bcd elementor-widget elementor-widget-heading\" data-id=\"ff52bcd\" data-element_type=\"widget\" data-widget_type=\"heading.default\">\n\t\t\t\t<div class=\"elementor-widget-container\">\n\t\t\t\t\t<h2 class=\"elementor-heading-title elementor-size-default\">TPA \u2013 un loc de munc\u0103 excelent<\/h2>\t\t\t\t<\/div>\n\t\t\t\t<\/div>\n\t\t\t\t<div class=\"elementor-element elementor-element-c79ff2c elementor-widget elementor-widget-text-editor\" data-id=\"c79ff2c\" data-element_type=\"widget\" data-widget_type=\"text-editor.default\">\n\t\t\t\t<div class=\"elementor-widget-container\">\n\t\t\t\t\t\t\t\t\tSuccesul \u015fi dezvoltarea continu\u0103, \u00eempreun\u0103 cu aten\u0163ia pe care o acord\u0103m prosperit\u0103\u0163ii companiei noastre, formeaz\u0103 fundamentul perfect pentru o dezvoltare profesional\u0103 optim\u0103.\t\t\t\t\t\t\t\t<\/div>\n\t\t\t\t<\/div>\n\t\t\t\t<div class=\"elementor-element elementor-element-f07d881 elementor-widget elementor-widget-text-editor\" data-id=\"f07d881\" data-element_type=\"widget\" data-widget_type=\"text-editor.default\">\n\t\t\t\t<div class=\"elementor-widget-container\">\n\t\t\t\t\t\t\t\t\tTrat\u0103m cu toat\u0103 seriozitatea dezvoltarea profesional\u0103 continu\u0103 \u015fi \u00eencerc\u0103m mereu s\u0103 facem un pas \u00een plus pentru binele clien\u0163ilor no\u015ftri. Facem dovada angajamentului nostru \u00een fiecare zi: \u00eentelegerea clien\u0163ilor \u015fi satisfacerea nevoilor acestora sunt priorit\u0103\u0163ile noastre cele mai \u00eenalte.\t\t\t\t\t\t\t\t<\/div>\n\t\t\t\t<\/div>\n\t\t\t\t<div class=\"elementor-element elementor-element-89b961b elementor-widget elementor-widget-image\" data-id=\"89b961b\" data-element_type=\"widget\" data-widget_type=\"image.default\">\n\t\t\t\t<div class=\"elementor-widget-container\">\n\t\t\t\t\t\t\t\t\t\t\t\t\t\t\t<img fetchpriority=\"high\" decoding=\"async\" width=\"1024\" height=\"362\" src=\"https:\/\/www.tpa-group.ro\/app\/uploads\/sites\/9\/2024\/07\/TPA21_Acrdn_set6-01r03_HI-RES-1-1024x362-1.webp\" class=\"attachment-full size-full wp-image-3060\" alt=\"\" srcset=\"https:\/\/www.tpa-group.ro\/app\/uploads\/sites\/9\/2024\/07\/TPA21_Acrdn_set6-01r03_HI-RES-1-1024x362-1.webp 1024w, https:\/\/www.tpa-group.ro\/app\/uploads\/sites\/9\/2024\/07\/TPA21_Acrdn_set6-01r03_HI-RES-1-1024x362-1-300x106.webp 300w, https:\/\/www.tpa-group.ro\/app\/uploads\/sites\/9\/2024\/07\/TPA21_Acrdn_set6-01r03_HI-RES-1-1024x362-1-768x272.webp 768w\" sizes=\"(max-width: 1024px) 100vw, 1024px\" \/>\t\t\t\t\t\t\t\t\t\t\t\t\t\t\t<\/div>\n\t\t\t\t<\/div>\n\t\t\t\t<div class=\"elementor-element elementor-element-44a429d elementor-widget elementor-widget-spacer\" data-id=\"44a429d\" data-element_type=\"widget\" data-widget_type=\"spacer.default\">\n\t\t\t\t<div class=\"elementor-widget-container\">\n\t\t\t\t\t\t\t<div class=\"elementor-spacer\">\n\t\t\t<div class=\"elementor-spacer-inner\"><\/div>\n\t\t<\/div>\n\t\t\t\t\t\t<\/div>\n\t\t\t\t<\/div>\n\t\t\t\t<div class=\"elementor-element elementor-element-277ec20 elementor-widget elementor-widget-text-editor\" data-id=\"277ec20\" data-element_type=\"widget\" data-widget_type=\"text-editor.default\">\n\t\t\t\t<div class=\"elementor-widget-container\">\n\t\t\t\t\t\t\t\t\t\u015etim c\u0103 succesul nostru depinde de personalul nostru \u00eenalt calificat \u015fi motivat. Lucr\u0103m ca o echip\u0103, ajut\u00e2ndu-ne reciproc s\u0103 prelu\u0103m responsabilit\u0103\u0163i \u015fi s\u0103 oferim un serviciu de prim\u0103 clas\u0103.\t\t\t\t\t\t\t\t<\/div>\n\t\t\t\t<\/div>\n\t\t\t\t<div class=\"elementor-element elementor-element-538c1aa elementor-widget elementor-widget-text-editor\" data-id=\"538c1aa\" data-element_type=\"widget\" data-widget_type=\"text-editor.default\">\n\t\t\t\t<div class=\"elementor-widget-container\">\n\t\t\t\t\t\t\t\t\t<ul>\n \t<li><span style=\"text-decoration: underline;\"><strong><a href=\"https:\/\/www.tpa-group.ro\/ro\/ce-trebuie-sa-stii\/\">Ce trebuie s\u0103 \u015ftii<\/a><\/strong><\/span><\/li>\n \t<li><span style=\"text-decoration: underline;\"><a href=\"https:\/\/www.tpa-group.ro\/ro\/oportunitati-pentru-studenti\/\"><strong> Oportunit\u0103\u0163i pentru studen\u0163i<\/strong><\/a><\/span><\/li>\n \t<li><span style=\"text-decoration: underline;\"><a href=\"https:\/\/www.tpa-group.ro\/ro\/persoanele-cu-experienta-profesionala\/\"><strong>Persoanele cu experien\u021b\u0103 profesional\u0103<\/strong><\/a><\/span><\/li>\n \t<li><span style=\"text-decoration: underline;\"><a href=\"https:\/\/www.tpa-group.ro\/ro\/posturi-vacante\/\"><strong>Posturi vacante<\/strong><\/a><\/span><\/li>\n<\/ul>\t\t\t\t\t\t\t\t<\/div>\n\t\t\t\t<\/div>\n\t\t\t\t<div class=\"elementor-element elementor-element-42f4f14 elementor-widget elementor-widget-spacer\" data-id=\"42f4f14\" data-element_type=\"widget\" data-widget_type=\"spacer.default\">\n\t\t\t\t<div class=\"elementor-widget-container\">\n\t\t\t\t\t\t\t<div class=\"elementor-spacer\">\n\t\t\t<div class=\"elementor-spacer-inner\"><\/div>\n\t\t<\/div>\n\t\t\t\t\t\t<\/div>\n\t\t\t\t<\/div>\n\t\t\t\t<div class=\"elementor-element elementor-element-5925ed4 elementor-widget elementor-widget-heading\" data-id=\"5925ed4\" data-element_type=\"widget\" data-widget_type=\"heading.default\">\n\t\t\t\t<div class=\"elementor-widget-container\">\n\t\t\t\t\t<h2 class=\"elementor-heading-title elementor-size-default\">Persoan\u0103 de contact<\/h2>\t\t\t\t<\/div>\n\t\t\t\t<\/div>\n\t\t\t\t<div class=\"elementor-element elementor-element-aea690e elementor-widget elementor-widget-text-editor\" data-id=\"aea690e\" data-element_type=\"widget\" data-widget_type=\"text-editor.default\">\n\t\t\t\t<div class=\"elementor-widget-container\">\n\t\t\t\t\t\t\t\t\t<p><strong>HR Department<\/strong><\/p>\n<p>Bucure\u015fti, Rom\u00e2nia<\/p>\n<div>\n<div><span style=\"text-decoration: underline;\"><strong><a href=\"mailto:hr@tpa-group.ro\">hr@tpa-group.ro<\/a><\/strong><\/span><\/div>\n<div><span style=\"text-decoration: underline;\"><strong><a href=\"tel:+40 21 3100669\">+40 21 3100669<\/a><\/strong><\/span><\/div>\n<\/div>\t\t\t\t\t\t\t\t<\/div>\n\t\t\t\t<\/div>\n\t\t\t\t\t<\/div>\n\t\t\t\t<\/div>\n\t\t\t\t<\/div>\n\t\t","protected":false},"excerpt":{"rendered":"<p>Acas\u0103 |&nbsp; Cariere De ce s\u0103 te al\u0103turi TPA Romania? TPA \u2013 un loc de munc\u0103 excelent Succesul \u015fi dezvoltarea continu\u0103, \u00eempreun\u0103 cu aten\u0163ia pe care o acord\u0103m prosperit\u0103\u0163ii companiei noastre, formeaz\u0103 fundamentul perfect pentru o dezvoltare profesional\u0103 optim\u0103.Trat\u0103m cu toat\u0103 seriozitatea dezvoltarea profesional\u0103 continu\u0103 \u015fi \u00eencerc\u0103m mereu s\u0103 facem un pas \u00een plus pentru [&hellip;]<\/p>\n","protected":false},"author":1,"featured_media":0,"parent":0,"menu_order":0,"comment_status":"closed","ping_status":"closed","template":"","meta":{"_acf_changed":false,"footnotes":""},"class_list":["post-3533","page","type-page","status-publish","hentry"],"acf":[],"yoast_head":"<!-- This site is optimized with the Yoast SEO plugin v26.0 - https:\/\/yoast.com\/wordpress\/plugins\/seo\/ -->\n<title>Cariere | www.tpa-group.ro<\/title>\n<meta name=\"description\" content=\"kOur success and continuous growth combined with the focus we place on the welfare of our firm all combine to create the perfect basis for optimal professional development.We take continuous professional development seriously and always seek to advance ourselves for the benefit of our clients. We demonstrate our commitment every day: understanding our clients and satisfying their needs are our highest priorities.We know that the foundation of our success lies in our highly qualified and motivated staff. We work as a team, helping each other to take responsibility and deliver a world class service.\" \/>\n<meta name=\"robots\" content=\"index, follow, max-snippet:-1, max-image-preview:large, max-video-preview:-1\" \/>\n<link rel=\"canonical\" href=\"https:\/\/www.tpa-group.ro\/ro\/cariere\/\" \/>\n<meta property=\"og:locale\" content=\"ro_RO\" \/>\n<meta property=\"og:type\" content=\"article\" \/>\n<meta property=\"og:title\" content=\"Cariere | www.tpa-group.ro\" \/>\n<meta property=\"og:description\" content=\"kOur success and continuous growth combined with the focus we place on the welfare of our firm all combine to create the perfect basis for optimal professional development.We take continuous professional development seriously and always seek to advance ourselves for the benefit of our clients. We demonstrate our commitment every day: understanding our clients and satisfying their needs are our highest priorities.We know that the foundation of our success lies in our highly qualified and motivated staff. We work as a team, helping each other to take responsibility and deliver a world class service.\" \/>\n<meta property=\"og:url\" content=\"https:\/\/www.tpa-group.ro\/ro\/cariere\/\" \/>\n<meta property=\"og:site_name\" content=\"www.tpa-group.ro\" \/>\n<meta property=\"article:modified_time\" content=\"2024-10-25T08:03:47+00:00\" \/>\n<meta property=\"og:image\" content=\"https:\/\/www.tpa-group.ro\/app\/uploads\/sites\/9\/2024\/07\/TPA21_Acrdn_set6-01r03_HI-RES-1-1024x362-1.webp\" \/>\n<meta name=\"twitter:card\" content=\"summary_large_image\" \/>\n<meta name=\"twitter:label1\" content=\"Est. reading time\" \/>\n\t<meta name=\"twitter:data1\" content=\"1 minut\" \/>\n<script type=\"application\/ld+json\" class=\"yoast-schema-graph\">{\"@context\":\"https:\/\/schema.org\",\"@graph\":[{\"@type\":\"WebPage\",\"@id\":\"https:\/\/www.tpa-group.ro\/ro\/cariere\/\",\"url\":\"https:\/\/www.tpa-group.ro\/ro\/cariere\/\",\"name\":\"Cariere | www.tpa-group.ro\",\"isPartOf\":{\"@id\":\"https:\/\/www.tpa-group.ro\/ro\/#website\"},\"primaryImageOfPage\":{\"@id\":\"https:\/\/www.tpa-group.ro\/ro\/cariere\/#primaryimage\"},\"image\":{\"@id\":\"https:\/\/www.tpa-group.ro\/ro\/cariere\/#primaryimage\"},\"thumbnailUrl\":\"https:\/\/www.tpa-group.ro\/app\/uploads\/sites\/9\/2024\/07\/TPA21_Acrdn_set6-01r03_HI-RES-1-1024x362-1.webp\",\"datePublished\":\"2024-05-16T08:12:49+00:00\",\"dateModified\":\"2024-10-25T08:03:47+00:00\",\"description\":\"kOur success and continuous growth combined with the focus we place on the welfare of our firm all combine to create the perfect basis for optimal professional development.We take continuous professional development seriously and always seek to advance ourselves for the benefit of our clients. We demonstrate our commitment every day: understanding our clients and satisfying their needs are our highest priorities.We know that the foundation of our success lies in our highly qualified and motivated staff. We work as a team, helping each other to take responsibility and deliver a world class service.\",\"breadcrumb\":{\"@id\":\"https:\/\/www.tpa-group.ro\/ro\/cariere\/#breadcrumb\"},\"inLanguage\":\"ro-RO\",\"potentialAction\":[{\"@type\":\"ReadAction\",\"target\":[\"https:\/\/www.tpa-group.ro\/ro\/cariere\/\"]}]},{\"@type\":\"ImageObject\",\"inLanguage\":\"ro-RO\",\"@id\":\"https:\/\/www.tpa-group.ro\/ro\/cariere\/#primaryimage\",\"url\":\"https:\/\/www.tpa-group.ro\/app\/uploads\/sites\/9\/2024\/07\/TPA21_Acrdn_set6-01r03_HI-RES-1-1024x362-1.webp\",\"contentUrl\":\"https:\/\/www.tpa-group.ro\/app\/uploads\/sites\/9\/2024\/07\/TPA21_Acrdn_set6-01r03_HI-RES-1-1024x362-1.webp\"},{\"@type\":\"BreadcrumbList\",\"@id\":\"https:\/\/www.tpa-group.ro\/ro\/cariere\/#breadcrumb\",\"itemListElement\":[{\"@type\":\"ListItem\",\"position\":1,\"name\":\"Home\",\"item\":\"https:\/\/www.tpa-group.ro\/ro\/\"},{\"@type\":\"ListItem\",\"position\":2,\"name\":\"Cariere\"}]},{\"@type\":\"WebSite\",\"@id\":\"https:\/\/www.tpa-group.ro\/ro\/#website\",\"url\":\"https:\/\/www.tpa-group.ro\/ro\/\",\"name\":\"TPA Romania\",\"description\":\"\",\"publisher\":{\"@id\":\"https:\/\/www.tpa-group.ro\/ro\/#organization\"},\"potentialAction\":[{\"@type\":\"SearchAction\",\"target\":{\"@type\":\"EntryPoint\",\"urlTemplate\":\"https:\/\/www.tpa-group.ro\/ro\/?s={search_term_string}\"},\"query-input\":{\"@type\":\"PropertyValueSpecification\",\"valueRequired\":true,\"valueName\":\"search_term_string\"}}],\"inLanguage\":\"ro-RO\"},{\"@type\":\"Organization\",\"@id\":\"https:\/\/www.tpa-group.ro\/ro\/#organization\",\"name\":\"TPA Romania\",\"url\":\"https:\/\/www.tpa-group.ro\/ro\/\",\"logo\":{\"@type\":\"ImageObject\",\"inLanguage\":\"ro-RO\",\"@id\":\"https:\/\/www.tpa-group.ro\/ro\/#\/schema\/logo\/image\/\",\"url\":\"https:\/\/www.tpa-group.ro\/app\/uploads\/sites\/9\/2024\/10\/TPA-Logo.jpg\",\"contentUrl\":\"https:\/\/www.tpa-group.ro\/app\/uploads\/sites\/9\/2024\/10\/TPA-Logo.jpg\",\"width\":256,\"height\":172,\"caption\":\"TPA Romania\"},\"image\":{\"@id\":\"https:\/\/www.tpa-group.ro\/ro\/#\/schema\/logo\/image\/\"}}]}<\/script>\n<!-- \/ Yoast SEO plugin. -->","yoast_head_json":{"title":"Cariere | www.tpa-group.ro","description":"kOur success and continuous growth combined with the focus we place on the welfare of our firm all combine to create the perfect basis for optimal professional development.We take continuous professional development seriously and always seek to advance ourselves for the benefit of our clients. We demonstrate our commitment every day: understanding our clients and satisfying their needs are our highest priorities.We know that the foundation of our success lies in our highly qualified and motivated staff. We work as a team, helping each other to take responsibility and deliver a world class service.","robots":{"index":"index","follow":"follow","max-snippet":"max-snippet:-1","max-image-preview":"max-image-preview:large","max-video-preview":"max-video-preview:-1"},"canonical":"https:\/\/www.tpa-group.ro\/ro\/cariere\/","og_locale":"ro_RO","og_type":"article","og_title":"Cariere | www.tpa-group.ro","og_description":"kOur success and continuous growth combined with the focus we place on the welfare of our firm all combine to create the perfect basis for optimal professional development.We take continuous professional development seriously and always seek to advance ourselves for the benefit of our clients. We demonstrate our commitment every day: understanding our clients and satisfying their needs are our highest priorities.We know that the foundation of our success lies in our highly qualified and motivated staff. We work as a team, helping each other to take responsibility and deliver a world class service.","og_url":"https:\/\/www.tpa-group.ro\/ro\/cariere\/","og_site_name":"www.tpa-group.ro","article_modified_time":"2024-10-25T08:03:47+00:00","og_image":[{"url":"https:\/\/www.tpa-group.ro\/app\/uploads\/sites\/9\/2024\/07\/TPA21_Acrdn_set6-01r03_HI-RES-1-1024x362-1.webp","type":"","width":"","height":""}],"twitter_card":"summary_large_image","twitter_misc":{"Est. reading time":"1 minut"},"schema":{"@context":"https:\/\/schema.org","@graph":[{"@type":"WebPage","@id":"https:\/\/www.tpa-group.ro\/ro\/cariere\/","url":"https:\/\/www.tpa-group.ro\/ro\/cariere\/","name":"Cariere | www.tpa-group.ro","isPartOf":{"@id":"https:\/\/www.tpa-group.ro\/ro\/#website"},"primaryImageOfPage":{"@id":"https:\/\/www.tpa-group.ro\/ro\/cariere\/#primaryimage"},"image":{"@id":"https:\/\/www.tpa-group.ro\/ro\/cariere\/#primaryimage"},"thumbnailUrl":"https:\/\/www.tpa-group.ro\/app\/uploads\/sites\/9\/2024\/07\/TPA21_Acrdn_set6-01r03_HI-RES-1-1024x362-1.webp","datePublished":"2024-05-16T08:12:49+00:00","dateModified":"2024-10-25T08:03:47+00:00","description":"kOur success and continuous growth combined with the focus we place on the welfare of our firm all combine to create the perfect basis for optimal professional development.We take continuous professional development seriously and always seek to advance ourselves for the benefit of our clients. We demonstrate our commitment every day: understanding our clients and satisfying their needs are our highest priorities.We know that the foundation of our success lies in our highly qualified and motivated staff. We work as a team, helping each other to take responsibility and deliver a world class service.","breadcrumb":{"@id":"https:\/\/www.tpa-group.ro\/ro\/cariere\/#breadcrumb"},"inLanguage":"ro-RO","potentialAction":[{"@type":"ReadAction","target":["https:\/\/www.tpa-group.ro\/ro\/cariere\/"]}]},{"@type":"ImageObject","inLanguage":"ro-RO","@id":"https:\/\/www.tpa-group.ro\/ro\/cariere\/#primaryimage","url":"https:\/\/www.tpa-group.ro\/app\/uploads\/sites\/9\/2024\/07\/TPA21_Acrdn_set6-01r03_HI-RES-1-1024x362-1.webp","contentUrl":"https:\/\/www.tpa-group.ro\/app\/uploads\/sites\/9\/2024\/07\/TPA21_Acrdn_set6-01r03_HI-RES-1-1024x362-1.webp"},{"@type":"BreadcrumbList","@id":"https:\/\/www.tpa-group.ro\/ro\/cariere\/#breadcrumb","itemListElement":[{"@type":"ListItem","position":1,"name":"Home","item":"https:\/\/www.tpa-group.ro\/ro\/"},{"@type":"ListItem","position":2,"name":"Cariere"}]},{"@type":"WebSite","@id":"https:\/\/www.tpa-group.ro\/ro\/#website","url":"https:\/\/www.tpa-group.ro\/ro\/","name":"TPA Romania","description":"","publisher":{"@id":"https:\/\/www.tpa-group.ro\/ro\/#organization"},"potentialAction":[{"@type":"SearchAction","target":{"@type":"EntryPoint","urlTemplate":"https:\/\/www.tpa-group.ro\/ro\/?s={search_term_string}"},"query-input":{"@type":"PropertyValueSpecification","valueRequired":true,"valueName":"search_term_string"}}],"inLanguage":"ro-RO"},{"@type":"Organization","@id":"https:\/\/www.tpa-group.ro\/ro\/#organization","name":"TPA Romania","url":"https:\/\/www.tpa-group.ro\/ro\/","logo":{"@type":"ImageObject","inLanguage":"ro-RO","@id":"https:\/\/www.tpa-group.ro\/ro\/#\/schema\/logo\/image\/","url":"https:\/\/www.tpa-group.ro\/app\/uploads\/sites\/9\/2024\/10\/TPA-Logo.jpg","contentUrl":"https:\/\/www.tpa-group.ro\/app\/uploads\/sites\/9\/2024\/10\/TPA-Logo.jpg","width":256,"height":172,"caption":"TPA Romania"},"image":{"@id":"https:\/\/www.tpa-group.ro\/ro\/#\/schema\/logo\/image\/"}}]}},"_links":{"self":[{"href":"https:\/\/www.tpa-group.ro\/ro\/wp-json\/wp\/v2\/pages\/3533","targetHints":{"allow":["GET"]}}],"collection":[{"href":"https:\/\/www.tpa-group.ro\/ro\/wp-json\/wp\/v2\/pages"}],"about":[{"href":"https:\/\/www.tpa-group.ro\/ro\/wp-json\/wp\/v2\/types\/page"}],"author":[{"embeddable":true,"href":"https:\/\/www.tpa-group.ro\/ro\/wp-json\/wp\/v2\/users\/1"}],"replies":[{"embeddable":true,"href":"https:\/\/www.tpa-group.ro\/ro\/wp-json\/wp\/v2\/comments?post=3533"}],"version-history":[{"count":38,"href":"https:\/\/www.tpa-group.ro\/ro\/wp-json\/wp\/v2\/pages\/3533\/revisions"}],"predecessor-version":[{"id":12691,"href":"https:\/\/www.tpa-group.ro\/ro\/wp-json\/wp\/v2\/pages\/3533\/revisions\/12691"}],"wp:attachment":[{"href":"https:\/\/www.tpa-group.ro\/ro\/wp-json\/wp\/v2\/media?parent=3533"}],"curies":[{"name":"wp","href":"https:\/\/api.w.org\/{rel}","templated":true}]}}