{"id":3548,"date":"2024-07-25T14:08:02","date_gmt":"2024-07-25T14:08:02","guid":{"rendered":"https:\/\/www.tpa-group.ro\/what-you-should-know\/"},"modified":"2024-10-25T08:01:59","modified_gmt":"2024-10-25T08:01:59","slug":"ce-trebuie-sa-stii","status":"publish","type":"page","link":"https:\/\/www.tpa-group.ro\/ro\/ce-trebuie-sa-stii\/","title":{"rendered":"Ce trebuie s\u0103 \u015ftii"},"content":{"rendered":"\t\t<div data-elementor-type=\"wp-page\" data-elementor-id=\"3548\" class=\"elementor elementor-3548 elementor-3080\" data-elementor-post-type=\"page\">\n\t\t\t\t\t\t<section class=\"elementor-section elementor-top-section elementor-element elementor-element-17edecb9 hero-banner elementor-section-boxed elementor-section-height-default elementor-section-height-default\" data-id=\"17edecb9\" data-element_type=\"section\" data-settings=\"{&quot;background_background&quot;:&quot;classic&quot;}\">\n\t\t\t\t\t\t\t<div class=\"elementor-background-overlay\"><\/div>\n\t\t\t\t\t\t\t<div class=\"elementor-container elementor-column-gap-default\">\n\t\t\t\t\t<div class=\"elementor-column elementor-col-50 elementor-top-column elementor-element elementor-element-3315820c\" data-id=\"3315820c\" data-element_type=\"column\">\n\t\t\t<div class=\"elementor-widget-wrap elementor-element-populated\">\n\t\t\t\t\t\t<section class=\"elementor-section elementor-inner-section elementor-element elementor-element-69e94adf hero-banner-breadcrumbs-container elementor-section-boxed elementor-section-height-default elementor-section-height-default\" data-id=\"69e94adf\" data-element_type=\"section\">\n\t\t\t\t\t\t<div class=\"elementor-container elementor-column-gap-default\">\n\t\t\t\t\t<div class=\"elementor-column elementor-col-100 elementor-inner-column elementor-element elementor-element-8b811b3\" data-id=\"8b811b3\" data-element_type=\"column\">\n\t\t\t<div class=\"elementor-widget-wrap elementor-element-populated\">\n\t\t\t\t\t\t<div class=\"elementor-element elementor-element-1ffa4cdc elementor-widget elementor-widget-heading\" data-id=\"1ffa4cdc\" data-element_type=\"widget\" data-widget_type=\"heading.default\">\n\t\t\t\t<div class=\"elementor-widget-container\">\n\t\t\t\t\t<p class=\"elementor-heading-title elementor-size-default\"><a href=\"https:\/\/www.tpa-group.ro\/ro\/\">Acas\u0103 |&nbsp;<\/a><\/p>\t\t\t\t<\/div>\n\t\t\t\t<\/div>\n\t\t\t\t<div class=\"elementor-element elementor-element-4143b579 elementor-widget elementor-widget-heading\" data-id=\"4143b579\" data-element_type=\"widget\" data-widget_type=\"heading.default\">\n\t\t\t\t<div class=\"elementor-widget-container\">\n\t\t\t\t\t<p class=\"elementor-heading-title elementor-size-default\">Ce trebuie s\u0103 \u015ftii<\/p>\t\t\t\t<\/div>\n\t\t\t\t<\/div>\n\t\t\t\t\t<\/div>\n\t\t<\/div>\n\t\t\t\t\t<\/div>\n\t\t<\/section>\n\t\t\t\t<div class=\"elementor-element elementor-element-77d98372 elementor-widget elementor-widget-heading\" data-id=\"77d98372\" data-element_type=\"widget\" data-widget_type=\"heading.default\">\n\t\t\t\t<div class=\"elementor-widget-container\">\n\t\t\t\t\t<h1 class=\"elementor-heading-title elementor-size-default\">Ce trebuie s\u0103 \u015ftii<\/h1>\t\t\t\t<\/div>\n\t\t\t\t<\/div>\n\t\t\t\t\t<\/div>\n\t\t<\/div>\n\t\t\t\t<div class=\"elementor-column elementor-col-50 elementor-top-column elementor-element elementor-element-18cad364\" data-id=\"18cad364\" data-element_type=\"column\">\n\t\t\t<div class=\"elementor-widget-wrap\">\n\t\t\t\t\t\t\t<\/div>\n\t\t<\/div>\n\t\t\t\t\t<\/div>\n\t\t<\/section>\n\t\t<div class=\"elementor-element elementor-element-ab1ca91 page-content-container e-flex e-con-boxed e-con e-parent\" data-id=\"ab1ca91\" data-element_type=\"container\">\n\t\t\t\t\t<div class=\"e-con-inner\">\n\t\t\t\t<div class=\"elementor-element elementor-element-f07d881 elementor-widget elementor-widget-text-editor\" data-id=\"f07d881\" data-element_type=\"widget\" data-widget_type=\"text-editor.default\">\n\t\t\t\t<div class=\"elementor-widget-container\">\n\t\t\t\t\t\t\t\t\tCompania pune valoare pe angaja\u0163ii s\u0103i \u015fi recunoa\u015fte nu doar importan\u0163a unui mediu de munc\u0103 plin de satisfac\u0163ii \u015fi recompensant dar \u015fi importan\u0163a unui training de calitate. Oferim membrilor echipelor noastre oportunitatea de a se dezvolta permanent \u015fi de a-\u015fi perfec\u0163iona competen\u0163ele pun\u00e2ndu-le la dispozi\u0163ie programe de training profesionale interne \u015fi externe.\t\t\t\t\t\t\t\t<\/div>\n\t\t\t\t<\/div>\n\t\t\t\t<div class=\"elementor-element elementor-element-89b961b elementor-widget elementor-widget-image\" data-id=\"89b961b\" data-element_type=\"widget\" data-widget_type=\"image.default\">\n\t\t\t\t<div class=\"elementor-widget-container\">\n\t\t\t\t\t\t\t\t\t\t\t\t\t\t\t<img fetchpriority=\"high\" decoding=\"async\" width=\"1024\" height=\"721\" src=\"https:\/\/www.tpa-group.ro\/app\/uploads\/sites\/9\/2024\/07\/3i_Treppe_gross_EN-2-1024x721-1.webp\" class=\"attachment-full size-full wp-image-3093\" alt=\"\" srcset=\"https:\/\/www.tpa-group.ro\/app\/uploads\/sites\/9\/2024\/07\/3i_Treppe_gross_EN-2-1024x721-1.webp 1024w, https:\/\/www.tpa-group.ro\/app\/uploads\/sites\/9\/2024\/07\/3i_Treppe_gross_EN-2-1024x721-1-300x211.webp 300w, https:\/\/www.tpa-group.ro\/app\/uploads\/sites\/9\/2024\/07\/3i_Treppe_gross_EN-2-1024x721-1-768x541.webp 768w\" sizes=\"(max-width: 1024px) 100vw, 1024px\" \/>\t\t\t\t\t\t\t\t\t\t\t\t\t\t\t<\/div>\n\t\t\t\t<\/div>\n\t\t\t\t<div class=\"elementor-element elementor-element-4ed6859 elementor-widget elementor-widget-spacer\" data-id=\"4ed6859\" data-element_type=\"widget\" data-widget_type=\"spacer.default\">\n\t\t\t\t<div class=\"elementor-widget-container\">\n\t\t\t\t\t\t\t<div class=\"elementor-spacer\">\n\t\t\t<div class=\"elementor-spacer-inner\"><\/div>\n\t\t<\/div>\n\t\t\t\t\t\t<\/div>\n\t\t\t\t<\/div>\n\t\t\t\t<div class=\"elementor-element elementor-element-277ec20 elementor-widget elementor-widget-text-editor\" data-id=\"277ec20\" data-element_type=\"widget\" data-widget_type=\"text-editor.default\">\n\t\t\t\t<div class=\"elementor-widget-container\">\n\t\t\t\t\t\t\t\t\tCa parte a strategiei noastre de dezvoltare pe termen lung, angaja\u0163ii no\u015ftri din audit \u015fi contabilitate sunt \u00eencuraja\u0163i sa ob\u0163in\u0103 o calificare recunoscut\u0103 interna\u0163ional \u00een contabilitate si audit (ACCA) pentru a aprofunda cuno\u015ftin\u0163ele cu privire la Standardele Interna\u0163ionale de Raportare Financir\u0103 (IFRS) \u015fi Standardele Interna\u0163ionale de Audit (ISA).\t\t\t\t\t\t\t\t<\/div>\n\t\t\t\t<\/div>\n\t\t\t\t<div class=\"elementor-element elementor-element-408cd1b elementor-position-left elementor-vertical-align-middle elementor-widget elementor-widget-image-box\" data-id=\"408cd1b\" data-element_type=\"widget\" data-widget_type=\"image-box.default\">\n\t\t\t\t<div class=\"elementor-widget-container\">\n\t\t\t\t\t<div class=\"elementor-image-box-wrapper\"><figure class=\"elementor-image-box-img\"><a href=\"https:\/\/www.accaglobal.com\/uk\/en.html\" tabindex=\"-1\"><img decoding=\"async\" width=\"295\" height=\"182\" src=\"https:\/\/www.tpa-group.ro\/app\/uploads\/sites\/9\/2024\/07\/APPROVED-EMPLOYER-TRAINEE-DEVELOPMENT-PLATINUM.webp\" class=\"attachment-full size-full wp-image-3094\" alt=\"\" \/><\/a><\/figure><div class=\"elementor-image-box-content\"><p class=\"elementor-image-box-description\">Companiei TPA i-a fost conferit\u0103 titulatura \u201eApproved Employer \u2013 Trainee Development\u201d la nivelul \u201ePlatinum\u201d de catre ACCA (Association of Chartered Certified Accountants) \u00een semn de recunoa\u015ftere a sprijinului pe care \u00eel ofer\u0103 studen\u0163ilor care doresc s\u0103 ob\u0163in\u0103 certificarea ACCA.<\/p><\/div><\/div>\t\t\t\t<\/div>\n\t\t\t\t<\/div>\n\t\t\t\t<div class=\"elementor-element elementor-element-c1184d5 elementor-widget elementor-widget-text-editor\" data-id=\"c1184d5\" data-element_type=\"widget\" data-widget_type=\"text-editor.default\">\n\t\t\t\t<div class=\"elementor-widget-container\">\n\t\t\t\t\t\t\t\t\tCompaniei TPA i-a fost de asemenea conferit\u0103 titulatura \u201eApproved Employer \u2013 Professional Development\u201d \u00een semn de recunoa\u015ftere a sprijinului pe care \u00eel ofer\u0103 membrilor ACCA pentru a-\u015fi continua dezvoltarea profesional\u0103.\t\t\t\t\t\t\t\t<\/div>\n\t\t\t\t<\/div>\n\t\t\t\t<div class=\"elementor-element elementor-element-fc161ac elementor-widget elementor-widget-text-editor\" data-id=\"fc161ac\" data-element_type=\"widget\" data-widget_type=\"text-editor.default\">\n\t\t\t\t<div class=\"elementor-widget-container\">\n\t\t\t\t\t\t\t\t\t<ul><li><span style=\"text-decoration: underline;\"><a href=\"https:\/\/www.tpa-group.ro\/oportunitati-pentru-studenti\/\"><strong> Oportunit\u0103\u0163i pentru studen\u0163i<\/strong><\/a><\/span><\/li><li><span style=\"text-decoration: underline;\"><a href=\"https:\/\/www.tpa-group.ro\/persoanele-cu-experienta-profesionala\/\"><strong>Persoanele cu experien\u021b\u0103 profesional\u0103<\/strong><\/a><\/span><\/li><li><span style=\"text-decoration: underline;\"><a href=\"https:\/\/www.tpa-group.ro\/posturi-vacante\/\"><strong>Posturi vacante<\/strong><\/a><\/span><\/li><\/ul>\t\t\t\t\t\t\t\t<\/div>\n\t\t\t\t<\/div>\n\t\t\t\t<div class=\"elementor-element elementor-element-707767b elementor-widget elementor-widget-spacer\" data-id=\"707767b\" data-element_type=\"widget\" data-widget_type=\"spacer.default\">\n\t\t\t\t<div class=\"elementor-widget-container\">\n\t\t\t\t\t\t\t<div class=\"elementor-spacer\">\n\t\t\t<div class=\"elementor-spacer-inner\"><\/div>\n\t\t<\/div>\n\t\t\t\t\t\t<\/div>\n\t\t\t\t<\/div>\n\t\t\t\t<div class=\"elementor-element elementor-element-ffeab3b elementor-widget elementor-widget-heading\" data-id=\"ffeab3b\" data-element_type=\"widget\" data-widget_type=\"heading.default\">\n\t\t\t\t<div class=\"elementor-widget-container\">\n\t\t\t\t\t<h2 class=\"elementor-heading-title elementor-size-default\">Persoan\u0103 de contact<\/h2>\t\t\t\t<\/div>\n\t\t\t\t<\/div>\n\t\t\t\t<div class=\"elementor-element elementor-element-74e3d21 elementor-widget elementor-widget-text-editor\" data-id=\"74e3d21\" data-element_type=\"widget\" data-widget_type=\"text-editor.default\">\n\t\t\t\t<div class=\"elementor-widget-container\">\n\t\t\t\t\t\t\t\t\t<p><strong>HR Department<\/strong><\/p>\n<div>Bucure\u015fti, Rom\u00e2nia<\/div>\n<div>\n<div><span style=\"text-decoration: underline;\"><strong><a href=\"mailto:hr@tpa-group.ro\">hr@tpa-group.ro<\/a><\/strong><\/span><\/div>\n<div><span style=\"text-decoration: underline;\"><strong><a href=\"tel:+40 21 3100669\">+40 21 3100669<\/a><\/strong><\/span><\/div>\n<\/div>\t\t\t\t\t\t\t\t<\/div>\n\t\t\t\t<\/div>\n\t\t\t\t\t<\/div>\n\t\t\t\t<\/div>\n\t\t\t\t<\/div>\n\t\t","protected":false},"excerpt":{"rendered":"<p>Acas\u0103 |&nbsp; Ce trebuie s\u0103 \u015ftii Ce trebuie s\u0103 \u015ftii Compania pune valoare pe angaja\u0163ii s\u0103i \u015fi recunoa\u015fte nu doar importan\u0163a unui mediu de munc\u0103 plin de satisfac\u0163ii \u015fi recompensant dar \u015fi importan\u0163a unui training de calitate. Oferim membrilor echipelor noastre oportunitatea de a se dezvolta permanent \u015fi de a-\u015fi perfec\u0163iona competen\u0163ele pun\u00e2ndu-le la dispozi\u0163ie [&hellip;]<\/p>\n","protected":false},"author":44,"featured_media":0,"parent":0,"menu_order":0,"comment_status":"closed","ping_status":"closed","template":"","meta":{"_acf_changed":false,"footnotes":""},"class_list":["post-3548","page","type-page","status-publish","hentry"],"acf":[],"yoast_head":"<!-- This site is optimized with the Yoast SEO plugin v26.0 - https:\/\/yoast.com\/wordpress\/plugins\/seo\/ -->\n<title>Ce trebuie s\u0103 \u015ftii | www.tpa-group.ro<\/title>\n<meta name=\"robots\" content=\"index, follow, max-snippet:-1, max-image-preview:large, max-video-preview:-1\" \/>\n<link rel=\"canonical\" href=\"https:\/\/www.tpa-group.ro\/ro\/ce-trebuie-sa-stii\/\" \/>\n<meta property=\"og:locale\" content=\"ro_RO\" \/>\n<meta property=\"og:type\" content=\"article\" \/>\n<meta property=\"og:title\" content=\"Ce trebuie s\u0103 \u015ftii | www.tpa-group.ro\" \/>\n<meta property=\"og:description\" content=\"Acas\u0103 |&nbsp; Ce trebuie s\u0103 \u015ftii Ce trebuie s\u0103 \u015ftii Compania pune valoare pe angaja\u0163ii s\u0103i \u015fi recunoa\u015fte nu doar importan\u0163a unui mediu de munc\u0103 plin de satisfac\u0163ii \u015fi recompensant dar \u015fi importan\u0163a unui training de calitate. Oferim membrilor echipelor noastre oportunitatea de a se dezvolta permanent \u015fi de a-\u015fi perfec\u0163iona competen\u0163ele pun\u00e2ndu-le la dispozi\u0163ie [&hellip;]\" \/>\n<meta property=\"og:url\" content=\"https:\/\/www.tpa-group.ro\/ro\/ce-trebuie-sa-stii\/\" \/>\n<meta property=\"og:site_name\" content=\"www.tpa-group.ro\" \/>\n<meta property=\"article:modified_time\" content=\"2024-10-25T08:01:59+00:00\" \/>\n<meta property=\"og:image\" content=\"https:\/\/www.tpa-group.ro\/app\/uploads\/sites\/9\/2024\/07\/3i_Treppe_gross_EN-2-1024x721-1.webp\" \/>\n<meta name=\"twitter:card\" content=\"summary_large_image\" \/>\n<meta name=\"twitter:label1\" content=\"Est. reading time\" \/>\n\t<meta name=\"twitter:data1\" content=\"2 minute\" \/>\n<script type=\"application\/ld+json\" class=\"yoast-schema-graph\">{\"@context\":\"https:\/\/schema.org\",\"@graph\":[{\"@type\":\"WebPage\",\"@id\":\"https:\/\/www.tpa-group.ro\/ro\/ce-trebuie-sa-stii\/\",\"url\":\"https:\/\/www.tpa-group.ro\/ro\/ce-trebuie-sa-stii\/\",\"name\":\"Ce trebuie s\u0103 \u015ftii | www.tpa-group.ro\",\"isPartOf\":{\"@id\":\"https:\/\/www.tpa-group.ro\/ro\/#website\"},\"primaryImageOfPage\":{\"@id\":\"https:\/\/www.tpa-group.ro\/ro\/ce-trebuie-sa-stii\/#primaryimage\"},\"image\":{\"@id\":\"https:\/\/www.tpa-group.ro\/ro\/ce-trebuie-sa-stii\/#primaryimage\"},\"thumbnailUrl\":\"https:\/\/www.tpa-group.ro\/app\/uploads\/sites\/9\/2024\/07\/3i_Treppe_gross_EN-2-1024x721-1.webp\",\"datePublished\":\"2024-07-25T14:08:02+00:00\",\"dateModified\":\"2024-10-25T08:01:59+00:00\",\"breadcrumb\":{\"@id\":\"https:\/\/www.tpa-group.ro\/ro\/ce-trebuie-sa-stii\/#breadcrumb\"},\"inLanguage\":\"ro-RO\",\"potentialAction\":[{\"@type\":\"ReadAction\",\"target\":[\"https:\/\/www.tpa-group.ro\/ro\/ce-trebuie-sa-stii\/\"]}]},{\"@type\":\"ImageObject\",\"inLanguage\":\"ro-RO\",\"@id\":\"https:\/\/www.tpa-group.ro\/ro\/ce-trebuie-sa-stii\/#primaryimage\",\"url\":\"https:\/\/www.tpa-group.ro\/app\/uploads\/sites\/9\/2024\/07\/3i_Treppe_gross_EN-2-1024x721-1.webp\",\"contentUrl\":\"https:\/\/www.tpa-group.ro\/app\/uploads\/sites\/9\/2024\/07\/3i_Treppe_gross_EN-2-1024x721-1.webp\"},{\"@type\":\"BreadcrumbList\",\"@id\":\"https:\/\/www.tpa-group.ro\/ro\/ce-trebuie-sa-stii\/#breadcrumb\",\"itemListElement\":[{\"@type\":\"ListItem\",\"position\":1,\"name\":\"Home\",\"item\":\"https:\/\/www.tpa-group.ro\/ro\/\"},{\"@type\":\"ListItem\",\"position\":2,\"name\":\"Ce trebuie s\u0103 \u015ftii\"}]},{\"@type\":\"WebSite\",\"@id\":\"https:\/\/www.tpa-group.ro\/ro\/#website\",\"url\":\"https:\/\/www.tpa-group.ro\/ro\/\",\"name\":\"TPA Romania\",\"description\":\"\",\"publisher\":{\"@id\":\"https:\/\/www.tpa-group.ro\/ro\/#organization\"},\"potentialAction\":[{\"@type\":\"SearchAction\",\"target\":{\"@type\":\"EntryPoint\",\"urlTemplate\":\"https:\/\/www.tpa-group.ro\/ro\/?s={search_term_string}\"},\"query-input\":{\"@type\":\"PropertyValueSpecification\",\"valueRequired\":true,\"valueName\":\"search_term_string\"}}],\"inLanguage\":\"ro-RO\"},{\"@type\":\"Organization\",\"@id\":\"https:\/\/www.tpa-group.ro\/ro\/#organization\",\"name\":\"TPA Romania\",\"url\":\"https:\/\/www.tpa-group.ro\/ro\/\",\"logo\":{\"@type\":\"ImageObject\",\"inLanguage\":\"ro-RO\",\"@id\":\"https:\/\/www.tpa-group.ro\/ro\/#\/schema\/logo\/image\/\",\"url\":\"https:\/\/www.tpa-group.ro\/app\/uploads\/sites\/9\/2024\/10\/TPA-Logo.jpg\",\"contentUrl\":\"https:\/\/www.tpa-group.ro\/app\/uploads\/sites\/9\/2024\/10\/TPA-Logo.jpg\",\"width\":256,\"height\":172,\"caption\":\"TPA Romania\"},\"image\":{\"@id\":\"https:\/\/www.tpa-group.ro\/ro\/#\/schema\/logo\/image\/\"}}]}<\/script>\n<!-- \/ Yoast SEO plugin. -->","yoast_head_json":{"title":"Ce trebuie s\u0103 \u015ftii | www.tpa-group.ro","robots":{"index":"index","follow":"follow","max-snippet":"max-snippet:-1","max-image-preview":"max-image-preview:large","max-video-preview":"max-video-preview:-1"},"canonical":"https:\/\/www.tpa-group.ro\/ro\/ce-trebuie-sa-stii\/","og_locale":"ro_RO","og_type":"article","og_title":"Ce trebuie s\u0103 \u015ftii | www.tpa-group.ro","og_description":"Acas\u0103 |&nbsp; Ce trebuie s\u0103 \u015ftii Ce trebuie s\u0103 \u015ftii Compania pune valoare pe angaja\u0163ii s\u0103i \u015fi recunoa\u015fte nu doar importan\u0163a unui mediu de munc\u0103 plin de satisfac\u0163ii \u015fi recompensant dar \u015fi importan\u0163a unui training de calitate. Oferim membrilor echipelor noastre oportunitatea de a se dezvolta permanent \u015fi de a-\u015fi perfec\u0163iona competen\u0163ele pun\u00e2ndu-le la dispozi\u0163ie [&hellip;]","og_url":"https:\/\/www.tpa-group.ro\/ro\/ce-trebuie-sa-stii\/","og_site_name":"www.tpa-group.ro","article_modified_time":"2024-10-25T08:01:59+00:00","og_image":[{"url":"https:\/\/www.tpa-group.ro\/app\/uploads\/sites\/9\/2024\/07\/3i_Treppe_gross_EN-2-1024x721-1.webp","type":"","width":"","height":""}],"twitter_card":"summary_large_image","twitter_misc":{"Est. reading time":"2 minute"},"schema":{"@context":"https:\/\/schema.org","@graph":[{"@type":"WebPage","@id":"https:\/\/www.tpa-group.ro\/ro\/ce-trebuie-sa-stii\/","url":"https:\/\/www.tpa-group.ro\/ro\/ce-trebuie-sa-stii\/","name":"Ce trebuie s\u0103 \u015ftii | www.tpa-group.ro","isPartOf":{"@id":"https:\/\/www.tpa-group.ro\/ro\/#website"},"primaryImageOfPage":{"@id":"https:\/\/www.tpa-group.ro\/ro\/ce-trebuie-sa-stii\/#primaryimage"},"image":{"@id":"https:\/\/www.tpa-group.ro\/ro\/ce-trebuie-sa-stii\/#primaryimage"},"thumbnailUrl":"https:\/\/www.tpa-group.ro\/app\/uploads\/sites\/9\/2024\/07\/3i_Treppe_gross_EN-2-1024x721-1.webp","datePublished":"2024-07-25T14:08:02+00:00","dateModified":"2024-10-25T08:01:59+00:00","breadcrumb":{"@id":"https:\/\/www.tpa-group.ro\/ro\/ce-trebuie-sa-stii\/#breadcrumb"},"inLanguage":"ro-RO","potentialAction":[{"@type":"ReadAction","target":["https:\/\/www.tpa-group.ro\/ro\/ce-trebuie-sa-stii\/"]}]},{"@type":"ImageObject","inLanguage":"ro-RO","@id":"https:\/\/www.tpa-group.ro\/ro\/ce-trebuie-sa-stii\/#primaryimage","url":"https:\/\/www.tpa-group.ro\/app\/uploads\/sites\/9\/2024\/07\/3i_Treppe_gross_EN-2-1024x721-1.webp","contentUrl":"https:\/\/www.tpa-group.ro\/app\/uploads\/sites\/9\/2024\/07\/3i_Treppe_gross_EN-2-1024x721-1.webp"},{"@type":"BreadcrumbList","@id":"https:\/\/www.tpa-group.ro\/ro\/ce-trebuie-sa-stii\/#breadcrumb","itemListElement":[{"@type":"ListItem","position":1,"name":"Home","item":"https:\/\/www.tpa-group.ro\/ro\/"},{"@type":"ListItem","position":2,"name":"Ce trebuie s\u0103 \u015ftii"}]},{"@type":"WebSite","@id":"https:\/\/www.tpa-group.ro\/ro\/#website","url":"https:\/\/www.tpa-group.ro\/ro\/","name":"TPA Romania","description":"","publisher":{"@id":"https:\/\/www.tpa-group.ro\/ro\/#organization"},"potentialAction":[{"@type":"SearchAction","target":{"@type":"EntryPoint","urlTemplate":"https:\/\/www.tpa-group.ro\/ro\/?s={search_term_string}"},"query-input":{"@type":"PropertyValueSpecification","valueRequired":true,"valueName":"search_term_string"}}],"inLanguage":"ro-RO"},{"@type":"Organization","@id":"https:\/\/www.tpa-group.ro\/ro\/#organization","name":"TPA Romania","url":"https:\/\/www.tpa-group.ro\/ro\/","logo":{"@type":"ImageObject","inLanguage":"ro-RO","@id":"https:\/\/www.tpa-group.ro\/ro\/#\/schema\/logo\/image\/","url":"https:\/\/www.tpa-group.ro\/app\/uploads\/sites\/9\/2024\/10\/TPA-Logo.jpg","contentUrl":"https:\/\/www.tpa-group.ro\/app\/uploads\/sites\/9\/2024\/10\/TPA-Logo.jpg","width":256,"height":172,"caption":"TPA Romania"},"image":{"@id":"https:\/\/www.tpa-group.ro\/ro\/#\/schema\/logo\/image\/"}}]}},"_links":{"self":[{"href":"https:\/\/www.tpa-group.ro\/ro\/wp-json\/wp\/v2\/pages\/3548","targetHints":{"allow":["GET"]}}],"collection":[{"href":"https:\/\/www.tpa-group.ro\/ro\/wp-json\/wp\/v2\/pages"}],"about":[{"href":"https:\/\/www.tpa-group.ro\/ro\/wp-json\/wp\/v2\/types\/page"}],"author":[{"embeddable":true,"href":"https:\/\/www.tpa-group.ro\/ro\/wp-json\/wp\/v2\/users\/44"}],"replies":[{"embeddable":true,"href":"https:\/\/www.tpa-group.ro\/ro\/wp-json\/wp\/v2\/comments?post=3548"}],"version-history":[{"count":20,"href":"https:\/\/www.tpa-group.ro\/ro\/wp-json\/wp\/v2\/pages\/3548\/revisions"}],"predecessor-version":[{"id":12679,"href":"https:\/\/www.tpa-group.ro\/ro\/wp-json\/wp\/v2\/pages\/3548\/revisions\/12679"}],"wp:attachment":[{"href":"https:\/\/www.tpa-group.ro\/ro\/wp-json\/wp\/v2\/media?parent=3548"}],"curies":[{"name":"wp","href":"https:\/\/api.w.org\/{rel}","templated":true}]}}