{"id":3554,"date":"2024-07-25T14:08:51","date_gmt":"2024-07-25T14:08:51","guid":{"rendered":"https:\/\/www.tpa-group.ro\/opportunities-for-students\/"},"modified":"2024-10-25T08:02:27","modified_gmt":"2024-10-25T08:02:27","slug":"oportunitati-pentru-studenti","status":"publish","type":"page","link":"https:\/\/www.tpa-group.ro\/ro\/oportunitati-pentru-studenti\/","title":{"rendered":"Oportunit\u0103\u0163i pentru studen\u0163i"},"content":{"rendered":"\t\t<div data-elementor-type=\"wp-page\" data-elementor-id=\"3554\" class=\"elementor elementor-3554 elementor-3082\" data-elementor-post-type=\"page\">\n\t\t\t\t\t\t<section class=\"elementor-section elementor-top-section elementor-element elementor-element-17edecb9 hero-banner elementor-section-boxed elementor-section-height-default elementor-section-height-default\" data-id=\"17edecb9\" data-element_type=\"section\" data-settings=\"{&quot;background_background&quot;:&quot;classic&quot;}\">\n\t\t\t\t\t\t\t<div class=\"elementor-background-overlay\"><\/div>\n\t\t\t\t\t\t\t<div class=\"elementor-container elementor-column-gap-default\">\n\t\t\t\t\t<div class=\"elementor-column elementor-col-50 elementor-top-column elementor-element elementor-element-3315820c\" data-id=\"3315820c\" data-element_type=\"column\">\n\t\t\t<div class=\"elementor-widget-wrap elementor-element-populated\">\n\t\t\t\t\t\t<section class=\"elementor-section elementor-inner-section elementor-element elementor-element-69e94adf hero-banner-breadcrumbs-container elementor-section-boxed elementor-section-height-default elementor-section-height-default\" data-id=\"69e94adf\" data-element_type=\"section\">\n\t\t\t\t\t\t<div class=\"elementor-container elementor-column-gap-default\">\n\t\t\t\t\t<div class=\"elementor-column elementor-col-100 elementor-inner-column elementor-element elementor-element-8b811b3\" data-id=\"8b811b3\" data-element_type=\"column\">\n\t\t\t<div class=\"elementor-widget-wrap elementor-element-populated\">\n\t\t\t\t\t\t<div class=\"elementor-element elementor-element-1ffa4cdc elementor-widget elementor-widget-heading\" data-id=\"1ffa4cdc\" data-element_type=\"widget\" data-widget_type=\"heading.default\">\n\t\t\t\t<div class=\"elementor-widget-container\">\n\t\t\t\t\t<p class=\"elementor-heading-title elementor-size-default\"><a href=\"https:\/\/www.tpa-group.ro\/ro\/\">Acas\u0103 |&nbsp;<\/a><\/p>\t\t\t\t<\/div>\n\t\t\t\t<\/div>\n\t\t\t\t<div class=\"elementor-element elementor-element-4143b579 elementor-widget elementor-widget-heading\" data-id=\"4143b579\" data-element_type=\"widget\" data-widget_type=\"heading.default\">\n\t\t\t\t<div class=\"elementor-widget-container\">\n\t\t\t\t\t<p class=\"elementor-heading-title elementor-size-default\">Cariere<\/p>\t\t\t\t<\/div>\n\t\t\t\t<\/div>\n\t\t\t\t\t<\/div>\n\t\t<\/div>\n\t\t\t\t\t<\/div>\n\t\t<\/section>\n\t\t\t\t<div class=\"elementor-element elementor-element-77d98372 elementor-widget elementor-widget-heading\" data-id=\"77d98372\" data-element_type=\"widget\" data-widget_type=\"heading.default\">\n\t\t\t\t<div class=\"elementor-widget-container\">\n\t\t\t\t\t<h1 class=\"elementor-heading-title elementor-size-default\">Oportunit\u0103\u0163i pentru studen\u0163i<\/h1>\t\t\t\t<\/div>\n\t\t\t\t<\/div>\n\t\t\t\t\t<\/div>\n\t\t<\/div>\n\t\t\t\t<div class=\"elementor-column elementor-col-50 elementor-top-column elementor-element elementor-element-18cad364\" data-id=\"18cad364\" data-element_type=\"column\">\n\t\t\t<div class=\"elementor-widget-wrap\">\n\t\t\t\t\t\t\t<\/div>\n\t\t<\/div>\n\t\t\t\t\t<\/div>\n\t\t<\/section>\n\t\t<div class=\"elementor-element elementor-element-df3e687 page-content-container e-flex e-con-boxed e-con e-parent\" data-id=\"df3e687\" data-element_type=\"container\">\n\t\t\t\t\t<div class=\"e-con-inner\">\n\t\t\t\t<div class=\"elementor-element elementor-element-8b18330 elementor-widget elementor-widget-heading\" data-id=\"8b18330\" data-element_type=\"widget\" data-widget_type=\"heading.default\">\n\t\t\t\t<div class=\"elementor-widget-container\">\n\t\t\t\t\t<h2 class=\"elementor-heading-title elementor-size-default\">\u00cenv\u0103\u0163\u00e2nd la TPA<\/h2>\t\t\t\t<\/div>\n\t\t\t\t<\/div>\n\t\t\t\t<div class=\"elementor-element elementor-element-c79ff2c elementor-widget elementor-widget-text-editor\" data-id=\"c79ff2c\" data-element_type=\"widget\" data-widget_type=\"text-editor.default\">\n\t\t\t\t<div class=\"elementor-widget-container\">\n\t\t\t\t\t\t\t\t\tNe face pl\u0103cere s\u0103 putem oferi studen\u0163ilor entuzia\u015fti \u015fi ambi\u0163io\u015fi \u015fansa de a participa la programele noastre de internship.\t\t\t\t\t\t\t\t<\/div>\n\t\t\t\t<\/div>\n\t\t\t\t<div class=\"elementor-element elementor-element-f07d881 elementor-widget elementor-widget-text-editor\" data-id=\"f07d881\" data-element_type=\"widget\" data-widget_type=\"text-editor.default\">\n\t\t\t\t<div class=\"elementor-widget-container\">\n\t\t\t\t\t\t\t\t\tTPA ofer\u0103 un mediu de studiu \u00een care studen\u0163ii pot deprinde cuno\u015ftin\u0163ele practice necesare pentru a-\u015fi completa studiile. Studen\u0163ii interac\u0163ioneaz\u0103 cu persoane foarte talentate \u015fi devotate care doresc s\u0103 \u00eei ajute s\u0103 \u00een\u0163eleag\u0103 partea practic\u0103 a contabilit\u0103\u0163ii, auditului, fiscalit\u0103\u0163ii \u015fi a serviciilor juridice.\t\t\t\t\t\t\t\t<\/div>\n\t\t\t\t<\/div>\n\t\t\t\t<div class=\"elementor-element elementor-element-3d36d63 elementor-widget elementor-widget-text-editor\" data-id=\"3d36d63\" data-element_type=\"widget\" data-widget_type=\"text-editor.default\">\n\t\t\t\t<div class=\"elementor-widget-container\">\n\t\t\t\t\t\t\t\t\tProgramele noastre de internship se bazeaz\u0103 pe exerci\u0163ii care plaseaz\u0103 studentul \u00een centrul ac\u0163iunii, \u00eei dezvolt\u0103 acestuia sim\u0163ul responsabilit\u0103\u0163ii, \u00eei \u00eembun\u0103t\u0103\u0163esc capacitatea de concentrare, \u00eel \u00eencurajeaz\u0103 s\u0103 aib\u0103 incredere \u00een propriul mod de g\u00e2ndire \u015fi \u00eel \u00eenva\u0163\u0103 s\u0103 fac\u0103 parte dintr-o echip\u0103.\t\t\t\t\t\t\t\t<\/div>\n\t\t\t\t<\/div>\n\t\t\t\t<div class=\"elementor-element elementor-element-89b961b elementor-widget elementor-widget-image\" data-id=\"89b961b\" data-element_type=\"widget\" data-widget_type=\"image.default\">\n\t\t\t\t<div class=\"elementor-widget-container\">\n\t\t\t\t\t\t\t\t\t\t\t\t\t\t\t<img fetchpriority=\"high\" decoding=\"async\" width=\"640\" height=\"449\" src=\"https:\/\/www.tpa-group.ro\/app\/uploads\/sites\/9\/2024\/07\/22538585_338788256548513_8421251302901313244_o-640x449-1.webp\" class=\"attachment-full size-full wp-image-3102\" alt=\"\" srcset=\"https:\/\/www.tpa-group.ro\/app\/uploads\/sites\/9\/2024\/07\/22538585_338788256548513_8421251302901313244_o-640x449-1.webp 640w, https:\/\/www.tpa-group.ro\/app\/uploads\/sites\/9\/2024\/07\/22538585_338788256548513_8421251302901313244_o-640x449-1-300x210.webp 300w\" sizes=\"(max-width: 640px) 100vw, 640px\" \/>\t\t\t\t\t\t\t\t\t\t\t\t\t\t\t<\/div>\n\t\t\t\t<\/div>\n\t\t\t\t<div class=\"elementor-element elementor-element-80b7831 elementor-widget elementor-widget-spacer\" data-id=\"80b7831\" data-element_type=\"widget\" data-widget_type=\"spacer.default\">\n\t\t\t\t<div class=\"elementor-widget-container\">\n\t\t\t\t\t\t\t<div class=\"elementor-spacer\">\n\t\t\t<div class=\"elementor-spacer-inner\"><\/div>\n\t\t<\/div>\n\t\t\t\t\t\t<\/div>\n\t\t\t\t<\/div>\n\t\t\t\t<div class=\"elementor-element elementor-element-277ec20 elementor-widget elementor-widget-text-editor\" data-id=\"277ec20\" data-element_type=\"widget\" data-widget_type=\"text-editor.default\">\n\t\t\t\t<div class=\"elementor-widget-container\">\n\t\t\t\t\t\t\t\t\t<p>Dac\u0103 dore\u015fti s\u0103 participi la unul dintre programele noastre de internship, trimite-ne un e-mail cu subiectul potrivit (de ex. \u201einternship audit\u201d) pe adresa <span style=\"text-decoration: underline;\"><a href=\"mailto:hr@tpa-group.ro\"><strong>hr@tpa-group.ro<\/strong><\/a><\/span><\/p>\t\t\t\t\t\t\t\t<\/div>\n\t\t\t\t<\/div>\n\t\t\t\t<div class=\"elementor-element elementor-element-5e89b5d elementor-widget elementor-widget-file-download\" data-id=\"5e89b5d\" data-element_type=\"widget\" data-widget_type=\"file-download.default\">\n\t\t\t\t<div class=\"elementor-widget-container\">\n\t\t\t\t\t\n\t\t<div class=\"file-download-container\">\n\t\t\t<div class=\"file-download-container-row\">\n\t\t\t\t<div class=\"col col1\">\n\t\t\t\t\t<div class=\"img-wrapper\">\n\t\t\t\t\t\t<img decoding=\"async\" src=\"https:\/\/www.tpa-group.ro\/app\/uploads\/sites\/9\/2024\/07\/TPA-Romania_PAD-19_COVER-jobs-Web-640x887-1.jpg\">\n\t\t\t\t\t<\/div>\n\t\t\t\t<\/div>\n\t\t\t\t<div class=\"col col2\">\n\t\t\t\t\t<h5 class=\"file-download-title\">TPA Brochure <\/h5>\n\n\t\t\t\t\t<div class=\"file-info-container\">\n\t\t\t\t\t\t\t\t\t\t\t\t\t<i aria-hidden=\"true\" class=\"fa6s fa6s-solid-file-pdf\"><\/i>\n\t\t\t\t\t\t\t\t\t\t\t\t<p class=\"file-size\">5.75MB<\/p>\n\t\t\t\t\t\t<p class=\"file-extension-type\">.pdf<\/p>\n\t\t\t\t\t<\/div>\n\t\t\t\t<\/div>\n\t\t\t\t<div class=\"col col3\">\n\t\t\t\t\t<div class=\"btn__wrapper download-btn-wrapper\">\n\t\t\t\t\t  \t<a href=\"https:\/\/www.tpa-group.ro\/app\/uploads\/sites\/9\/2024\/07\/TPA_Brochure-2019.pdf\" target=\"_blank\" class=\"btn btn__primary elementor-button download-btn\">\n\t\t\t\t\t  \t\tDownload\t\t\t\t\t  \t\t<i class=\"fa6s fa6s-solid-download\"><\/i>\t\n\t\t\t\t\t  \t<\/a>\n\t\t\t  \t\t\n\t\t\t\t\t<\/div>\n\t\t\t\t<\/div>\n\t\t\t<\/div>\n    \t<\/div>\n\n\t\t\t\t\t\t<\/div>\n\t\t\t\t<\/div>\n\t\t\t\t\t<\/div>\n\t\t\t\t<\/div>\n\t\t\t\t<\/div>\n\t\t","protected":false},"excerpt":{"rendered":"<p>Acas\u0103 |&nbsp; Cariere Oportunit\u0103\u0163i pentru studen\u0163i \u00cenv\u0103\u0163\u00e2nd la TPA Ne face pl\u0103cere s\u0103 putem oferi studen\u0163ilor entuzia\u015fti \u015fi ambi\u0163io\u015fi \u015fansa de a participa la programele noastre de internship.TPA ofer\u0103 un mediu de studiu \u00een care studen\u0163ii pot deprinde cuno\u015ftin\u0163ele practice necesare pentru a-\u015fi completa studiile. Studen\u0163ii interac\u0163ioneaz\u0103 cu persoane foarte talentate \u015fi devotate care doresc [&hellip;]<\/p>\n","protected":false},"author":44,"featured_media":0,"parent":0,"menu_order":0,"comment_status":"closed","ping_status":"closed","template":"","meta":{"_acf_changed":false,"footnotes":""},"class_list":["post-3554","page","type-page","status-publish","hentry"],"acf":[],"yoast_head":"<!-- This site is optimized with the Yoast SEO plugin v26.0 - https:\/\/yoast.com\/wordpress\/plugins\/seo\/ -->\n<title>Oportunit\u0103\u0163i pentru studen\u0163i | www.tpa-group.ro<\/title>\n<meta name=\"robots\" content=\"index, follow, max-snippet:-1, max-image-preview:large, max-video-preview:-1\" \/>\n<link rel=\"canonical\" href=\"https:\/\/www.tpa-group.ro\/ro\/oportunitati-pentru-studenti\/\" \/>\n<meta property=\"og:locale\" content=\"ro_RO\" \/>\n<meta property=\"og:type\" content=\"article\" \/>\n<meta property=\"og:title\" content=\"Oportunit\u0103\u0163i pentru studen\u0163i | www.tpa-group.ro\" \/>\n<meta property=\"og:description\" content=\"Acas\u0103 |&nbsp; Cariere Oportunit\u0103\u0163i pentru studen\u0163i \u00cenv\u0103\u0163\u00e2nd la TPA Ne face pl\u0103cere s\u0103 putem oferi studen\u0163ilor entuzia\u015fti \u015fi ambi\u0163io\u015fi \u015fansa de a participa la programele noastre de internship.TPA ofer\u0103 un mediu de studiu \u00een care studen\u0163ii pot deprinde cuno\u015ftin\u0163ele practice necesare pentru a-\u015fi completa studiile. Studen\u0163ii interac\u0163ioneaz\u0103 cu persoane foarte talentate \u015fi devotate care doresc [&hellip;]\" \/>\n<meta property=\"og:url\" content=\"https:\/\/www.tpa-group.ro\/ro\/oportunitati-pentru-studenti\/\" \/>\n<meta property=\"og:site_name\" content=\"www.tpa-group.ro\" \/>\n<meta property=\"article:modified_time\" content=\"2024-10-25T08:02:27+00:00\" \/>\n<meta property=\"og:image\" content=\"https:\/\/www.tpa-group.ro\/app\/uploads\/sites\/9\/2024\/07\/22538585_338788256548513_8421251302901313244_o-640x449-1.webp\" \/>\n<meta name=\"twitter:card\" content=\"summary_large_image\" \/>\n<meta name=\"twitter:label1\" content=\"Est. reading time\" \/>\n\t<meta name=\"twitter:data1\" content=\"2 minute\" \/>\n<script type=\"application\/ld+json\" class=\"yoast-schema-graph\">{\"@context\":\"https:\/\/schema.org\",\"@graph\":[{\"@type\":\"WebPage\",\"@id\":\"https:\/\/www.tpa-group.ro\/ro\/oportunitati-pentru-studenti\/\",\"url\":\"https:\/\/www.tpa-group.ro\/ro\/oportunitati-pentru-studenti\/\",\"name\":\"Oportunit\u0103\u0163i pentru studen\u0163i | www.tpa-group.ro\",\"isPartOf\":{\"@id\":\"https:\/\/www.tpa-group.ro\/ro\/#website\"},\"primaryImageOfPage\":{\"@id\":\"https:\/\/www.tpa-group.ro\/ro\/oportunitati-pentru-studenti\/#primaryimage\"},\"image\":{\"@id\":\"https:\/\/www.tpa-group.ro\/ro\/oportunitati-pentru-studenti\/#primaryimage\"},\"thumbnailUrl\":\"https:\/\/www.tpa-group.ro\/app\/uploads\/sites\/9\/2024\/07\/22538585_338788256548513_8421251302901313244_o-640x449-1.webp\",\"datePublished\":\"2024-07-25T14:08:51+00:00\",\"dateModified\":\"2024-10-25T08:02:27+00:00\",\"breadcrumb\":{\"@id\":\"https:\/\/www.tpa-group.ro\/ro\/oportunitati-pentru-studenti\/#breadcrumb\"},\"inLanguage\":\"ro-RO\",\"potentialAction\":[{\"@type\":\"ReadAction\",\"target\":[\"https:\/\/www.tpa-group.ro\/ro\/oportunitati-pentru-studenti\/\"]}]},{\"@type\":\"ImageObject\",\"inLanguage\":\"ro-RO\",\"@id\":\"https:\/\/www.tpa-group.ro\/ro\/oportunitati-pentru-studenti\/#primaryimage\",\"url\":\"https:\/\/www.tpa-group.ro\/app\/uploads\/sites\/9\/2024\/07\/22538585_338788256548513_8421251302901313244_o-640x449-1.webp\",\"contentUrl\":\"https:\/\/www.tpa-group.ro\/app\/uploads\/sites\/9\/2024\/07\/22538585_338788256548513_8421251302901313244_o-640x449-1.webp\"},{\"@type\":\"BreadcrumbList\",\"@id\":\"https:\/\/www.tpa-group.ro\/ro\/oportunitati-pentru-studenti\/#breadcrumb\",\"itemListElement\":[{\"@type\":\"ListItem\",\"position\":1,\"name\":\"Home\",\"item\":\"https:\/\/www.tpa-group.ro\/ro\/\"},{\"@type\":\"ListItem\",\"position\":2,\"name\":\"Oportunit\u0103\u0163i pentru studen\u0163i\"}]},{\"@type\":\"WebSite\",\"@id\":\"https:\/\/www.tpa-group.ro\/ro\/#website\",\"url\":\"https:\/\/www.tpa-group.ro\/ro\/\",\"name\":\"TPA Romania\",\"description\":\"\",\"publisher\":{\"@id\":\"https:\/\/www.tpa-group.ro\/ro\/#organization\"},\"potentialAction\":[{\"@type\":\"SearchAction\",\"target\":{\"@type\":\"EntryPoint\",\"urlTemplate\":\"https:\/\/www.tpa-group.ro\/ro\/?s={search_term_string}\"},\"query-input\":{\"@type\":\"PropertyValueSpecification\",\"valueRequired\":true,\"valueName\":\"search_term_string\"}}],\"inLanguage\":\"ro-RO\"},{\"@type\":\"Organization\",\"@id\":\"https:\/\/www.tpa-group.ro\/ro\/#organization\",\"name\":\"TPA Romania\",\"url\":\"https:\/\/www.tpa-group.ro\/ro\/\",\"logo\":{\"@type\":\"ImageObject\",\"inLanguage\":\"ro-RO\",\"@id\":\"https:\/\/www.tpa-group.ro\/ro\/#\/schema\/logo\/image\/\",\"url\":\"https:\/\/www.tpa-group.ro\/app\/uploads\/sites\/9\/2024\/10\/TPA-Logo.jpg\",\"contentUrl\":\"https:\/\/www.tpa-group.ro\/app\/uploads\/sites\/9\/2024\/10\/TPA-Logo.jpg\",\"width\":256,\"height\":172,\"caption\":\"TPA Romania\"},\"image\":{\"@id\":\"https:\/\/www.tpa-group.ro\/ro\/#\/schema\/logo\/image\/\"}}]}<\/script>\n<!-- \/ Yoast SEO plugin. -->","yoast_head_json":{"title":"Oportunit\u0103\u0163i pentru studen\u0163i | www.tpa-group.ro","robots":{"index":"index","follow":"follow","max-snippet":"max-snippet:-1","max-image-preview":"max-image-preview:large","max-video-preview":"max-video-preview:-1"},"canonical":"https:\/\/www.tpa-group.ro\/ro\/oportunitati-pentru-studenti\/","og_locale":"ro_RO","og_type":"article","og_title":"Oportunit\u0103\u0163i pentru studen\u0163i | www.tpa-group.ro","og_description":"Acas\u0103 |&nbsp; Cariere Oportunit\u0103\u0163i pentru studen\u0163i \u00cenv\u0103\u0163\u00e2nd la TPA Ne face pl\u0103cere s\u0103 putem oferi studen\u0163ilor entuzia\u015fti \u015fi ambi\u0163io\u015fi \u015fansa de a participa la programele noastre de internship.TPA ofer\u0103 un mediu de studiu \u00een care studen\u0163ii pot deprinde cuno\u015ftin\u0163ele practice necesare pentru a-\u015fi completa studiile. Studen\u0163ii interac\u0163ioneaz\u0103 cu persoane foarte talentate \u015fi devotate care doresc [&hellip;]","og_url":"https:\/\/www.tpa-group.ro\/ro\/oportunitati-pentru-studenti\/","og_site_name":"www.tpa-group.ro","article_modified_time":"2024-10-25T08:02:27+00:00","og_image":[{"url":"https:\/\/www.tpa-group.ro\/app\/uploads\/sites\/9\/2024\/07\/22538585_338788256548513_8421251302901313244_o-640x449-1.webp","type":"","width":"","height":""}],"twitter_card":"summary_large_image","twitter_misc":{"Est. reading time":"2 minute"},"schema":{"@context":"https:\/\/schema.org","@graph":[{"@type":"WebPage","@id":"https:\/\/www.tpa-group.ro\/ro\/oportunitati-pentru-studenti\/","url":"https:\/\/www.tpa-group.ro\/ro\/oportunitati-pentru-studenti\/","name":"Oportunit\u0103\u0163i pentru studen\u0163i | www.tpa-group.ro","isPartOf":{"@id":"https:\/\/www.tpa-group.ro\/ro\/#website"},"primaryImageOfPage":{"@id":"https:\/\/www.tpa-group.ro\/ro\/oportunitati-pentru-studenti\/#primaryimage"},"image":{"@id":"https:\/\/www.tpa-group.ro\/ro\/oportunitati-pentru-studenti\/#primaryimage"},"thumbnailUrl":"https:\/\/www.tpa-group.ro\/app\/uploads\/sites\/9\/2024\/07\/22538585_338788256548513_8421251302901313244_o-640x449-1.webp","datePublished":"2024-07-25T14:08:51+00:00","dateModified":"2024-10-25T08:02:27+00:00","breadcrumb":{"@id":"https:\/\/www.tpa-group.ro\/ro\/oportunitati-pentru-studenti\/#breadcrumb"},"inLanguage":"ro-RO","potentialAction":[{"@type":"ReadAction","target":["https:\/\/www.tpa-group.ro\/ro\/oportunitati-pentru-studenti\/"]}]},{"@type":"ImageObject","inLanguage":"ro-RO","@id":"https:\/\/www.tpa-group.ro\/ro\/oportunitati-pentru-studenti\/#primaryimage","url":"https:\/\/www.tpa-group.ro\/app\/uploads\/sites\/9\/2024\/07\/22538585_338788256548513_8421251302901313244_o-640x449-1.webp","contentUrl":"https:\/\/www.tpa-group.ro\/app\/uploads\/sites\/9\/2024\/07\/22538585_338788256548513_8421251302901313244_o-640x449-1.webp"},{"@type":"BreadcrumbList","@id":"https:\/\/www.tpa-group.ro\/ro\/oportunitati-pentru-studenti\/#breadcrumb","itemListElement":[{"@type":"ListItem","position":1,"name":"Home","item":"https:\/\/www.tpa-group.ro\/ro\/"},{"@type":"ListItem","position":2,"name":"Oportunit\u0103\u0163i pentru studen\u0163i"}]},{"@type":"WebSite","@id":"https:\/\/www.tpa-group.ro\/ro\/#website","url":"https:\/\/www.tpa-group.ro\/ro\/","name":"TPA Romania","description":"","publisher":{"@id":"https:\/\/www.tpa-group.ro\/ro\/#organization"},"potentialAction":[{"@type":"SearchAction","target":{"@type":"EntryPoint","urlTemplate":"https:\/\/www.tpa-group.ro\/ro\/?s={search_term_string}"},"query-input":{"@type":"PropertyValueSpecification","valueRequired":true,"valueName":"search_term_string"}}],"inLanguage":"ro-RO"},{"@type":"Organization","@id":"https:\/\/www.tpa-group.ro\/ro\/#organization","name":"TPA Romania","url":"https:\/\/www.tpa-group.ro\/ro\/","logo":{"@type":"ImageObject","inLanguage":"ro-RO","@id":"https:\/\/www.tpa-group.ro\/ro\/#\/schema\/logo\/image\/","url":"https:\/\/www.tpa-group.ro\/app\/uploads\/sites\/9\/2024\/10\/TPA-Logo.jpg","contentUrl":"https:\/\/www.tpa-group.ro\/app\/uploads\/sites\/9\/2024\/10\/TPA-Logo.jpg","width":256,"height":172,"caption":"TPA Romania"},"image":{"@id":"https:\/\/www.tpa-group.ro\/ro\/#\/schema\/logo\/image\/"}}]}},"_links":{"self":[{"href":"https:\/\/www.tpa-group.ro\/ro\/wp-json\/wp\/v2\/pages\/3554","targetHints":{"allow":["GET"]}}],"collection":[{"href":"https:\/\/www.tpa-group.ro\/ro\/wp-json\/wp\/v2\/pages"}],"about":[{"href":"https:\/\/www.tpa-group.ro\/ro\/wp-json\/wp\/v2\/types\/page"}],"author":[{"embeddable":true,"href":"https:\/\/www.tpa-group.ro\/ro\/wp-json\/wp\/v2\/users\/44"}],"replies":[{"embeddable":true,"href":"https:\/\/www.tpa-group.ro\/ro\/wp-json\/wp\/v2\/comments?post=3554"}],"version-history":[{"count":26,"href":"https:\/\/www.tpa-group.ro\/ro\/wp-json\/wp\/v2\/pages\/3554\/revisions"}],"predecessor-version":[{"id":12682,"href":"https:\/\/www.tpa-group.ro\/ro\/wp-json\/wp\/v2\/pages\/3554\/revisions\/12682"}],"wp:attachment":[{"href":"https:\/\/www.tpa-group.ro\/ro\/wp-json\/wp\/v2\/media?parent=3554"}],"curies":[{"name":"wp","href":"https:\/\/api.w.org\/{rel}","templated":true}]}}