{"id":3560,"date":"2024-07-25T14:09:38","date_gmt":"2024-07-25T14:09:38","guid":{"rendered":"https:\/\/www.tpa-group.ro\/career-professionals\/"},"modified":"2024-10-25T08:02:32","modified_gmt":"2024-10-25T08:02:32","slug":"persoanele-cu-experienta-profesionala","status":"publish","type":"page","link":"https:\/\/www.tpa-group.ro\/ro\/persoanele-cu-experienta-profesionala\/","title":{"rendered":"Persoanele cu experien\u021b\u0103 profesional\u0103"},"content":{"rendered":"\t\t<div data-elementor-type=\"wp-page\" data-elementor-id=\"3560\" class=\"elementor elementor-3560 elementor-3084\" data-elementor-post-type=\"page\">\n\t\t\t\t\t\t<section class=\"elementor-section elementor-top-section elementor-element elementor-element-17edecb9 hero-banner elementor-section-boxed elementor-section-height-default elementor-section-height-default\" data-id=\"17edecb9\" data-element_type=\"section\" data-settings=\"{&quot;background_background&quot;:&quot;classic&quot;}\">\n\t\t\t\t\t\t\t<div class=\"elementor-background-overlay\"><\/div>\n\t\t\t\t\t\t\t<div class=\"elementor-container elementor-column-gap-default\">\n\t\t\t\t\t<div class=\"elementor-column elementor-col-50 elementor-top-column elementor-element elementor-element-3315820c\" data-id=\"3315820c\" data-element_type=\"column\">\n\t\t\t<div class=\"elementor-widget-wrap elementor-element-populated\">\n\t\t\t\t\t\t<section class=\"elementor-section elementor-inner-section elementor-element elementor-element-69e94adf hero-banner-breadcrumbs-container elementor-section-boxed elementor-section-height-default elementor-section-height-default\" data-id=\"69e94adf\" data-element_type=\"section\">\n\t\t\t\t\t\t<div class=\"elementor-container elementor-column-gap-default\">\n\t\t\t\t\t<div class=\"elementor-column elementor-col-100 elementor-inner-column elementor-element elementor-element-8b811b3\" data-id=\"8b811b3\" data-element_type=\"column\">\n\t\t\t<div class=\"elementor-widget-wrap elementor-element-populated\">\n\t\t\t\t\t\t<div class=\"elementor-element elementor-element-1ffa4cdc elementor-widget elementor-widget-heading\" data-id=\"1ffa4cdc\" data-element_type=\"widget\" data-widget_type=\"heading.default\">\n\t\t\t\t<div class=\"elementor-widget-container\">\n\t\t\t\t\t<p class=\"elementor-heading-title elementor-size-default\"><a href=\"https:\/\/www.tpa-group.ro\/ro\/\">Acas\u0103 |&nbsp;<\/a><\/p>\t\t\t\t<\/div>\n\t\t\t\t<\/div>\n\t\t\t\t<div class=\"elementor-element elementor-element-4143b579 elementor-widget elementor-widget-heading\" data-id=\"4143b579\" data-element_type=\"widget\" data-widget_type=\"heading.default\">\n\t\t\t\t<div class=\"elementor-widget-container\">\n\t\t\t\t\t<p class=\"elementor-heading-title elementor-size-default\">Persoanele cu experien\u021b\u0103 profesional\u0103<\/p>\t\t\t\t<\/div>\n\t\t\t\t<\/div>\n\t\t\t\t\t<\/div>\n\t\t<\/div>\n\t\t\t\t\t<\/div>\n\t\t<\/section>\n\t\t\t\t<div class=\"elementor-element elementor-element-77d98372 elementor-widget elementor-widget-heading\" data-id=\"77d98372\" data-element_type=\"widget\" data-widget_type=\"heading.default\">\n\t\t\t\t<div class=\"elementor-widget-container\">\n\t\t\t\t\t<h1 class=\"elementor-heading-title elementor-size-default\">Persoanele cu experien\u021b\u0103 profesional\u0103<\/h1>\t\t\t\t<\/div>\n\t\t\t\t<\/div>\n\t\t\t\t\t<\/div>\n\t\t<\/div>\n\t\t\t\t<div class=\"elementor-column elementor-col-50 elementor-top-column elementor-element elementor-element-18cad364\" data-id=\"18cad364\" data-element_type=\"column\">\n\t\t\t<div class=\"elementor-widget-wrap\">\n\t\t\t\t\t\t\t<\/div>\n\t\t<\/div>\n\t\t\t\t\t<\/div>\n\t\t<\/section>\n\t\t<div class=\"elementor-element elementor-element-84aca98 page-content-container e-flex e-con-boxed e-con e-parent\" data-id=\"84aca98\" data-element_type=\"container\">\n\t\t\t\t\t<div class=\"e-con-inner\">\n\t\t\t\t<div class=\"elementor-element elementor-element-c79ff2c elementor-widget elementor-widget-text-editor\" data-id=\"c79ff2c\" data-element_type=\"widget\" data-widget_type=\"text-editor.default\">\n\t\t\t\t<div class=\"elementor-widget-container\">\n\t\t\t\t\t\t\t\t\tTPA este \u00een continu\u0103 c\u0103utare in vederea extinderii echipei prin ad\u0103ugarea unor oameni dinamici si cu o atitudine profesional\u0103.\t\t\t\t\t\t\t\t<\/div>\n\t\t\t\t<\/div>\n\t\t\t\t<div class=\"elementor-element elementor-element-b646c32 elementor-widget elementor-widget-text-editor\" data-id=\"b646c32\" data-element_type=\"widget\" data-widget_type=\"text-editor.default\">\n\t\t\t\t<div class=\"elementor-widget-container\">\n\t\t\t\t\t\t\t\t\tIn mod activ recrutam profesioni\u015fti cu experien\u0163\u0103, care au un puternic sentiment de determinare pentru a atinge o carier\u0103 de succes.\t\t\t\t\t\t\t\t<\/div>\n\t\t\t\t<\/div>\n\t\t\t\t<div class=\"elementor-element elementor-element-89b961b elementor-widget elementor-widget-image\" data-id=\"89b961b\" data-element_type=\"widget\" data-widget_type=\"image.default\">\n\t\t\t\t<div class=\"elementor-widget-container\">\n\t\t\t\t\t\t\t\t\t\t\t\t\t\t\t<img decoding=\"async\" src=\"https:\/\/www.tpa-group.ro\/app\/uploads\/sites\/9\/elementor\/thumbs\/HR_bilder_jobs_klein_EN2-qro3df2izje2vkdk8jvvztgsacz5j2z3l75o8h0y72.webp\" title=\"HR_bilder_jobs_klein_EN2\" alt=\"HR_bilder_jobs_klein_EN2\" loading=\"lazy\" \/>\t\t\t\t\t\t\t\t\t\t\t\t\t\t\t<\/div>\n\t\t\t\t<\/div>\n\t\t\t\t<div class=\"elementor-element elementor-element-8bbca43 elementor-widget elementor-widget-spacer\" data-id=\"8bbca43\" data-element_type=\"widget\" data-widget_type=\"spacer.default\">\n\t\t\t\t<div class=\"elementor-widget-container\">\n\t\t\t\t\t\t\t<div class=\"elementor-spacer\">\n\t\t\t<div class=\"elementor-spacer-inner\"><\/div>\n\t\t<\/div>\n\t\t\t\t\t\t<\/div>\n\t\t\t\t<\/div>\n\t\t\t\t<div class=\"elementor-element elementor-element-277ec20 elementor-widget elementor-widget-text-editor\" data-id=\"277ec20\" data-element_type=\"widget\" data-widget_type=\"text-editor.default\">\n\t\t\t\t<div class=\"elementor-widget-container\">\n\t\t\t\t\t\t\t\t\t<p>Dac\u0103 sunte\u0163i interesat \u00een a va al\u0103tura companiei noastre, v\u0103 rug\u0103m s\u0103 trimite\u0163i CV-ul la <span style=\"text-decoration: underline;\"><a href=\"mailto:hr@tpa-group.ro\"><strong>hr@tpa-group.ro<\/strong><\/a><\/span><\/p>\t\t\t\t\t\t\t\t<\/div>\n\t\t\t\t<\/div>\n\t\t\t\t<div class=\"elementor-element elementor-element-538c1aa elementor-widget elementor-widget-text-editor\" data-id=\"538c1aa\" data-element_type=\"widget\" data-widget_type=\"text-editor.default\">\n\t\t\t\t<div class=\"elementor-widget-container\">\n\t\t\t\t\t\t\t\t\tV\u0103 vom contacta de \u00eendat\u0103 ce vom avea un post disponibil potrivit.\t\t\t\t\t\t\t\t<\/div>\n\t\t\t\t<\/div>\n\t\t\t\t<div class=\"elementor-element elementor-element-f64a417 elementor-widget elementor-widget-spacer\" data-id=\"f64a417\" data-element_type=\"widget\" data-widget_type=\"spacer.default\">\n\t\t\t\t<div class=\"elementor-widget-container\">\n\t\t\t\t\t\t\t<div class=\"elementor-spacer\">\n\t\t\t<div class=\"elementor-spacer-inner\"><\/div>\n\t\t<\/div>\n\t\t\t\t\t\t<\/div>\n\t\t\t\t<\/div>\n\t\t\t\t<div class=\"elementor-element elementor-element-81470d2 elementor-widget elementor-widget-heading\" data-id=\"81470d2\" data-element_type=\"widget\" data-widget_type=\"heading.default\">\n\t\t\t\t<div class=\"elementor-widget-container\">\n\t\t\t\t\t<h2 class=\"elementor-heading-title elementor-size-default\">Persoan\u0103 de contact<\/h2>\t\t\t\t<\/div>\n\t\t\t\t<\/div>\n\t\t\t\t<div class=\"elementor-element elementor-element-7049466 elementor-widget elementor-widget-text-editor\" data-id=\"7049466\" data-element_type=\"widget\" data-widget_type=\"text-editor.default\">\n\t\t\t\t<div class=\"elementor-widget-container\">\n\t\t\t\t\t\t\t\t\t<p><strong>HR Department<\/strong><\/p>\n<div>Bucure\u015fti, Rom\u00e2nia<\/div>\n<div>\n<div><span style=\"text-decoration: underline;\"><strong><a href=\"mailto:hr@tpa-group.ro\">hr@tpa-group.ro<\/a><\/strong><\/span><\/div>\n<div><span style=\"text-decoration: underline;\"><strong><a href=\"tel:+40 21 3100669\">+40 21 3100669<\/a><\/strong><\/span><\/div>\n<\/div>\t\t\t\t\t\t\t\t<\/div>\n\t\t\t\t<\/div>\n\t\t\t\t\t<\/div>\n\t\t\t\t<\/div>\n\t\t\t\t<\/div>\n\t\t","protected":false},"excerpt":{"rendered":"<p>Acas\u0103 |&nbsp; Persoanele cu experien\u021b\u0103 profesional\u0103 Persoanele cu experien\u021b\u0103 profesional\u0103 TPA este \u00een continu\u0103 c\u0103utare in vederea extinderii echipei prin ad\u0103ugarea unor oameni dinamici si cu o atitudine profesional\u0103.In mod activ recrutam profesioni\u015fti cu experien\u0163\u0103, care au un puternic sentiment de determinare pentru a atinge o carier\u0103 de succes. Dac\u0103 sunte\u0163i interesat \u00een a va [&hellip;]<\/p>\n","protected":false},"author":44,"featured_media":0,"parent":0,"menu_order":0,"comment_status":"closed","ping_status":"closed","template":"","meta":{"_acf_changed":false,"footnotes":""},"class_list":["post-3560","page","type-page","status-publish","hentry"],"acf":[],"yoast_head":"<!-- This site is optimized with the Yoast SEO plugin v26.0 - https:\/\/yoast.com\/wordpress\/plugins\/seo\/ -->\n<title>Persoanele cu experien\u021b\u0103 profesional\u0103 | www.tpa-group.ro<\/title>\n<meta name=\"robots\" content=\"index, follow, max-snippet:-1, max-image-preview:large, max-video-preview:-1\" \/>\n<link rel=\"canonical\" href=\"https:\/\/www.tpa-group.ro\/ro\/persoanele-cu-experienta-profesionala\/\" \/>\n<meta property=\"og:locale\" content=\"ro_RO\" \/>\n<meta property=\"og:type\" content=\"article\" \/>\n<meta property=\"og:title\" content=\"Persoanele cu experien\u021b\u0103 profesional\u0103 | www.tpa-group.ro\" \/>\n<meta property=\"og:description\" content=\"Acas\u0103 |&nbsp; Persoanele cu experien\u021b\u0103 profesional\u0103 Persoanele cu experien\u021b\u0103 profesional\u0103 TPA este \u00een continu\u0103 c\u0103utare in vederea extinderii echipei prin ad\u0103ugarea unor oameni dinamici si cu o atitudine profesional\u0103.In mod activ recrutam profesioni\u015fti cu experien\u0163\u0103, care au un puternic sentiment de determinare pentru a atinge o carier\u0103 de succes. Dac\u0103 sunte\u0163i interesat \u00een a va [&hellip;]\" \/>\n<meta property=\"og:url\" content=\"https:\/\/www.tpa-group.ro\/ro\/persoanele-cu-experienta-profesionala\/\" \/>\n<meta property=\"og:site_name\" content=\"www.tpa-group.ro\" \/>\n<meta property=\"article:modified_time\" content=\"2024-10-25T08:02:32+00:00\" \/>\n<meta property=\"og:image\" content=\"https:\/\/www.tpa-group.ro\/app\/uploads\/sites\/9\/elementor\/thumbs\/HR_bilder_jobs_klein_EN2-qro3df2izje2vkdk8jvvztgsacz5j2z3l75o8h0y72.webp\" \/>\n<meta name=\"twitter:card\" content=\"summary_large_image\" \/>\n<meta name=\"twitter:label1\" content=\"Est. reading time\" \/>\n\t<meta name=\"twitter:data1\" content=\"1 minut\" \/>\n<script type=\"application\/ld+json\" class=\"yoast-schema-graph\">{\"@context\":\"https:\/\/schema.org\",\"@graph\":[{\"@type\":\"WebPage\",\"@id\":\"https:\/\/www.tpa-group.ro\/ro\/persoanele-cu-experienta-profesionala\/\",\"url\":\"https:\/\/www.tpa-group.ro\/ro\/persoanele-cu-experienta-profesionala\/\",\"name\":\"Persoanele cu experien\u021b\u0103 profesional\u0103 | www.tpa-group.ro\",\"isPartOf\":{\"@id\":\"https:\/\/www.tpa-group.ro\/ro\/#website\"},\"primaryImageOfPage\":{\"@id\":\"https:\/\/www.tpa-group.ro\/ro\/persoanele-cu-experienta-profesionala\/#primaryimage\"},\"image\":{\"@id\":\"https:\/\/www.tpa-group.ro\/ro\/persoanele-cu-experienta-profesionala\/#primaryimage\"},\"thumbnailUrl\":\"https:\/\/www.tpa-group.ro\/app\/uploads\/sites\/9\/elementor\/thumbs\/HR_bilder_jobs_klein_EN2-qro3df2izje2vkdk8jvvztgsacz5j2z3l75o8h0y72.webp\",\"datePublished\":\"2024-07-25T14:09:38+00:00\",\"dateModified\":\"2024-10-25T08:02:32+00:00\",\"breadcrumb\":{\"@id\":\"https:\/\/www.tpa-group.ro\/ro\/persoanele-cu-experienta-profesionala\/#breadcrumb\"},\"inLanguage\":\"ro-RO\",\"potentialAction\":[{\"@type\":\"ReadAction\",\"target\":[\"https:\/\/www.tpa-group.ro\/ro\/persoanele-cu-experienta-profesionala\/\"]}]},{\"@type\":\"ImageObject\",\"inLanguage\":\"ro-RO\",\"@id\":\"https:\/\/www.tpa-group.ro\/ro\/persoanele-cu-experienta-profesionala\/#primaryimage\",\"url\":\"https:\/\/www.tpa-group.ro\/app\/uploads\/sites\/9\/elementor\/thumbs\/HR_bilder_jobs_klein_EN2-qro3df2izje2vkdk8jvvztgsacz5j2z3l75o8h0y72.webp\",\"contentUrl\":\"https:\/\/www.tpa-group.ro\/app\/uploads\/sites\/9\/elementor\/thumbs\/HR_bilder_jobs_klein_EN2-qro3df2izje2vkdk8jvvztgsacz5j2z3l75o8h0y72.webp\"},{\"@type\":\"BreadcrumbList\",\"@id\":\"https:\/\/www.tpa-group.ro\/ro\/persoanele-cu-experienta-profesionala\/#breadcrumb\",\"itemListElement\":[{\"@type\":\"ListItem\",\"position\":1,\"name\":\"Home\",\"item\":\"https:\/\/www.tpa-group.ro\/ro\/\"},{\"@type\":\"ListItem\",\"position\":2,\"name\":\"Persoanele cu experien\u021b\u0103 profesional\u0103\"}]},{\"@type\":\"WebSite\",\"@id\":\"https:\/\/www.tpa-group.ro\/ro\/#website\",\"url\":\"https:\/\/www.tpa-group.ro\/ro\/\",\"name\":\"TPA Romania\",\"description\":\"\",\"publisher\":{\"@id\":\"https:\/\/www.tpa-group.ro\/ro\/#organization\"},\"potentialAction\":[{\"@type\":\"SearchAction\",\"target\":{\"@type\":\"EntryPoint\",\"urlTemplate\":\"https:\/\/www.tpa-group.ro\/ro\/?s={search_term_string}\"},\"query-input\":{\"@type\":\"PropertyValueSpecification\",\"valueRequired\":true,\"valueName\":\"search_term_string\"}}],\"inLanguage\":\"ro-RO\"},{\"@type\":\"Organization\",\"@id\":\"https:\/\/www.tpa-group.ro\/ro\/#organization\",\"name\":\"TPA Romania\",\"url\":\"https:\/\/www.tpa-group.ro\/ro\/\",\"logo\":{\"@type\":\"ImageObject\",\"inLanguage\":\"ro-RO\",\"@id\":\"https:\/\/www.tpa-group.ro\/ro\/#\/schema\/logo\/image\/\",\"url\":\"https:\/\/www.tpa-group.ro\/app\/uploads\/sites\/9\/2024\/10\/TPA-Logo.jpg\",\"contentUrl\":\"https:\/\/www.tpa-group.ro\/app\/uploads\/sites\/9\/2024\/10\/TPA-Logo.jpg\",\"width\":256,\"height\":172,\"caption\":\"TPA Romania\"},\"image\":{\"@id\":\"https:\/\/www.tpa-group.ro\/ro\/#\/schema\/logo\/image\/\"}}]}<\/script>\n<!-- \/ Yoast SEO plugin. -->","yoast_head_json":{"title":"Persoanele cu experien\u021b\u0103 profesional\u0103 | www.tpa-group.ro","robots":{"index":"index","follow":"follow","max-snippet":"max-snippet:-1","max-image-preview":"max-image-preview:large","max-video-preview":"max-video-preview:-1"},"canonical":"https:\/\/www.tpa-group.ro\/ro\/persoanele-cu-experienta-profesionala\/","og_locale":"ro_RO","og_type":"article","og_title":"Persoanele cu experien\u021b\u0103 profesional\u0103 | www.tpa-group.ro","og_description":"Acas\u0103 |&nbsp; Persoanele cu experien\u021b\u0103 profesional\u0103 Persoanele cu experien\u021b\u0103 profesional\u0103 TPA este \u00een continu\u0103 c\u0103utare in vederea extinderii echipei prin ad\u0103ugarea unor oameni dinamici si cu o atitudine profesional\u0103.In mod activ recrutam profesioni\u015fti cu experien\u0163\u0103, care au un puternic sentiment de determinare pentru a atinge o carier\u0103 de succes. Dac\u0103 sunte\u0163i interesat \u00een a va [&hellip;]","og_url":"https:\/\/www.tpa-group.ro\/ro\/persoanele-cu-experienta-profesionala\/","og_site_name":"www.tpa-group.ro","article_modified_time":"2024-10-25T08:02:32+00:00","og_image":[{"url":"https:\/\/www.tpa-group.ro\/app\/uploads\/sites\/9\/elementor\/thumbs\/HR_bilder_jobs_klein_EN2-qro3df2izje2vkdk8jvvztgsacz5j2z3l75o8h0y72.webp","type":"","width":"","height":""}],"twitter_card":"summary_large_image","twitter_misc":{"Est. reading time":"1 minut"},"schema":{"@context":"https:\/\/schema.org","@graph":[{"@type":"WebPage","@id":"https:\/\/www.tpa-group.ro\/ro\/persoanele-cu-experienta-profesionala\/","url":"https:\/\/www.tpa-group.ro\/ro\/persoanele-cu-experienta-profesionala\/","name":"Persoanele cu experien\u021b\u0103 profesional\u0103 | www.tpa-group.ro","isPartOf":{"@id":"https:\/\/www.tpa-group.ro\/ro\/#website"},"primaryImageOfPage":{"@id":"https:\/\/www.tpa-group.ro\/ro\/persoanele-cu-experienta-profesionala\/#primaryimage"},"image":{"@id":"https:\/\/www.tpa-group.ro\/ro\/persoanele-cu-experienta-profesionala\/#primaryimage"},"thumbnailUrl":"https:\/\/www.tpa-group.ro\/app\/uploads\/sites\/9\/elementor\/thumbs\/HR_bilder_jobs_klein_EN2-qro3df2izje2vkdk8jvvztgsacz5j2z3l75o8h0y72.webp","datePublished":"2024-07-25T14:09:38+00:00","dateModified":"2024-10-25T08:02:32+00:00","breadcrumb":{"@id":"https:\/\/www.tpa-group.ro\/ro\/persoanele-cu-experienta-profesionala\/#breadcrumb"},"inLanguage":"ro-RO","potentialAction":[{"@type":"ReadAction","target":["https:\/\/www.tpa-group.ro\/ro\/persoanele-cu-experienta-profesionala\/"]}]},{"@type":"ImageObject","inLanguage":"ro-RO","@id":"https:\/\/www.tpa-group.ro\/ro\/persoanele-cu-experienta-profesionala\/#primaryimage","url":"https:\/\/www.tpa-group.ro\/app\/uploads\/sites\/9\/elementor\/thumbs\/HR_bilder_jobs_klein_EN2-qro3df2izje2vkdk8jvvztgsacz5j2z3l75o8h0y72.webp","contentUrl":"https:\/\/www.tpa-group.ro\/app\/uploads\/sites\/9\/elementor\/thumbs\/HR_bilder_jobs_klein_EN2-qro3df2izje2vkdk8jvvztgsacz5j2z3l75o8h0y72.webp"},{"@type":"BreadcrumbList","@id":"https:\/\/www.tpa-group.ro\/ro\/persoanele-cu-experienta-profesionala\/#breadcrumb","itemListElement":[{"@type":"ListItem","position":1,"name":"Home","item":"https:\/\/www.tpa-group.ro\/ro\/"},{"@type":"ListItem","position":2,"name":"Persoanele cu experien\u021b\u0103 profesional\u0103"}]},{"@type":"WebSite","@id":"https:\/\/www.tpa-group.ro\/ro\/#website","url":"https:\/\/www.tpa-group.ro\/ro\/","name":"TPA Romania","description":"","publisher":{"@id":"https:\/\/www.tpa-group.ro\/ro\/#organization"},"potentialAction":[{"@type":"SearchAction","target":{"@type":"EntryPoint","urlTemplate":"https:\/\/www.tpa-group.ro\/ro\/?s={search_term_string}"},"query-input":{"@type":"PropertyValueSpecification","valueRequired":true,"valueName":"search_term_string"}}],"inLanguage":"ro-RO"},{"@type":"Organization","@id":"https:\/\/www.tpa-group.ro\/ro\/#organization","name":"TPA Romania","url":"https:\/\/www.tpa-group.ro\/ro\/","logo":{"@type":"ImageObject","inLanguage":"ro-RO","@id":"https:\/\/www.tpa-group.ro\/ro\/#\/schema\/logo\/image\/","url":"https:\/\/www.tpa-group.ro\/app\/uploads\/sites\/9\/2024\/10\/TPA-Logo.jpg","contentUrl":"https:\/\/www.tpa-group.ro\/app\/uploads\/sites\/9\/2024\/10\/TPA-Logo.jpg","width":256,"height":172,"caption":"TPA Romania"},"image":{"@id":"https:\/\/www.tpa-group.ro\/ro\/#\/schema\/logo\/image\/"}}]}},"_links":{"self":[{"href":"https:\/\/www.tpa-group.ro\/ro\/wp-json\/wp\/v2\/pages\/3560","targetHints":{"allow":["GET"]}}],"collection":[{"href":"https:\/\/www.tpa-group.ro\/ro\/wp-json\/wp\/v2\/pages"}],"about":[{"href":"https:\/\/www.tpa-group.ro\/ro\/wp-json\/wp\/v2\/types\/page"}],"author":[{"embeddable":true,"href":"https:\/\/www.tpa-group.ro\/ro\/wp-json\/wp\/v2\/users\/44"}],"replies":[{"embeddable":true,"href":"https:\/\/www.tpa-group.ro\/ro\/wp-json\/wp\/v2\/comments?post=3560"}],"version-history":[{"count":23,"href":"https:\/\/www.tpa-group.ro\/ro\/wp-json\/wp\/v2\/pages\/3560\/revisions"}],"predecessor-version":[{"id":12685,"href":"https:\/\/www.tpa-group.ro\/ro\/wp-json\/wp\/v2\/pages\/3560\/revisions\/12685"}],"wp:attachment":[{"href":"https:\/\/www.tpa-group.ro\/ro\/wp-json\/wp\/v2\/media?parent=3560"}],"curies":[{"name":"wp","href":"https:\/\/api.w.org\/{rel}","templated":true}]}}