{"id":6940,"date":"2024-09-05T13:45:40","date_gmt":"2024-09-05T13:45:40","guid":{"rendered":"https:\/\/www.tpa-group.ro\/?page_id=6940"},"modified":"2024-10-25T08:42:31","modified_gmt":"2024-10-25T08:42:31","slug":"rlimitarea-raspunderii","status":"publish","type":"page","link":"https:\/\/www.tpa-group.ro\/ro\/rlimitarea-raspunderii\/","title":{"rendered":"Limitarea r\u0103spunderii"},"content":{"rendered":"\t\t<div data-elementor-type=\"wp-page\" data-elementor-id=\"6940\" class=\"elementor elementor-6940 elementor-6938\" data-elementor-post-type=\"page\">\n\t\t\t\t\t\t<section class=\"elementor-section elementor-top-section elementor-element elementor-element-455ba140 hero-banner elementor-section-boxed elementor-section-height-default elementor-section-height-default\" data-id=\"455ba140\" data-element_type=\"section\">\n\t\t\t\t\t\t<div class=\"elementor-container elementor-column-gap-default\">\n\t\t\t\t\t<div class=\"elementor-column elementor-col-50 elementor-top-column elementor-element elementor-element-710ea691\" data-id=\"710ea691\" data-element_type=\"column\" data-settings=\"{&quot;background_background&quot;:&quot;gradient&quot;}\">\n\t\t\t<div class=\"elementor-widget-wrap elementor-element-populated\">\n\t\t\t\t\t\t<section class=\"elementor-section elementor-inner-section elementor-element elementor-element-68895614 hero-banner-breadcrumbs-container elementor-section-boxed elementor-section-height-default elementor-section-height-default\" data-id=\"68895614\" data-element_type=\"section\">\n\t\t\t\t\t\t<div class=\"elementor-container elementor-column-gap-default\">\n\t\t\t\t\t<div class=\"elementor-column elementor-col-100 elementor-inner-column elementor-element elementor-element-1e2a586e\" data-id=\"1e2a586e\" data-element_type=\"column\">\n\t\t\t<div class=\"elementor-widget-wrap elementor-element-populated\">\n\t\t\t\t\t\t<div class=\"elementor-element elementor-element-90231e7 elementor-widget elementor-widget-heading\" data-id=\"90231e7\" data-element_type=\"widget\" data-widget_type=\"heading.default\">\n\t\t\t\t<div class=\"elementor-widget-container\">\n\t\t\t\t\t<p class=\"elementor-heading-title elementor-size-default\"><a href=\"https:\/\/www.tpa-group.ro\/ro\/\">Acas\u0103 |&nbsp;<\/a><\/p>\t\t\t\t<\/div>\n\t\t\t\t<\/div>\n\t\t\t\t<div class=\"elementor-element elementor-element-68671e6 elementor-widget elementor-widget-heading\" data-id=\"68671e6\" data-element_type=\"widget\" data-widget_type=\"heading.default\">\n\t\t\t\t<div class=\"elementor-widget-container\">\n\t\t\t\t\t<p class=\"elementor-heading-title elementor-size-default\">Limitarea r\u0103spunderii<\/p>\t\t\t\t<\/div>\n\t\t\t\t<\/div>\n\t\t\t\t\t<\/div>\n\t\t<\/div>\n\t\t\t\t\t<\/div>\n\t\t<\/section>\n\t\t\t\t<div class=\"elementor-element elementor-element-1e0703f0 elementor-widget elementor-widget-heading\" data-id=\"1e0703f0\" data-element_type=\"widget\" data-widget_type=\"heading.default\">\n\t\t\t\t<div class=\"elementor-widget-container\">\n\t\t\t\t\t<h1 class=\"elementor-heading-title elementor-size-default\">Limitarea r\u0103spunderii<\/h1>\t\t\t\t<\/div>\n\t\t\t\t<\/div>\n\t\t\t\t\t<\/div>\n\t\t<\/div>\n\t\t\t\t<div class=\"elementor-column elementor-col-50 elementor-top-column elementor-element elementor-element-1c2e1126\" data-id=\"1c2e1126\" data-element_type=\"column\">\n\t\t\t<div class=\"elementor-widget-wrap\">\n\t\t\t\t\t\t\t<\/div>\n\t\t<\/div>\n\t\t\t\t\t<\/div>\n\t\t<\/section>\n\t\t<div class=\"elementor-element elementor-element-bdd3abd page-content-container e-flex e-con-boxed e-con e-parent\" data-id=\"bdd3abd\" data-element_type=\"container\" data-settings=\"{&quot;background_background&quot;:&quot;classic&quot;}\">\n\t\t\t\t\t<div class=\"e-con-inner\">\n\t\t\t\t<div class=\"elementor-element elementor-element-fe3195c elementor-widget elementor-widget-text-editor\" data-id=\"fe3195c\" data-element_type=\"widget\" data-widget_type=\"text-editor.default\">\n\t\t\t\t<div class=\"elementor-widget-container\">\n\t\t\t\t\t\t\t\t\t<p>Informa\u021biile, opiniile \u0219i interpret\u0103rile legale oferite pe acest site sunt doar pentru informare general\u0103. Aplicarea \u0219i impactul legilor pot varia foarte mult \u00een func\u021bie de faptele specifice implicate. Av\u00e2nd \u00een vedere natura schimb\u0103toare a legilor, reglement\u0103rilor \u0219i hot\u0103r\u00e2rilor precum \u0219i riscurile inerente pe care le implic\u0103 comunicarea electronic\u0103, pot exista \u00eent\u00e2rzieri, omisiuni sau inexactit\u0103\u021bi \u00een aspectul informa\u021biilor pe care le g\u0103si\u0163i pe acest site. \u00cen consecin\u021b\u0103, trebuie s\u0103 se \u021bin\u0103 seama de faptul c\u0103 informa\u021biile puse la dispozi\u021bie pe acest site nu pot fi folosite \u0219i nu ar trebui s\u0103 fie folosite ca substitute ale consultan\u0163ei fiscale sau ale unei consilieri juridice profesionale. \u00cenainte de a lua orice decizie, v\u0103 recomand\u0103m s\u0103 consulta\u021bi un profesionist din cadrul TPA.<\/p><p>Cu tot efortul de a asigura faptul c\u0103 informa\u021biile con\u021binute pe acest site au fost ob\u021binute din surse de \u00eencredere, TPA \u015fi autorii individuali nu poart\u0103 r\u0103spunderea\u00a0 pentru nici o eroare sau omisiune, \u015fi nici pentru\u00a0 rezultatele ob\u021binute \u00een urma utiliz\u0103rii acestor informa\u021bii. Toate informa\u021biile de pe acest site v\u0103 sunt oferite f\u0103r\u0103 a garanta exhaustivitatea, acurate\u021bea sau caracterul adecvat al acestora, \u0219i f\u0103r\u0103 garan\u021bia faptului c\u0103 acestea sunt corespunz\u0103toare unui anumit scop.<\/p><p>TPA \u015fi autorii individuali nu \u00ee\u015fi asum\u0103 nici o responsabilitate pentru nici o decizie luat\u0103 sau ac\u0163iune ini\u0163iat\u0103 \u00een baza con\u0163inutului acestui site \u015fi nici pentru daune care rezult\u0103 din orice astfel de ac\u0163iuni sau decizii. TPA nu are control asupra con\u021binutului sau prezent\u0103rii oric\u0103ror materiale de pe internet oferite ca link \u0219i nu \u00ee\u0219i asum\u0103 responsabilitatea pentru astfel de con\u021binut. TPA nu \u020b\u015fi asum\u0103 responsabilitatea pentru corectitudinea, integralitatea \u0219i caracterul actual al materialelor de pe internet oferite ca link. Se aplic\u0103 Termenii \u0219i Condi\u021biile Generale ale Contractului pentru profesiile de contabilitate (AAB), care sunt disponibile pentru desc\u0103rcare de mai jos.<\/p><p>Textele, imaginile, grafica, secven\u0163ele video \u0219i alte materiale de pe acest site sunt protejate de drepturile de autor \u0219i alte drepturi de proprietate intelectual\u0103: nici o parte a acestor materiale nu poate fi transmis\u0103 ter\u0163ilor, reprodus\u0103 sau prelucrat\u0103 \u00een alt mod, f\u0103r\u0103 acordul explicit scris al TPA.<\/p><p>Toate disputele \u0219i procedurile legale \u00een leg\u0103tur\u0103 cu utilizarea acestui site sunt supuse exclusiv normelor de drept material din Austria. Instan\u021ba competent\u0103 pentru toate disputele \u0219i procedurile legale care rezult\u0103 direct sau indirect din utilizarea acestui site va fi instan\u021ba local\u0103 austriac\u0103 competent\u0103 cu jurisdic\u0163ie \u00een Primul District al Vienei, Austria. Pentru consumatori, \u00een sensul Legii din Austria privind protec\u021bia consumatorului (KSchG), aceasta se aplic\u0103 numai \u00een m\u0103sura \u00een care ace\u015ftia nu sunt reziden\u0163i, reziden\u0163i \u00een mod obi\u015fnuit \u015fi nici angaja\u021bi pe teritoriul Austriei.<\/p><p>TPA nu ofer\u0103 nici o garan\u0163ie conform c\u0103reia serviciile vor fi ne\u00eentrerupte sau vor func\u021biona conform planific\u0103rii. TPA are dreptul, \u00een orice moment \u0219i f\u0103r\u0103 notificare prealabil\u0103, de a suspenda sau anula permanent serviciile individuale sau totalitatea serviciilor furnizate prin intermediul acestui site.<\/p>\t\t\t\t\t\t\t\t<\/div>\n\t\t\t\t<\/div>\n\t\t\t\t\t<\/div>\n\t\t\t\t<\/div>\n\t\t\t\t<\/div>\n\t\t","protected":false},"excerpt":{"rendered":"<p>Acas\u0103 |&nbsp; Limitarea r\u0103spunderii Limitarea r\u0103spunderii Informa\u021biile, opiniile \u0219i interpret\u0103rile legale oferite pe acest site sunt doar pentru informare general\u0103. Aplicarea \u0219i impactul legilor pot varia foarte mult \u00een func\u021bie de faptele specifice implicate. Av\u00e2nd \u00een vedere natura schimb\u0103toare a legilor, reglement\u0103rilor \u0219i hot\u0103r\u00e2rilor precum \u0219i riscurile inerente pe care le implic\u0103 comunicarea electronic\u0103, pot [&hellip;]<\/p>\n","protected":false},"author":44,"featured_media":0,"parent":0,"menu_order":0,"comment_status":"closed","ping_status":"closed","template":"","meta":{"_acf_changed":false,"footnotes":""},"class_list":["post-6940","page","type-page","status-publish","hentry"],"acf":[],"yoast_head":"<!-- This site is optimized with the Yoast SEO plugin v26.0 - https:\/\/yoast.com\/wordpress\/plugins\/seo\/ -->\n<title>Limitarea r\u0103spunderii | www.tpa-group.ro<\/title>\n<meta name=\"robots\" content=\"index, follow, max-snippet:-1, max-image-preview:large, max-video-preview:-1\" \/>\n<link rel=\"canonical\" href=\"https:\/\/www.tpa-group.ro\/ro\/rlimitarea-raspunderii\/\" \/>\n<meta property=\"og:locale\" content=\"ro_RO\" \/>\n<meta property=\"og:type\" content=\"article\" \/>\n<meta property=\"og:title\" content=\"Limitarea r\u0103spunderii | www.tpa-group.ro\" \/>\n<meta property=\"og:description\" content=\"Acas\u0103 |&nbsp; Limitarea r\u0103spunderii Limitarea r\u0103spunderii Informa\u021biile, opiniile \u0219i interpret\u0103rile legale oferite pe acest site sunt doar pentru informare general\u0103. Aplicarea \u0219i impactul legilor pot varia foarte mult \u00een func\u021bie de faptele specifice implicate. Av\u00e2nd \u00een vedere natura schimb\u0103toare a legilor, reglement\u0103rilor \u0219i hot\u0103r\u00e2rilor precum \u0219i riscurile inerente pe care le implic\u0103 comunicarea electronic\u0103, pot [&hellip;]\" \/>\n<meta property=\"og:url\" content=\"https:\/\/www.tpa-group.ro\/ro\/rlimitarea-raspunderii\/\" \/>\n<meta property=\"og:site_name\" content=\"www.tpa-group.ro\" \/>\n<meta property=\"article:modified_time\" content=\"2024-10-25T08:42:31+00:00\" \/>\n<meta property=\"og:image\" content=\"https:\/\/www.tpa-group.ro\/app\/uploads\/sites\/9\/2024\/10\/TPA-Logo.jpg\" \/>\n\t<meta property=\"og:image:width\" content=\"256\" \/>\n\t<meta property=\"og:image:height\" content=\"172\" \/>\n\t<meta property=\"og:image:type\" content=\"image\/jpeg\" \/>\n<meta name=\"twitter:card\" content=\"summary_large_image\" \/>\n<meta name=\"twitter:label1\" content=\"Est. reading time\" \/>\n\t<meta name=\"twitter:data1\" content=\"3 minute\" \/>\n<script type=\"application\/ld+json\" class=\"yoast-schema-graph\">{\"@context\":\"https:\/\/schema.org\",\"@graph\":[{\"@type\":\"WebPage\",\"@id\":\"https:\/\/www.tpa-group.ro\/ro\/rlimitarea-raspunderii\/\",\"url\":\"https:\/\/www.tpa-group.ro\/ro\/rlimitarea-raspunderii\/\",\"name\":\"Limitarea r\u0103spunderii | www.tpa-group.ro\",\"isPartOf\":{\"@id\":\"https:\/\/www.tpa-group.ro\/ro\/#website\"},\"datePublished\":\"2024-09-05T13:45:40+00:00\",\"dateModified\":\"2024-10-25T08:42:31+00:00\",\"breadcrumb\":{\"@id\":\"https:\/\/www.tpa-group.ro\/ro\/rlimitarea-raspunderii\/#breadcrumb\"},\"inLanguage\":\"ro-RO\",\"potentialAction\":[{\"@type\":\"ReadAction\",\"target\":[\"https:\/\/www.tpa-group.ro\/ro\/rlimitarea-raspunderii\/\"]}]},{\"@type\":\"BreadcrumbList\",\"@id\":\"https:\/\/www.tpa-group.ro\/ro\/rlimitarea-raspunderii\/#breadcrumb\",\"itemListElement\":[{\"@type\":\"ListItem\",\"position\":1,\"name\":\"Home\",\"item\":\"https:\/\/www.tpa-group.ro\/ro\/\"},{\"@type\":\"ListItem\",\"position\":2,\"name\":\"Limitarea r\u0103spunderii\"}]},{\"@type\":\"WebSite\",\"@id\":\"https:\/\/www.tpa-group.ro\/ro\/#website\",\"url\":\"https:\/\/www.tpa-group.ro\/ro\/\",\"name\":\"TPA Romania\",\"description\":\"\",\"publisher\":{\"@id\":\"https:\/\/www.tpa-group.ro\/ro\/#organization\"},\"potentialAction\":[{\"@type\":\"SearchAction\",\"target\":{\"@type\":\"EntryPoint\",\"urlTemplate\":\"https:\/\/www.tpa-group.ro\/ro\/?s={search_term_string}\"},\"query-input\":{\"@type\":\"PropertyValueSpecification\",\"valueRequired\":true,\"valueName\":\"search_term_string\"}}],\"inLanguage\":\"ro-RO\"},{\"@type\":\"Organization\",\"@id\":\"https:\/\/www.tpa-group.ro\/ro\/#organization\",\"name\":\"TPA Romania\",\"url\":\"https:\/\/www.tpa-group.ro\/ro\/\",\"logo\":{\"@type\":\"ImageObject\",\"inLanguage\":\"ro-RO\",\"@id\":\"https:\/\/www.tpa-group.ro\/ro\/#\/schema\/logo\/image\/\",\"url\":\"https:\/\/www.tpa-group.ro\/app\/uploads\/sites\/9\/2024\/10\/TPA-Logo.jpg\",\"contentUrl\":\"https:\/\/www.tpa-group.ro\/app\/uploads\/sites\/9\/2024\/10\/TPA-Logo.jpg\",\"width\":256,\"height\":172,\"caption\":\"TPA Romania\"},\"image\":{\"@id\":\"https:\/\/www.tpa-group.ro\/ro\/#\/schema\/logo\/image\/\"}}]}<\/script>\n<!-- \/ Yoast SEO plugin. -->","yoast_head_json":{"title":"Limitarea r\u0103spunderii | www.tpa-group.ro","robots":{"index":"index","follow":"follow","max-snippet":"max-snippet:-1","max-image-preview":"max-image-preview:large","max-video-preview":"max-video-preview:-1"},"canonical":"https:\/\/www.tpa-group.ro\/ro\/rlimitarea-raspunderii\/","og_locale":"ro_RO","og_type":"article","og_title":"Limitarea r\u0103spunderii | www.tpa-group.ro","og_description":"Acas\u0103 |&nbsp; Limitarea r\u0103spunderii Limitarea r\u0103spunderii Informa\u021biile, opiniile \u0219i interpret\u0103rile legale oferite pe acest site sunt doar pentru informare general\u0103. Aplicarea \u0219i impactul legilor pot varia foarte mult \u00een func\u021bie de faptele specifice implicate. Av\u00e2nd \u00een vedere natura schimb\u0103toare a legilor, reglement\u0103rilor \u0219i hot\u0103r\u00e2rilor precum \u0219i riscurile inerente pe care le implic\u0103 comunicarea electronic\u0103, pot [&hellip;]","og_url":"https:\/\/www.tpa-group.ro\/ro\/rlimitarea-raspunderii\/","og_site_name":"www.tpa-group.ro","article_modified_time":"2024-10-25T08:42:31+00:00","og_image":[{"width":256,"height":172,"url":"https:\/\/www.tpa-group.ro\/app\/uploads\/sites\/9\/2024\/10\/TPA-Logo.jpg","type":"image\/jpeg"}],"twitter_card":"summary_large_image","twitter_misc":{"Est. reading time":"3 minute"},"schema":{"@context":"https:\/\/schema.org","@graph":[{"@type":"WebPage","@id":"https:\/\/www.tpa-group.ro\/ro\/rlimitarea-raspunderii\/","url":"https:\/\/www.tpa-group.ro\/ro\/rlimitarea-raspunderii\/","name":"Limitarea r\u0103spunderii | www.tpa-group.ro","isPartOf":{"@id":"https:\/\/www.tpa-group.ro\/ro\/#website"},"datePublished":"2024-09-05T13:45:40+00:00","dateModified":"2024-10-25T08:42:31+00:00","breadcrumb":{"@id":"https:\/\/www.tpa-group.ro\/ro\/rlimitarea-raspunderii\/#breadcrumb"},"inLanguage":"ro-RO","potentialAction":[{"@type":"ReadAction","target":["https:\/\/www.tpa-group.ro\/ro\/rlimitarea-raspunderii\/"]}]},{"@type":"BreadcrumbList","@id":"https:\/\/www.tpa-group.ro\/ro\/rlimitarea-raspunderii\/#breadcrumb","itemListElement":[{"@type":"ListItem","position":1,"name":"Home","item":"https:\/\/www.tpa-group.ro\/ro\/"},{"@type":"ListItem","position":2,"name":"Limitarea r\u0103spunderii"}]},{"@type":"WebSite","@id":"https:\/\/www.tpa-group.ro\/ro\/#website","url":"https:\/\/www.tpa-group.ro\/ro\/","name":"TPA Romania","description":"","publisher":{"@id":"https:\/\/www.tpa-group.ro\/ro\/#organization"},"potentialAction":[{"@type":"SearchAction","target":{"@type":"EntryPoint","urlTemplate":"https:\/\/www.tpa-group.ro\/ro\/?s={search_term_string}"},"query-input":{"@type":"PropertyValueSpecification","valueRequired":true,"valueName":"search_term_string"}}],"inLanguage":"ro-RO"},{"@type":"Organization","@id":"https:\/\/www.tpa-group.ro\/ro\/#organization","name":"TPA Romania","url":"https:\/\/www.tpa-group.ro\/ro\/","logo":{"@type":"ImageObject","inLanguage":"ro-RO","@id":"https:\/\/www.tpa-group.ro\/ro\/#\/schema\/logo\/image\/","url":"https:\/\/www.tpa-group.ro\/app\/uploads\/sites\/9\/2024\/10\/TPA-Logo.jpg","contentUrl":"https:\/\/www.tpa-group.ro\/app\/uploads\/sites\/9\/2024\/10\/TPA-Logo.jpg","width":256,"height":172,"caption":"TPA Romania"},"image":{"@id":"https:\/\/www.tpa-group.ro\/ro\/#\/schema\/logo\/image\/"}}]}},"_links":{"self":[{"href":"https:\/\/www.tpa-group.ro\/ro\/wp-json\/wp\/v2\/pages\/6940","targetHints":{"allow":["GET"]}}],"collection":[{"href":"https:\/\/www.tpa-group.ro\/ro\/wp-json\/wp\/v2\/pages"}],"about":[{"href":"https:\/\/www.tpa-group.ro\/ro\/wp-json\/wp\/v2\/types\/page"}],"author":[{"embeddable":true,"href":"https:\/\/www.tpa-group.ro\/ro\/wp-json\/wp\/v2\/users\/44"}],"replies":[{"embeddable":true,"href":"https:\/\/www.tpa-group.ro\/ro\/wp-json\/wp\/v2\/comments?post=6940"}],"version-history":[{"count":14,"href":"https:\/\/www.tpa-group.ro\/ro\/wp-json\/wp\/v2\/pages\/6940\/revisions"}],"predecessor-version":[{"id":12833,"href":"https:\/\/www.tpa-group.ro\/ro\/wp-json\/wp\/v2\/pages\/6940\/revisions\/12833"}],"wp:attachment":[{"href":"https:\/\/www.tpa-group.ro\/ro\/wp-json\/wp\/v2\/media?parent=6940"}],"curies":[{"name":"wp","href":"https:\/\/api.w.org\/{rel}","templated":true}]}}