{"id":6958,"date":"2024-09-05T13:54:29","date_gmt":"2024-09-05T13:54:29","guid":{"rendered":"https:\/\/www.tpa-group.ro\/?page_id=6958"},"modified":"2024-10-25T08:42:37","modified_gmt":"2024-10-25T08:42:37","slug":"rprevederi-privind-protectia-datelor","status":"publish","type":"page","link":"https:\/\/www.tpa-group.ro\/ro\/rprevederi-privind-protectia-datelor\/","title":{"rendered":"Prevederi privind protec\u0163ia datelor"},"content":{"rendered":"\t\t<div data-elementor-type=\"wp-page\" data-elementor-id=\"6958\" class=\"elementor elementor-6958 elementor-6956\" data-elementor-post-type=\"page\">\n\t\t\t\t\t\t<section class=\"elementor-section elementor-top-section elementor-element elementor-element-455ba140 hero-banner elementor-section-boxed elementor-section-height-default elementor-section-height-default\" data-id=\"455ba140\" data-element_type=\"section\">\n\t\t\t\t\t\t<div class=\"elementor-container elementor-column-gap-default\">\n\t\t\t\t\t<div class=\"elementor-column elementor-col-50 elementor-top-column elementor-element elementor-element-710ea691\" data-id=\"710ea691\" data-element_type=\"column\" data-settings=\"{&quot;background_background&quot;:&quot;gradient&quot;}\">\n\t\t\t<div class=\"elementor-widget-wrap elementor-element-populated\">\n\t\t\t\t\t\t<section class=\"elementor-section elementor-inner-section elementor-element elementor-element-68895614 hero-banner-breadcrumbs-container elementor-section-boxed elementor-section-height-default elementor-section-height-default\" data-id=\"68895614\" data-element_type=\"section\">\n\t\t\t\t\t\t<div class=\"elementor-container elementor-column-gap-default\">\n\t\t\t\t\t<div class=\"elementor-column elementor-col-100 elementor-inner-column elementor-element elementor-element-1e2a586e\" data-id=\"1e2a586e\" data-element_type=\"column\">\n\t\t\t<div class=\"elementor-widget-wrap elementor-element-populated\">\n\t\t\t\t\t\t<div class=\"elementor-element elementor-element-90231e7 elementor-widget elementor-widget-heading\" data-id=\"90231e7\" data-element_type=\"widget\" data-widget_type=\"heading.default\">\n\t\t\t\t<div class=\"elementor-widget-container\">\n\t\t\t\t\t<p class=\"elementor-heading-title elementor-size-default\"><a href=\"https:\/\/www.tpa-group.ro\/ro\/\">Acas\u0103 |&nbsp;<\/a><\/p>\t\t\t\t<\/div>\n\t\t\t\t<\/div>\n\t\t\t\t<div class=\"elementor-element elementor-element-68671e6 elementor-widget elementor-widget-heading\" data-id=\"68671e6\" data-element_type=\"widget\" data-widget_type=\"heading.default\">\n\t\t\t\t<div class=\"elementor-widget-container\">\n\t\t\t\t\t<p class=\"elementor-heading-title elementor-size-default\">Prevederi privind protec\u0163ia datelor<\/p>\t\t\t\t<\/div>\n\t\t\t\t<\/div>\n\t\t\t\t\t<\/div>\n\t\t<\/div>\n\t\t\t\t\t<\/div>\n\t\t<\/section>\n\t\t\t\t<div class=\"elementor-element elementor-element-1e0703f0 elementor-widget elementor-widget-heading\" data-id=\"1e0703f0\" data-element_type=\"widget\" data-widget_type=\"heading.default\">\n\t\t\t\t<div class=\"elementor-widget-container\">\n\t\t\t\t\t<h1 class=\"elementor-heading-title elementor-size-default\">Prevederi privind protec\u0163ia datelor<\/h1>\t\t\t\t<\/div>\n\t\t\t\t<\/div>\n\t\t\t\t<div class=\"elementor-element elementor-element-6c37d347 elementor-widget elementor-widget-text-editor\" data-id=\"6c37d347\" data-element_type=\"widget\" data-widget_type=\"text-editor.default\">\n\t\t\t\t<div class=\"elementor-widget-container\">\n\t\t\t\t\t\t\t\t\tInforma\u021bii \u00een conformitate cu articolele 13 \u0219i 14 GDPR\t\t\t\t\t\t\t\t<\/div>\n\t\t\t\t<\/div>\n\t\t\t\t\t<\/div>\n\t\t<\/div>\n\t\t\t\t<div class=\"elementor-column elementor-col-50 elementor-top-column elementor-element elementor-element-1c2e1126\" data-id=\"1c2e1126\" data-element_type=\"column\">\n\t\t\t<div class=\"elementor-widget-wrap\">\n\t\t\t\t\t\t\t<\/div>\n\t\t<\/div>\n\t\t\t\t\t<\/div>\n\t\t<\/section>\n\t\t<div class=\"elementor-element elementor-element-bdd3abd page-content-container e-flex e-con-boxed e-con e-parent\" data-id=\"bdd3abd\" data-element_type=\"container\" data-settings=\"{&quot;background_background&quot;:&quot;classic&quot;}\">\n\t\t\t\t\t<div class=\"e-con-inner\">\n\t\t\t\t<div class=\"elementor-element elementor-element-fe3195c elementor-widget elementor-widget-text-editor\" data-id=\"fe3195c\" data-element_type=\"widget\" data-widget_type=\"text-editor.default\">\n\t\t\t\t<div class=\"elementor-widget-container\">\n\t\t\t\t\t\t\t\t\t<p>Utilizatorul este de acord cu faptul c\u0103\u00a0<strong>informa\u021biile furnizate de c\u0103tre utilizator<\/strong>\u00a0pot fi utilizate, prelucrate \u0219i stocate \u00een scopuri de cercetare \u0219i de marketing pe pia\u021ba intern\u0103. Aceste informa\u021bii vor fi folosite de c\u0103tre TPA \u00een scopul respect\u0103rii reglement\u0103rilor legale \u0219i \u00een scopuri publicitare. Utilizatorul este de asemenea de acord s\u0103 primeasc\u0103 materiale publicitare din partea TPA. Aceast\u0103 autoriza\u021bie poate fi retras\u0103 \u00een orice moment prin e-mail la\u00a0<span style=\"text-decoration: underline;\"><strong><a href=\"mailto:service@tpa-group.ro\">service@tpa-group.ro<\/a><\/strong><\/span><\/p><p>Subiectul informa\u0163iilor confirm\u0103 prin prezenta recunoa\u015fterea prevederilor Legii nr. 190\/2018 privind protec\u021bia persoanelor cu privire la prelucrarea datelor cu caracter personal \u0219i libera circula\u021bie a acestor date, \u0219tiind c\u0103, \u00een ceea ce prive\u0219te datele sale cu caracter personal prelucrate de TPA, subiectul informa\u0163iilor are drepturile prev\u0103zute de lege. TPA este unicul proprietar al informa\u021biilor identificate \u0219i colectate pe acest site. TPA nu va \u00eemp\u0103r\u0163i, vinde sau \u00eenchiria aceste informa\u021bii, cu excep\u0163ia cazului \u00een care prezenta politic\u0103 prevede aceasta \u00een mod explicit sau \u00een care o instan\u021b\u0103 de drept decide aceasta. Pentru detalii privind protectia datelor personale, va rugam accesati linkul [<span style=\"text-decoration: underline;\"><a href=\"https:\/\/www.tpa-group.ro\/ro\/politica-de-confidentialitate-si-securitate-pentru-procesarea-datelor-cu-caracter-personal\/\"><strong>1\u2026<\/strong><\/a><\/span>]<\/p><p>Utilizarea cookie-urilor nu este \u00een nici un fel conectat\u0103 la informa\u021biile personale de identificare \u00een timp ce accesa\u0163i site-ul nostru. Cookie-urile de sesiune se termin\u0103 c\u00e2nd un utilizator \u00ee\u015fi \u00eenchide browser-ul. \u00cen cazul \u00een care un utilizator respinge cookie-ul, acesta poate folosi \u00een continuare site-ul nostru; cu toate acestea, utilizatorului i se poate limita accesarea anumitor zone din site-ul nostru. Cookie-urile ne ajut\u0103 s\u0103 \u00een\u0163elegem nevoile \u0219i interesele vizitatorilor no\u0219tri \u0219i s\u0103 folosim aceste informa\u021bii pentru a \u00eembun\u0103t\u0103\u021bi site-ul. Pentru detalii privinnd politica de cookie-uri va rugam accesati link-ul [<a href=\"https:\/\/www.tpa-group.ro\/ro\/politica-privind-fisierele-cookies\/\"><strong><span style=\"text-decoration: underline;\">2\u2026<\/span>]<\/strong><\/a><\/p>\t\t\t\t\t\t\t\t<\/div>\n\t\t\t\t<\/div>\n\t\t\t\t\t<\/div>\n\t\t\t\t<\/div>\n\t\t\t\t<\/div>\n\t\t","protected":false},"excerpt":{"rendered":"<p>Acas\u0103 |&nbsp; Prevederi privind protec\u0163ia datelor Prevederi privind protec\u0163ia datelor Informa\u021bii \u00een conformitate cu articolele 13 \u0219i 14 GDPR Utilizatorul este de acord cu faptul c\u0103\u00a0informa\u021biile furnizate de c\u0103tre utilizator\u00a0pot fi utilizate, prelucrate \u0219i stocate \u00een scopuri de cercetare \u0219i de marketing pe pia\u021ba intern\u0103. Aceste informa\u021bii vor fi folosite de c\u0103tre TPA \u00een scopul [&hellip;]<\/p>\n","protected":false},"author":44,"featured_media":0,"parent":0,"menu_order":0,"comment_status":"closed","ping_status":"closed","template":"","meta":{"_acf_changed":false,"footnotes":""},"class_list":["post-6958","page","type-page","status-publish","hentry"],"acf":[],"yoast_head":"<!-- This site is optimized with the Yoast SEO plugin v26.0 - https:\/\/yoast.com\/wordpress\/plugins\/seo\/ -->\n<title>Prevederi privind protec\u0163ia datelor | www.tpa-group.ro<\/title>\n<meta name=\"robots\" content=\"index, follow, max-snippet:-1, max-image-preview:large, max-video-preview:-1\" \/>\n<link rel=\"canonical\" href=\"https:\/\/www.tpa-group.ro\/ro\/rprevederi-privind-protectia-datelor\/\" \/>\n<meta property=\"og:locale\" content=\"ro_RO\" \/>\n<meta property=\"og:type\" content=\"article\" \/>\n<meta property=\"og:title\" content=\"Prevederi privind protec\u0163ia datelor | www.tpa-group.ro\" \/>\n<meta property=\"og:description\" content=\"Acas\u0103 |&nbsp; Prevederi privind protec\u0163ia datelor Prevederi privind protec\u0163ia datelor Informa\u021bii \u00een conformitate cu articolele 13 \u0219i 14 GDPR Utilizatorul este de acord cu faptul c\u0103\u00a0informa\u021biile furnizate de c\u0103tre utilizator\u00a0pot fi utilizate, prelucrate \u0219i stocate \u00een scopuri de cercetare \u0219i de marketing pe pia\u021ba intern\u0103. Aceste informa\u021bii vor fi folosite de c\u0103tre TPA \u00een scopul [&hellip;]\" \/>\n<meta property=\"og:url\" content=\"https:\/\/www.tpa-group.ro\/ro\/rprevederi-privind-protectia-datelor\/\" \/>\n<meta property=\"og:site_name\" content=\"www.tpa-group.ro\" \/>\n<meta property=\"article:modified_time\" content=\"2024-10-25T08:42:37+00:00\" \/>\n<meta property=\"og:image\" content=\"https:\/\/www.tpa-group.ro\/app\/uploads\/sites\/9\/2024\/10\/TPA-Logo.jpg\" \/>\n\t<meta property=\"og:image:width\" content=\"256\" \/>\n\t<meta property=\"og:image:height\" content=\"172\" \/>\n\t<meta property=\"og:image:type\" content=\"image\/jpeg\" \/>\n<meta name=\"twitter:card\" content=\"summary_large_image\" \/>\n<meta name=\"twitter:label1\" content=\"Est. reading time\" \/>\n\t<meta name=\"twitter:data1\" content=\"2 minute\" \/>\n<script type=\"application\/ld+json\" class=\"yoast-schema-graph\">{\"@context\":\"https:\/\/schema.org\",\"@graph\":[{\"@type\":\"WebPage\",\"@id\":\"https:\/\/www.tpa-group.ro\/ro\/rprevederi-privind-protectia-datelor\/\",\"url\":\"https:\/\/www.tpa-group.ro\/ro\/rprevederi-privind-protectia-datelor\/\",\"name\":\"Prevederi privind protec\u0163ia datelor | www.tpa-group.ro\",\"isPartOf\":{\"@id\":\"https:\/\/www.tpa-group.ro\/ro\/#website\"},\"datePublished\":\"2024-09-05T13:54:29+00:00\",\"dateModified\":\"2024-10-25T08:42:37+00:00\",\"breadcrumb\":{\"@id\":\"https:\/\/www.tpa-group.ro\/ro\/rprevederi-privind-protectia-datelor\/#breadcrumb\"},\"inLanguage\":\"ro-RO\",\"potentialAction\":[{\"@type\":\"ReadAction\",\"target\":[\"https:\/\/www.tpa-group.ro\/ro\/rprevederi-privind-protectia-datelor\/\"]}]},{\"@type\":\"BreadcrumbList\",\"@id\":\"https:\/\/www.tpa-group.ro\/ro\/rprevederi-privind-protectia-datelor\/#breadcrumb\",\"itemListElement\":[{\"@type\":\"ListItem\",\"position\":1,\"name\":\"Home\",\"item\":\"https:\/\/www.tpa-group.ro\/ro\/\"},{\"@type\":\"ListItem\",\"position\":2,\"name\":\"Prevederi privind protec\u0163ia datelor\"}]},{\"@type\":\"WebSite\",\"@id\":\"https:\/\/www.tpa-group.ro\/ro\/#website\",\"url\":\"https:\/\/www.tpa-group.ro\/ro\/\",\"name\":\"TPA Romania\",\"description\":\"\",\"publisher\":{\"@id\":\"https:\/\/www.tpa-group.ro\/ro\/#organization\"},\"potentialAction\":[{\"@type\":\"SearchAction\",\"target\":{\"@type\":\"EntryPoint\",\"urlTemplate\":\"https:\/\/www.tpa-group.ro\/ro\/?s={search_term_string}\"},\"query-input\":{\"@type\":\"PropertyValueSpecification\",\"valueRequired\":true,\"valueName\":\"search_term_string\"}}],\"inLanguage\":\"ro-RO\"},{\"@type\":\"Organization\",\"@id\":\"https:\/\/www.tpa-group.ro\/ro\/#organization\",\"name\":\"TPA Romania\",\"url\":\"https:\/\/www.tpa-group.ro\/ro\/\",\"logo\":{\"@type\":\"ImageObject\",\"inLanguage\":\"ro-RO\",\"@id\":\"https:\/\/www.tpa-group.ro\/ro\/#\/schema\/logo\/image\/\",\"url\":\"https:\/\/www.tpa-group.ro\/app\/uploads\/sites\/9\/2024\/10\/TPA-Logo.jpg\",\"contentUrl\":\"https:\/\/www.tpa-group.ro\/app\/uploads\/sites\/9\/2024\/10\/TPA-Logo.jpg\",\"width\":256,\"height\":172,\"caption\":\"TPA Romania\"},\"image\":{\"@id\":\"https:\/\/www.tpa-group.ro\/ro\/#\/schema\/logo\/image\/\"}}]}<\/script>\n<!-- \/ Yoast SEO plugin. -->","yoast_head_json":{"title":"Prevederi privind protec\u0163ia datelor | www.tpa-group.ro","robots":{"index":"index","follow":"follow","max-snippet":"max-snippet:-1","max-image-preview":"max-image-preview:large","max-video-preview":"max-video-preview:-1"},"canonical":"https:\/\/www.tpa-group.ro\/ro\/rprevederi-privind-protectia-datelor\/","og_locale":"ro_RO","og_type":"article","og_title":"Prevederi privind protec\u0163ia datelor | www.tpa-group.ro","og_description":"Acas\u0103 |&nbsp; Prevederi privind protec\u0163ia datelor Prevederi privind protec\u0163ia datelor Informa\u021bii \u00een conformitate cu articolele 13 \u0219i 14 GDPR Utilizatorul este de acord cu faptul c\u0103\u00a0informa\u021biile furnizate de c\u0103tre utilizator\u00a0pot fi utilizate, prelucrate \u0219i stocate \u00een scopuri de cercetare \u0219i de marketing pe pia\u021ba intern\u0103. Aceste informa\u021bii vor fi folosite de c\u0103tre TPA \u00een scopul [&hellip;]","og_url":"https:\/\/www.tpa-group.ro\/ro\/rprevederi-privind-protectia-datelor\/","og_site_name":"www.tpa-group.ro","article_modified_time":"2024-10-25T08:42:37+00:00","og_image":[{"width":256,"height":172,"url":"https:\/\/www.tpa-group.ro\/app\/uploads\/sites\/9\/2024\/10\/TPA-Logo.jpg","type":"image\/jpeg"}],"twitter_card":"summary_large_image","twitter_misc":{"Est. reading time":"2 minute"},"schema":{"@context":"https:\/\/schema.org","@graph":[{"@type":"WebPage","@id":"https:\/\/www.tpa-group.ro\/ro\/rprevederi-privind-protectia-datelor\/","url":"https:\/\/www.tpa-group.ro\/ro\/rprevederi-privind-protectia-datelor\/","name":"Prevederi privind protec\u0163ia datelor | www.tpa-group.ro","isPartOf":{"@id":"https:\/\/www.tpa-group.ro\/ro\/#website"},"datePublished":"2024-09-05T13:54:29+00:00","dateModified":"2024-10-25T08:42:37+00:00","breadcrumb":{"@id":"https:\/\/www.tpa-group.ro\/ro\/rprevederi-privind-protectia-datelor\/#breadcrumb"},"inLanguage":"ro-RO","potentialAction":[{"@type":"ReadAction","target":["https:\/\/www.tpa-group.ro\/ro\/rprevederi-privind-protectia-datelor\/"]}]},{"@type":"BreadcrumbList","@id":"https:\/\/www.tpa-group.ro\/ro\/rprevederi-privind-protectia-datelor\/#breadcrumb","itemListElement":[{"@type":"ListItem","position":1,"name":"Home","item":"https:\/\/www.tpa-group.ro\/ro\/"},{"@type":"ListItem","position":2,"name":"Prevederi privind protec\u0163ia datelor"}]},{"@type":"WebSite","@id":"https:\/\/www.tpa-group.ro\/ro\/#website","url":"https:\/\/www.tpa-group.ro\/ro\/","name":"TPA Romania","description":"","publisher":{"@id":"https:\/\/www.tpa-group.ro\/ro\/#organization"},"potentialAction":[{"@type":"SearchAction","target":{"@type":"EntryPoint","urlTemplate":"https:\/\/www.tpa-group.ro\/ro\/?s={search_term_string}"},"query-input":{"@type":"PropertyValueSpecification","valueRequired":true,"valueName":"search_term_string"}}],"inLanguage":"ro-RO"},{"@type":"Organization","@id":"https:\/\/www.tpa-group.ro\/ro\/#organization","name":"TPA Romania","url":"https:\/\/www.tpa-group.ro\/ro\/","logo":{"@type":"ImageObject","inLanguage":"ro-RO","@id":"https:\/\/www.tpa-group.ro\/ro\/#\/schema\/logo\/image\/","url":"https:\/\/www.tpa-group.ro\/app\/uploads\/sites\/9\/2024\/10\/TPA-Logo.jpg","contentUrl":"https:\/\/www.tpa-group.ro\/app\/uploads\/sites\/9\/2024\/10\/TPA-Logo.jpg","width":256,"height":172,"caption":"TPA Romania"},"image":{"@id":"https:\/\/www.tpa-group.ro\/ro\/#\/schema\/logo\/image\/"}}]}},"_links":{"self":[{"href":"https:\/\/www.tpa-group.ro\/ro\/wp-json\/wp\/v2\/pages\/6958","targetHints":{"allow":["GET"]}}],"collection":[{"href":"https:\/\/www.tpa-group.ro\/ro\/wp-json\/wp\/v2\/pages"}],"about":[{"href":"https:\/\/www.tpa-group.ro\/ro\/wp-json\/wp\/v2\/types\/page"}],"author":[{"embeddable":true,"href":"https:\/\/www.tpa-group.ro\/ro\/wp-json\/wp\/v2\/users\/44"}],"replies":[{"embeddable":true,"href":"https:\/\/www.tpa-group.ro\/ro\/wp-json\/wp\/v2\/comments?post=6958"}],"version-history":[{"count":20,"href":"https:\/\/www.tpa-group.ro\/ro\/wp-json\/wp\/v2\/pages\/6958\/revisions"}],"predecessor-version":[{"id":12836,"href":"https:\/\/www.tpa-group.ro\/ro\/wp-json\/wp\/v2\/pages\/6958\/revisions\/12836"}],"wp:attachment":[{"href":"https:\/\/www.tpa-group.ro\/ro\/wp-json\/wp\/v2\/media?parent=6958"}],"curies":[{"name":"wp","href":"https:\/\/api.w.org\/{rel}","templated":true}]}}