{"id":6979,"date":"2024-09-05T14:17:57","date_gmt":"2024-09-05T14:17:57","guid":{"rendered":"https:\/\/www.tpa-group.ro\/?page_id=6979"},"modified":"2024-10-25T08:42:45","modified_gmt":"2024-10-25T08:42:45","slug":"politica-privind-fisierele-cookies","status":"publish","type":"page","link":"https:\/\/www.tpa-group.ro\/ro\/politica-privind-fisierele-cookies\/","title":{"rendered":"POLITICA PRIVIND FI\u0218IERELE COOKIES"},"content":{"rendered":"\t\t<div data-elementor-type=\"wp-page\" data-elementor-id=\"6979\" class=\"elementor elementor-6979 elementor-6977\" data-elementor-post-type=\"page\">\n\t\t\t\t\t\t<section class=\"elementor-section elementor-top-section elementor-element elementor-element-455ba140 hero-banner elementor-section-boxed elementor-section-height-default elementor-section-height-default\" data-id=\"455ba140\" data-element_type=\"section\">\n\t\t\t\t\t\t<div class=\"elementor-container elementor-column-gap-default\">\n\t\t\t\t\t<div class=\"elementor-column elementor-col-50 elementor-top-column elementor-element elementor-element-710ea691\" data-id=\"710ea691\" data-element_type=\"column\" data-settings=\"{&quot;background_background&quot;:&quot;gradient&quot;}\">\n\t\t\t<div class=\"elementor-widget-wrap elementor-element-populated\">\n\t\t\t\t\t\t<section class=\"elementor-section elementor-inner-section elementor-element elementor-element-68895614 hero-banner-breadcrumbs-container elementor-section-boxed elementor-section-height-default elementor-section-height-default\" data-id=\"68895614\" data-element_type=\"section\">\n\t\t\t\t\t\t<div class=\"elementor-container elementor-column-gap-default\">\n\t\t\t\t\t<div class=\"elementor-column elementor-col-100 elementor-inner-column elementor-element elementor-element-1e2a586e\" data-id=\"1e2a586e\" data-element_type=\"column\">\n\t\t\t<div class=\"elementor-widget-wrap elementor-element-populated\">\n\t\t\t\t\t\t<div class=\"elementor-element elementor-element-90231e7 elementor-widget elementor-widget-heading\" data-id=\"90231e7\" data-element_type=\"widget\" data-widget_type=\"heading.default\">\n\t\t\t\t<div class=\"elementor-widget-container\">\n\t\t\t\t\t<p class=\"elementor-heading-title elementor-size-default\"><a href=\"https:\/\/www.tpa-group.ro\/ro\/\">Acas\u0103 |&nbsp;<\/a><\/p>\t\t\t\t<\/div>\n\t\t\t\t<\/div>\n\t\t\t\t<div class=\"elementor-element elementor-element-68671e6 elementor-widget elementor-widget-heading\" data-id=\"68671e6\" data-element_type=\"widget\" data-widget_type=\"heading.default\">\n\t\t\t\t<div class=\"elementor-widget-container\">\n\t\t\t\t\t<p class=\"elementor-heading-title elementor-size-default\">Politica privind fi\u0219ierele cookies<\/p>\t\t\t\t<\/div>\n\t\t\t\t<\/div>\n\t\t\t\t\t<\/div>\n\t\t<\/div>\n\t\t\t\t\t<\/div>\n\t\t<\/section>\n\t\t\t\t<div class=\"elementor-element elementor-element-1e0703f0 elementor-widget elementor-widget-heading\" data-id=\"1e0703f0\" data-element_type=\"widget\" data-widget_type=\"heading.default\">\n\t\t\t\t<div class=\"elementor-widget-container\">\n\t\t\t\t\t<h1 class=\"elementor-heading-title elementor-size-default\">Politica privind fi\u0219ierele cookies<\/h1>\t\t\t\t<\/div>\n\t\t\t\t<\/div>\n\t\t\t\t\t<\/div>\n\t\t<\/div>\n\t\t\t\t<div class=\"elementor-column elementor-col-50 elementor-top-column elementor-element elementor-element-1c2e1126\" data-id=\"1c2e1126\" data-element_type=\"column\">\n\t\t\t<div class=\"elementor-widget-wrap\">\n\t\t\t\t\t\t\t<\/div>\n\t\t<\/div>\n\t\t\t\t\t<\/div>\n\t\t<\/section>\n\t\t<div class=\"elementor-element elementor-element-bdd3abd page-content-container e-flex e-con-boxed e-con e-parent\" data-id=\"bdd3abd\" data-element_type=\"container\" data-settings=\"{&quot;background_background&quot;:&quot;classic&quot;}\">\n\t\t\t\t\t<div class=\"e-con-inner\">\n\t\t\t\t<div class=\"elementor-element elementor-element-fe3195c elementor-widget elementor-widget-text-editor\" data-id=\"fe3195c\" data-element_type=\"widget\" data-widget_type=\"text-editor.default\">\n\t\t\t\t<div class=\"elementor-widget-container\">\n\t\t\t\t\t\t\t\t\t<ol><li><strong>Introducere<\/strong><br \/>Prezenta Politic\u0103 privind fi\u0219ierele cookies se aplic\u0103 tuturor utilizatorilor acestui website. Informa\u021biile prezentate \u00een continuare au ca scop informarea utilizatorilor acestei pagini de internet cu privire la plasarea, utilizarea \u0219i administrarea cookie-urilor de c\u0103tre administratorii acestui website, \u00een contextul navig\u0103rii utilizatorilor pe aceast\u0103 pagin\u0103 de internet.<br \/><strong>2. Ce sunt cookie-urile?<\/strong><br \/>Termenul \u201ecookie\u201d-uri se refer\u0103 la modulele cookie \u0219i la tehnologiile similare prin intermediul c\u0103rora pot fi colectate informa\u021bii \u00een mod automat. Un \u201eInternet Cookie\u201d (termen cunoscut \u0219i sub denumirea de \u201ebrowser cookie\u201d sau \u201eHTTP cookie\u201d ori \u201ecookie\u201d) reprezint\u0103 un fi\u0219ier de mici dimensiuni, format din litere \u0219i numere, care va fi stocat pe computerul, terminalul mobil sau pe alte echipamente ale unui utilizator prin intermediul c\u0103rora se acceseaz\u0103 internetul. Cookie-urile sunt instalate prin solicitarea emis\u0103 de un web-server c\u0103tre un browser (de ex.: Microsoft Edge, Internet Explorer, Firefox, Chrome, Safari, Opera).<br \/>Cookie-urile odat\u0103 instalate au o durat\u0103 de existen\u021b\u0103 determinat\u0103, r\u0103m\u00e2n\u00e2nd \u201epasive\u201d, \u00een sensul c\u0103 nu con\u021bin programe software, viru\u0219i sau spyware \u0219i nu vor accesa informa\u021biile de pe hard driverul utilizatorului pe al c\u0103rui echipament au fost instalate. Un cookie este format din dou\u0103 p\u0103r\u021bi: numele cookie-ului \u0219i con\u021binutul sau valoarea cookie-ului. Din punct de vedere tehnic, doar web-serverul care a trimis cookie-ul \u00eel poate accesa din nou \u00een momentul \u00een care un utilizator se \u00eentoarce pe pagina de internet asociat\u0103 web-serverului respectiv.<br \/><strong>3. Scopuri de utilizare pentru cookie-uri<\/strong><br \/>Cookie-urile sunt utilizate pentru a furniza utilizatorilor acestei pagini de internet o experien\u021b\u0103 mai bun\u0103 de navigare \u0219i servicii adaptate nevoilor \u0219i interesului fiec\u0103rui utilizator \u00een parte \u0219i anume pentru:<br \/>\u2022 \u00eembun\u0103t\u0103\u021birea utiliz\u0103rii acestei pagini de internet, inclusiv prin identificarea oric\u0103ror erori care apar \u00een timpul vizit\u0103rii\/utiliz\u0103rii acesteia de c\u0103tre utilizatori;<br \/>\u2022 furnizarea de statistici anonime cu privire la modul \u00een care este utilizat\u0103 aceast\u0103 pagin\u0103 de internet c\u0103tre administratorul website-ului;<br \/>\u2022 anticiparea unor eventuale bonifica\u021bii care vor fi \u00een viitor puse la dispozi\u021bia utilizatorilor prin intermediul acestei pagini de internet, \u00een func\u021bie de serviciile \/ produsele accesate.<br \/>Pe baza feedback-ului transmis prin cookie-uri \u00een leg\u0103tur\u0103 cu modul \u00een care se utilizeaz\u0103 aceast\u0103 pagin\u0103 de internet, administratorul website-ului poate adopta m\u0103suri pentru ca aceast\u0103 pagin\u0103 de internet s\u0103 fie mai eficient\u0103 \u0219i mai accesibil\u0103 pentru utilizatori. Astfel, utilizarea cookie-urilor permite memorarea anumitor set\u0103ri\/preferin\u021be stabilite de c\u0103tre utilizatorii acestei pagini de internet cum ar fi urm\u0103toarele exemple non-limitative:<br \/>\u2022 limba \u00een care este vizualizat\u0103 o pagin\u0103 de internet;<br \/>\u2022 moneda \u00een care se exprim\u0103 anumite pre\u021buri sau tarife;<br \/>\u2022 facilitarea accesului \u00een contul utilizatorilor;<br \/>\u2022 postarea comentariilor pe site.<br \/><strong>4. Durata de via\u021b\u0103 a cookie-urilor<\/strong><br \/>Durata de via\u021b\u0103 a cookie-urilor poate varia semnificativ, depinz\u00e2nd de scopul pentru care este plasat. Exist\u0103 urm\u0103toarele categorii de cookie-uri care determin\u0103 \u0219i durata de via\u021b\u0103 a acestora:<br \/>\u2022 \u201eCookie de sesiune\u201d este un cookie care este \u0219ters automat c\u00e2nd utilizatorul \u00ee\u0219i \u00eenchide browser-ul.<br \/>\u2022 \u201eCookie persistent\u201d sau \u201efix\u201d este un cookie care r\u0103m\u00e2ne stocat \u00een terminalul utilizatorului p\u00e2n\u0103 c\u00e2nd atinge o anumit\u0103 dat\u0103 de expirare (care poate fi \u00een c\u00e2teva minute, zile sau c\u00e2\u021biva ani) sau p\u00e2n\u0103 la \u0219tergerea acestuia de c\u0103tre utilizator \u00een orice moment prin intermediul set\u0103rilor browser-ului.<br \/><strong>5. Cookie-urile plasate de ter\u021bi<\/strong><br \/>Anumite sec\u021biuni de con\u021binut de pe pagina de internet pot fi furnizate prin intermediul unor ter\u021bi, adic\u0103 nu de c\u0103tre administratorul website-ului, caz \u00een care aceste cookie-uri sunt denumite cookie-uri plasate de ter\u021bi (\u201ethird party cookies\u201d). Ter\u021bii furnizori ai cookie-urilor trebuie s\u0103 respecte, de asemenea, regulile \u00een materie de protec\u021bie a datelor \u0219i Politica de Confiden\u021bialitate operabile de de\u021bin\u0103torul website-ului. Aceste cookie-uri pot proveni de la urm\u0103torii ter\u021bi: Google Analytics, Facebook, diverse magazine online \u0219i\/sau servicii de monitorizare statistic\u0103 a traficului online.<br \/><strong>6. Tipuri de cookie-uri utilizate. Informa\u021bii stocate de cookie-uri<\/strong><br \/>Prin utilizarea\/vizitarea paginii de internet pot fi plasate urm\u0103toarele cookie-uri:<br \/>(a) Cookie-uri de performan\u021b\u0103 a paginii de internet: memoreaz\u0103 preferin\u021bele utilizatorului acestei pagini de internet, astfel \u00eenc\u00e2t setarea din nou a preferin\u021belor \u00een cazul vizit\u0103rii ulterioare a paginii de internet nu mai este necesar\u0103.<br \/>(b) Cookie-uri de analiz\u0103 a utilizatorilor: informeaz\u0103 dac\u0103 un anumit utilizator al paginii de internet a mai vizitat\/utilizat aceast\u0103 pagin\u0103 de internet anterior, de pe ce site vine utilizatorul \u0219i pe ce site pleac\u0103 utilizatorul; aceste cookie-uri sunt utilizate doar \u00een scopuri statistice.<br \/>(c) Cookie-uri pentru geo-localizare (\u201cgeo-targeting\u201d): utilizate pentru a stabili automat \u021bara de provenien\u021b\u0103 a utilizatorului paginii de internet; pe baza localiz\u0103rii, vizitatorului \u00eei vor fi afi\u0219ate acelea\u0219i reclame (aferente localiz\u0103rii detectate) indiferent de limba selectat\u0103.<br \/>(d) Cookie-uri de \u00eenregistrare: c\u00e2nd un utilizator se \u00eenregistreaz\u0103 pe acest site, se genereaz\u0103 cookie-uri care memoreaz\u0103 acest demers; serverele utilizeaz\u0103 aceste cookie-uri pentru a ar\u0103ta administratorilor website-ului contul cu care sunte\u021bi \u00eenregistrat; utilizarea acestor cookie-uri permite s\u0103 se asocieze orice comentariu postat pe pagina de internet cu username-ul contului folosit; \u00een cazul \u00een care nu a fost selectat\u0103 op\u021biunea \u201ep\u0103streaz\u0103-m\u0103 \u00eenregistrat\u201d, aceste cookie-uri se vor \u0219terge automat la momentul termin\u0103rii sesiunii de navigare.<br \/>(e) Cookie-uri pentru publicitate: cookie-uri ale furnizorilor de publicitate care permit aflarea vizualiz\u0103rii de c\u0103tre un utilizator a unei reclame online, tipul acesteia \u0219i timpul scurs de la momentul vizualiz\u0103rii respectivului mesaj publicitar; astfel de cookie-uri sunt folosite pentru targetarea publicit\u0103\u021bii online; aceste cookie-uri sunt anonime, stoc\u00e2nd informa\u021bii despre contentul vizualizat, nu \u0219i despre utilizatori.<br \/><strong>7. Mod de lucru al cookie-urilor<\/strong><br \/>Cookie-urile p\u0103streaz\u0103 informa\u021bii \u00eentr-un fi\u0219ier text de mici dimensiuni care permit recunoa\u0219terea browser-ului. Aceast\u0103 pagin\u0103 de internet recunoa\u0219te browser-ul p\u00e2n\u0103 c\u00e2nd cookie-urile expir\u0103 sau sunt \u0219terse.<br \/><strong>8. Particularizarea set\u0103rilor browser-ului privind cookie-urile<\/strong><br \/>\u00cen cazul \u00een care utilizarea cookie-urilor nu este deranjant\u0103 iar calculatorul sau echipamentul tehnic utilizat pentru navigarea pe aceast\u0103 pagin\u0103 de internet este folosit doar de c\u0103tre dumneavoastr\u0103, pot fi setate termene lungi de expirare pentru stocarea istoricului de navigare.<br \/>\u00cen cazul \u00een care calculatorul sau echipamentul tehnic utilizat pentru navigarea pe aceast\u0103 pagin\u0103 de internet este folosit de mai multe persoane, poate fi luat\u0103 \u00een considerare setarea pentru \u0219tergerea datelor individuale de navigare de fiecare dat\u0103 c\u00e2nd browser-ul este \u00eenchis.<br \/><strong>9. Dezactivare cookie-uri<\/strong><br \/>Dezactivarea \u0219i refuzul de a primi cookie-uri pot face aceast\u0103 pagin\u0103 de internet dificil de vizitat, atr\u0103g\u00e2nd dup\u0103 sine limit\u0103ri ale posibilit\u0103\u021bilor de utilizare ale acesteia. Utilizatorii \u00ee\u0219i pot configura browser-ul s\u0103 resping\u0103 fi\u0219ierele cookie sau s\u0103 fie acceptate cookie-uri de la o pagin\u0103 de internet anume. Toate browser-ele moderne ofer\u0103 posibilitatea de a schimba set\u0103rile cookie-urilor. Aceste set\u0103ri pot fi accesate, ca regul\u0103, \u00een sec\u021biunea \u201eop\u021biuni\u201d sau \u00een meniul de \u201epreferin\u021be\u201d al browser-ului t\u0103u. Totu\u0219i, refuzarea sau dezactivarea cookie-urilor nu \u00eenseamn\u0103 c\u0103 nu ve\u021bi mai primi publicitate online \u2013 ci doar ca aceasta nu va fi adaptat\u0103 preferin\u021belor \u0219i interesele dumneavoastr\u0103, eviden\u021biate prin comportamentul de navigare.<br \/><strong>10. Prevederi finale<\/strong><br \/>Termenii \u0219i condi\u021biile acestei Politici se pot actualiza \/ schimba periodic. Vom publica orice modific\u0103ri substan\u021biale aduse acestei Politici prin notific\u0103ri corespunz\u0103toare fie pe acest website, fie contact\u00e2ndu-v\u0103 prin alte canale de comunicare. Pentru orice \u00eentreb\u0103ri suplimentare cu privire la modul \u00een sunt utilizate cookie-urile prin intermediul acestei pagini de internet, v\u0103 rug\u0103m s\u0103 ne contacta\u021bi prin coordonatele noastre disponibile \u00een pagina de contact a website-ului.<\/li><\/ol>\t\t\t\t\t\t\t\t<\/div>\n\t\t\t\t<\/div>\n\t\t\t\t\t<\/div>\n\t\t\t\t<\/div>\n\t\t\t\t<\/div>\n\t\t","protected":false},"excerpt":{"rendered":"<p>Acas\u0103 |&nbsp; Politica privind fi\u0219ierele cookies Politica privind fi\u0219ierele cookies IntroducerePrezenta Politic\u0103 privind fi\u0219ierele cookies se aplic\u0103 tuturor utilizatorilor acestui website. Informa\u021biile prezentate \u00een continuare au ca scop informarea utilizatorilor acestei pagini de internet cu privire la plasarea, utilizarea \u0219i administrarea cookie-urilor de c\u0103tre administratorii acestui website, \u00een contextul navig\u0103rii utilizatorilor pe aceast\u0103 pagin\u0103 de [&hellip;]<\/p>\n","protected":false},"author":44,"featured_media":0,"parent":0,"menu_order":0,"comment_status":"closed","ping_status":"closed","template":"","meta":{"_acf_changed":false,"footnotes":""},"class_list":["post-6979","page","type-page","status-publish","hentry"],"acf":[],"yoast_head":"<!-- This site is optimized with the Yoast SEO plugin v26.0 - https:\/\/yoast.com\/wordpress\/plugins\/seo\/ -->\n<title>POLITICA PRIVIND FI\u0218IERELE COOKIES | www.tpa-group.ro<\/title>\n<meta name=\"robots\" content=\"index, follow, max-snippet:-1, max-image-preview:large, max-video-preview:-1\" \/>\n<link rel=\"canonical\" href=\"https:\/\/www.tpa-group.ro\/ro\/politica-privind-fisierele-cookies\/\" \/>\n<meta property=\"og:locale\" content=\"ro_RO\" \/>\n<meta property=\"og:type\" content=\"article\" \/>\n<meta property=\"og:title\" content=\"POLITICA PRIVIND FI\u0218IERELE COOKIES | www.tpa-group.ro\" \/>\n<meta property=\"og:description\" content=\"Acas\u0103 |&nbsp; Politica privind fi\u0219ierele cookies Politica privind fi\u0219ierele cookies IntroducerePrezenta Politic\u0103 privind fi\u0219ierele cookies se aplic\u0103 tuturor utilizatorilor acestui website. Informa\u021biile prezentate \u00een continuare au ca scop informarea utilizatorilor acestei pagini de internet cu privire la plasarea, utilizarea \u0219i administrarea cookie-urilor de c\u0103tre administratorii acestui website, \u00een contextul navig\u0103rii utilizatorilor pe aceast\u0103 pagin\u0103 de [&hellip;]\" \/>\n<meta property=\"og:url\" content=\"https:\/\/www.tpa-group.ro\/ro\/politica-privind-fisierele-cookies\/\" \/>\n<meta property=\"og:site_name\" content=\"www.tpa-group.ro\" \/>\n<meta property=\"article:modified_time\" content=\"2024-10-25T08:42:45+00:00\" \/>\n<meta property=\"og:image\" content=\"https:\/\/www.tpa-group.ro\/app\/uploads\/sites\/9\/2024\/10\/TPA-Logo.jpg\" \/>\n\t<meta property=\"og:image:width\" content=\"256\" \/>\n\t<meta property=\"og:image:height\" content=\"172\" \/>\n\t<meta property=\"og:image:type\" content=\"image\/jpeg\" \/>\n<meta name=\"twitter:card\" content=\"summary_large_image\" \/>\n<meta name=\"twitter:label1\" content=\"Est. reading time\" \/>\n\t<meta name=\"twitter:data1\" content=\"7 minute\" \/>\n<script type=\"application\/ld+json\" class=\"yoast-schema-graph\">{\"@context\":\"https:\/\/schema.org\",\"@graph\":[{\"@type\":\"WebPage\",\"@id\":\"https:\/\/www.tpa-group.ro\/ro\/politica-privind-fisierele-cookies\/\",\"url\":\"https:\/\/www.tpa-group.ro\/ro\/politica-privind-fisierele-cookies\/\",\"name\":\"POLITICA PRIVIND FI\u0218IERELE COOKIES | www.tpa-group.ro\",\"isPartOf\":{\"@id\":\"https:\/\/www.tpa-group.ro\/ro\/#website\"},\"datePublished\":\"2024-09-05T14:17:57+00:00\",\"dateModified\":\"2024-10-25T08:42:45+00:00\",\"breadcrumb\":{\"@id\":\"https:\/\/www.tpa-group.ro\/ro\/politica-privind-fisierele-cookies\/#breadcrumb\"},\"inLanguage\":\"ro-RO\",\"potentialAction\":[{\"@type\":\"ReadAction\",\"target\":[\"https:\/\/www.tpa-group.ro\/ro\/politica-privind-fisierele-cookies\/\"]}]},{\"@type\":\"BreadcrumbList\",\"@id\":\"https:\/\/www.tpa-group.ro\/ro\/politica-privind-fisierele-cookies\/#breadcrumb\",\"itemListElement\":[{\"@type\":\"ListItem\",\"position\":1,\"name\":\"Home\",\"item\":\"https:\/\/www.tpa-group.ro\/ro\/\"},{\"@type\":\"ListItem\",\"position\":2,\"name\":\"POLITICA PRIVIND FI\u0218IERELE COOKIES\"}]},{\"@type\":\"WebSite\",\"@id\":\"https:\/\/www.tpa-group.ro\/ro\/#website\",\"url\":\"https:\/\/www.tpa-group.ro\/ro\/\",\"name\":\"TPA Romania\",\"description\":\"\",\"publisher\":{\"@id\":\"https:\/\/www.tpa-group.ro\/ro\/#organization\"},\"potentialAction\":[{\"@type\":\"SearchAction\",\"target\":{\"@type\":\"EntryPoint\",\"urlTemplate\":\"https:\/\/www.tpa-group.ro\/ro\/?s={search_term_string}\"},\"query-input\":{\"@type\":\"PropertyValueSpecification\",\"valueRequired\":true,\"valueName\":\"search_term_string\"}}],\"inLanguage\":\"ro-RO\"},{\"@type\":\"Organization\",\"@id\":\"https:\/\/www.tpa-group.ro\/ro\/#organization\",\"name\":\"TPA Romania\",\"url\":\"https:\/\/www.tpa-group.ro\/ro\/\",\"logo\":{\"@type\":\"ImageObject\",\"inLanguage\":\"ro-RO\",\"@id\":\"https:\/\/www.tpa-group.ro\/ro\/#\/schema\/logo\/image\/\",\"url\":\"https:\/\/www.tpa-group.ro\/app\/uploads\/sites\/9\/2024\/10\/TPA-Logo.jpg\",\"contentUrl\":\"https:\/\/www.tpa-group.ro\/app\/uploads\/sites\/9\/2024\/10\/TPA-Logo.jpg\",\"width\":256,\"height\":172,\"caption\":\"TPA Romania\"},\"image\":{\"@id\":\"https:\/\/www.tpa-group.ro\/ro\/#\/schema\/logo\/image\/\"}}]}<\/script>\n<!-- \/ Yoast SEO plugin. -->","yoast_head_json":{"title":"POLITICA PRIVIND FI\u0218IERELE COOKIES | www.tpa-group.ro","robots":{"index":"index","follow":"follow","max-snippet":"max-snippet:-1","max-image-preview":"max-image-preview:large","max-video-preview":"max-video-preview:-1"},"canonical":"https:\/\/www.tpa-group.ro\/ro\/politica-privind-fisierele-cookies\/","og_locale":"ro_RO","og_type":"article","og_title":"POLITICA PRIVIND FI\u0218IERELE COOKIES | www.tpa-group.ro","og_description":"Acas\u0103 |&nbsp; Politica privind fi\u0219ierele cookies Politica privind fi\u0219ierele cookies IntroducerePrezenta Politic\u0103 privind fi\u0219ierele cookies se aplic\u0103 tuturor utilizatorilor acestui website. Informa\u021biile prezentate \u00een continuare au ca scop informarea utilizatorilor acestei pagini de internet cu privire la plasarea, utilizarea \u0219i administrarea cookie-urilor de c\u0103tre administratorii acestui website, \u00een contextul navig\u0103rii utilizatorilor pe aceast\u0103 pagin\u0103 de [&hellip;]","og_url":"https:\/\/www.tpa-group.ro\/ro\/politica-privind-fisierele-cookies\/","og_site_name":"www.tpa-group.ro","article_modified_time":"2024-10-25T08:42:45+00:00","og_image":[{"width":256,"height":172,"url":"https:\/\/www.tpa-group.ro\/app\/uploads\/sites\/9\/2024\/10\/TPA-Logo.jpg","type":"image\/jpeg"}],"twitter_card":"summary_large_image","twitter_misc":{"Est. reading time":"7 minute"},"schema":{"@context":"https:\/\/schema.org","@graph":[{"@type":"WebPage","@id":"https:\/\/www.tpa-group.ro\/ro\/politica-privind-fisierele-cookies\/","url":"https:\/\/www.tpa-group.ro\/ro\/politica-privind-fisierele-cookies\/","name":"POLITICA PRIVIND FI\u0218IERELE COOKIES | www.tpa-group.ro","isPartOf":{"@id":"https:\/\/www.tpa-group.ro\/ro\/#website"},"datePublished":"2024-09-05T14:17:57+00:00","dateModified":"2024-10-25T08:42:45+00:00","breadcrumb":{"@id":"https:\/\/www.tpa-group.ro\/ro\/politica-privind-fisierele-cookies\/#breadcrumb"},"inLanguage":"ro-RO","potentialAction":[{"@type":"ReadAction","target":["https:\/\/www.tpa-group.ro\/ro\/politica-privind-fisierele-cookies\/"]}]},{"@type":"BreadcrumbList","@id":"https:\/\/www.tpa-group.ro\/ro\/politica-privind-fisierele-cookies\/#breadcrumb","itemListElement":[{"@type":"ListItem","position":1,"name":"Home","item":"https:\/\/www.tpa-group.ro\/ro\/"},{"@type":"ListItem","position":2,"name":"POLITICA PRIVIND FI\u0218IERELE COOKIES"}]},{"@type":"WebSite","@id":"https:\/\/www.tpa-group.ro\/ro\/#website","url":"https:\/\/www.tpa-group.ro\/ro\/","name":"TPA Romania","description":"","publisher":{"@id":"https:\/\/www.tpa-group.ro\/ro\/#organization"},"potentialAction":[{"@type":"SearchAction","target":{"@type":"EntryPoint","urlTemplate":"https:\/\/www.tpa-group.ro\/ro\/?s={search_term_string}"},"query-input":{"@type":"PropertyValueSpecification","valueRequired":true,"valueName":"search_term_string"}}],"inLanguage":"ro-RO"},{"@type":"Organization","@id":"https:\/\/www.tpa-group.ro\/ro\/#organization","name":"TPA Romania","url":"https:\/\/www.tpa-group.ro\/ro\/","logo":{"@type":"ImageObject","inLanguage":"ro-RO","@id":"https:\/\/www.tpa-group.ro\/ro\/#\/schema\/logo\/image\/","url":"https:\/\/www.tpa-group.ro\/app\/uploads\/sites\/9\/2024\/10\/TPA-Logo.jpg","contentUrl":"https:\/\/www.tpa-group.ro\/app\/uploads\/sites\/9\/2024\/10\/TPA-Logo.jpg","width":256,"height":172,"caption":"TPA Romania"},"image":{"@id":"https:\/\/www.tpa-group.ro\/ro\/#\/schema\/logo\/image\/"}}]}},"_links":{"self":[{"href":"https:\/\/www.tpa-group.ro\/ro\/wp-json\/wp\/v2\/pages\/6979","targetHints":{"allow":["GET"]}}],"collection":[{"href":"https:\/\/www.tpa-group.ro\/ro\/wp-json\/wp\/v2\/pages"}],"about":[{"href":"https:\/\/www.tpa-group.ro\/ro\/wp-json\/wp\/v2\/types\/page"}],"author":[{"embeddable":true,"href":"https:\/\/www.tpa-group.ro\/ro\/wp-json\/wp\/v2\/users\/44"}],"replies":[{"embeddable":true,"href":"https:\/\/www.tpa-group.ro\/ro\/wp-json\/wp\/v2\/comments?post=6979"}],"version-history":[{"count":14,"href":"https:\/\/www.tpa-group.ro\/ro\/wp-json\/wp\/v2\/pages\/6979\/revisions"}],"predecessor-version":[{"id":12842,"href":"https:\/\/www.tpa-group.ro\/ro\/wp-json\/wp\/v2\/pages\/6979\/revisions\/12842"}],"wp:attachment":[{"href":"https:\/\/www.tpa-group.ro\/ro\/wp-json\/wp\/v2\/media?parent=6979"}],"curies":[{"name":"wp","href":"https:\/\/api.w.org\/{rel}","templated":true}]}}